{"id":328,"date":"2024-09-04T01:59:37","date_gmt":"2024-09-04T01:59:37","guid":{"rendered":"https:\/\/pengbu.jkkapi.top\/about\/"},"modified":"2025-08-20T08:27:36","modified_gmt":"2025-08-20T08:27:36","slug":"uber","status":"publish","type":"page","link":"https:\/\/pengbu.jkkapi.top\/de\/uber\/","title":{"rendered":"\u00dcber"},"content":{"rendered":"<div class=\"wp-block-uagb-container uag-blocks-common-selector uagb-block-92205b50 alignfull uagb-is-root-container\"><div class=\"uagb-container-inner-blocks-wrap\">\n<div class=\"wp-block-uagb-info-box uagb-block-25ee4bec uagb-infobox__content-wrap  uagb-infobox-icon-above-title uagb-infobox-image-valign-top wp-block-uagb-info-box--has-margin\"><div class=\"uagb-infobox-margin-wrapper\"><div class=\"uagb-ifb-content\"><div class=\"uagb-ifb-title-wrap\"><h1 class=\"uagb-ifb-title\">\u00dcBER UNS<\/h1><\/div><div class=\"uagb-ifb-separator\"><\/div><p class=\"uagb-ifb-desc\"><strong>Feicheng Tongfa Trading Co, Ltd.<\/strong>&nbsp;ist ein professionelles Unternehmen, das sich mit der Produktion, der Verarbeitung und dem Verkauf von Industrietextilien wie PE, PVC und anderen besch\u00e4ftigt. Zu unseren Hauptprodukten geh\u00f6ren LKW-Planen, PVC-Planen, PE-Planen und andere, deren Markt die meisten L\u00e4nder und Regionen weltweit abdeckt.<\/p><\/div><\/div><\/div>\n<\/div><\/div>\n\n\n\n<div class=\"wp-block-uagb-container uagb-block-2ff557b3 alignfull uagb-is-root-container\"><div class=\"uagb-container-inner-blocks-wrap\">\n<div class=\"wp-block-uagb-advanced-heading uagb-block-834bc74a\"><h2 class=\"uagb-heading-text\">F\u00fcr Ihren gesamten Bedarf an Tarps<\/h2><p class=\"uagb-desc-text\">Das Unternehmen befindet sich am Fu\u00dfe des majest\u00e4tischen und sch\u00f6nen Mount Tai und ist verkehrsg\u00fcnstig gelegen. Es ist 340 Kilometer vom Hafen von Qingdao und 100 Kilometer vom internationalen Flughafen von Jinan entfernt, was seine Lage sehr vorteilhaft macht. Wir verf\u00fcgen \u00fcber zwei importierte Messerbeschichtungsanlagen mit einer Jahresproduktion von 30 Millionen Quadratmetern verschiedener Planen. Das Unternehmen widmet sich der Forschung und Entwicklung von messerbeschichteten PVC-Geweben und ist in den Bereichen Sch\u00e4ren, Weben, Beschichtung, Inspektion, Verkauf und Kundendienst t\u00e4tig und bietet ma\u00dfgeschneiderte Dienstleistungen f\u00fcr unsere Kunden an.<\/p><\/div>\n<\/div><\/div>\n\n\n\n<div class=\"wp-block-uagb-container uagb-block-c69ea5a4 alignfull uagb-is-root-container\"><div class=\"uagb-container-inner-blocks-wrap\">\n<div class=\"wp-block-uagb-image uagb-block-e2e4b39d wp-block-uagb-image--layout-default wp-block-uagb-image--effect-static wp-block-uagb-image--align-none\"><figure class=\"wp-block-uagb-image__figure\"><img decoding=\"async\" srcset=\"https:\/\/pengbu.jkkapi.top\/wp-content\/uploads\/2024\/09\/1newtent-1024x668.jpg ,https:\/\/pengbu.jkkapi.top\/wp-content\/uploads\/2024\/09\/1newtent.jpg 780w, https:\/\/pengbu.jkkapi.top\/wp-content\/uploads\/2024\/09\/1newtent.jpg 360w\" sizes=\"auto, (max-width: 480px) 150px\" src=\"https:\/\/pengbu.jkkapi.top\/wp-content\/uploads\/2024\/09\/1newtent-1024x668.jpg\" alt=\"\" class=\"uag-image-1551\" width=\"1024\" height=\"668\" title=\"1Neuzelt\" loading=\"lazy\" role=\"img\"\/><\/figure><\/div>\n<\/div><\/div>\n\n\n\n<div class=\"wp-block-uagb-container uagb-block-569d153c alignfull uagb-is-root-container\"><div class=\"uagb-container-inner-blocks-wrap\">\n<div class=\"wp-block-uagb-container uagb-layout-grid uagb-block-08bcd5b3 alignfull uagb-is-root-container\"><div class=\"uagb-container-inner-blocks-wrap\">\n<div class=\"wp-block-uagb-image alignleft uagb-block-85bc0136 wp-block-uagb-image--layout-default wp-block-uagb-image--effect-static wp-block-uagb-image--align-left\"><figure class=\"wp-block-uagb-image__figure\"><img decoding=\"async\" srcset=\"https:\/\/pengbu.jkkapi.top\/wp-content\/uploads\/2024\/09\/1newtent.jpg ,https:\/\/pengbu.jkkapi.top\/wp-content\/uploads\/2024\/09\/1newtent.jpg 780w, https:\/\/pengbu.jkkapi.top\/wp-content\/uploads\/2024\/09\/1newtent.jpg 360w\" sizes=\"auto, (max-width: 480px) 150px\" src=\"https:\/\/pengbu.jkkapi.top\/wp-content\/uploads\/2024\/09\/1newtent.jpg\" alt=\"\" class=\"uag-image-1551\" width=\"417\" height=\"788\" title=\"1Neuzelt\" loading=\"lazy\" role=\"img\"\/><\/figure><\/div>\n\n\n\n<div class=\"wp-block-uagb-info-box uagb-block-229f40af uagb-infobox__content-wrap  uagb-infobox-icon-above-title uagb-infobox-image-valign-top\"><div class=\"uagb-ifb-content\"><div class=\"uagb-ifb-title-wrap\"><h2 class=\"uagb-ifb-title\">Ein professioneller Planenhersteller<\/h2><\/div><p class=\"uagb-ifb-desc\">Als professioneller Planenhersteller sind unsere Produkte nicht nur technologisch fortschrittlich, sondern zeichnen sich auch durch hohe Festigkeit, hervorragende Wasserdichtigkeit, selbstreinigende Eigenschaften, Korrosionsbest\u00e4ndigkeit und lange Lebensdauer aus. Sie haben internationale Umweltpr\u00fcfungen wie EN71-3, REACH und ROHS bestanden. Unsere Produkte finden breite Anwendung in LKW-Planen, LKW-Seitenplanen, aufblasbaren Materialien, Zeltmaterialien, Baumembranen und vielem mehr. Sie werden auf inl\u00e4ndische und internationale M\u00e4rkte exportiert und von den Kunden hoch gelobt! Das Unternehmen verfolgt eine rigorose Haltung, konzentriert sich auf jedes Produkt und strebt danach, ein f\u00fchrendes Unternehmen in der Branche zu werden!<\/p><\/div><\/div>\n<\/div><\/div>\n\n\n\n<div class=\"wp-block-uagb-container uagb-layout-flex uagb-block-9d5f4720 alignfull uagb-is-root-container\"><div class=\"uagb-container-inner-blocks-wrap\">\n<div class=\"wp-block-uagb-container uagb-block-4cd0912d\">\n<div class=\"wp-block-uagb-info-box uagb-block-e5a06a9b uagb-infobox__content-wrap  uagb-infobox-icon-above-title uagb-infobox-image-valign-top\"><div class=\"uagb-ifb-content\"><div class=\"uagb-ifb-title-wrap\"><h2 class=\"uagb-ifb-title\"><br><br>Hochwertige und erschwingliche Planenprodukte<br><\/h2><\/div><p class=\"uagb-ifb-desc\">Wir arbeiten streng nach dem Qualit\u00e4tsmanagementsystem ISO9001 und haben ein komplettes Qualit\u00e4tskontrollsystem eingerichtet, das von der Rohstoffbeschaffung \u00fcber die Prozessformulierung und die Online-Qualit\u00e4ts\u00fcberwachung bis hin zum Versand der fertigen Produkte reicht. Das Unternehmen hat erfahrene einheimische Ingenieure eingestellt, die sich auf Forschung und Entwicklung, die Verbesserung der Produktqualit\u00e4t und die kontinuierliche St\u00e4rkung des Managements und der Selbstverbesserung konzentrieren, um sicherzustellen, dass wir unseren Kunden hochwertige und stabile Produkte liefern. Mit starker technischer St\u00e4rke, fortschrittlichen Produktionsanlagen, strenger Qualit\u00e4tskontrolle und ausgezeichnetem Service freuen wir uns darauf, gemeinsam mit Ihnen aufzusteigen!<br><br><strong>Produktvorteile<\/strong>: <br>Regenfest, sonnenbest\u00e4ndig, alterungsbest\u00e4ndig, k\u00e4ltebest\u00e4ndig, verschlei\u00dffest, korrosionsbest\u00e4ndig und leicht.<br><br><strong>Produktanwendungen<\/strong>:<br><strong>Zug- und Lkw-Planen<\/strong>: Weit verbreitet f\u00fcr die Abdeckung von Waren auf Fahrzeugen, Schiffen, in Fabriken und Bergwerken.<br><strong>Zeltstoffe<\/strong>: Geeignet f\u00fcr verschiedene Anwendungen im Freien, z. B. als Sonnenschutz, Regenschutz, Feuchtigkeitsbarriere, Bodenplane und f\u00fcr Reisen im Freien.<br><strong>Landwirtschaftliche Textilien<\/strong>: Wird zum Abdecken von Mais, Weizen, Heu und Holz verwendet.<br><br>Dar\u00fcber hinaus k\u00f6nnen wir Warenabdeckungsgewebe, Aquakulturgewebe, Gew\u00e4chshaus-Rollvorh\u00e4nge, Isolierdecken f\u00fcr Gem\u00fcsegew\u00e4chsh\u00e4user und Unkrautbek\u00e4mpfungsgewebe nach Ma\u00df herstellen. Unsere Preise sind wettbewerbsf\u00e4hig, und wir freuen uns \u00fcber Anfragen.<\/p><\/div><\/div>\n<\/div>\n\n\n\n<div class=\"wp-block-uagb-image alignright uagb-block-9dc3bcaa wp-block-uagb-image--layout-default wp-block-uagb-image--effect-static wp-block-uagb-image--align-right\"><figure class=\"wp-block-uagb-image__figure\"><img decoding=\"async\" srcset=\"https:\/\/pengbu.jkkapi.top\/wp-content\/uploads\/2024\/09\/1newtent-1024x668.jpg ,https:\/\/pengbu.jkkapi.top\/wp-content\/uploads\/2024\/09\/1newtent.jpg 780w, https:\/\/pengbu.jkkapi.top\/wp-content\/uploads\/2024\/09\/1newtent.jpg 360w\" sizes=\"auto, (max-width: 480px) 150px\" src=\"https:\/\/pengbu.jkkapi.top\/wp-content\/uploads\/2024\/09\/1newtent-1024x668.jpg\" alt=\"\" class=\"uag-image-1551\" width=\"578\" height=\"497\" title=\"1Neuzelt\" loading=\"lazy\" role=\"img\"\/><\/figure><\/div>\n<\/div><\/div>\n<\/div><\/div>\n\n\n\n<div class=\"wp-block-uagb-container uagb-block-1fc74e82 alignfull uagb-is-root-container\">\n<div class=\"wp-block-uagb-info-box uagb-block-6f4011ff uagb-infobox__content-wrap  uagb-infobox-icon-above-title uagb-infobox-image-valign-top\"><div class=\"uagb-ifb-content\"><div class=\"uagb-ifb-icon-wrap\"><svg xmlns=\"https:\/\/www.w3.org\/2000\/svg\" viewbox=\"0 0 448 512\"><path d=\"M224.1 141c-63.6 0-114.9 51.3-114.9 114.9s51.3 114.9 114.9 114.9S339 319.5 339 255.9 287.7 141 224.1 141zm0 189.6c-41.1 0-74.7-33.5-74.7-74.7s33.5-74.7 74.7-74.7 74.7 33.5 74.7 74.7-33.6 74.7-74.7 74.7zm146.4-194.3c0 14.9-12 26.8-26.8 26.8-14.9 0-26.8-12-26.8-26.8s12-26.8 26.8-26.8 26.8 12 26.8 26.8zm76.1 27.2c-1.7-35.9-9.9-67.7-36.2-93.9-26.2-26.2-58-34.4-93.9-36.2-37-2.1-147.9-2.1-184.9 0-35.8 1.7-67.6 9.9-93.9 36.1s-34.4 58-36.2 93.9c-2.1 37-2.1 147.9 0 184.9 1.7 35.9 9.9 67.7 36.2 93.9s58 34.4 93.9 36.2c37 2.1 147.9 2.1 184.9 0 35.9-1.7 67.7-9.9 93.9-36.2 26.2-26.2 34.4-58 36.2-93.9 2.1-37 2.1-147.8 0-184.8zM398.8 388c-7.8 19.6-22.9 34.7-42.6 42.6-29.5 11.7-99.5 9-132.1 9s-102.7 2.6-132.1-9c-19.6-7.8-34.7-22.9-42.6-42.6-11.7-29.5-9-99.5-9-132.1s-2.6-102.7 9-132.1c7.8-19.6 22.9-34.7 42.6-42.6 29.5-11.7 99.5-9 132.1-9s102.7-2.6 132.1 9c19.6 7.8 34.7 22.9 42.6 42.6 11.7 29.5 9 99.5 9 132.1s2.7 102.7-9 132.1z\"><\/path><\/svg><\/div><div class=\"uagb-ifb-title-wrap\"><h3 class=\"uagb-ifb-title\">@antiques folgen<\/h3><\/div><p class=\"uagb-ifb-desc\">Leo nulla cras augue eros, diam vivamus et lectus volutpat at facilisi tortor porta.<\/p><\/div><\/div>\n\n\n\n<div class=\"wp-block-uagb-image uagb-block-cb4ed534 wp-block-uagb-image--layout-default wp-block-uagb-image--effect-static wp-block-uagb-image--align-none\"><figure class=\"wp-block-uagb-image__figure\"><img decoding=\"async\" srcset=\"https:\/\/pengbu.jkkapi.top\/wp-content\/uploads\/2024\/09\/\u672a\u6807\u9898-1.jpg 1920w, https:\/\/pengbu.jkkapi.top\/wp-content\/uploads\/2024\/09\/\u672a\u6807\u9898-1-300x63.jpg 300w, https:\/\/pengbu.jkkapi.top\/wp-content\/uploads\/2024\/09\/\u672a\u6807\u9898-1-1024x213.jpg 1024w, https:\/\/pengbu.jkkapi.top\/wp-content\/uploads\/2024\/09\/\u672a\u6807\u9898-1-768x160.jpg 768w, https:\/\/pengbu.jkkapi.top\/wp-content\/uploads\/2024\/09\/\u672a\u6807\u9898-1-1536x320.jpg 1536w, https:\/\/pengbu.jkkapi.top\/wp-content\/uploads\/2024\/09\/\u672a\u6807\u9898-1-600x125.jpg 600w\" sizes=\"auto, (max-width: 480px) 150px\" src=\"https:\/\/pengbu.jkkapi.top\/wp-content\/uploads\/2024\/09\/\u672a\u6807\u9898-1.jpg\" alt=\"\" class=\"uag-image-1589\" width=\"1920\" height=\"400\" title=\"\u672a\u6807\u9898-1\" loading=\"lazy\" role=\"img\"\/><\/figure><\/div>\n<\/div>\n\n\n\n<p><\/p>","protected":false},"excerpt":{"rendered":"<p>For All Your Tarp Needs The company is located at the foot of the majestic and beautiful Mount Tai, with convenient transportation. It is 340 kilometers from Qingdao Port and 100 kilometers from Jinan International Airport, making its location highly advantageous. We have two imported knife coating production lines, with an annual output of 30 [&hellip;]<\/p>","protected":false},"author":1,"featured_media":0,"parent":0,"menu_order":0,"comment_status":"closed","ping_status":"closed","template":"","meta":{"_uag_custom_page_level_css":"","site-sidebar-layout":"no-sidebar","site-content-layout":"plain-container","ast-site-content-layout":"normal-width-container","site-content-style":"unboxed","site-sidebar-style":"unboxed","ast-global-header-display":"","ast-banner-title-visibility":"","ast-main-header-display":"","ast-hfb-above-header-display":"","ast-hfb-below-header-display":"","ast-hfb-mobile-header-display":"","site-post-title":"disabled","ast-breadcrumbs-content":"","ast-featured-img":"disabled","footer-sml-layout":"","theme-transparent-header-meta":"default","adv-header-id-meta":"","stick-header-meta":"","header-above-stick-meta":"","header-main-stick-meta":"","header-below-stick-meta":"","astra-migrate-meta-layouts":"set","ast-page-background-enabled":"default","ast-page-background-meta":{"desktop":{"background-color":"var(--ast-global-color-4)","background-image":"","background-repeat":"repeat","background-position":"center center","background-size":"auto","background-attachment":"scroll","background-type":"","background-media":"","overlay-type":"","overlay-color":"","overlay-opacity":"","overlay-gradient":""},"tablet":{"background-color":"","background-image":"","background-repeat":"repeat","background-position":"center center","background-size":"auto","background-attachment":"scroll","background-type":"","background-media":"","overlay-type":"","overlay-color":"","overlay-opacity":"","overlay-gradient":""},"mobile":{"background-color":"","background-image":"","background-repeat":"repeat","background-position":"center center","background-size":"auto","background-attachment":"scroll","background-type":"","background-media":"","overlay-type":"","overlay-color":"","overlay-opacity":"","overlay-gradient":""}},"ast-content-background-meta":{"desktop":{"background-color":"var(--ast-global-color-5)","background-image":"","background-repeat":"repeat","background-position":"center center","background-size":"auto","background-attachment":"scroll","background-type":"","background-media":"","overlay-type":"","overlay-color":"","overlay-opacity":"","overlay-gradient":""},"tablet":{"background-color":"var(--ast-global-color-5)","background-image":"","background-repeat":"repeat","background-position":"center center","background-size":"auto","background-attachment":"scroll","background-type":"","background-media":"","overlay-type":"","overlay-color":"","overlay-opacity":"","overlay-gradient":""},"mobile":{"background-color":"var(--ast-global-color-5)","background-image":"","background-repeat":"repeat","background-position":"center center","background-size":"auto","background-attachment":"scroll","background-type":"","background-media":"","overlay-type":"","overlay-color":"","overlay-opacity":"","overlay-gradient":""}},"footnotes":""},"class_list":["post-328","page","type-page","status-publish","hentry"],"yoast_head":"<!-- This site is optimized with the Yoast SEO plugin v24.1 - https:\/\/yoast.com\/wordpress\/plugins\/seo\/ -->\n<title>About Feicheng Tongfa - Tarpaulin Manufacturer<\/title>\n<meta name=\"description\" content=\"We are a professional tarpaulin manufacturer in Tai&#039;an, China. We manufacture, wholesale, and sell various tarpaulin products such as truck tarpaulins, PVC tarpaulins, steel tarpaulins and PVC mesh, tents, geogrids, etc. Welcome to consult and purchase!\" \/>\n<meta name=\"robots\" content=\"index, follow, max-snippet:-1, max-image-preview:large, max-video-preview:-1\" \/>\n<link rel=\"canonical\" href=\"https:\/\/pengbu.jkkapi.top\/de\/uber\/\" \/>\n<meta property=\"og:locale\" content=\"de_DE\" \/>\n<meta property=\"og:type\" content=\"article\" \/>\n<meta property=\"og:title\" content=\"About Feicheng Tongfa - Tarpaulin Manufacturer\" \/>\n<meta property=\"og:description\" content=\"We are a professional tarpaulin manufacturer in Tai&#039;an, China. We manufacture, wholesale, and sell various tarpaulin products such as truck tarpaulins, PVC tarpaulins, steel tarpaulins and PVC mesh, tents, geogrids, etc. Welcome to consult and purchase!\" \/>\n<meta property=\"og:url\" content=\"https:\/\/pengbu.jkkapi.top\/de\/uber\/\" \/>\n<meta property=\"article:modified_time\" content=\"2025-08-20T08:27:36+00:00\" \/>\n<meta property=\"og:image\" content=\"https:\/\/pengbu.jkkapi.top\/wp-content\/uploads\/2024\/09\/1newtent-1024x668.jpg\" \/>\n<meta name=\"twitter:card\" content=\"summary_large_image\" \/>\n<meta name=\"twitter:label1\" content=\"Gesch\u00e4tzte Lesezeit\" \/>\n\t<meta name=\"twitter:data1\" content=\"3\u00a0Minuten\" \/>\n<script type=\"application\/ld+json\" class=\"yoast-schema-graph\">{\"@context\":\"https:\/\/schema.org\",\"@graph\":[{\"@type\":\"WebPage\",\"@id\":\"https:\/\/pengbu.jkkapi.top\/about\/\",\"url\":\"https:\/\/pengbu.jkkapi.top\/about\/\",\"name\":\"About Feicheng Tongfa - Tarpaulin Manufacturer\",\"isPartOf\":{\"@id\":\"https:\/\/pengbu.jkkapi.top\/#website\"},\"primaryImageOfPage\":{\"@id\":\"https:\/\/pengbu.jkkapi.top\/about\/#primaryimage\"},\"image\":{\"@id\":\"https:\/\/pengbu.jkkapi.top\/about\/#primaryimage\"},\"thumbnailUrl\":\"https:\/\/pengbu.jkkapi.top\/wp-content\/uploads\/2024\/09\/1newtent-1024x668.jpg\",\"datePublished\":\"2024-09-04T01:59:37+00:00\",\"dateModified\":\"2025-08-20T08:27:36+00:00\",\"description\":\"We are a professional tarpaulin manufacturer in Tai'an, China. We manufacture, wholesale, and sell various tarpaulin products such as truck tarpaulins, PVC tarpaulins, steel tarpaulins and PVC mesh, tents, geogrids, etc. Welcome to consult and purchase!\",\"breadcrumb\":{\"@id\":\"https:\/\/pengbu.jkkapi.top\/about\/#breadcrumb\"},\"inLanguage\":\"de\",\"potentialAction\":[{\"@type\":\"ReadAction\",\"target\":[\"https:\/\/pengbu.jkkapi.top\/about\/\"]}]},{\"@type\":\"ImageObject\",\"inLanguage\":\"de\",\"@id\":\"https:\/\/pengbu.jkkapi.top\/about\/#primaryimage\",\"url\":\"https:\/\/pengbu.jkkapi.top\/wp-content\/uploads\/2024\/09\/1newtent-1024x668.jpg\",\"contentUrl\":\"https:\/\/pengbu.jkkapi.top\/wp-content\/uploads\/2024\/09\/1newtent-1024x668.jpg\"},{\"@type\":\"BreadcrumbList\",\"@id\":\"https:\/\/pengbu.jkkapi.top\/about\/#breadcrumb\",\"itemListElement\":[{\"@type\":\"ListItem\",\"position\":1,\"name\":\"Home\",\"item\":\"https:\/\/pengbu.jkkapi.top\/\"},{\"@type\":\"ListItem\",\"position\":2,\"name\":\"About\"}]},{\"@type\":\"WebSite\",\"@id\":\"https:\/\/pengbu.jkkapi.top\/#website\",\"url\":\"https:\/\/pengbu.jkkapi.top\/\",\"name\":\"Tarpaulin manufacturer-Truck tarpaulin-PVC mesh-Feicheng Tongfa Trading\",\"description\":\"\",\"publisher\":{\"@id\":\"https:\/\/pengbu.jkkapi.top\/#organization\"},\"alternateName\":\"Tarpaulin manufacturer-Truck tarpaulin-Feicheng Tongfa\",\"potentialAction\":[{\"@type\":\"SearchAction\",\"target\":{\"@type\":\"EntryPoint\",\"urlTemplate\":\"https:\/\/pengbu.jkkapi.top\/?s={search_term_string}\"},\"query-input\":{\"@type\":\"PropertyValueSpecification\",\"valueRequired\":true,\"valueName\":\"search_term_string\"}}],\"inLanguage\":\"de\"},{\"@type\":\"Organization\",\"@id\":\"https:\/\/pengbu.jkkapi.top\/#organization\",\"name\":\"FeiCheng TongFa\",\"url\":\"https:\/\/pengbu.jkkapi.top\/\",\"logo\":{\"@type\":\"ImageObject\",\"inLanguage\":\"de\",\"@id\":\"https:\/\/pengbu.jkkapi.top\/#\/schema\/logo\/image\/\",\"url\":\"https:\/\/pengbu.jkkapi.top\/wp-content\/uploads\/2024\/09\/logo.jpg\",\"contentUrl\":\"https:\/\/pengbu.jkkapi.top\/wp-content\/uploads\/2024\/09\/logo.jpg\",\"width\":605,\"height\":121,\"caption\":\"FeiCheng TongFa\"},\"image\":{\"@id\":\"https:\/\/pengbu.jkkapi.top\/#\/schema\/logo\/image\/\"}}]}<\/script>\n<!-- \/ Yoast SEO plugin. -->","yoast_head_json":{"title":"\u00dcber Feicheng Tongfa - Hersteller von Planen","description":"Wir sind ein professioneller Planenhersteller in Tai'an, China. Wir stellen verschiedene Planenprodukte wie LKW-Planen, PVC-Planen, Stahlplanen und PVC-Gewebe, Zelte, Geogitter usw. her, betreiben Gro\u00dfhandel und verkaufen sie. Willkommen zu beraten und zu kaufen!","robots":{"index":"index","follow":"follow","max-snippet":"max-snippet:-1","max-image-preview":"max-image-preview:large","max-video-preview":"max-video-preview:-1"},"canonical":"https:\/\/pengbu.jkkapi.top\/de\/uber\/","og_locale":"de_DE","og_type":"article","og_title":"About Feicheng Tongfa - Tarpaulin Manufacturer","og_description":"We are a professional tarpaulin manufacturer in Tai'an, China. We manufacture, wholesale, and sell various tarpaulin products such as truck tarpaulins, PVC tarpaulins, steel tarpaulins and PVC mesh, tents, geogrids, etc. Welcome to consult and purchase!","og_url":"https:\/\/pengbu.jkkapi.top\/de\/uber\/","article_modified_time":"2025-08-20T08:27:36+00:00","og_image":[{"url":"https:\/\/pengbu.jkkapi.top\/wp-content\/uploads\/2024\/09\/1newtent-1024x668.jpg","type":"","width":"","height":""}],"twitter_card":"summary_large_image","twitter_misc":{"Gesch\u00e4tzte Lesezeit":"3\u00a0Minuten"},"schema":{"@context":"https:\/\/schema.org","@graph":[{"@type":"WebPage","@id":"https:\/\/pengbu.jkkapi.top\/about\/","url":"https:\/\/pengbu.jkkapi.top\/about\/","name":"\u00dcber Feicheng Tongfa - Hersteller von Planen","isPartOf":{"@id":"https:\/\/pengbu.jkkapi.top\/#website"},"primaryImageOfPage":{"@id":"https:\/\/pengbu.jkkapi.top\/about\/#primaryimage"},"image":{"@id":"https:\/\/pengbu.jkkapi.top\/about\/#primaryimage"},"thumbnailUrl":"https:\/\/pengbu.jkkapi.top\/wp-content\/uploads\/2024\/09\/1newtent-1024x668.jpg","datePublished":"2024-09-04T01:59:37+00:00","dateModified":"2025-08-20T08:27:36+00:00","description":"Wir sind ein professioneller Planenhersteller in Tai'an, China. Wir stellen verschiedene Planenprodukte wie LKW-Planen, PVC-Planen, Stahlplanen und PVC-Gewebe, Zelte, Geogitter usw. her, betreiben Gro\u00dfhandel und verkaufen sie. Willkommen zu beraten und zu kaufen!","breadcrumb":{"@id":"https:\/\/pengbu.jkkapi.top\/about\/#breadcrumb"},"inLanguage":"de","potentialAction":[{"@type":"ReadAction","target":["https:\/\/pengbu.jkkapi.top\/about\/"]}]},{"@type":"ImageObject","inLanguage":"de","@id":"https:\/\/pengbu.jkkapi.top\/about\/#primaryimage","url":"https:\/\/pengbu.jkkapi.top\/wp-content\/uploads\/2024\/09\/1newtent-1024x668.jpg","contentUrl":"https:\/\/pengbu.jkkapi.top\/wp-content\/uploads\/2024\/09\/1newtent-1024x668.jpg"},{"@type":"BreadcrumbList","@id":"https:\/\/pengbu.jkkapi.top\/about\/#breadcrumb","itemListElement":[{"@type":"ListItem","position":1,"name":"Home","item":"https:\/\/pengbu.jkkapi.top\/"},{"@type":"ListItem","position":2,"name":"About"}]},{"@type":"WebSite","@id":"https:\/\/pengbu.jkkapi.top\/#website","url":"https:\/\/pengbu.jkkapi.top\/","name":"Planenhersteller-LKW-Plane-PVC-Netz-Feicheng Tongfa Trading","description":"","publisher":{"@id":"https:\/\/pengbu.jkkapi.top\/#organization"},"alternateName":"Tarpaulin manufacturer-Truck tarpaulin-Feicheng Tongfa","potentialAction":[{"@type":"SearchAction","target":{"@type":"EntryPoint","urlTemplate":"https:\/\/pengbu.jkkapi.top\/?s={search_term_string}"},"query-input":{"@type":"PropertyValueSpecification","valueRequired":true,"valueName":"search_term_string"}}],"inLanguage":"de"},{"@type":"Organization","@id":"https:\/\/pengbu.jkkapi.top\/#organization","name":"FeiCheng TongFa","url":"https:\/\/pengbu.jkkapi.top\/","logo":{"@type":"ImageObject","inLanguage":"de","@id":"https:\/\/pengbu.jkkapi.top\/#\/schema\/logo\/image\/","url":"https:\/\/pengbu.jkkapi.top\/wp-content\/uploads\/2024\/09\/logo.jpg","contentUrl":"https:\/\/pengbu.jkkapi.top\/wp-content\/uploads\/2024\/09\/logo.jpg","width":605,"height":121,"caption":"FeiCheng TongFa"},"image":{"@id":"https:\/\/pengbu.jkkapi.top\/#\/schema\/logo\/image\/"}}]}},"uagb_featured_image_src":{"full":false,"thumbnail":false,"medium":false,"medium_large":false,"large":false,"1536x1536":false,"2048x2048":false,"trp-custom-language-flag":false,"woocommerce_thumbnail":false,"woocommerce_single":false,"woocommerce_gallery_thumbnail":false},"uagb_author_info":{"display_name":"user","author_link":"https:\/\/pengbu.jkkapi.top\/de\/author\/user\/"},"uagb_comment_info":0,"uagb_excerpt":"For All Your Tarp Needs The company is located at the foot of the majestic and beautiful Mount Tai, with convenient transportation. It is 340 kilometers from Qingdao Port and 100 kilometers from Jinan International Airport, making its location highly advantageous. We have two imported knife coating production lines, with an annual output of 30&hellip;","_links":{"self":[{"href":"https:\/\/pengbu.jkkapi.top\/de\/wp-json\/wp\/v2\/pages\/328","targetHints":{"allow":["GET"]}}],"collection":[{"href":"https:\/\/pengbu.jkkapi.top\/de\/wp-json\/wp\/v2\/pages"}],"about":[{"href":"https:\/\/pengbu.jkkapi.top\/de\/wp-json\/wp\/v2\/types\/page"}],"author":[{"embeddable":true,"href":"https:\/\/pengbu.jkkapi.top\/de\/wp-json\/wp\/v2\/users\/1"}],"replies":[{"embeddable":true,"href":"https:\/\/pengbu.jkkapi.top\/de\/wp-json\/wp\/v2\/comments?post=328"}],"version-history":[{"count":7,"href":"https:\/\/pengbu.jkkapi.top\/de\/wp-json\/wp\/v2\/pages\/328\/revisions"}],"predecessor-version":[{"id":3074,"href":"https:\/\/pengbu.jkkapi.top\/de\/wp-json\/wp\/v2\/pages\/328\/revisions\/3074"}],"wp:attachment":[{"href":"https:\/\/pengbu.jkkapi.top\/de\/wp-json\/wp\/v2\/media?parent=328"}],"curies":[{"name":"wp","href":"https:\/\/api.w.org\/{rel}","templated":true}]}}