{"id":1967,"date":"2024-11-08T07:40:47","date_gmt":"2024-11-08T07:40:47","guid":{"rendered":"https:\/\/pengbu.jkkapi.top\/?post_type=product&#038;p=1967"},"modified":"2024-11-08T07:40:48","modified_gmt":"2024-11-08T07:40:48","slug":"wood-tarpaulin","status":"publish","type":"product","link":"https:\/\/pengbu.jkkapi.top\/de\/produkt\/wood-tarpaulin\/","title":{"rendered":"Holz Plane"},"content":{"rendered":"<p>Wesentliche Merkmale<\/p>\n<p>Langlebigkeit: Diese Holzplane aus PVC-beschichtetem Gewebe in Industriequalit\u00e4t ist f\u00fcr den h\u00e4ufigen Gebrauch ausgelegt und h\u00e4lt Sch\u00e4den unter rauen Bedingungen stand.<\/p>\n<p>Sicherer Sitz: Verst\u00e4rkte R\u00e4nder mit \u00d6sen und D-Ringen erm\u00f6glichen ein einfaches, einstellbares Festbinden, so dass die Plane auch bei hohen Geschwindigkeiten an ihrem Platz bleibt.<\/p>\n<p>Witterungsbest\u00e4ndig: Mit ihren wasserdichten und UV-best\u00e4ndigen Eigenschaften sind unsere Planen ideal f\u00fcr den Einsatz im Freien geeignet und bieten umfassenden Schutz vor Regen, Schnee und Sonnenlicht.<\/p>\n<p>Schwer entflammbar: Erf\u00fcllt die Normen f\u00fcr Schwerentflammbarkeit und sorgt f\u00fcr zus\u00e4tzliche Sicherheit beim Transport.<\/p>\n<p>Anwendungen<\/p>\n<p>Diese Holzplane ist eine vielseitige L\u00f6sung f\u00fcr eine Vielzahl von Branchen, die vor allem von Bau-, Holz- und G\u00fctertransportprofis verwendet wird. Sie wurde speziell f\u00fcr Pritschenwagen entwickelt und ist ideal f\u00fcr den Transport von Holz, Sperrholz und anderen Holzwerkstoffen, die vor den Elementen gesch\u00fctzt werden m\u00fcssen. Dar\u00fcber hinaus k\u00f6nnen diese Planen als wirksame Abdeckung f\u00fcr im Freien gelagerte Ger\u00e4te und Materialien dienen und gew\u00e4hrleisten so langfristige Haltbarkeit und Schutz.<\/p>\n<p>&nbsp;<\/p>\n<p>Mit unseren Holzplanen k\u00f6nnen Sie sich auf einen hervorragenden Schutz f\u00fcr Ihre Ladung verlassen, der einen sicheren Transport bei allen Wetterbedingungen erm\u00f6glicht.<\/p>","protected":false},"excerpt":{"rendered":"<p>Unsere Holzplanen bieten unvergleichlichen Schutz f\u00fcr Holz, Sperrholz und andere Baumaterialien beim Transport auf Pritschenwagen. Die aus hochwertigem, strapazierf\u00e4higem PVC-beschichtetem Gewebe gefertigten Planen halten extremen Wetterbedingungen stand und sorgen daf\u00fcr, dass Ihre Holzladung sicher und unbesch\u00e4digt bleibt.<\/p>\n<p>Material: Strapazierf\u00e4higes, hochwertiges PVC-beschichtetes Gewebe, das maximale Haltbarkeit und Widerstandsf\u00e4higkeit gew\u00e4hrleistet.<\/p>\n<p>Gewicht: Ungef\u00e4hr 18 Unzen pro Quadratmeter, die ein ausgewogenes Verh\u00e4ltnis zwischen Gewicht und Haltbarkeit bieten.<\/p>\n<p>Abmessungen: Standardgr\u00f6\u00dfen in 16' x 27' und 24' x 27' erh\u00e4ltlich, um Lasten verschiedener Gr\u00f6\u00dfen vollst\u00e4ndig abzudecken.<\/p>\n<p>Abstand der \u00d6sen: Verst\u00e4rkte \u00d6sen, die alle 24 Zoll entlang der Kanten angeordnet sind, um eine sichere Befestigung zu erm\u00f6glichen.<\/p>\n<p>D-Ringe: Reihen von hochbelastbaren, rostfreien D-Ringen alle 2 Fu\u00df, die mehrere Punkte zur Sicherung der Plane und zum Schutz vor Bewegungen bieten.<\/p>\n<p>Dicke: 20 Millimeter, die einen robusten Schutz gegen Einrei\u00dfen und Durchstechen bieten.<\/p>\n<p>Reissfestigkeit: Hohe Rei\u00dffestigkeit, getestet, um scharfen Kanten und schweren Lasten standzuhalten, ohne zu rei\u00dfen.<\/p>\n<p>Wetterbest\u00e4ndigkeit: UV-behandelt und wasserdicht, ideal f\u00fcr Sonneneinstrahlung, Regen, Schnee und extreme Temperaturen.<\/p>\n<p>Feuerbest\u00e4ndigkeit: Flammhemmendes Material, das die Sicherheitsstandards der Industrie erf\u00fcllt, um Brandgefahren zu reduzieren.<\/p>\n<p>Farbe: Erh\u00e4ltlich in klassischem Schwarz, Blau oder auf Anfrage in anpassbaren Farben f\u00fcr zus\u00e4tzliche Sichtbarkeit oder Branding.<\/p>","protected":false},"featured_media":1968,"comment_status":"open","ping_status":"closed","template":"","meta":{"_uag_custom_page_level_css":"","site-sidebar-layout":"default","site-content-layout":"","ast-site-content-layout":"default","site-content-style":"default","site-sidebar-style":"default","ast-global-header-display":"","ast-banner-title-visibility":"","ast-main-header-display":"","ast-hfb-above-header-display":"","ast-hfb-below-header-display":"","ast-hfb-mobile-header-display":"","site-post-title":"","ast-breadcrumbs-content":"","ast-featured-img":"","footer-sml-layout":"","ast-disable-related-posts":"","theme-transparent-header-meta":"default","adv-header-id-meta":"","stick-header-meta":"","header-above-stick-meta":"","header-main-stick-meta":"","header-below-stick-meta":"","astra-migrate-meta-layouts":"set","ast-page-background-enabled":"default","ast-page-background-meta":{"desktop":{"background-color":"var(--ast-global-color-5)","background-image":"","background-repeat":"repeat","background-position":"center center","background-size":"auto","background-attachment":"scroll","background-type":"","background-media":"","overlay-type":"","overlay-color":"","overlay-opacity":"","overlay-gradient":""},"tablet":{"background-color":"","background-image":"","background-repeat":"repeat","background-position":"center center","background-size":"auto","background-attachment":"scroll","background-type":"","background-media":"","overlay-type":"","overlay-color":"","overlay-opacity":"","overlay-gradient":""},"mobile":{"background-color":"","background-image":"","background-repeat":"repeat","background-position":"center center","background-size":"auto","background-attachment":"scroll","background-type":"","background-media":"","overlay-type":"","overlay-color":"","overlay-opacity":"","overlay-gradient":""}},"ast-content-background-meta":{"desktop":{"background-color":"var(--ast-global-color-4)","background-image":"","background-repeat":"repeat","background-position":"center center","background-size":"auto","background-attachment":"scroll","background-type":"","background-media":"","overlay-type":"","overlay-color":"","overlay-opacity":"","overlay-gradient":""},"tablet":{"background-color":"var(--ast-global-color-4)","background-image":"","background-repeat":"repeat","background-position":"center center","background-size":"auto","background-attachment":"scroll","background-type":"","background-media":"","overlay-type":"","overlay-color":"","overlay-opacity":"","overlay-gradient":""},"mobile":{"background-color":"var(--ast-global-color-4)","background-image":"","background-repeat":"repeat","background-position":"center center","background-size":"auto","background-attachment":"scroll","background-type":"","background-media":"","overlay-type":"","overlay-color":"","overlay-opacity":"","overlay-gradient":""}}},"product_brand":[],"product_cat":[31],"product_tag":[],"class_list":{"0":"post-1967","1":"product","2":"type-product","3":"status-publish","4":"has-post-thumbnail","6":"product_cat-wood-tarpaulin","7":"desktop-align-left","8":"tablet-align-left","9":"mobile-align-left","11":"first","12":"instock","13":"shipping-taxable","14":"product-type-simple"},"yoast_head":"<!-- This site is optimized with the Yoast SEO plugin v24.1 - https:\/\/yoast.com\/wordpress\/plugins\/seo\/ -->\n<title>Wood Tarpaulin Wholesale | Feicheng Tongfa<\/title>\n<meta name=\"description\" content=\"Our Wood Tarpaulins are crafted to offer unparalleled protection for wood, plywood, and other construction materials during transport on flatbed trucks. Built with premium, heavy-duty PVC-coated fabric, these tarps are engineered to endure extreme weather conditions, ensuring your wood cargo remains secure and damage-free.\" \/>\n<meta name=\"robots\" content=\"index, follow, max-snippet:-1, max-image-preview:large, max-video-preview:-1\" \/>\n<link rel=\"canonical\" href=\"https:\/\/pengbu.jkkapi.top\/de\/produkt\/wood-tarpaulin\/\" \/>\n<meta property=\"og:locale\" content=\"de_DE\" \/>\n<meta property=\"og:type\" content=\"article\" \/>\n<meta property=\"og:title\" content=\"Wood Tarpaulin Wholesale | Feicheng Tongfa\" \/>\n<meta property=\"og:description\" content=\"Our Wood Tarpaulins are crafted to offer unparalleled protection for wood, plywood, and other construction materials during transport on flatbed trucks. Built with premium, heavy-duty PVC-coated fabric, these tarps are engineered to endure extreme weather conditions, ensuring your wood cargo remains secure and damage-free.\" \/>\n<meta property=\"og:url\" content=\"https:\/\/pengbu.jkkapi.top\/de\/produkt\/wood-tarpaulin\/\" \/>\n<meta property=\"article:modified_time\" content=\"2024-11-08T07:40:48+00:00\" \/>\n<meta property=\"og:image\" content=\"https:\/\/pengbu.jkkapi.top\/wp-content\/uploads\/2024\/11\/PolyTarp_Holzabdeckung.jpg\" \/>\n\t<meta property=\"og:image:width\" content=\"1121\" \/>\n\t<meta property=\"og:image:height\" content=\"747\" \/>\n\t<meta property=\"og:image:type\" content=\"image\/jpeg\" \/>\n<meta name=\"twitter:card\" content=\"summary_large_image\" \/>\n<meta name=\"twitter:label1\" content=\"Gesch\u00e4tzte Lesezeit\" \/>\n\t<meta name=\"twitter:data1\" content=\"1\u00a0Minute\" \/>\n<script type=\"application\/ld+json\" class=\"yoast-schema-graph\">{\"@context\":\"https:\/\/schema.org\",\"@graph\":[{\"@type\":\"WebPage\",\"@id\":\"https:\/\/pengbu.jkkapi.top\/product\/wood-tarpaulin\/\",\"url\":\"https:\/\/pengbu.jkkapi.top\/product\/wood-tarpaulin\/\",\"name\":\"Wood Tarpaulin Wholesale | Feicheng Tongfa\",\"isPartOf\":{\"@id\":\"https:\/\/pengbu.jkkapi.top\/#website\"},\"primaryImageOfPage\":{\"@id\":\"https:\/\/pengbu.jkkapi.top\/product\/wood-tarpaulin\/#primaryimage\"},\"image\":{\"@id\":\"https:\/\/pengbu.jkkapi.top\/product\/wood-tarpaulin\/#primaryimage\"},\"thumbnailUrl\":\"https:\/\/pengbu.jkkapi.top\/wp-content\/uploads\/2024\/11\/PolyTarp_Holzabdeckung.jpg\",\"datePublished\":\"2024-11-08T07:40:47+00:00\",\"dateModified\":\"2024-11-08T07:40:48+00:00\",\"description\":\"Our Wood Tarpaulins are crafted to offer unparalleled protection for wood, plywood, and other construction materials during transport on flatbed trucks. Built with premium, heavy-duty PVC-coated fabric, these tarps are engineered to endure extreme weather conditions, ensuring your wood cargo remains secure and damage-free.\",\"breadcrumb\":{\"@id\":\"https:\/\/pengbu.jkkapi.top\/product\/wood-tarpaulin\/#breadcrumb\"},\"inLanguage\":\"de\",\"potentialAction\":[{\"@type\":\"ReadAction\",\"target\":[\"https:\/\/pengbu.jkkapi.top\/product\/wood-tarpaulin\/\"]}]},{\"@type\":\"ImageObject\",\"inLanguage\":\"de\",\"@id\":\"https:\/\/pengbu.jkkapi.top\/product\/wood-tarpaulin\/#primaryimage\",\"url\":\"https:\/\/pengbu.jkkapi.top\/wp-content\/uploads\/2024\/11\/PolyTarp_Holzabdeckung.jpg\",\"contentUrl\":\"https:\/\/pengbu.jkkapi.top\/wp-content\/uploads\/2024\/11\/PolyTarp_Holzabdeckung.jpg\",\"width\":1121,\"height\":747,\"caption\":\"Wood Tarpaulin\"},{\"@type\":\"BreadcrumbList\",\"@id\":\"https:\/\/pengbu.jkkapi.top\/product\/wood-tarpaulin\/#breadcrumb\",\"itemListElement\":[{\"@type\":\"ListItem\",\"position\":1,\"name\":\"Home\",\"item\":\"https:\/\/pengbu.jkkapi.top\/\"},{\"@type\":\"ListItem\",\"position\":2,\"name\":\"Products\",\"item\":\"https:\/\/pengbu.jkkapi.top\/shop\/\"},{\"@type\":\"ListItem\",\"position\":3,\"name\":\"Tarpaulin\",\"item\":\"https:\/\/pengbu.jkkapi.top\/product-category\/tarpaulin\/\"},{\"@type\":\"ListItem\",\"position\":4,\"name\":\"PVC Tarpaulin\",\"item\":\"https:\/\/pengbu.jkkapi.top\/product-category\/tarpaulin\/pvc-tarpaulin\/\"},{\"@type\":\"ListItem\",\"position\":5,\"name\":\"Wood Tarpaulin\",\"item\":\"https:\/\/pengbu.jkkapi.top\/product-category\/tarpaulin\/pvc-tarpaulin\/wood-tarpaulin\/\"},{\"@type\":\"ListItem\",\"position\":6,\"name\":\"Wood Tarpaulin\"}]},{\"@type\":\"WebSite\",\"@id\":\"https:\/\/pengbu.jkkapi.top\/#website\",\"url\":\"https:\/\/pengbu.jkkapi.top\/\",\"name\":\"Tarpaulin manufacturer-Truck tarpaulin-PVC mesh-Feicheng Tongfa Trading\",\"description\":\"\",\"publisher\":{\"@id\":\"https:\/\/pengbu.jkkapi.top\/#organization\"},\"alternateName\":\"Tarpaulin manufacturer-Truck tarpaulin-Feicheng Tongfa\",\"potentialAction\":[{\"@type\":\"SearchAction\",\"target\":{\"@type\":\"EntryPoint\",\"urlTemplate\":\"https:\/\/pengbu.jkkapi.top\/?s={search_term_string}\"},\"query-input\":{\"@type\":\"PropertyValueSpecification\",\"valueRequired\":true,\"valueName\":\"search_term_string\"}}],\"inLanguage\":\"de\"},{\"@type\":\"Organization\",\"@id\":\"https:\/\/pengbu.jkkapi.top\/#organization\",\"name\":\"FeiCheng TongFa\",\"url\":\"https:\/\/pengbu.jkkapi.top\/\",\"logo\":{\"@type\":\"ImageObject\",\"inLanguage\":\"de\",\"@id\":\"https:\/\/pengbu.jkkapi.top\/#\/schema\/logo\/image\/\",\"url\":\"https:\/\/pengbu.jkkapi.top\/wp-content\/uploads\/2024\/09\/logo.jpg\",\"contentUrl\":\"https:\/\/pengbu.jkkapi.top\/wp-content\/uploads\/2024\/09\/logo.jpg\",\"width\":605,\"height\":121,\"caption\":\"FeiCheng TongFa\"},\"image\":{\"@id\":\"https:\/\/pengbu.jkkapi.top\/#\/schema\/logo\/image\/\"}}]}<\/script>\n<!-- \/ Yoast SEO plugin. -->","yoast_head_json":{"title":"Wood Tarpaulin Wholesale | Feicheng Tongfa","description":"Unsere Holzplanen bieten unvergleichlichen Schutz f\u00fcr Holz, Sperrholz und andere Baumaterialien beim Transport auf Pritschenwagen. Die aus hochwertigem, strapazierf\u00e4higem PVC-beschichtetem Gewebe gefertigten Planen halten extremen Wetterbedingungen stand und sorgen daf\u00fcr, dass Ihre Holzladung sicher und unbesch\u00e4digt bleibt.","robots":{"index":"index","follow":"follow","max-snippet":"max-snippet:-1","max-image-preview":"max-image-preview:large","max-video-preview":"max-video-preview:-1"},"canonical":"https:\/\/pengbu.jkkapi.top\/de\/produkt\/wood-tarpaulin\/","og_locale":"de_DE","og_type":"article","og_title":"Wood Tarpaulin Wholesale | Feicheng Tongfa","og_description":"Our Wood Tarpaulins are crafted to offer unparalleled protection for wood, plywood, and other construction materials during transport on flatbed trucks. Built with premium, heavy-duty PVC-coated fabric, these tarps are engineered to endure extreme weather conditions, ensuring your wood cargo remains secure and damage-free.","og_url":"https:\/\/pengbu.jkkapi.top\/de\/produkt\/wood-tarpaulin\/","article_modified_time":"2024-11-08T07:40:48+00:00","og_image":[{"width":1121,"height":747,"url":"https:\/\/pengbu.jkkapi.top\/wp-content\/uploads\/2024\/11\/PolyTarp_Holzabdeckung.jpg","type":"image\/jpeg"}],"twitter_card":"summary_large_image","twitter_misc":{"Gesch\u00e4tzte Lesezeit":"1\u00a0Minute"},"schema":{"@context":"https:\/\/schema.org","@graph":[{"@type":"WebPage","@id":"https:\/\/pengbu.jkkapi.top\/product\/wood-tarpaulin\/","url":"https:\/\/pengbu.jkkapi.top\/product\/wood-tarpaulin\/","name":"Wood Tarpaulin Wholesale | Feicheng Tongfa","isPartOf":{"@id":"https:\/\/pengbu.jkkapi.top\/#website"},"primaryImageOfPage":{"@id":"https:\/\/pengbu.jkkapi.top\/product\/wood-tarpaulin\/#primaryimage"},"image":{"@id":"https:\/\/pengbu.jkkapi.top\/product\/wood-tarpaulin\/#primaryimage"},"thumbnailUrl":"https:\/\/pengbu.jkkapi.top\/wp-content\/uploads\/2024\/11\/PolyTarp_Holzabdeckung.jpg","datePublished":"2024-11-08T07:40:47+00:00","dateModified":"2024-11-08T07:40:48+00:00","description":"Unsere Holzplanen bieten unvergleichlichen Schutz f\u00fcr Holz, Sperrholz und andere Baumaterialien beim Transport auf Pritschenwagen. Die aus hochwertigem, strapazierf\u00e4higem PVC-beschichtetem Gewebe gefertigten Planen halten extremen Wetterbedingungen stand und sorgen daf\u00fcr, dass Ihre Holzladung sicher und unbesch\u00e4digt bleibt.","breadcrumb":{"@id":"https:\/\/pengbu.jkkapi.top\/product\/wood-tarpaulin\/#breadcrumb"},"inLanguage":"de","potentialAction":[{"@type":"ReadAction","target":["https:\/\/pengbu.jkkapi.top\/product\/wood-tarpaulin\/"]}]},{"@type":"ImageObject","inLanguage":"de","@id":"https:\/\/pengbu.jkkapi.top\/product\/wood-tarpaulin\/#primaryimage","url":"https:\/\/pengbu.jkkapi.top\/wp-content\/uploads\/2024\/11\/PolyTarp_Holzabdeckung.jpg","contentUrl":"https:\/\/pengbu.jkkapi.top\/wp-content\/uploads\/2024\/11\/PolyTarp_Holzabdeckung.jpg","width":1121,"height":747,"caption":"Wood Tarpaulin"},{"@type":"BreadcrumbList","@id":"https:\/\/pengbu.jkkapi.top\/product\/wood-tarpaulin\/#breadcrumb","itemListElement":[{"@type":"ListItem","position":1,"name":"Home","item":"https:\/\/pengbu.jkkapi.top\/"},{"@type":"ListItem","position":2,"name":"Products","item":"https:\/\/pengbu.jkkapi.top\/shop\/"},{"@type":"ListItem","position":3,"name":"Tarpaulin","item":"https:\/\/pengbu.jkkapi.top\/product-category\/tarpaulin\/"},{"@type":"ListItem","position":4,"name":"PVC Tarpaulin","item":"https:\/\/pengbu.jkkapi.top\/product-category\/tarpaulin\/pvc-tarpaulin\/"},{"@type":"ListItem","position":5,"name":"Wood Tarpaulin","item":"https:\/\/pengbu.jkkapi.top\/product-category\/tarpaulin\/pvc-tarpaulin\/wood-tarpaulin\/"},{"@type":"ListItem","position":6,"name":"Wood Tarpaulin"}]},{"@type":"WebSite","@id":"https:\/\/pengbu.jkkapi.top\/#website","url":"https:\/\/pengbu.jkkapi.top\/","name":"Planenhersteller-LKW-Plane-PVC-Netz-Feicheng Tongfa Trading","description":"","publisher":{"@id":"https:\/\/pengbu.jkkapi.top\/#organization"},"alternateName":"Tarpaulin manufacturer-Truck tarpaulin-Feicheng Tongfa","potentialAction":[{"@type":"SearchAction","target":{"@type":"EntryPoint","urlTemplate":"https:\/\/pengbu.jkkapi.top\/?s={search_term_string}"},"query-input":{"@type":"PropertyValueSpecification","valueRequired":true,"valueName":"search_term_string"}}],"inLanguage":"de"},{"@type":"Organization","@id":"https:\/\/pengbu.jkkapi.top\/#organization","name":"FeiCheng TongFa","url":"https:\/\/pengbu.jkkapi.top\/","logo":{"@type":"ImageObject","inLanguage":"de","@id":"https:\/\/pengbu.jkkapi.top\/#\/schema\/logo\/image\/","url":"https:\/\/pengbu.jkkapi.top\/wp-content\/uploads\/2024\/09\/logo.jpg","contentUrl":"https:\/\/pengbu.jkkapi.top\/wp-content\/uploads\/2024\/09\/logo.jpg","width":605,"height":121,"caption":"FeiCheng TongFa"},"image":{"@id":"https:\/\/pengbu.jkkapi.top\/#\/schema\/logo\/image\/"}}]}},"uagb_featured_image_src":{"full":["https:\/\/pengbu.jkkapi.top\/wp-content\/uploads\/2024\/11\/PolyTarp_Holzabdeckung.jpg",1121,747,false],"thumbnail":["https:\/\/pengbu.jkkapi.top\/wp-content\/uploads\/2024\/11\/PolyTarp_Holzabdeckung-150x150.jpg",150,150,true],"medium":["https:\/\/pengbu.jkkapi.top\/wp-content\/uploads\/2024\/11\/PolyTarp_Holzabdeckung-300x200.jpg",300,200,true],"medium_large":["https:\/\/pengbu.jkkapi.top\/wp-content\/uploads\/2024\/11\/PolyTarp_Holzabdeckung-768x512.jpg",768,512,true],"large":["https:\/\/pengbu.jkkapi.top\/wp-content\/uploads\/2024\/11\/PolyTarp_Holzabdeckung-1024x682.jpg",1024,682,true],"1536x1536":["https:\/\/pengbu.jkkapi.top\/wp-content\/uploads\/2024\/11\/PolyTarp_Holzabdeckung.jpg",1121,747,false],"2048x2048":["https:\/\/pengbu.jkkapi.top\/wp-content\/uploads\/2024\/11\/PolyTarp_Holzabdeckung.jpg",1121,747,false],"trp-custom-language-flag":["https:\/\/pengbu.jkkapi.top\/wp-content\/uploads\/2024\/11\/PolyTarp_Holzabdeckung-18x12.jpg",18,12,true],"woocommerce_thumbnail":["https:\/\/pengbu.jkkapi.top\/wp-content\/uploads\/2024\/11\/PolyTarp_Holzabdeckung-300x300.jpg",300,300,true],"woocommerce_single":["https:\/\/pengbu.jkkapi.top\/wp-content\/uploads\/2024\/11\/PolyTarp_Holzabdeckung-600x400.jpg",600,400,true],"woocommerce_gallery_thumbnail":["https:\/\/pengbu.jkkapi.top\/wp-content\/uploads\/2024\/11\/PolyTarp_Holzabdeckung-100x100.jpg",100,100,true]},"uagb_author_info":{"display_name":"user","author_link":"https:\/\/pengbu.jkkapi.top\/de\/author\/"},"uagb_comment_info":0,"uagb_excerpt":"Our Wood Tarpaulins are crafted to offer unparalleled protection for wood, plywood, and other construction materials during transport on flatbed trucks. Built with premium, heavy-duty PVC-coated fabric, these tarps are engineered to endure extreme weather conditions, ensuring your wood cargo remains secure and damage-free. Material: Heavy-duty, high-grade PVC-coated fabric, ensuring maximum durability and resistance. Weight:&hellip;","_links":{"self":[{"href":"https:\/\/pengbu.jkkapi.top\/de\/wp-json\/wp\/v2\/product\/1967","targetHints":{"allow":["GET"]}}],"collection":[{"href":"https:\/\/pengbu.jkkapi.top\/de\/wp-json\/wp\/v2\/product"}],"about":[{"href":"https:\/\/pengbu.jkkapi.top\/de\/wp-json\/wp\/v2\/types\/product"}],"replies":[{"embeddable":true,"href":"https:\/\/pengbu.jkkapi.top\/de\/wp-json\/wp\/v2\/comments?post=1967"}],"wp:featuredmedia":[{"embeddable":true,"href":"https:\/\/pengbu.jkkapi.top\/de\/wp-json\/wp\/v2\/media\/1968"}],"wp:attachment":[{"href":"https:\/\/pengbu.jkkapi.top\/de\/wp-json\/wp\/v2\/media?parent=1967"}],"wp:term":[{"taxonomy":"product_brand","embeddable":true,"href":"https:\/\/pengbu.jkkapi.top\/de\/wp-json\/wp\/v2\/product_brand?post=1967"},{"taxonomy":"product_cat","embeddable":true,"href":"https:\/\/pengbu.jkkapi.top\/de\/wp-json\/wp\/v2\/product_cat?post=1967"},{"taxonomy":"product_tag","embeddable":true,"href":"https:\/\/pengbu.jkkapi.top\/de\/wp-json\/wp\/v2\/product_tag?post=1967"}],"curies":[{"name":"wp","href":"https:\/\/api.w.org\/{rel}","templated":true}]}}