{"id":1984,"date":"2024-11-08T09:17:50","date_gmt":"2024-11-08T09:17:50","guid":{"rendered":"https:\/\/pengbu.jkkapi.top\/?post_type=product&#038;p=1984"},"modified":"2025-06-06T17:18:36","modified_gmt":"2025-06-06T17:18:36","slug":"insulated-tarp","status":"publish","type":"product","link":"https:\/\/pengbu.jkkapi.top\/de\/produkt\/insulated-tarp\/","title":{"rendered":"Isolierte Plane"},"content":{"rendered":"<p>Hauptmerkmale:<\/p>\n<p>Thermische Isolierung: Diese Planen verf\u00fcgen \u00fcber eine mehrschichtige Isolierung, die zur Temperaturregulierung beitr\u00e4gt und somit ideal f\u00fcr Anwendungen ist, bei denen eine W\u00e4rmespeicherung oder K\u00fchlung erforderlich ist. Perfekt f\u00fcr die Betonaush\u00e4rtung in kalten Klimazonen oder zum Abdecken von Materialien, die vor Hitze gesch\u00fctzt werden m\u00fcssen.<\/p>\n<p>Strapazierf\u00e4hige Haltbarkeit: Unsere isolierten Planen bestehen aus einer Kombination von PVC-beschichtetem Gewebe und verst\u00e4rkten Isolierschichten und sind \u00e4u\u00dferst rei\u00df-, durchsto\u00df- und verschlei\u00dffest, selbst in rauen Bauumgebungen.<\/p>\n<p>Wetterfestes Design: Diese Planen sind so konstruiert, dass sie rauen Witterungsbedingungen wie Regen, Schnee, Wind und UV-Strahlung standhalten und zu allen Jahreszeiten best\u00e4ndigen Schutz bieten.<\/p>\n<p>Einfache Befestigung: Mit \u00d6sen, die alle 30 Zentimeter angebracht sind, und verst\u00e4rkten D-Ringen an den R\u00e4ndern lassen sich diese Planen sicher befestigen, so dass sie auch bei starkem Wind oder schwierigen Bedingungen an ihrem Platz bleiben.<\/p>\n<p>Vielseitige Anwendungen: Neben dem Baugewerbe und der Betonaush\u00e4rtung k\u00f6nnen diese Planen auch zum Abdecken von temperaturempfindlichen Ger\u00e4ten, Viehunterst\u00e4nden und sogar von Veranstaltungsbereichen im Freien verwendet werden, was sie zu einer vielseitigen Option f\u00fcr eine Reihe von Branchen macht.<\/p>\n<p>Anwendungsbereiche:<\/p>\n<p>Isolierte Planen sind ein unverzichtbares Hilfsmittel auf Baustellen, insbesondere f\u00fcr die Aush\u00e4rtung von Beton bei kaltem Wetter. Sie sind auch in der Landwirtschaft wertvoll, um Vieh oder Futtermittel vor extremen Temperaturen zu sch\u00fctzen, und in der industriellen Lagerung von temperaturempfindlicher Ausr\u00fcstung. Diese Planen bieten eine zuverl\u00e4ssige Isolierung und helfen dabei, die gew\u00fcnschte Temperatur aufrechtzuerhalten und vor den Elementen in anspruchsvollen Umgebungen zu sch\u00fctzen.<\/p>\n<p>Mit ihrer hochwertigen Isolierung, der langlebigen Konstruktion und den witterungsbest\u00e4ndigen Eigenschaften sind unsere isolierten Planen die ideale L\u00f6sung f\u00fcr alle Branchen, die Temperaturkontrolle und Schutz ben\u00f6tigen. Stellen Sie sicher, dass Ihre Materialien und Projekte unabh\u00e4ngig von den Wetterbedingungen gesch\u00fctzt bleiben.<\/p>","protected":false},"excerpt":{"rendered":"<p>Unsere isolierten Planen bieten au\u00dfergew\u00f6hnlichen W\u00e4rmeschutz und Isolierung f\u00fcr Baustellen, Betonaush\u00e4rtung und temperaturempfindliche Materialien. Diese Planen bestehen aus hochwertiger, mehrschichtiger Isolierung und haltbarem PVC-beschichtetem Gewebe und sind so konstruiert, dass sie selbst bei extremer K\u00e4lte oder Hitze stabile Temperaturen aufrechterhalten. Sie wurden f\u00fcr den Einsatz in anspruchsvollen Umgebungen entwickelt und sorgen daf\u00fcr, dass Ihre Projekte und Materialien unabh\u00e4ngig von den Wetterbedingungen gesch\u00fctzt bleiben.<\/p>\n<p>Material: PVC-beschichtetes Gewebe mit mehrschichtiger Isolierung<\/p>\n<p>Gewicht: Ungef\u00e4hr 20 Unzen pro Quadratyard<\/p>\n<p>Gr\u00f6\u00dfe: Erh\u00e4ltlich in verschiedenen Gr\u00f6\u00dfen zur Abdeckung kleiner und gro\u00dfer Fl\u00e4chen<\/p>\n<p>Abstand zwischen den T\u00fcllen: Alle 30 Zoll f\u00fcr sichere Befestigung<\/p>\n<p>D-Ringe: Verst\u00e4rkt an den Ecken und entlang der Kanten f\u00fcr zus\u00e4tzliche Stabilit\u00e4t<\/p>\n<p>Dicke: Ungef\u00e4hr 15 mil f\u00fcr zus\u00e4tzliche Haltbarkeit und Isolierung<\/p>\n<p>Reissfestigkeit: Hohe Rei\u00dffestigkeit, geeignet f\u00fcr Bauumgebungen<\/p>\n<p>Wetterbest\u00e4ndigkeit: H\u00e4lt extremen Temperaturen, Wind und Feuchtigkeit stand<\/p>\n<p>Feuerbest\u00e4ndigkeit: Feuerhemmend zur Erf\u00fcllung der Sicherheitsstandards<\/p>\n<p>Farbe: Erh\u00e4ltlich in grau, blau und schwarz<\/p>","protected":false},"featured_media":1985,"comment_status":"open","ping_status":"closed","template":"","meta":{"_uag_custom_page_level_css":"","site-sidebar-layout":"default","site-content-layout":"","ast-site-content-layout":"default","site-content-style":"default","site-sidebar-style":"default","ast-global-header-display":"","ast-banner-title-visibility":"","ast-main-header-display":"","ast-hfb-above-header-display":"","ast-hfb-below-header-display":"","ast-hfb-mobile-header-display":"","site-post-title":"","ast-breadcrumbs-content":"","ast-featured-img":"","footer-sml-layout":"","ast-disable-related-posts":"","theme-transparent-header-meta":"default","adv-header-id-meta":"","stick-header-meta":"","header-above-stick-meta":"","header-main-stick-meta":"","header-below-stick-meta":"","astra-migrate-meta-layouts":"set","ast-page-background-enabled":"default","ast-page-background-meta":{"desktop":{"background-color":"var(--ast-global-color-5)","background-image":"","background-repeat":"repeat","background-position":"center center","background-size":"auto","background-attachment":"scroll","background-type":"","background-media":"","overlay-type":"","overlay-color":"","overlay-opacity":"","overlay-gradient":""},"tablet":{"background-color":"","background-image":"","background-repeat":"repeat","background-position":"center center","background-size":"auto","background-attachment":"scroll","background-type":"","background-media":"","overlay-type":"","overlay-color":"","overlay-opacity":"","overlay-gradient":""},"mobile":{"background-color":"","background-image":"","background-repeat":"repeat","background-position":"center center","background-size":"auto","background-attachment":"scroll","background-type":"","background-media":"","overlay-type":"","overlay-color":"","overlay-opacity":"","overlay-gradient":""}},"ast-content-background-meta":{"desktop":{"background-color":"var(--ast-global-color-4)","background-image":"","background-repeat":"repeat","background-position":"center center","background-size":"auto","background-attachment":"scroll","background-type":"","background-media":"","overlay-type":"","overlay-color":"","overlay-opacity":"","overlay-gradient":""},"tablet":{"background-color":"var(--ast-global-color-4)","background-image":"","background-repeat":"repeat","background-position":"center center","background-size":"auto","background-attachment":"scroll","background-type":"","background-media":"","overlay-type":"","overlay-color":"","overlay-opacity":"","overlay-gradient":""},"mobile":{"background-color":"var(--ast-global-color-4)","background-image":"","background-repeat":"repeat","background-position":"center center","background-size":"auto","background-attachment":"scroll","background-type":"","background-media":"","overlay-type":"","overlay-color":"","overlay-opacity":"","overlay-gradient":""}}},"product_brand":[],"product_cat":[37],"product_tag":[],"class_list":{"0":"post-1984","1":"product","2":"type-product","3":"status-publish","4":"has-post-thumbnail","6":"product_cat-insulated-tarp","7":"desktop-align-left","8":"tablet-align-left","9":"mobile-align-left","11":"first","12":"instock","13":"shipping-taxable","14":"product-type-simple"},"yoast_head":"<!-- This site is optimized with the Yoast SEO plugin v24.1 - https:\/\/yoast.com\/wordpress\/plugins\/seo\/ -->\n<title>Insulated Tarp Wholesale | Feicheng Tongfa<\/title>\n<meta name=\"description\" content=\"Our Insulated Tarps are crafted to provide exceptional thermal protection and insulation for construction sites, concrete curing, and temperature-sensitive materials. Made with high-quality, multi-layered insulation and durable PVC-coated fabric, these tarps are engineered to maintain stable temperatures, even in extreme cold or heat.\" \/>\n<meta name=\"robots\" content=\"index, follow, max-snippet:-1, max-image-preview:large, max-video-preview:-1\" \/>\n<link rel=\"canonical\" href=\"https:\/\/pengbu.jkkapi.top\/de\/produkt\/insulated-tarp\/\" \/>\n<meta property=\"og:locale\" content=\"de_DE\" \/>\n<meta property=\"og:type\" content=\"article\" \/>\n<meta property=\"og:title\" content=\"Insulated Tarp Wholesale | Feicheng Tongfa\" \/>\n<meta property=\"og:description\" content=\"Our Insulated Tarps are crafted to provide exceptional thermal protection and insulation for construction sites, concrete curing, and temperature-sensitive materials. Made with high-quality, multi-layered insulation and durable PVC-coated fabric, these tarps are engineered to maintain stable temperatures, even in extreme cold or heat.\" \/>\n<meta property=\"og:url\" content=\"https:\/\/pengbu.jkkapi.top\/de\/produkt\/insulated-tarp\/\" \/>\n<meta property=\"article:modified_time\" content=\"2025-06-06T17:18:36+00:00\" \/>\n<meta property=\"og:image\" content=\"https:\/\/pengbu.jkkapi.top\/wp-content\/uploads\/2024\/11\/greentarpaulin_f71833c1-3e35-4288-974f-86c8156dfd29_800x-e1737451633137.jpg\" \/>\n\t<meta property=\"og:image:width\" content=\"426\" \/>\n\t<meta property=\"og:image:height\" content=\"400\" \/>\n\t<meta property=\"og:image:type\" content=\"image\/jpeg\" \/>\n<meta name=\"twitter:card\" content=\"summary_large_image\" \/>\n<meta name=\"twitter:label1\" content=\"Gesch\u00e4tzte Lesezeit\" \/>\n\t<meta name=\"twitter:data1\" content=\"2\u00a0Minuten\" \/>\n<script type=\"application\/ld+json\" class=\"yoast-schema-graph\">{\"@context\":\"https:\/\/schema.org\",\"@graph\":[{\"@type\":\"WebPage\",\"@id\":\"https:\/\/pengbu.jkkapi.top\/product\/insulated-tarp\/\",\"url\":\"https:\/\/pengbu.jkkapi.top\/product\/insulated-tarp\/\",\"name\":\"Insulated Tarp Wholesale | Feicheng Tongfa\",\"isPartOf\":{\"@id\":\"https:\/\/pengbu.jkkapi.top\/#website\"},\"primaryImageOfPage\":{\"@id\":\"https:\/\/pengbu.jkkapi.top\/product\/insulated-tarp\/#primaryimage\"},\"image\":{\"@id\":\"https:\/\/pengbu.jkkapi.top\/product\/insulated-tarp\/#primaryimage\"},\"thumbnailUrl\":\"https:\/\/pengbu.jkkapi.top\/wp-content\/uploads\/2024\/11\/greentarpaulin_f71833c1-3e35-4288-974f-86c8156dfd29_800x-e1737451633137.jpg\",\"datePublished\":\"2024-11-08T09:17:50+00:00\",\"dateModified\":\"2025-06-06T17:18:36+00:00\",\"description\":\"Our Insulated Tarps are crafted to provide exceptional thermal protection and insulation for construction sites, concrete curing, and temperature-sensitive materials. Made with high-quality, multi-layered insulation and durable PVC-coated fabric, these tarps are engineered to maintain stable temperatures, even in extreme cold or heat.\",\"breadcrumb\":{\"@id\":\"https:\/\/pengbu.jkkapi.top\/product\/insulated-tarp\/#breadcrumb\"},\"inLanguage\":\"de\",\"potentialAction\":[{\"@type\":\"ReadAction\",\"target\":[\"https:\/\/pengbu.jkkapi.top\/product\/insulated-tarp\/\"]}]},{\"@type\":\"ImageObject\",\"inLanguage\":\"de\",\"@id\":\"https:\/\/pengbu.jkkapi.top\/product\/insulated-tarp\/#primaryimage\",\"url\":\"https:\/\/pengbu.jkkapi.top\/wp-content\/uploads\/2024\/11\/greentarpaulin_f71833c1-3e35-4288-974f-86c8156dfd29_800x-e1737451633137.jpg\",\"contentUrl\":\"https:\/\/pengbu.jkkapi.top\/wp-content\/uploads\/2024\/11\/greentarpaulin_f71833c1-3e35-4288-974f-86c8156dfd29_800x-e1737451633137.jpg\",\"width\":426,\"height\":400,\"caption\":\"Insulated Tarp\"},{\"@type\":\"BreadcrumbList\",\"@id\":\"https:\/\/pengbu.jkkapi.top\/product\/insulated-tarp\/#breadcrumb\",\"itemListElement\":[{\"@type\":\"ListItem\",\"position\":1,\"name\":\"Home\",\"item\":\"https:\/\/pengbu.jkkapi.top\/\"},{\"@type\":\"ListItem\",\"position\":2,\"name\":\"Products\",\"item\":\"https:\/\/pengbu.jkkapi.top\/shop\/\"},{\"@type\":\"ListItem\",\"position\":3,\"name\":\"Tarpaulin\",\"item\":\"https:\/\/pengbu.jkkapi.top\/product-category\/tarpaulin\/\"},{\"@type\":\"ListItem\",\"position\":4,\"name\":\"PVC Tarpaulin\",\"item\":\"https:\/\/pengbu.jkkapi.top\/product-category\/tarpaulin\/pvc-tarpaulin\/\"},{\"@type\":\"ListItem\",\"position\":5,\"name\":\"Insulated Tarp\",\"item\":\"https:\/\/pengbu.jkkapi.top\/product-category\/tarpaulin\/pvc-tarpaulin\/insulated-tarp\/\"},{\"@type\":\"ListItem\",\"position\":6,\"name\":\"Insulated Tarp\"}]},{\"@type\":\"WebSite\",\"@id\":\"https:\/\/pengbu.jkkapi.top\/#website\",\"url\":\"https:\/\/pengbu.jkkapi.top\/\",\"name\":\"Tarpaulin manufacturer-Truck tarpaulin-PVC mesh-Feicheng Tongfa Trading\",\"description\":\"\",\"publisher\":{\"@id\":\"https:\/\/pengbu.jkkapi.top\/#organization\"},\"alternateName\":\"Tarpaulin manufacturer-Truck tarpaulin-Feicheng Tongfa\",\"potentialAction\":[{\"@type\":\"SearchAction\",\"target\":{\"@type\":\"EntryPoint\",\"urlTemplate\":\"https:\/\/pengbu.jkkapi.top\/?s={search_term_string}\"},\"query-input\":{\"@type\":\"PropertyValueSpecification\",\"valueRequired\":true,\"valueName\":\"search_term_string\"}}],\"inLanguage\":\"de\"},{\"@type\":\"Organization\",\"@id\":\"https:\/\/pengbu.jkkapi.top\/#organization\",\"name\":\"FeiCheng TongFa\",\"url\":\"https:\/\/pengbu.jkkapi.top\/\",\"logo\":{\"@type\":\"ImageObject\",\"inLanguage\":\"de\",\"@id\":\"https:\/\/pengbu.jkkapi.top\/#\/schema\/logo\/image\/\",\"url\":\"https:\/\/pengbu.jkkapi.top\/wp-content\/uploads\/2024\/09\/logo.jpg\",\"contentUrl\":\"https:\/\/pengbu.jkkapi.top\/wp-content\/uploads\/2024\/09\/logo.jpg\",\"width\":605,\"height\":121,\"caption\":\"FeiCheng TongFa\"},\"image\":{\"@id\":\"https:\/\/pengbu.jkkapi.top\/#\/schema\/logo\/image\/\"}}]}<\/script>\n<!-- \/ Yoast SEO plugin. -->","yoast_head_json":{"title":"Insulated Tarp Wholesale | Feicheng Tongfa","description":"Unsere isolierten Planen bieten au\u00dfergew\u00f6hnlichen W\u00e4rmeschutz und Isolierung f\u00fcr Baustellen, Betonaush\u00e4rtung und temperaturempfindliche Materialien. Diese Planen bestehen aus hochwertiger, mehrschichtiger Isolierung und haltbarem PVC-beschichtetem Gewebe und sind so konzipiert, dass sie selbst bei extremer K\u00e4lte oder Hitze stabile Temperaturen aufrechterhalten.","robots":{"index":"index","follow":"follow","max-snippet":"max-snippet:-1","max-image-preview":"max-image-preview:large","max-video-preview":"max-video-preview:-1"},"canonical":"https:\/\/pengbu.jkkapi.top\/de\/produkt\/insulated-tarp\/","og_locale":"de_DE","og_type":"article","og_title":"Insulated Tarp Wholesale | Feicheng Tongfa","og_description":"Our Insulated Tarps are crafted to provide exceptional thermal protection and insulation for construction sites, concrete curing, and temperature-sensitive materials. Made with high-quality, multi-layered insulation and durable PVC-coated fabric, these tarps are engineered to maintain stable temperatures, even in extreme cold or heat.","og_url":"https:\/\/pengbu.jkkapi.top\/de\/produkt\/insulated-tarp\/","article_modified_time":"2025-06-06T17:18:36+00:00","og_image":[{"width":426,"height":400,"url":"https:\/\/pengbu.jkkapi.top\/wp-content\/uploads\/2024\/11\/greentarpaulin_f71833c1-3e35-4288-974f-86c8156dfd29_800x-e1737451633137.jpg","type":"image\/jpeg"}],"twitter_card":"summary_large_image","twitter_misc":{"Gesch\u00e4tzte Lesezeit":"2\u00a0Minuten"},"schema":{"@context":"https:\/\/schema.org","@graph":[{"@type":"WebPage","@id":"https:\/\/pengbu.jkkapi.top\/product\/insulated-tarp\/","url":"https:\/\/pengbu.jkkapi.top\/product\/insulated-tarp\/","name":"Insulated Tarp Wholesale | Feicheng Tongfa","isPartOf":{"@id":"https:\/\/pengbu.jkkapi.top\/#website"},"primaryImageOfPage":{"@id":"https:\/\/pengbu.jkkapi.top\/product\/insulated-tarp\/#primaryimage"},"image":{"@id":"https:\/\/pengbu.jkkapi.top\/product\/insulated-tarp\/#primaryimage"},"thumbnailUrl":"https:\/\/pengbu.jkkapi.top\/wp-content\/uploads\/2024\/11\/greentarpaulin_f71833c1-3e35-4288-974f-86c8156dfd29_800x-e1737451633137.jpg","datePublished":"2024-11-08T09:17:50+00:00","dateModified":"2025-06-06T17:18:36+00:00","description":"Unsere isolierten Planen bieten au\u00dfergew\u00f6hnlichen W\u00e4rmeschutz und Isolierung f\u00fcr Baustellen, Betonaush\u00e4rtung und temperaturempfindliche Materialien. Diese Planen bestehen aus hochwertiger, mehrschichtiger Isolierung und haltbarem PVC-beschichtetem Gewebe und sind so konzipiert, dass sie selbst bei extremer K\u00e4lte oder Hitze stabile Temperaturen aufrechterhalten.","breadcrumb":{"@id":"https:\/\/pengbu.jkkapi.top\/product\/insulated-tarp\/#breadcrumb"},"inLanguage":"de","potentialAction":[{"@type":"ReadAction","target":["https:\/\/pengbu.jkkapi.top\/product\/insulated-tarp\/"]}]},{"@type":"ImageObject","inLanguage":"de","@id":"https:\/\/pengbu.jkkapi.top\/product\/insulated-tarp\/#primaryimage","url":"https:\/\/pengbu.jkkapi.top\/wp-content\/uploads\/2024\/11\/greentarpaulin_f71833c1-3e35-4288-974f-86c8156dfd29_800x-e1737451633137.jpg","contentUrl":"https:\/\/pengbu.jkkapi.top\/wp-content\/uploads\/2024\/11\/greentarpaulin_f71833c1-3e35-4288-974f-86c8156dfd29_800x-e1737451633137.jpg","width":426,"height":400,"caption":"Insulated Tarp"},{"@type":"BreadcrumbList","@id":"https:\/\/pengbu.jkkapi.top\/product\/insulated-tarp\/#breadcrumb","itemListElement":[{"@type":"ListItem","position":1,"name":"Home","item":"https:\/\/pengbu.jkkapi.top\/"},{"@type":"ListItem","position":2,"name":"Products","item":"https:\/\/pengbu.jkkapi.top\/shop\/"},{"@type":"ListItem","position":3,"name":"Tarpaulin","item":"https:\/\/pengbu.jkkapi.top\/product-category\/tarpaulin\/"},{"@type":"ListItem","position":4,"name":"PVC Tarpaulin","item":"https:\/\/pengbu.jkkapi.top\/product-category\/tarpaulin\/pvc-tarpaulin\/"},{"@type":"ListItem","position":5,"name":"Insulated Tarp","item":"https:\/\/pengbu.jkkapi.top\/product-category\/tarpaulin\/pvc-tarpaulin\/insulated-tarp\/"},{"@type":"ListItem","position":6,"name":"Insulated Tarp"}]},{"@type":"WebSite","@id":"https:\/\/pengbu.jkkapi.top\/#website","url":"https:\/\/pengbu.jkkapi.top\/","name":"Planenhersteller-LKW-Plane-PVC-Netz-Feicheng Tongfa Trading","description":"","publisher":{"@id":"https:\/\/pengbu.jkkapi.top\/#organization"},"alternateName":"Tarpaulin manufacturer-Truck tarpaulin-Feicheng Tongfa","potentialAction":[{"@type":"SearchAction","target":{"@type":"EntryPoint","urlTemplate":"https:\/\/pengbu.jkkapi.top\/?s={search_term_string}"},"query-input":{"@type":"PropertyValueSpecification","valueRequired":true,"valueName":"search_term_string"}}],"inLanguage":"de"},{"@type":"Organization","@id":"https:\/\/pengbu.jkkapi.top\/#organization","name":"FeiCheng TongFa","url":"https:\/\/pengbu.jkkapi.top\/","logo":{"@type":"ImageObject","inLanguage":"de","@id":"https:\/\/pengbu.jkkapi.top\/#\/schema\/logo\/image\/","url":"https:\/\/pengbu.jkkapi.top\/wp-content\/uploads\/2024\/09\/logo.jpg","contentUrl":"https:\/\/pengbu.jkkapi.top\/wp-content\/uploads\/2024\/09\/logo.jpg","width":605,"height":121,"caption":"FeiCheng TongFa"},"image":{"@id":"https:\/\/pengbu.jkkapi.top\/#\/schema\/logo\/image\/"}}]}},"uagb_featured_image_src":{"full":["https:\/\/pengbu.jkkapi.top\/wp-content\/uploads\/2024\/11\/greentarpaulin_f71833c1-3e35-4288-974f-86c8156dfd29_800x-e1737451633137.jpg",426,400,false],"thumbnail":["https:\/\/pengbu.jkkapi.top\/wp-content\/uploads\/2024\/11\/greentarpaulin_f71833c1-3e35-4288-974f-86c8156dfd29_800x-e1737451633137-150x150.jpg",150,150,true],"medium":["https:\/\/pengbu.jkkapi.top\/wp-content\/uploads\/2024\/11\/greentarpaulin_f71833c1-3e35-4288-974f-86c8156dfd29_800x-e1737451633137-300x282.jpg",300,282,true],"medium_large":["https:\/\/pengbu.jkkapi.top\/wp-content\/uploads\/2024\/11\/greentarpaulin_f71833c1-3e35-4288-974f-86c8156dfd29_800x-e1737451633137.jpg",426,400,false],"large":["https:\/\/pengbu.jkkapi.top\/wp-content\/uploads\/2024\/11\/greentarpaulin_f71833c1-3e35-4288-974f-86c8156dfd29_800x-e1737451633137.jpg",426,400,false],"1536x1536":["https:\/\/pengbu.jkkapi.top\/wp-content\/uploads\/2024\/11\/greentarpaulin_f71833c1-3e35-4288-974f-86c8156dfd29_800x-e1737451633137.jpg",426,400,false],"2048x2048":["https:\/\/pengbu.jkkapi.top\/wp-content\/uploads\/2024\/11\/greentarpaulin_f71833c1-3e35-4288-974f-86c8156dfd29_800x-e1737451633137.jpg",426,400,false],"trp-custom-language-flag":["https:\/\/pengbu.jkkapi.top\/wp-content\/uploads\/2024\/11\/greentarpaulin_f71833c1-3e35-4288-974f-86c8156dfd29_800x-e1737451633137-13x12.jpg",13,12,true],"woocommerce_thumbnail":["https:\/\/pengbu.jkkapi.top\/wp-content\/uploads\/2024\/11\/greentarpaulin_f71833c1-3e35-4288-974f-86c8156dfd29_800x-e1737451633137-300x300.jpg",300,300,true],"woocommerce_single":["https:\/\/pengbu.jkkapi.top\/wp-content\/uploads\/2024\/11\/greentarpaulin_f71833c1-3e35-4288-974f-86c8156dfd29_800x-e1737451633137.jpg",426,400,false],"woocommerce_gallery_thumbnail":["https:\/\/pengbu.jkkapi.top\/wp-content\/uploads\/2024\/11\/greentarpaulin_f71833c1-3e35-4288-974f-86c8156dfd29_800x-e1737451633137-100x100.jpg",100,100,true]},"uagb_author_info":{"display_name":"user","author_link":"https:\/\/pengbu.jkkapi.top\/de\/author\/"},"uagb_comment_info":4,"uagb_excerpt":"Our Insulated Tarps are crafted to provide exceptional thermal protection and insulation for construction sites, concrete curing, and temperature-sensitive materials. Made with high-quality, multi-layered insulation and durable PVC-coated fabric, these tarps are engineered to maintain stable temperatures, even in extreme cold or heat. Designed for use in demanding environments, they help ensure that your projects&hellip;","_links":{"self":[{"href":"https:\/\/pengbu.jkkapi.top\/de\/wp-json\/wp\/v2\/product\/1984","targetHints":{"allow":["GET"]}}],"collection":[{"href":"https:\/\/pengbu.jkkapi.top\/de\/wp-json\/wp\/v2\/product"}],"about":[{"href":"https:\/\/pengbu.jkkapi.top\/de\/wp-json\/wp\/v2\/types\/product"}],"replies":[{"embeddable":true,"href":"https:\/\/pengbu.jkkapi.top\/de\/wp-json\/wp\/v2\/comments?post=1984"}],"wp:featuredmedia":[{"embeddable":true,"href":"https:\/\/pengbu.jkkapi.top\/de\/wp-json\/wp\/v2\/media\/1985"}],"wp:attachment":[{"href":"https:\/\/pengbu.jkkapi.top\/de\/wp-json\/wp\/v2\/media?parent=1984"}],"wp:term":[{"taxonomy":"product_brand","embeddable":true,"href":"https:\/\/pengbu.jkkapi.top\/de\/wp-json\/wp\/v2\/product_brand?post=1984"},{"taxonomy":"product_cat","embeddable":true,"href":"https:\/\/pengbu.jkkapi.top\/de\/wp-json\/wp\/v2\/product_cat?post=1984"},{"taxonomy":"product_tag","embeddable":true,"href":"https:\/\/pengbu.jkkapi.top\/de\/wp-json\/wp\/v2\/product_tag?post=1984"}],"curies":[{"name":"wp","href":"https:\/\/api.w.org\/{rel}","templated":true}]}}