{"id":1991,"date":"2024-11-09T03:11:21","date_gmt":"2024-11-09T03:11:21","guid":{"rendered":"https:\/\/pengbu.jkkapi.top\/?post_type=product&#038;p=1991"},"modified":"2025-06-01T15:43:43","modified_gmt":"2025-06-01T15:43:43","slug":"1991","status":"publish","type":"product","link":"https:\/\/pengbu.jkkapi.top\/de\/produkt\/1991\/","title":{"rendered":"Schneer\u00e4umung Tarp"},"content":{"rendered":"<p>Hauptmerkmale:<\/p>\n<p>K\u00e4lteresistentes Gewebe: Das PVC-beschichtete Material wurde speziell entwickelt, um extremer K\u00e4lte zu widerstehen. Es bleibt auch bei Temperaturen unter dem Gefrierpunkt biegsam und stabil und gew\u00e4hrleistet eine lang anhaltende Leistung bei winterlichem Wetter.<\/p>\n<p>Verst\u00e4rkte Struktur: Hochbelastbare \u00d6sen und D-Ringe bieten sichere Befestigungspunkte f\u00fcr Seile oder Gurte und erm\u00f6glichen ein einfaches und zuverl\u00e4ssiges Anheben. Verst\u00e4rkte Kanten und N\u00e4hte erh\u00f6hen die Haltbarkeit, insbesondere bei schweren Schneelasten.<\/p>\n<p>Hohe Belastbarkeit: Diese Planen sind f\u00fcr ein hohes Gewicht ausgelegt und k\u00f6nnen gro\u00dfe Schneemengen effizient tragen und beseitigen, wodurch sich der Zeit- und Personalaufwand f\u00fcr die R\u00e4umarbeiten verringert.<\/p>\n<p>Vielseitige Anwendung: Diese Planen sind ideal f\u00fcr Baustellen, die Schneer\u00e4umung auf D\u00e4chern und die vor\u00fcbergehende Schneelagerung und gew\u00e4hrleisten Sicherheit und Betriebskontinuit\u00e4t im Winter.<\/p>\n<p>Anwendungsbereiche:<\/p>\n<p>Unsere Schneer\u00e4umplanen sind unverzichtbar f\u00fcr Bauunternehmer, Baustellenleiter und Immobilienverwalter, die eine sichere und effektive L\u00f6sung f\u00fcr das Schneemanagement suchen. Durch die Vereinfachung der Schneer\u00e4umung auf ebenen Fl\u00e4chen tragen diese Planen dazu bei, dass die Fl\u00e4chen betriebsbereit bleiben und Gefahren im Zusammenhang mit Schneeansammlungen vermieden werden. Dar\u00fcber hinaus sind sie wertvoll f\u00fcr industrielle, kommunale und gewerbliche Einrichtungen, die effiziente Schneemanagementoptionen ben\u00f6tigen.<\/p>\n<p>Unsere Schneer\u00e4umplanen sind eine robuste, vielseitige L\u00f6sung f\u00fcr die Bew\u00e4ltigung des Winterwetters und bieten eine zuverl\u00e4ssige Methode, um starke Schneeansammlungen sicher zu bew\u00e4ltigen. Sie sind auf Langlebigkeit und Benutzerfreundlichkeit ausgelegt, rationalisieren die Schneer\u00e4umung und reduzieren die Auswirkungen des Winters auf Ihren Betrieb.<\/p>","protected":false},"excerpt":{"rendered":"<p>Unsere Schneer\u00e4umplanen wurden speziell entwickelt, um die Schneer\u00e4umung auf Baustellen, Flachd\u00e4chern und anderen stark beanspruchten Fl\u00e4chen zu vereinfachen und zu beschleunigen. Die aus strapazierf\u00e4higem, PVC-beschichtetem Hochleistungsgewebe gefertigten Planen sind eine zuverl\u00e4ssige L\u00f6sung, um schwere Schneelasten mit minimalem Aufwand anzuheben und zu r\u00e4umen. Unsere Planen sind f\u00fcr harte Winterbedingungen ausgelegt und erleichtern die Aufrechterhaltung eines sicheren Betriebs auch bei starkem Schneefall.<\/p>\n<p>Material: Strapazierf\u00e4higes, k\u00e4ltebest\u00e4ndiges PVC-beschichtetes Gewebe<\/p>\n<p>Gewicht: 18 oz. pro Quadratmeter (variiert je nach Modell)<\/p>\n<p>Abmessungen: Mehrere Gr\u00f6\u00dfen verf\u00fcgbar, Standardoptionen sind 20\u00d720 Fu\u00df, 20\u00d725 Fu\u00df und kundenspezifische Gr\u00f6\u00dfen<\/p>\n<p>Abstand zwischen den T\u00fcllen: Alle 24 Zoll entlang der Kanten f\u00fcr eine sichere Befestigung<\/p>\n<p>D-Ringe: Verst\u00e4rkte D-Ringe an den Ecken und strategischen Punkten f\u00fcr einfaches Anheben und Heben<\/p>\n<p>Dicke: 20 mil (0,5 mm) f\u00fcr verbesserte Haltbarkeit und Rei\u00dffestigkeit<\/p>\n<p>Widerstandsf\u00e4hig gegen Rei\u00dfen: Hochfeste Fasern, die Risse verhindern und wiederholten schweren Belastungen standhalten<\/p>\n<p>Wetterbest\u00e4ndigkeit: Entwickelt, um niedrigen Temperaturen, UV-Strahlung und Feuchtigkeit standzuhalten<\/p>\n<p>Flammbest\u00e4ndigkeit: Erf\u00fcllt die Standardzertifizierungen f\u00fcr schwer entflammbare Stoffe f\u00fcr mehr Sicherheit<\/p>\n<p>Farbe: Standardoptionen sind Schwarz, Blau und kundenspezifische Farben auf Anfrage<\/p>","protected":false},"featured_media":1992,"comment_status":"open","ping_status":"closed","template":"","meta":{"_uag_custom_page_level_css":"","site-sidebar-layout":"default","site-content-layout":"","ast-site-content-layout":"default","site-content-style":"default","site-sidebar-style":"default","ast-global-header-display":"","ast-banner-title-visibility":"","ast-main-header-display":"","ast-hfb-above-header-display":"","ast-hfb-below-header-display":"","ast-hfb-mobile-header-display":"","site-post-title":"","ast-breadcrumbs-content":"","ast-featured-img":"","footer-sml-layout":"","ast-disable-related-posts":"","theme-transparent-header-meta":"default","adv-header-id-meta":"","stick-header-meta":"","header-above-stick-meta":"","header-main-stick-meta":"","header-below-stick-meta":"","astra-migrate-meta-layouts":"set","ast-page-background-enabled":"default","ast-page-background-meta":{"desktop":{"background-color":"var(--ast-global-color-5)","background-image":"","background-repeat":"repeat","background-position":"center center","background-size":"auto","background-attachment":"scroll","background-type":"","background-media":"","overlay-type":"","overlay-color":"","overlay-opacity":"","overlay-gradient":""},"tablet":{"background-color":"","background-image":"","background-repeat":"repeat","background-position":"center center","background-size":"auto","background-attachment":"scroll","background-type":"","background-media":"","overlay-type":"","overlay-color":"","overlay-opacity":"","overlay-gradient":""},"mobile":{"background-color":"","background-image":"","background-repeat":"repeat","background-position":"center center","background-size":"auto","background-attachment":"scroll","background-type":"","background-media":"","overlay-type":"","overlay-color":"","overlay-opacity":"","overlay-gradient":""}},"ast-content-background-meta":{"desktop":{"background-color":"var(--ast-global-color-4)","background-image":"","background-repeat":"repeat","background-position":"center center","background-size":"auto","background-attachment":"scroll","background-type":"","background-media":"","overlay-type":"","overlay-color":"","overlay-opacity":"","overlay-gradient":""},"tablet":{"background-color":"var(--ast-global-color-4)","background-image":"","background-repeat":"repeat","background-position":"center center","background-size":"auto","background-attachment":"scroll","background-type":"","background-media":"","overlay-type":"","overlay-color":"","overlay-opacity":"","overlay-gradient":""},"mobile":{"background-color":"var(--ast-global-color-4)","background-image":"","background-repeat":"repeat","background-position":"center center","background-size":"auto","background-attachment":"scroll","background-type":"","background-media":"","overlay-type":"","overlay-color":"","overlay-opacity":"","overlay-gradient":""}}},"product_brand":[],"product_cat":[38],"product_tag":[],"class_list":{"0":"post-1991","1":"product","2":"type-product","3":"status-publish","4":"has-post-thumbnail","6":"product_cat-snow-removal-tarp","7":"desktop-align-left","8":"tablet-align-left","9":"mobile-align-left","11":"first","12":"instock","13":"shipping-taxable","14":"product-type-simple"},"yoast_head":"<!-- This site is optimized with the Yoast SEO plugin v24.1 - https:\/\/yoast.com\/wordpress\/plugins\/seo\/ -->\n<title>Snow Removal Tarp Wholesale | Feicheng Tongfa<\/title>\n<meta name=\"description\" content=\"Our Snow Removal Tarps are specially designed to simplify and speed up snow removal for construction sites, flat rooftops, and other high-demand areas. Crafted from durable, high-performance PVC-coated fabric, these tarps provide a reliable solution to lift and clear heavy snow loads with minimal effort.\" \/>\n<meta name=\"robots\" content=\"index, follow, max-snippet:-1, max-image-preview:large, max-video-preview:-1\" \/>\n<link rel=\"canonical\" href=\"https:\/\/pengbu.jkkapi.top\/de\/produkt\/1991\/\" \/>\n<meta property=\"og:locale\" content=\"de_DE\" \/>\n<meta property=\"og:type\" content=\"article\" \/>\n<meta property=\"og:title\" content=\"Snow Removal Tarp Wholesale | Feicheng Tongfa\" \/>\n<meta property=\"og:description\" content=\"Our Snow Removal Tarps are specially designed to simplify and speed up snow removal for construction sites, flat rooftops, and other high-demand areas. Crafted from durable, high-performance PVC-coated fabric, these tarps provide a reliable solution to lift and clear heavy snow loads with minimal effort.\" \/>\n<meta property=\"og:url\" content=\"https:\/\/pengbu.jkkapi.top\/de\/produkt\/1991\/\" \/>\n<meta property=\"article:modified_time\" content=\"2025-06-01T15:43:43+00:00\" \/>\n<meta property=\"og:image\" content=\"https:\/\/pengbu.jkkapi.top\/wp-content\/uploads\/2024\/11\/Snow-Removal-Tarp.jpg\" \/>\n\t<meta property=\"og:image:width\" content=\"1000\" \/>\n\t<meta property=\"og:image:height\" content=\"666\" \/>\n\t<meta property=\"og:image:type\" content=\"image\/jpeg\" \/>\n<meta name=\"twitter:card\" content=\"summary_large_image\" \/>\n<meta name=\"twitter:label1\" content=\"Gesch\u00e4tzte Lesezeit\" \/>\n\t<meta name=\"twitter:data1\" content=\"2\u00a0Minuten\" \/>\n<script type=\"application\/ld+json\" class=\"yoast-schema-graph\">{\"@context\":\"https:\/\/schema.org\",\"@graph\":[{\"@type\":\"WebPage\",\"@id\":\"https:\/\/pengbu.jkkapi.top\/product\/1991\/\",\"url\":\"https:\/\/pengbu.jkkapi.top\/product\/1991\/\",\"name\":\"Snow Removal Tarp Wholesale | Feicheng Tongfa\",\"isPartOf\":{\"@id\":\"https:\/\/pengbu.jkkapi.top\/#website\"},\"primaryImageOfPage\":{\"@id\":\"https:\/\/pengbu.jkkapi.top\/product\/1991\/#primaryimage\"},\"image\":{\"@id\":\"https:\/\/pengbu.jkkapi.top\/product\/1991\/#primaryimage\"},\"thumbnailUrl\":\"https:\/\/pengbu.jkkapi.top\/wp-content\/uploads\/2024\/11\/Snow-Removal-Tarp.jpg\",\"datePublished\":\"2024-11-09T03:11:21+00:00\",\"dateModified\":\"2025-06-01T15:43:43+00:00\",\"description\":\"Our Snow Removal Tarps are specially designed to simplify and speed up snow removal for construction sites, flat rooftops, and other high-demand areas. Crafted from durable, high-performance PVC-coated fabric, these tarps provide a reliable solution to lift and clear heavy snow loads with minimal effort.\",\"breadcrumb\":{\"@id\":\"https:\/\/pengbu.jkkapi.top\/product\/1991\/#breadcrumb\"},\"inLanguage\":\"de\",\"potentialAction\":[{\"@type\":\"ReadAction\",\"target\":[\"https:\/\/pengbu.jkkapi.top\/product\/1991\/\"]}]},{\"@type\":\"ImageObject\",\"inLanguage\":\"de\",\"@id\":\"https:\/\/pengbu.jkkapi.top\/product\/1991\/#primaryimage\",\"url\":\"https:\/\/pengbu.jkkapi.top\/wp-content\/uploads\/2024\/11\/Snow-Removal-Tarp.jpg\",\"contentUrl\":\"https:\/\/pengbu.jkkapi.top\/wp-content\/uploads\/2024\/11\/Snow-Removal-Tarp.jpg\",\"width\":1000,\"height\":666,\"caption\":\"Snow Removal Tarp\"},{\"@type\":\"BreadcrumbList\",\"@id\":\"https:\/\/pengbu.jkkapi.top\/product\/1991\/#breadcrumb\",\"itemListElement\":[{\"@type\":\"ListItem\",\"position\":1,\"name\":\"Home\",\"item\":\"https:\/\/pengbu.jkkapi.top\/\"},{\"@type\":\"ListItem\",\"position\":2,\"name\":\"Products\",\"item\":\"https:\/\/pengbu.jkkapi.top\/shop\/\"},{\"@type\":\"ListItem\",\"position\":3,\"name\":\"Tarpaulin\",\"item\":\"https:\/\/pengbu.jkkapi.top\/product-category\/tarpaulin\/\"},{\"@type\":\"ListItem\",\"position\":4,\"name\":\"PVC Tarpaulin\",\"item\":\"https:\/\/pengbu.jkkapi.top\/product-category\/tarpaulin\/pvc-tarpaulin\/\"},{\"@type\":\"ListItem\",\"position\":5,\"name\":\"Snow Removal Tarp\",\"item\":\"https:\/\/pengbu.jkkapi.top\/product-category\/tarpaulin\/pvc-tarpaulin\/snow-removal-tarp\/\"},{\"@type\":\"ListItem\",\"position\":6,\"name\":\"Snow Removal Tarp\"}]},{\"@type\":\"WebSite\",\"@id\":\"https:\/\/pengbu.jkkapi.top\/#website\",\"url\":\"https:\/\/pengbu.jkkapi.top\/\",\"name\":\"Tarpaulin manufacturer-Truck tarpaulin-PVC mesh-Feicheng Tongfa Trading\",\"description\":\"\",\"publisher\":{\"@id\":\"https:\/\/pengbu.jkkapi.top\/#organization\"},\"alternateName\":\"Tarpaulin manufacturer-Truck tarpaulin-Feicheng Tongfa\",\"potentialAction\":[{\"@type\":\"SearchAction\",\"target\":{\"@type\":\"EntryPoint\",\"urlTemplate\":\"https:\/\/pengbu.jkkapi.top\/?s={search_term_string}\"},\"query-input\":{\"@type\":\"PropertyValueSpecification\",\"valueRequired\":true,\"valueName\":\"search_term_string\"}}],\"inLanguage\":\"de\"},{\"@type\":\"Organization\",\"@id\":\"https:\/\/pengbu.jkkapi.top\/#organization\",\"name\":\"FeiCheng TongFa\",\"url\":\"https:\/\/pengbu.jkkapi.top\/\",\"logo\":{\"@type\":\"ImageObject\",\"inLanguage\":\"de\",\"@id\":\"https:\/\/pengbu.jkkapi.top\/#\/schema\/logo\/image\/\",\"url\":\"https:\/\/pengbu.jkkapi.top\/wp-content\/uploads\/2024\/09\/logo.jpg\",\"contentUrl\":\"https:\/\/pengbu.jkkapi.top\/wp-content\/uploads\/2024\/09\/logo.jpg\",\"width\":605,\"height\":121,\"caption\":\"FeiCheng TongFa\"},\"image\":{\"@id\":\"https:\/\/pengbu.jkkapi.top\/#\/schema\/logo\/image\/\"}}]}<\/script>\n<!-- \/ Yoast SEO plugin. -->","yoast_head_json":{"title":"Snow Removal Tarp Wholesale | Feicheng Tongfa","description":"Our Snow Removal Tarps are specially designed to simplify and speed up snow removal for construction sites, flat rooftops, and other high-demand areas. Crafted from durable, high-performance PVC-coated fabric, these tarps provide a reliable solution to lift and clear heavy snow loads with minimal effort.","robots":{"index":"index","follow":"follow","max-snippet":"max-snippet:-1","max-image-preview":"max-image-preview:large","max-video-preview":"max-video-preview:-1"},"canonical":"https:\/\/pengbu.jkkapi.top\/de\/produkt\/1991\/","og_locale":"de_DE","og_type":"article","og_title":"Snow Removal Tarp Wholesale | Feicheng Tongfa","og_description":"Our Snow Removal Tarps are specially designed to simplify and speed up snow removal for construction sites, flat rooftops, and other high-demand areas. Crafted from durable, high-performance PVC-coated fabric, these tarps provide a reliable solution to lift and clear heavy snow loads with minimal effort.","og_url":"https:\/\/pengbu.jkkapi.top\/de\/produkt\/1991\/","article_modified_time":"2025-06-01T15:43:43+00:00","og_image":[{"width":1000,"height":666,"url":"https:\/\/pengbu.jkkapi.top\/wp-content\/uploads\/2024\/11\/Snow-Removal-Tarp.jpg","type":"image\/jpeg"}],"twitter_card":"summary_large_image","twitter_misc":{"Gesch\u00e4tzte Lesezeit":"2\u00a0Minuten"},"schema":{"@context":"https:\/\/schema.org","@graph":[{"@type":"WebPage","@id":"https:\/\/pengbu.jkkapi.top\/product\/1991\/","url":"https:\/\/pengbu.jkkapi.top\/product\/1991\/","name":"Snow Removal Tarp Wholesale | Feicheng Tongfa","isPartOf":{"@id":"https:\/\/pengbu.jkkapi.top\/#website"},"primaryImageOfPage":{"@id":"https:\/\/pengbu.jkkapi.top\/product\/1991\/#primaryimage"},"image":{"@id":"https:\/\/pengbu.jkkapi.top\/product\/1991\/#primaryimage"},"thumbnailUrl":"https:\/\/pengbu.jkkapi.top\/wp-content\/uploads\/2024\/11\/Snow-Removal-Tarp.jpg","datePublished":"2024-11-09T03:11:21+00:00","dateModified":"2025-06-01T15:43:43+00:00","description":"Our Snow Removal Tarps are specially designed to simplify and speed up snow removal for construction sites, flat rooftops, and other high-demand areas. Crafted from durable, high-performance PVC-coated fabric, these tarps provide a reliable solution to lift and clear heavy snow loads with minimal effort.","breadcrumb":{"@id":"https:\/\/pengbu.jkkapi.top\/product\/1991\/#breadcrumb"},"inLanguage":"de","potentialAction":[{"@type":"ReadAction","target":["https:\/\/pengbu.jkkapi.top\/product\/1991\/"]}]},{"@type":"ImageObject","inLanguage":"de","@id":"https:\/\/pengbu.jkkapi.top\/product\/1991\/#primaryimage","url":"https:\/\/pengbu.jkkapi.top\/wp-content\/uploads\/2024\/11\/Snow-Removal-Tarp.jpg","contentUrl":"https:\/\/pengbu.jkkapi.top\/wp-content\/uploads\/2024\/11\/Snow-Removal-Tarp.jpg","width":1000,"height":666,"caption":"Snow Removal Tarp"},{"@type":"BreadcrumbList","@id":"https:\/\/pengbu.jkkapi.top\/product\/1991\/#breadcrumb","itemListElement":[{"@type":"ListItem","position":1,"name":"Home","item":"https:\/\/pengbu.jkkapi.top\/"},{"@type":"ListItem","position":2,"name":"Products","item":"https:\/\/pengbu.jkkapi.top\/shop\/"},{"@type":"ListItem","position":3,"name":"Tarpaulin","item":"https:\/\/pengbu.jkkapi.top\/product-category\/tarpaulin\/"},{"@type":"ListItem","position":4,"name":"PVC Tarpaulin","item":"https:\/\/pengbu.jkkapi.top\/product-category\/tarpaulin\/pvc-tarpaulin\/"},{"@type":"ListItem","position":5,"name":"Snow Removal Tarp","item":"https:\/\/pengbu.jkkapi.top\/product-category\/tarpaulin\/pvc-tarpaulin\/snow-removal-tarp\/"},{"@type":"ListItem","position":6,"name":"Snow Removal Tarp"}]},{"@type":"WebSite","@id":"https:\/\/pengbu.jkkapi.top\/#website","url":"https:\/\/pengbu.jkkapi.top\/","name":"Planenhersteller-LKW-Plane-PVC-Netz-Feicheng Tongfa Trading","description":"","publisher":{"@id":"https:\/\/pengbu.jkkapi.top\/#organization"},"alternateName":"Tarpaulin manufacturer-Truck tarpaulin-Feicheng Tongfa","potentialAction":[{"@type":"SearchAction","target":{"@type":"EntryPoint","urlTemplate":"https:\/\/pengbu.jkkapi.top\/?s={search_term_string}"},"query-input":{"@type":"PropertyValueSpecification","valueRequired":true,"valueName":"search_term_string"}}],"inLanguage":"de"},{"@type":"Organization","@id":"https:\/\/pengbu.jkkapi.top\/#organization","name":"FeiCheng TongFa","url":"https:\/\/pengbu.jkkapi.top\/","logo":{"@type":"ImageObject","inLanguage":"de","@id":"https:\/\/pengbu.jkkapi.top\/#\/schema\/logo\/image\/","url":"https:\/\/pengbu.jkkapi.top\/wp-content\/uploads\/2024\/09\/logo.jpg","contentUrl":"https:\/\/pengbu.jkkapi.top\/wp-content\/uploads\/2024\/09\/logo.jpg","width":605,"height":121,"caption":"FeiCheng TongFa"},"image":{"@id":"https:\/\/pengbu.jkkapi.top\/#\/schema\/logo\/image\/"}}]}},"uagb_featured_image_src":{"full":["https:\/\/pengbu.jkkapi.top\/wp-content\/uploads\/2024\/11\/Snow-Removal-Tarp.jpg",1000,666,false],"thumbnail":["https:\/\/pengbu.jkkapi.top\/wp-content\/uploads\/2024\/11\/Snow-Removal-Tarp-150x150.jpg",150,150,true],"medium":["https:\/\/pengbu.jkkapi.top\/wp-content\/uploads\/2024\/11\/Snow-Removal-Tarp-300x200.jpg",300,200,true],"medium_large":["https:\/\/pengbu.jkkapi.top\/wp-content\/uploads\/2024\/11\/Snow-Removal-Tarp-768x511.jpg",768,511,true],"large":["https:\/\/pengbu.jkkapi.top\/wp-content\/uploads\/2024\/11\/Snow-Removal-Tarp.jpg",1000,666,false],"1536x1536":["https:\/\/pengbu.jkkapi.top\/wp-content\/uploads\/2024\/11\/Snow-Removal-Tarp.jpg",1000,666,false],"2048x2048":["https:\/\/pengbu.jkkapi.top\/wp-content\/uploads\/2024\/11\/Snow-Removal-Tarp.jpg",1000,666,false],"trp-custom-language-flag":["https:\/\/pengbu.jkkapi.top\/wp-content\/uploads\/2024\/11\/Snow-Removal-Tarp-18x12.jpg",18,12,true],"woocommerce_thumbnail":["https:\/\/pengbu.jkkapi.top\/wp-content\/uploads\/2024\/11\/Snow-Removal-Tarp-300x300.jpg",300,300,true],"woocommerce_single":["https:\/\/pengbu.jkkapi.top\/wp-content\/uploads\/2024\/11\/Snow-Removal-Tarp-600x400.jpg",600,400,true],"woocommerce_gallery_thumbnail":["https:\/\/pengbu.jkkapi.top\/wp-content\/uploads\/2024\/11\/Snow-Removal-Tarp-100x100.jpg",100,100,true]},"uagb_author_info":{"display_name":"user","author_link":"https:\/\/pengbu.jkkapi.top\/de\/author\/"},"uagb_comment_info":1,"uagb_excerpt":"Our Snow Removal Tarps are specially designed to simplify and speed up snow removal for construction sites, flat rooftops, and other high-demand areas. Crafted from durable, high-performance PVC-coated fabric, these tarps provide a reliable solution to lift and clear heavy snow loads with minimal effort. Built to endure harsh winter conditions, our tarps make it&hellip;","_links":{"self":[{"href":"https:\/\/pengbu.jkkapi.top\/de\/wp-json\/wp\/v2\/product\/1991","targetHints":{"allow":["GET"]}}],"collection":[{"href":"https:\/\/pengbu.jkkapi.top\/de\/wp-json\/wp\/v2\/product"}],"about":[{"href":"https:\/\/pengbu.jkkapi.top\/de\/wp-json\/wp\/v2\/types\/product"}],"replies":[{"embeddable":true,"href":"https:\/\/pengbu.jkkapi.top\/de\/wp-json\/wp\/v2\/comments?post=1991"}],"wp:featuredmedia":[{"embeddable":true,"href":"https:\/\/pengbu.jkkapi.top\/de\/wp-json\/wp\/v2\/media\/1992"}],"wp:attachment":[{"href":"https:\/\/pengbu.jkkapi.top\/de\/wp-json\/wp\/v2\/media?parent=1991"}],"wp:term":[{"taxonomy":"product_brand","embeddable":true,"href":"https:\/\/pengbu.jkkapi.top\/de\/wp-json\/wp\/v2\/product_brand?post=1991"},{"taxonomy":"product_cat","embeddable":true,"href":"https:\/\/pengbu.jkkapi.top\/de\/wp-json\/wp\/v2\/product_cat?post=1991"},{"taxonomy":"product_tag","embeddable":true,"href":"https:\/\/pengbu.jkkapi.top\/de\/wp-json\/wp\/v2\/product_tag?post=1991"}],"curies":[{"name":"wp","href":"https:\/\/api.w.org\/{rel}","templated":true}]}}