{"id":328,"date":"2024-09-04T01:59:37","date_gmt":"2024-09-04T01:59:37","guid":{"rendered":"https:\/\/pengbu.jkkapi.top\/about\/"},"modified":"2025-08-20T08:27:36","modified_gmt":"2025-08-20T08:27:36","slug":"about","status":"publish","type":"page","link":"https:\/\/pengbu.jkkapi.top\/es\/about\/","title":{"rendered":"Acerca de"},"content":{"rendered":"<div class=\"wp-block-uagb-container uag-blocks-common-selector uagb-block-92205b50 alignfull uagb-is-root-container\"><div class=\"uagb-container-inner-blocks-wrap\">\n<div class=\"wp-block-uagb-info-box uagb-block-25ee4bec uagb-infobox__content-wrap  uagb-infobox-icon-above-title uagb-infobox-image-valign-top wp-block-uagb-info-box--has-margin\"><div class=\"uagb-infobox-margin-wrapper\"><div class=\"uagb-ifb-content\"><div class=\"uagb-ifb-title-wrap\"><h1 class=\"uagb-ifb-title\">SOBRE NOSOTROS<\/h1><\/div><div class=\"uagb-ifb-separator\"><\/div><p class=\"uagb-ifb-desc\"><strong>Feicheng Tongfa Trading Co., Ltd.<\/strong>&nbsp;es una empresa profesional dedicada a la producci\u00f3n, procesamiento y venta de textiles industriales como PE, PVC y otros. Nuestros principales productos incluyen lonas para camiones, lonas de PVC, lonas de PE y otros, con un mercado que abarca la mayor\u00eda de pa\u00edses y regiones de todo el mundo.<\/p><\/div><\/div><\/div>\n<\/div><\/div>\n\n\n\n<div class=\"wp-block-uagb-container uagb-block-2ff557b3 alignfull uagb-is-root-container\"><div class=\"uagb-container-inner-blocks-wrap\">\n<div class=\"wp-block-uagb-advanced-heading uagb-block-834bc74a\"><h2 class=\"uagb-heading-text\">Para todas sus necesidades de lonas<\/h2><p class=\"uagb-desc-text\">La empresa est\u00e1 situada a los pies del majestuoso y bello monte Tai, con c\u00f3modos medios de transporte. Est\u00e1 a 340 kil\u00f3metros del puerto de Qingdao y a 100 kil\u00f3metros del aeropuerto internacional de Jinan, por lo que su ubicaci\u00f3n es muy ventajosa. Contamos con dos l\u00edneas de producci\u00f3n de revestimiento de cuchillas importadas, con una producci\u00f3n anual de 30 millones de metros cuadrados de diversas lonas. La empresa se dedica a la investigaci\u00f3n y el desarrollo de tejidos recubiertos con cuchillas de PVC, con operaciones comerciales que abarcan la urdimbre, el tejido, el recubrimiento, la inspecci\u00f3n, la venta y el servicio posventa, proporcionando servicios personalizados adaptados a las necesidades de nuestros clientes.<\/p><\/div>\n<\/div><\/div>\n\n\n\n<div class=\"wp-block-uagb-container uagb-block-c69ea5a4 alignfull uagb-is-root-container\"><div class=\"uagb-container-inner-blocks-wrap\">\n<div class=\"wp-block-uagb-image uagb-block-e2e4b39d wp-block-uagb-image--layout-default wp-block-uagb-image--effect-static wp-block-uagb-image--align-none\"><figure class=\"wp-block-uagb-image__figure\"><img decoding=\"async\" srcset=\"https:\/\/pengbu.jkkapi.top\/wp-content\/uploads\/2024\/09\/1newtent-1024x668.jpg ,https:\/\/pengbu.jkkapi.top\/wp-content\/uploads\/2024\/09\/1newtent.jpg 780w, https:\/\/pengbu.jkkapi.top\/wp-content\/uploads\/2024\/09\/1newtent.jpg 360w\" sizes=\"auto, (max-width: 480px) 150px\" src=\"https:\/\/pengbu.jkkapi.top\/wp-content\/uploads\/2024\/09\/1newtent-1024x668.jpg\" alt=\"\" class=\"uag-image-1551\" width=\"1024\" height=\"668\" title=\"1newtent\" loading=\"lazy\" role=\"img\"\/><\/figure><\/div>\n<\/div><\/div>\n\n\n\n<div class=\"wp-block-uagb-container uagb-block-569d153c alignfull uagb-is-root-container\"><div class=\"uagb-container-inner-blocks-wrap\">\n<div class=\"wp-block-uagb-container uagb-layout-grid uagb-block-08bcd5b3 alignfull uagb-is-root-container\"><div class=\"uagb-container-inner-blocks-wrap\">\n<div class=\"wp-block-uagb-image alignleft uagb-block-85bc0136 wp-block-uagb-image--layout-default wp-block-uagb-image--effect-static wp-block-uagb-image--align-left\"><figure class=\"wp-block-uagb-image__figure\"><img decoding=\"async\" srcset=\"https:\/\/pengbu.jkkapi.top\/wp-content\/uploads\/2024\/09\/1newtent.jpg ,https:\/\/pengbu.jkkapi.top\/wp-content\/uploads\/2024\/09\/1newtent.jpg 780w, https:\/\/pengbu.jkkapi.top\/wp-content\/uploads\/2024\/09\/1newtent.jpg 360w\" sizes=\"auto, (max-width: 480px) 150px\" src=\"https:\/\/pengbu.jkkapi.top\/wp-content\/uploads\/2024\/09\/1newtent.jpg\" alt=\"\" class=\"uag-image-1551\" width=\"417\" height=\"788\" title=\"1newtent\" loading=\"lazy\" role=\"img\"\/><\/figure><\/div>\n\n\n\n<div class=\"wp-block-uagb-info-box uagb-block-229f40af uagb-infobox__content-wrap  uagb-infobox-icon-above-title uagb-infobox-image-valign-top\"><div class=\"uagb-ifb-content\"><div class=\"uagb-ifb-title-wrap\"><h2 class=\"uagb-ifb-title\">Un fabricante profesional de lonas<\/h2><\/div><p class=\"uagb-ifb-desc\">Como fabricante profesional de lonas alquitranadas, nuestros productos no s\u00f3lo son tecnol\u00f3gicamente avanzados, sino que tambi\u00e9n se caracterizan por su alta resistencia, excelente impermeabilidad, propiedades de autolimpieza, resistencia a la corrosi\u00f3n y larga vida \u00fatil. Han pasado pruebas ambientales internacionales como EN71-3, REACH y ROHS. Nuestros productos son ampliamente utilizados en lonas para camiones, cortinas laterales para camiones, materiales inflables, materiales para carpas, estructuras de membranas de construcci\u00f3n, y m\u00e1s. Se exportan a los mercados nacionales e internacionales, ganando grandes elogios de los clientes. La empresa mantiene una actitud rigurosa, centr\u00e1ndose en cada producto y esforz\u00e1ndose por convertirse en l\u00edder del sector.<\/p><\/div><\/div>\n<\/div><\/div>\n\n\n\n<div class=\"wp-block-uagb-container uagb-layout-flex uagb-block-9d5f4720 alignfull uagb-is-root-container\"><div class=\"uagb-container-inner-blocks-wrap\">\n<div class=\"wp-block-uagb-container uagb-block-4cd0912d\">\n<div class=\"wp-block-uagb-info-box uagb-block-e5a06a9b uagb-infobox__content-wrap  uagb-infobox-icon-above-title uagb-infobox-image-valign-top\"><div class=\"uagb-ifb-content\"><div class=\"uagb-ifb-title-wrap\"><h2 class=\"uagb-ifb-title\"><br><br>Productos de lona de alta calidad y asequibles<br><\/h2><\/div><p class=\"uagb-ifb-desc\">Trabajamos estrictamente de acuerdo con el sistema de gesti\u00f3n de calidad ISO9001, estableciendo un sistema completo de control de calidad desde la adquisici\u00f3n de materias primas, la formulaci\u00f3n de procesos, el control de calidad en l\u00ednea, hasta el env\u00edo del producto acabado. La empresa ha contratado a ingenieros nacionales experimentados, centr\u00e1ndose en I+D, mejorando la calidad del producto y reforzando continuamente la gesti\u00f3n y la superaci\u00f3n personal para garantizar que proporcionamos a los clientes productos estables y de alta calidad. Con una s\u00f3lida capacidad t\u00e9cnica, avanzados equipos de producci\u00f3n, un estricto control de calidad y un excelente servicio, \u00a1esperamos remontar el vuelo junto a usted!<br><br><strong>Ventajas del producto<\/strong>: <br>Resistente a la lluvia, resistente al sol, antienvejecimiento, resistente al fr\u00edo, resistente al desgaste, resistente a la corrosi\u00f3n y ligero.<br><br><strong>Aplicaciones de los productos<\/strong>:<br><strong>Lonas para trenes y camiones<\/strong>: Muy utilizado para cubrir mercanc\u00edas en veh\u00edculos, barcos y en f\u00e1bricas y minas.<br><strong>Tejidos para tiendas<\/strong>: Adecuado para diversos usos al aire libre, como protecci\u00f3n solar, impermeabilizaci\u00f3n, barreras contra la humedad, lonas para el suelo y viajes al aire libre.<br><strong>Tejidos agr\u00edcolas<\/strong>: Se utiliza para cubrir el ma\u00edz, el trigo, el heno y la madera.<br><br>Adem\u00e1s, podemos personalizar la producci\u00f3n de tejidos para cubiertas de mercanc\u00edas, tejidos para acuicultura, cortinas enrollables para invernaderos, mantas aislantes para invernaderos de hortalizas y tejidos para el control de malas hierbas en jardiner\u00eda. Nuestros precios son competitivos, y agradecemos cualquier consulta.<\/p><\/div><\/div>\n<\/div>\n\n\n\n<div class=\"wp-block-uagb-image alignright uagb-block-9dc3bcaa wp-block-uagb-image--layout-default wp-block-uagb-image--effect-static wp-block-uagb-image--align-right\"><figure class=\"wp-block-uagb-image__figure\"><img decoding=\"async\" srcset=\"https:\/\/pengbu.jkkapi.top\/wp-content\/uploads\/2024\/09\/1newtent-1024x668.jpg ,https:\/\/pengbu.jkkapi.top\/wp-content\/uploads\/2024\/09\/1newtent.jpg 780w, https:\/\/pengbu.jkkapi.top\/wp-content\/uploads\/2024\/09\/1newtent.jpg 360w\" sizes=\"auto, (max-width: 480px) 150px\" src=\"https:\/\/pengbu.jkkapi.top\/wp-content\/uploads\/2024\/09\/1newtent-1024x668.jpg\" alt=\"\" class=\"uag-image-1551\" width=\"578\" height=\"497\" title=\"1newtent\" loading=\"lazy\" role=\"img\"\/><\/figure><\/div>\n<\/div><\/div>\n<\/div><\/div>\n\n\n\n<div class=\"wp-block-uagb-container uagb-block-1fc74e82 alignfull uagb-is-root-container\">\n<div class=\"wp-block-uagb-info-box uagb-block-6f4011ff uagb-infobox__content-wrap  uagb-infobox-icon-above-title uagb-infobox-image-valign-top\"><div class=\"uagb-ifb-content\"><div class=\"uagb-ifb-icon-wrap\"><svg xmlns=\"https:\/\/www.w3.org\/2000\/svg\" viewbox=\"0 0 448 512\"><path d=\"M224.1 141c-63.6 0-114.9 51.3-114.9 114.9s51.3 114.9 114.9 114.9S339 319.5 339 255.9 287.7 141 224.1 141zm0 189.6c-41.1 0-74.7-33.5-74.7-74.7s33.5-74.7 74.7-74.7 74.7 33.5 74.7 74.7-33.6 74.7-74.7 74.7zm146.4-194.3c0 14.9-12 26.8-26.8 26.8-14.9 0-26.8-12-26.8-26.8s12-26.8 26.8-26.8 26.8 12 26.8 26.8zm76.1 27.2c-1.7-35.9-9.9-67.7-36.2-93.9-26.2-26.2-58-34.4-93.9-36.2-37-2.1-147.9-2.1-184.9 0-35.8 1.7-67.6 9.9-93.9 36.1s-34.4 58-36.2 93.9c-2.1 37-2.1 147.9 0 184.9 1.7 35.9 9.9 67.7 36.2 93.9s58 34.4 93.9 36.2c37 2.1 147.9 2.1 184.9 0 35.9-1.7 67.7-9.9 93.9-36.2 26.2-26.2 34.4-58 36.2-93.9 2.1-37 2.1-147.8 0-184.8zM398.8 388c-7.8 19.6-22.9 34.7-42.6 42.6-29.5 11.7-99.5 9-132.1 9s-102.7 2.6-132.1-9c-19.6-7.8-34.7-22.9-42.6-42.6-11.7-29.5-9-99.5-9-132.1s-2.6-102.7 9-132.1c7.8-19.6 22.9-34.7 42.6-42.6 29.5-11.7 99.5-9 132.1-9s102.7-2.6 132.1 9c19.6 7.8 34.7 22.9 42.6 42.6 11.7 29.5 9 99.5 9 132.1s2.7 102.7-9 132.1z\"><\/path><\/svg><\/div><div class=\"uagb-ifb-title-wrap\"><h3 class=\"uagb-ifb-title\">Seguir @antiques<\/h3><\/div><p class=\"uagb-ifb-desc\">Leo nulla cras augue eros, diam vivamus et lectus volutpat at facilisi tortor porta.<\/p><\/div><\/div>\n\n\n\n<div class=\"wp-block-uagb-image uagb-block-cb4ed534 wp-block-uagb-image--layout-default wp-block-uagb-image--effect-static wp-block-uagb-image--align-none\"><figure class=\"wp-block-uagb-image__figure\"><img decoding=\"async\" srcset=\"https:\/\/pengbu.jkkapi.top\/wp-content\/uploads\/2024\/09\/\u672a\u6807\u9898-1.jpg 1920w, https:\/\/pengbu.jkkapi.top\/wp-content\/uploads\/2024\/09\/\u672a\u6807\u9898-1-300x63.jpg 300w, https:\/\/pengbu.jkkapi.top\/wp-content\/uploads\/2024\/09\/\u672a\u6807\u9898-1-1024x213.jpg 1024w, https:\/\/pengbu.jkkapi.top\/wp-content\/uploads\/2024\/09\/\u672a\u6807\u9898-1-768x160.jpg 768w, https:\/\/pengbu.jkkapi.top\/wp-content\/uploads\/2024\/09\/\u672a\u6807\u9898-1-1536x320.jpg 1536w, https:\/\/pengbu.jkkapi.top\/wp-content\/uploads\/2024\/09\/\u672a\u6807\u9898-1-600x125.jpg 600w\" sizes=\"auto, (max-width: 480px) 150px\" src=\"https:\/\/pengbu.jkkapi.top\/wp-content\/uploads\/2024\/09\/\u672a\u6807\u9898-1.jpg\" alt=\"\" class=\"uag-image-1589\" width=\"1920\" height=\"400\" title=\"\u672a\u6807\u9898-1\" loading=\"lazy\" role=\"img\"\/><\/figure><\/div>\n<\/div>\n\n\n\n<p><\/p>","protected":false},"excerpt":{"rendered":"<p>For All Your Tarp Needs The company is located at the foot of the majestic and beautiful Mount Tai, with convenient transportation. It is 340 kilometers from Qingdao Port and 100 kilometers from Jinan International Airport, making its location highly advantageous. We have two imported knife coating production lines, with an annual output of 30 [&hellip;]<\/p>","protected":false},"author":1,"featured_media":0,"parent":0,"menu_order":0,"comment_status":"closed","ping_status":"closed","template":"","meta":{"_uag_custom_page_level_css":"","site-sidebar-layout":"no-sidebar","site-content-layout":"plain-container","ast-site-content-layout":"normal-width-container","site-content-style":"unboxed","site-sidebar-style":"unboxed","ast-global-header-display":"","ast-banner-title-visibility":"","ast-main-header-display":"","ast-hfb-above-header-display":"","ast-hfb-below-header-display":"","ast-hfb-mobile-header-display":"","site-post-title":"disabled","ast-breadcrumbs-content":"","ast-featured-img":"disabled","footer-sml-layout":"","ast-disable-related-posts":"","theme-transparent-header-meta":"default","adv-header-id-meta":"","stick-header-meta":"","header-above-stick-meta":"","header-main-stick-meta":"","header-below-stick-meta":"","astra-migrate-meta-layouts":"set","ast-page-background-enabled":"default","ast-page-background-meta":{"desktop":{"background-color":"var(--ast-global-color-5)","background-image":"","background-repeat":"repeat","background-position":"center center","background-size":"auto","background-attachment":"scroll","background-type":"","background-media":"","overlay-type":"","overlay-color":"","overlay-opacity":"","overlay-gradient":""},"tablet":{"background-color":"","background-image":"","background-repeat":"repeat","background-position":"center center","background-size":"auto","background-attachment":"scroll","background-type":"","background-media":"","overlay-type":"","overlay-color":"","overlay-opacity":"","overlay-gradient":""},"mobile":{"background-color":"","background-image":"","background-repeat":"repeat","background-position":"center center","background-size":"auto","background-attachment":"scroll","background-type":"","background-media":"","overlay-type":"","overlay-color":"","overlay-opacity":"","overlay-gradient":""}},"ast-content-background-meta":{"desktop":{"background-color":"var(--ast-global-color-4)","background-image":"","background-repeat":"repeat","background-position":"center center","background-size":"auto","background-attachment":"scroll","background-type":"","background-media":"","overlay-type":"","overlay-color":"","overlay-opacity":"","overlay-gradient":""},"tablet":{"background-color":"var(--ast-global-color-4)","background-image":"","background-repeat":"repeat","background-position":"center center","background-size":"auto","background-attachment":"scroll","background-type":"","background-media":"","overlay-type":"","overlay-color":"","overlay-opacity":"","overlay-gradient":""},"mobile":{"background-color":"var(--ast-global-color-4)","background-image":"","background-repeat":"repeat","background-position":"center center","background-size":"auto","background-attachment":"scroll","background-type":"","background-media":"","overlay-type":"","overlay-color":"","overlay-opacity":"","overlay-gradient":""}},"footnotes":""},"class_list":["post-328","page","type-page","status-publish","hentry"],"yoast_head":"<!-- This site is optimized with the Yoast SEO plugin v24.1 - https:\/\/yoast.com\/wordpress\/plugins\/seo\/ -->\n<title>About Feicheng Tongfa - Tarpaulin Manufacturer<\/title>\n<meta name=\"description\" content=\"We are a professional tarpaulin manufacturer in Tai&#039;an, China. We manufacture, wholesale, and sell various tarpaulin products such as truck tarpaulins, PVC tarpaulins, steel tarpaulins and PVC mesh, tents, geogrids, etc. Welcome to consult and purchase!\" \/>\n<meta name=\"robots\" content=\"index, follow, max-snippet:-1, max-image-preview:large, max-video-preview:-1\" \/>\n<link rel=\"canonical\" href=\"https:\/\/pengbu.jkkapi.top\/es\/about\/\" \/>\n<meta property=\"og:locale\" content=\"es_ES\" \/>\n<meta property=\"og:type\" content=\"article\" \/>\n<meta property=\"og:title\" content=\"About Feicheng Tongfa - Tarpaulin Manufacturer\" \/>\n<meta property=\"og:description\" content=\"We are a professional tarpaulin manufacturer in Tai&#039;an, China. We manufacture, wholesale, and sell various tarpaulin products such as truck tarpaulins, PVC tarpaulins, steel tarpaulins and PVC mesh, tents, geogrids, etc. Welcome to consult and purchase!\" \/>\n<meta property=\"og:url\" content=\"https:\/\/pengbu.jkkapi.top\/es\/about\/\" \/>\n<meta property=\"article:modified_time\" content=\"2025-08-20T08:27:36+00:00\" \/>\n<meta property=\"og:image\" content=\"https:\/\/pengbu.jkkapi.top\/wp-content\/uploads\/2024\/09\/1newtent-1024x668.jpg\" \/>\n<meta name=\"twitter:card\" content=\"summary_large_image\" \/>\n<meta name=\"twitter:label1\" content=\"Tiempo de lectura\" \/>\n\t<meta name=\"twitter:data1\" content=\"3 minutos\" \/>\n<script type=\"application\/ld+json\" class=\"yoast-schema-graph\">{\"@context\":\"https:\/\/schema.org\",\"@graph\":[{\"@type\":\"WebPage\",\"@id\":\"https:\/\/pengbu.jkkapi.top\/about\/\",\"url\":\"https:\/\/pengbu.jkkapi.top\/about\/\",\"name\":\"About Feicheng Tongfa - Tarpaulin Manufacturer\",\"isPartOf\":{\"@id\":\"https:\/\/pengbu.jkkapi.top\/#website\"},\"primaryImageOfPage\":{\"@id\":\"https:\/\/pengbu.jkkapi.top\/about\/#primaryimage\"},\"image\":{\"@id\":\"https:\/\/pengbu.jkkapi.top\/about\/#primaryimage\"},\"thumbnailUrl\":\"https:\/\/pengbu.jkkapi.top\/wp-content\/uploads\/2024\/09\/1newtent-1024x668.jpg\",\"datePublished\":\"2024-09-04T01:59:37+00:00\",\"dateModified\":\"2025-08-20T08:27:36+00:00\",\"description\":\"We are a professional tarpaulin manufacturer in Tai'an, China. We manufacture, wholesale, and sell various tarpaulin products such as truck tarpaulins, PVC tarpaulins, steel tarpaulins and PVC mesh, tents, geogrids, etc. Welcome to consult and purchase!\",\"breadcrumb\":{\"@id\":\"https:\/\/pengbu.jkkapi.top\/about\/#breadcrumb\"},\"inLanguage\":\"es\",\"potentialAction\":[{\"@type\":\"ReadAction\",\"target\":[\"https:\/\/pengbu.jkkapi.top\/about\/\"]}]},{\"@type\":\"ImageObject\",\"inLanguage\":\"es\",\"@id\":\"https:\/\/pengbu.jkkapi.top\/about\/#primaryimage\",\"url\":\"https:\/\/pengbu.jkkapi.top\/wp-content\/uploads\/2024\/09\/1newtent-1024x668.jpg\",\"contentUrl\":\"https:\/\/pengbu.jkkapi.top\/wp-content\/uploads\/2024\/09\/1newtent-1024x668.jpg\"},{\"@type\":\"BreadcrumbList\",\"@id\":\"https:\/\/pengbu.jkkapi.top\/about\/#breadcrumb\",\"itemListElement\":[{\"@type\":\"ListItem\",\"position\":1,\"name\":\"Home\",\"item\":\"https:\/\/pengbu.jkkapi.top\/\"},{\"@type\":\"ListItem\",\"position\":2,\"name\":\"About\"}]},{\"@type\":\"WebSite\",\"@id\":\"https:\/\/pengbu.jkkapi.top\/#website\",\"url\":\"https:\/\/pengbu.jkkapi.top\/\",\"name\":\"Tarpaulin manufacturer-Truck tarpaulin-PVC mesh-Feicheng Tongfa Trading\",\"description\":\"\",\"publisher\":{\"@id\":\"https:\/\/pengbu.jkkapi.top\/#organization\"},\"alternateName\":\"Tarpaulin manufacturer-Truck tarpaulin-Feicheng Tongfa\",\"potentialAction\":[{\"@type\":\"SearchAction\",\"target\":{\"@type\":\"EntryPoint\",\"urlTemplate\":\"https:\/\/pengbu.jkkapi.top\/?s={search_term_string}\"},\"query-input\":{\"@type\":\"PropertyValueSpecification\",\"valueRequired\":true,\"valueName\":\"search_term_string\"}}],\"inLanguage\":\"es\"},{\"@type\":\"Organization\",\"@id\":\"https:\/\/pengbu.jkkapi.top\/#organization\",\"name\":\"FeiCheng TongFa\",\"url\":\"https:\/\/pengbu.jkkapi.top\/\",\"logo\":{\"@type\":\"ImageObject\",\"inLanguage\":\"es\",\"@id\":\"https:\/\/pengbu.jkkapi.top\/#\/schema\/logo\/image\/\",\"url\":\"https:\/\/pengbu.jkkapi.top\/wp-content\/uploads\/2024\/09\/logo.jpg\",\"contentUrl\":\"https:\/\/pengbu.jkkapi.top\/wp-content\/uploads\/2024\/09\/logo.jpg\",\"width\":605,\"height\":121,\"caption\":\"FeiCheng TongFa\"},\"image\":{\"@id\":\"https:\/\/pengbu.jkkapi.top\/#\/schema\/logo\/image\/\"}}]}<\/script>\n<!-- \/ Yoast SEO plugin. -->","yoast_head_json":{"title":"Acerca de Feicheng Tongfa - Fabricante de lonas alquitranadas","description":"Somos fabricantes profesionales de lonas alquitranadas en Tai'an, China. Fabricamos, vendemos y vendemos al por mayor varios productos de lona alquitranada como lonas para camiones, lonas de PVC, lonas de acero y malla de PVC, carpas, geomallas, etc. \u00a1Bienvenido a consultar y comprar!","robots":{"index":"index","follow":"follow","max-snippet":"max-snippet:-1","max-image-preview":"max-image-preview:large","max-video-preview":"max-video-preview:-1"},"canonical":"https:\/\/pengbu.jkkapi.top\/es\/about\/","og_locale":"es_ES","og_type":"article","og_title":"About Feicheng Tongfa - Tarpaulin Manufacturer","og_description":"We are a professional tarpaulin manufacturer in Tai'an, China. We manufacture, wholesale, and sell various tarpaulin products such as truck tarpaulins, PVC tarpaulins, steel tarpaulins and PVC mesh, tents, geogrids, etc. Welcome to consult and purchase!","og_url":"https:\/\/pengbu.jkkapi.top\/es\/about\/","article_modified_time":"2025-08-20T08:27:36+00:00","og_image":[{"url":"https:\/\/pengbu.jkkapi.top\/wp-content\/uploads\/2024\/09\/1newtent-1024x668.jpg","type":"","width":"","height":""}],"twitter_card":"summary_large_image","twitter_misc":{"Tiempo de lectura":"3 minutos"},"schema":{"@context":"https:\/\/schema.org","@graph":[{"@type":"WebPage","@id":"https:\/\/pengbu.jkkapi.top\/about\/","url":"https:\/\/pengbu.jkkapi.top\/about\/","name":"Acerca de Feicheng Tongfa - Fabricante de lonas alquitranadas","isPartOf":{"@id":"https:\/\/pengbu.jkkapi.top\/#website"},"primaryImageOfPage":{"@id":"https:\/\/pengbu.jkkapi.top\/about\/#primaryimage"},"image":{"@id":"https:\/\/pengbu.jkkapi.top\/about\/#primaryimage"},"thumbnailUrl":"https:\/\/pengbu.jkkapi.top\/wp-content\/uploads\/2024\/09\/1newtent-1024x668.jpg","datePublished":"2024-09-04T01:59:37+00:00","dateModified":"2025-08-20T08:27:36+00:00","description":"Somos fabricantes profesionales de lonas alquitranadas en Tai'an, China. Fabricamos, vendemos y vendemos al por mayor varios productos de lona alquitranada como lonas para camiones, lonas de PVC, lonas de acero y malla de PVC, carpas, geomallas, etc. \u00a1Bienvenido a consultar y comprar!","breadcrumb":{"@id":"https:\/\/pengbu.jkkapi.top\/about\/#breadcrumb"},"inLanguage":"es","potentialAction":[{"@type":"ReadAction","target":["https:\/\/pengbu.jkkapi.top\/about\/"]}]},{"@type":"ImageObject","inLanguage":"es","@id":"https:\/\/pengbu.jkkapi.top\/about\/#primaryimage","url":"https:\/\/pengbu.jkkapi.top\/wp-content\/uploads\/2024\/09\/1newtent-1024x668.jpg","contentUrl":"https:\/\/pengbu.jkkapi.top\/wp-content\/uploads\/2024\/09\/1newtent-1024x668.jpg"},{"@type":"BreadcrumbList","@id":"https:\/\/pengbu.jkkapi.top\/about\/#breadcrumb","itemListElement":[{"@type":"ListItem","position":1,"name":"Home","item":"https:\/\/pengbu.jkkapi.top\/"},{"@type":"ListItem","position":2,"name":"About"}]},{"@type":"WebSite","@id":"https:\/\/pengbu.jkkapi.top\/#website","url":"https:\/\/pengbu.jkkapi.top\/","name":"Fabricante de lonas-Truck tarpaulin-PVC mesh-Feicheng Tongfa Trading","description":"","publisher":{"@id":"https:\/\/pengbu.jkkapi.top\/#organization"},"alternateName":"Tarpaulin manufacturer-Truck tarpaulin-Feicheng Tongfa","potentialAction":[{"@type":"SearchAction","target":{"@type":"EntryPoint","urlTemplate":"https:\/\/pengbu.jkkapi.top\/?s={search_term_string}"},"query-input":{"@type":"PropertyValueSpecification","valueRequired":true,"valueName":"search_term_string"}}],"inLanguage":"es"},{"@type":"Organization","@id":"https:\/\/pengbu.jkkapi.top\/#organization","name":"FeiCheng TongFa","url":"https:\/\/pengbu.jkkapi.top\/","logo":{"@type":"ImageObject","inLanguage":"es","@id":"https:\/\/pengbu.jkkapi.top\/#\/schema\/logo\/image\/","url":"https:\/\/pengbu.jkkapi.top\/wp-content\/uploads\/2024\/09\/logo.jpg","contentUrl":"https:\/\/pengbu.jkkapi.top\/wp-content\/uploads\/2024\/09\/logo.jpg","width":605,"height":121,"caption":"FeiCheng TongFa"},"image":{"@id":"https:\/\/pengbu.jkkapi.top\/#\/schema\/logo\/image\/"}}]}},"uagb_featured_image_src":{"full":false,"thumbnail":false,"medium":false,"medium_large":false,"large":false,"1536x1536":false,"2048x2048":false,"trp-custom-language-flag":false,"woocommerce_thumbnail":false,"woocommerce_single":false,"woocommerce_gallery_thumbnail":false},"uagb_author_info":{"display_name":"user","author_link":"https:\/\/pengbu.jkkapi.top\/es\/author\/user\/"},"uagb_comment_info":0,"uagb_excerpt":"For All Your Tarp Needs The company is located at the foot of the majestic and beautiful Mount Tai, with convenient transportation. It is 340 kilometers from Qingdao Port and 100 kilometers from Jinan International Airport, making its location highly advantageous. We have two imported knife coating production lines, with an annual output of 30&hellip;","_links":{"self":[{"href":"https:\/\/pengbu.jkkapi.top\/es\/wp-json\/wp\/v2\/pages\/328","targetHints":{"allow":["GET"]}}],"collection":[{"href":"https:\/\/pengbu.jkkapi.top\/es\/wp-json\/wp\/v2\/pages"}],"about":[{"href":"https:\/\/pengbu.jkkapi.top\/es\/wp-json\/wp\/v2\/types\/page"}],"author":[{"embeddable":true,"href":"https:\/\/pengbu.jkkapi.top\/es\/wp-json\/wp\/v2\/users\/1"}],"replies":[{"embeddable":true,"href":"https:\/\/pengbu.jkkapi.top\/es\/wp-json\/wp\/v2\/comments?post=328"}],"version-history":[{"count":7,"href":"https:\/\/pengbu.jkkapi.top\/es\/wp-json\/wp\/v2\/pages\/328\/revisions"}],"predecessor-version":[{"id":3074,"href":"https:\/\/pengbu.jkkapi.top\/es\/wp-json\/wp\/v2\/pages\/328\/revisions\/3074"}],"wp:attachment":[{"href":"https:\/\/pengbu.jkkapi.top\/es\/wp-json\/wp\/v2\/media?parent=328"}],"curies":[{"name":"wp","href":"https:\/\/api.w.org\/{rel}","templated":true}]}}