{"id":1967,"date":"2024-11-08T07:40:47","date_gmt":"2024-11-08T07:40:47","guid":{"rendered":"https:\/\/pengbu.jkkapi.top\/?post_type=product&#038;p=1967"},"modified":"2024-11-08T07:40:48","modified_gmt":"2024-11-08T07:40:48","slug":"wood-tarpaulin","status":"publish","type":"product","link":"https:\/\/pengbu.jkkapi.top\/es\/producto\/wood-tarpaulin\/","title":{"rendered":"Lona de madera"},"content":{"rendered":"<p>Caracter\u00edsticas principales<\/p>\n<p>Durabilidad: Fabricada con tejido recubierto de PVC de calidad industrial, esta lona para madera est\u00e1 dise\u00f1ada para soportar un uso frecuente y resistir da\u00f1os en condiciones adversas.<\/p>\n<p>Ajuste seguro: Los bordes reforzados con ojales y anillas en D permiten un amarre f\u00e1cil y ajustable, garantizando que la lona permanezca en su sitio incluso a altas velocidades.<\/p>\n<p>Resistente a la intemperie: Con propiedades impermeables y resistentes a los rayos UV, nuestras lonas son ideales para aplicaciones al aire libre, proporcionando una protecci\u00f3n total contra la lluvia, la nieve y la luz solar.<\/p>\n<p>Resistencia a las llamas: Fabricado para cumplir las normas ign\u00edfugas, lo que a\u00f1ade una capa adicional de seguridad durante el transporte.<\/p>\n<p>Aplicaciones<\/p>\n<p>Esta lona para madera es una soluci\u00f3n vers\u00e1til para una amplia gama de industrias, utilizada principalmente por profesionales de la construcci\u00f3n, la madera y el transporte de mercanc\u00edas. Dise\u00f1ado espec\u00edficamente para camiones de plataforma, es ideal para el transporte de madera, madera contrachapada y otros materiales a base de madera que requieren protecci\u00f3n contra los elementos. Adem\u00e1s, estas lonas pueden servir como cobertura eficaz para equipos y materiales almacenados al aire libre, garantizando durabilidad y protecci\u00f3n a largo plazo.<\/p>\n<p>&nbsp;<\/p>\n<p>Con nuestras lonas de madera, puede contar con una protecci\u00f3n superior para su carga, lo que permite un transporte seguro en todas las condiciones meteorol\u00f3gicas.<\/p>","protected":false},"excerpt":{"rendered":"<p>Nuestras lonas para madera est\u00e1n dise\u00f1adas para ofrecer una protecci\u00f3n sin igual para la madera, el contrachapado y otros materiales de construcci\u00f3n durante el transporte en camiones de plataforma. Construidas con tejido de alta calidad recubierto de PVC de alta resistencia, estas lonas est\u00e1n dise\u00f1adas para soportar condiciones clim\u00e1ticas extremas, asegurando que su carga de madera permanezca segura y libre de da\u00f1os.<\/p>\n<p>Material: Tejido de alta resistencia recubierto de PVC, que garantiza la m\u00e1xima durabilidad y resistencia.<\/p>\n<p>Peso: Aproximadamente 18 onzas por yarda cuadrada, ofreciendo un fuerte equilibrio entre peso y durabilidad.<\/p>\n<p>Dimensiones: Tama\u00f1os est\u00e1ndar disponibles en 16' x 27' y 24' x 27', dise\u00f1ados para cubrir completamente cargas de varios tama\u00f1os.<\/p>\n<p>Distancia entre ojales: Ojales reforzados espaciados cada 24 pulgadas a lo largo de los bordes para facilitar un amarre seguro.<\/p>\n<p>Anillas en D: Filas de anillas en D resistentes al \u00f3xido cada 2 pies, que proporcionan m\u00faltiples puntos para asegurar la lona y protegerla contra el movimiento.<\/p>\n<p>Grosor: 20 mils, que proporciona una s\u00f3lida protecci\u00f3n contra desgarros y pinchazos.<\/p>\n<p>Resistencia al desgarro: Alta resistencia al desgarro, probada para soportar bordes afilados y cargas pesadas sin desgarrarse.<\/p>\n<p>Resistencia a la intemperie: Con tratamiento UV e impermeable, ideal para soportar la exposici\u00f3n al sol, la lluvia, la nieve y las temperaturas extremas.<\/p>\n<p>Resistencia al fuego: Material ign\u00edfugo, que cumple las normas de seguridad del sector para reducir los riesgos de incendio.<\/p>\n<p>Color: Disponible en los cl\u00e1sicos negro y azul, o en colores personalizables bajo pedido para aumentar la visibilidad o la marca.<\/p>","protected":false},"featured_media":1968,"comment_status":"open","ping_status":"closed","template":"","meta":{"_uag_custom_page_level_css":"","site-sidebar-layout":"default","site-content-layout":"","ast-site-content-layout":"default","site-content-style":"default","site-sidebar-style":"default","ast-global-header-display":"","ast-banner-title-visibility":"","ast-main-header-display":"","ast-hfb-above-header-display":"","ast-hfb-below-header-display":"","ast-hfb-mobile-header-display":"","site-post-title":"","ast-breadcrumbs-content":"","ast-featured-img":"","footer-sml-layout":"","ast-disable-related-posts":"","theme-transparent-header-meta":"default","adv-header-id-meta":"","stick-header-meta":"","header-above-stick-meta":"","header-main-stick-meta":"","header-below-stick-meta":"","astra-migrate-meta-layouts":"set","ast-page-background-enabled":"default","ast-page-background-meta":{"desktop":{"background-color":"var(--ast-global-color-5)","background-image":"","background-repeat":"repeat","background-position":"center center","background-size":"auto","background-attachment":"scroll","background-type":"","background-media":"","overlay-type":"","overlay-color":"","overlay-opacity":"","overlay-gradient":""},"tablet":{"background-color":"","background-image":"","background-repeat":"repeat","background-position":"center center","background-size":"auto","background-attachment":"scroll","background-type":"","background-media":"","overlay-type":"","overlay-color":"","overlay-opacity":"","overlay-gradient":""},"mobile":{"background-color":"","background-image":"","background-repeat":"repeat","background-position":"center center","background-size":"auto","background-attachment":"scroll","background-type":"","background-media":"","overlay-type":"","overlay-color":"","overlay-opacity":"","overlay-gradient":""}},"ast-content-background-meta":{"desktop":{"background-color":"var(--ast-global-color-4)","background-image":"","background-repeat":"repeat","background-position":"center center","background-size":"auto","background-attachment":"scroll","background-type":"","background-media":"","overlay-type":"","overlay-color":"","overlay-opacity":"","overlay-gradient":""},"tablet":{"background-color":"var(--ast-global-color-4)","background-image":"","background-repeat":"repeat","background-position":"center center","background-size":"auto","background-attachment":"scroll","background-type":"","background-media":"","overlay-type":"","overlay-color":"","overlay-opacity":"","overlay-gradient":""},"mobile":{"background-color":"var(--ast-global-color-4)","background-image":"","background-repeat":"repeat","background-position":"center center","background-size":"auto","background-attachment":"scroll","background-type":"","background-media":"","overlay-type":"","overlay-color":"","overlay-opacity":"","overlay-gradient":""}}},"product_brand":[],"product_cat":[31],"product_tag":[],"class_list":{"0":"post-1967","1":"product","2":"type-product","3":"status-publish","4":"has-post-thumbnail","6":"product_cat-wood-tarpaulin","7":"desktop-align-left","8":"tablet-align-left","9":"mobile-align-left","11":"first","12":"instock","13":"shipping-taxable","14":"product-type-simple"},"yoast_head":"<!-- This site is optimized with the Yoast SEO plugin v24.1 - https:\/\/yoast.com\/wordpress\/plugins\/seo\/ -->\n<title>Wood Tarpaulin Wholesale | Feicheng Tongfa<\/title>\n<meta name=\"description\" content=\"Our Wood Tarpaulins are crafted to offer unparalleled protection for wood, plywood, and other construction materials during transport on flatbed trucks. Built with premium, heavy-duty PVC-coated fabric, these tarps are engineered to endure extreme weather conditions, ensuring your wood cargo remains secure and damage-free.\" \/>\n<meta name=\"robots\" content=\"index, follow, max-snippet:-1, max-image-preview:large, max-video-preview:-1\" \/>\n<link rel=\"canonical\" href=\"https:\/\/pengbu.jkkapi.top\/es\/producto\/wood-tarpaulin\/\" \/>\n<meta property=\"og:locale\" content=\"es_ES\" \/>\n<meta property=\"og:type\" content=\"article\" \/>\n<meta property=\"og:title\" content=\"Wood Tarpaulin Wholesale | Feicheng Tongfa\" \/>\n<meta property=\"og:description\" content=\"Our Wood Tarpaulins are crafted to offer unparalleled protection for wood, plywood, and other construction materials during transport on flatbed trucks. Built with premium, heavy-duty PVC-coated fabric, these tarps are engineered to endure extreme weather conditions, ensuring your wood cargo remains secure and damage-free.\" \/>\n<meta property=\"og:url\" content=\"https:\/\/pengbu.jkkapi.top\/es\/producto\/wood-tarpaulin\/\" \/>\n<meta property=\"article:modified_time\" content=\"2024-11-08T07:40:48+00:00\" \/>\n<meta property=\"og:image\" content=\"https:\/\/pengbu.jkkapi.top\/wp-content\/uploads\/2024\/11\/PolyTarp_Holzabdeckung.jpg\" \/>\n\t<meta property=\"og:image:width\" content=\"1121\" \/>\n\t<meta property=\"og:image:height\" content=\"747\" \/>\n\t<meta property=\"og:image:type\" content=\"image\/jpeg\" \/>\n<meta name=\"twitter:card\" content=\"summary_large_image\" \/>\n<meta name=\"twitter:label1\" content=\"Tiempo de lectura\" \/>\n\t<meta name=\"twitter:data1\" content=\"1 minuto\" \/>\n<script type=\"application\/ld+json\" class=\"yoast-schema-graph\">{\"@context\":\"https:\/\/schema.org\",\"@graph\":[{\"@type\":\"WebPage\",\"@id\":\"https:\/\/pengbu.jkkapi.top\/product\/wood-tarpaulin\/\",\"url\":\"https:\/\/pengbu.jkkapi.top\/product\/wood-tarpaulin\/\",\"name\":\"Wood Tarpaulin Wholesale | Feicheng Tongfa\",\"isPartOf\":{\"@id\":\"https:\/\/pengbu.jkkapi.top\/#website\"},\"primaryImageOfPage\":{\"@id\":\"https:\/\/pengbu.jkkapi.top\/product\/wood-tarpaulin\/#primaryimage\"},\"image\":{\"@id\":\"https:\/\/pengbu.jkkapi.top\/product\/wood-tarpaulin\/#primaryimage\"},\"thumbnailUrl\":\"https:\/\/pengbu.jkkapi.top\/wp-content\/uploads\/2024\/11\/PolyTarp_Holzabdeckung.jpg\",\"datePublished\":\"2024-11-08T07:40:47+00:00\",\"dateModified\":\"2024-11-08T07:40:48+00:00\",\"description\":\"Our Wood Tarpaulins are crafted to offer unparalleled protection for wood, plywood, and other construction materials during transport on flatbed trucks. Built with premium, heavy-duty PVC-coated fabric, these tarps are engineered to endure extreme weather conditions, ensuring your wood cargo remains secure and damage-free.\",\"breadcrumb\":{\"@id\":\"https:\/\/pengbu.jkkapi.top\/product\/wood-tarpaulin\/#breadcrumb\"},\"inLanguage\":\"es\",\"potentialAction\":[{\"@type\":\"ReadAction\",\"target\":[\"https:\/\/pengbu.jkkapi.top\/product\/wood-tarpaulin\/\"]}]},{\"@type\":\"ImageObject\",\"inLanguage\":\"es\",\"@id\":\"https:\/\/pengbu.jkkapi.top\/product\/wood-tarpaulin\/#primaryimage\",\"url\":\"https:\/\/pengbu.jkkapi.top\/wp-content\/uploads\/2024\/11\/PolyTarp_Holzabdeckung.jpg\",\"contentUrl\":\"https:\/\/pengbu.jkkapi.top\/wp-content\/uploads\/2024\/11\/PolyTarp_Holzabdeckung.jpg\",\"width\":1121,\"height\":747,\"caption\":\"Wood Tarpaulin\"},{\"@type\":\"BreadcrumbList\",\"@id\":\"https:\/\/pengbu.jkkapi.top\/product\/wood-tarpaulin\/#breadcrumb\",\"itemListElement\":[{\"@type\":\"ListItem\",\"position\":1,\"name\":\"Home\",\"item\":\"https:\/\/pengbu.jkkapi.top\/\"},{\"@type\":\"ListItem\",\"position\":2,\"name\":\"Products\",\"item\":\"https:\/\/pengbu.jkkapi.top\/shop\/\"},{\"@type\":\"ListItem\",\"position\":3,\"name\":\"Tarpaulin\",\"item\":\"https:\/\/pengbu.jkkapi.top\/product-category\/tarpaulin\/\"},{\"@type\":\"ListItem\",\"position\":4,\"name\":\"PVC Tarpaulin\",\"item\":\"https:\/\/pengbu.jkkapi.top\/product-category\/tarpaulin\/pvc-tarpaulin\/\"},{\"@type\":\"ListItem\",\"position\":5,\"name\":\"Wood Tarpaulin\",\"item\":\"https:\/\/pengbu.jkkapi.top\/product-category\/tarpaulin\/pvc-tarpaulin\/wood-tarpaulin\/\"},{\"@type\":\"ListItem\",\"position\":6,\"name\":\"Wood Tarpaulin\"}]},{\"@type\":\"WebSite\",\"@id\":\"https:\/\/pengbu.jkkapi.top\/#website\",\"url\":\"https:\/\/pengbu.jkkapi.top\/\",\"name\":\"Tarpaulin manufacturer-Truck tarpaulin-PVC mesh-Feicheng Tongfa Trading\",\"description\":\"\",\"publisher\":{\"@id\":\"https:\/\/pengbu.jkkapi.top\/#organization\"},\"alternateName\":\"Tarpaulin manufacturer-Truck tarpaulin-Feicheng Tongfa\",\"potentialAction\":[{\"@type\":\"SearchAction\",\"target\":{\"@type\":\"EntryPoint\",\"urlTemplate\":\"https:\/\/pengbu.jkkapi.top\/?s={search_term_string}\"},\"query-input\":{\"@type\":\"PropertyValueSpecification\",\"valueRequired\":true,\"valueName\":\"search_term_string\"}}],\"inLanguage\":\"es\"},{\"@type\":\"Organization\",\"@id\":\"https:\/\/pengbu.jkkapi.top\/#organization\",\"name\":\"FeiCheng TongFa\",\"url\":\"https:\/\/pengbu.jkkapi.top\/\",\"logo\":{\"@type\":\"ImageObject\",\"inLanguage\":\"es\",\"@id\":\"https:\/\/pengbu.jkkapi.top\/#\/schema\/logo\/image\/\",\"url\":\"https:\/\/pengbu.jkkapi.top\/wp-content\/uploads\/2024\/09\/logo.jpg\",\"contentUrl\":\"https:\/\/pengbu.jkkapi.top\/wp-content\/uploads\/2024\/09\/logo.jpg\",\"width\":605,\"height\":121,\"caption\":\"FeiCheng TongFa\"},\"image\":{\"@id\":\"https:\/\/pengbu.jkkapi.top\/#\/schema\/logo\/image\/\"}}]}<\/script>\n<!-- \/ Yoast SEO plugin. -->","yoast_head_json":{"title":"Wood Tarpaulin Wholesale | Feicheng Tongfa","description":"Nuestras lonas para madera est\u00e1n dise\u00f1adas para ofrecer una protecci\u00f3n sin igual para la madera, el contrachapado y otros materiales de construcci\u00f3n durante el transporte en camiones de plataforma. Construidas con tejido de alta calidad recubierto de PVC de alta resistencia, estas lonas est\u00e1n dise\u00f1adas para soportar condiciones clim\u00e1ticas extremas, asegurando que su carga de madera permanezca segura y libre de da\u00f1os.","robots":{"index":"index","follow":"follow","max-snippet":"max-snippet:-1","max-image-preview":"max-image-preview:large","max-video-preview":"max-video-preview:-1"},"canonical":"https:\/\/pengbu.jkkapi.top\/es\/producto\/wood-tarpaulin\/","og_locale":"es_ES","og_type":"article","og_title":"Wood Tarpaulin Wholesale | Feicheng Tongfa","og_description":"Our Wood Tarpaulins are crafted to offer unparalleled protection for wood, plywood, and other construction materials during transport on flatbed trucks. Built with premium, heavy-duty PVC-coated fabric, these tarps are engineered to endure extreme weather conditions, ensuring your wood cargo remains secure and damage-free.","og_url":"https:\/\/pengbu.jkkapi.top\/es\/producto\/wood-tarpaulin\/","article_modified_time":"2024-11-08T07:40:48+00:00","og_image":[{"width":1121,"height":747,"url":"https:\/\/pengbu.jkkapi.top\/wp-content\/uploads\/2024\/11\/PolyTarp_Holzabdeckung.jpg","type":"image\/jpeg"}],"twitter_card":"summary_large_image","twitter_misc":{"Tiempo de lectura":"1 minuto"},"schema":{"@context":"https:\/\/schema.org","@graph":[{"@type":"WebPage","@id":"https:\/\/pengbu.jkkapi.top\/product\/wood-tarpaulin\/","url":"https:\/\/pengbu.jkkapi.top\/product\/wood-tarpaulin\/","name":"Wood Tarpaulin Wholesale | Feicheng Tongfa","isPartOf":{"@id":"https:\/\/pengbu.jkkapi.top\/#website"},"primaryImageOfPage":{"@id":"https:\/\/pengbu.jkkapi.top\/product\/wood-tarpaulin\/#primaryimage"},"image":{"@id":"https:\/\/pengbu.jkkapi.top\/product\/wood-tarpaulin\/#primaryimage"},"thumbnailUrl":"https:\/\/pengbu.jkkapi.top\/wp-content\/uploads\/2024\/11\/PolyTarp_Holzabdeckung.jpg","datePublished":"2024-11-08T07:40:47+00:00","dateModified":"2024-11-08T07:40:48+00:00","description":"Nuestras lonas para madera est\u00e1n dise\u00f1adas para ofrecer una protecci\u00f3n sin igual para la madera, el contrachapado y otros materiales de construcci\u00f3n durante el transporte en camiones de plataforma. Construidas con tejido de alta calidad recubierto de PVC de alta resistencia, estas lonas est\u00e1n dise\u00f1adas para soportar condiciones clim\u00e1ticas extremas, asegurando que su carga de madera permanezca segura y libre de da\u00f1os.","breadcrumb":{"@id":"https:\/\/pengbu.jkkapi.top\/product\/wood-tarpaulin\/#breadcrumb"},"inLanguage":"es","potentialAction":[{"@type":"ReadAction","target":["https:\/\/pengbu.jkkapi.top\/product\/wood-tarpaulin\/"]}]},{"@type":"ImageObject","inLanguage":"es","@id":"https:\/\/pengbu.jkkapi.top\/product\/wood-tarpaulin\/#primaryimage","url":"https:\/\/pengbu.jkkapi.top\/wp-content\/uploads\/2024\/11\/PolyTarp_Holzabdeckung.jpg","contentUrl":"https:\/\/pengbu.jkkapi.top\/wp-content\/uploads\/2024\/11\/PolyTarp_Holzabdeckung.jpg","width":1121,"height":747,"caption":"Wood Tarpaulin"},{"@type":"BreadcrumbList","@id":"https:\/\/pengbu.jkkapi.top\/product\/wood-tarpaulin\/#breadcrumb","itemListElement":[{"@type":"ListItem","position":1,"name":"Home","item":"https:\/\/pengbu.jkkapi.top\/"},{"@type":"ListItem","position":2,"name":"Products","item":"https:\/\/pengbu.jkkapi.top\/shop\/"},{"@type":"ListItem","position":3,"name":"Tarpaulin","item":"https:\/\/pengbu.jkkapi.top\/product-category\/tarpaulin\/"},{"@type":"ListItem","position":4,"name":"PVC Tarpaulin","item":"https:\/\/pengbu.jkkapi.top\/product-category\/tarpaulin\/pvc-tarpaulin\/"},{"@type":"ListItem","position":5,"name":"Wood Tarpaulin","item":"https:\/\/pengbu.jkkapi.top\/product-category\/tarpaulin\/pvc-tarpaulin\/wood-tarpaulin\/"},{"@type":"ListItem","position":6,"name":"Wood Tarpaulin"}]},{"@type":"WebSite","@id":"https:\/\/pengbu.jkkapi.top\/#website","url":"https:\/\/pengbu.jkkapi.top\/","name":"Fabricante de lonas-Truck tarpaulin-PVC mesh-Feicheng Tongfa Trading","description":"","publisher":{"@id":"https:\/\/pengbu.jkkapi.top\/#organization"},"alternateName":"Tarpaulin manufacturer-Truck tarpaulin-Feicheng Tongfa","potentialAction":[{"@type":"SearchAction","target":{"@type":"EntryPoint","urlTemplate":"https:\/\/pengbu.jkkapi.top\/?s={search_term_string}"},"query-input":{"@type":"PropertyValueSpecification","valueRequired":true,"valueName":"search_term_string"}}],"inLanguage":"es"},{"@type":"Organization","@id":"https:\/\/pengbu.jkkapi.top\/#organization","name":"FeiCheng TongFa","url":"https:\/\/pengbu.jkkapi.top\/","logo":{"@type":"ImageObject","inLanguage":"es","@id":"https:\/\/pengbu.jkkapi.top\/#\/schema\/logo\/image\/","url":"https:\/\/pengbu.jkkapi.top\/wp-content\/uploads\/2024\/09\/logo.jpg","contentUrl":"https:\/\/pengbu.jkkapi.top\/wp-content\/uploads\/2024\/09\/logo.jpg","width":605,"height":121,"caption":"FeiCheng TongFa"},"image":{"@id":"https:\/\/pengbu.jkkapi.top\/#\/schema\/logo\/image\/"}}]}},"uagb_featured_image_src":{"full":["https:\/\/pengbu.jkkapi.top\/wp-content\/uploads\/2024\/11\/PolyTarp_Holzabdeckung.jpg",1121,747,false],"thumbnail":["https:\/\/pengbu.jkkapi.top\/wp-content\/uploads\/2024\/11\/PolyTarp_Holzabdeckung-150x150.jpg",150,150,true],"medium":["https:\/\/pengbu.jkkapi.top\/wp-content\/uploads\/2024\/11\/PolyTarp_Holzabdeckung-300x200.jpg",300,200,true],"medium_large":["https:\/\/pengbu.jkkapi.top\/wp-content\/uploads\/2024\/11\/PolyTarp_Holzabdeckung-768x512.jpg",768,512,true],"large":["https:\/\/pengbu.jkkapi.top\/wp-content\/uploads\/2024\/11\/PolyTarp_Holzabdeckung-1024x682.jpg",1024,682,true],"1536x1536":["https:\/\/pengbu.jkkapi.top\/wp-content\/uploads\/2024\/11\/PolyTarp_Holzabdeckung.jpg",1121,747,false],"2048x2048":["https:\/\/pengbu.jkkapi.top\/wp-content\/uploads\/2024\/11\/PolyTarp_Holzabdeckung.jpg",1121,747,false],"trp-custom-language-flag":["https:\/\/pengbu.jkkapi.top\/wp-content\/uploads\/2024\/11\/PolyTarp_Holzabdeckung-18x12.jpg",18,12,true],"woocommerce_thumbnail":["https:\/\/pengbu.jkkapi.top\/wp-content\/uploads\/2024\/11\/PolyTarp_Holzabdeckung-300x300.jpg",300,300,true],"woocommerce_single":["https:\/\/pengbu.jkkapi.top\/wp-content\/uploads\/2024\/11\/PolyTarp_Holzabdeckung-600x400.jpg",600,400,true],"woocommerce_gallery_thumbnail":["https:\/\/pengbu.jkkapi.top\/wp-content\/uploads\/2024\/11\/PolyTarp_Holzabdeckung-100x100.jpg",100,100,true]},"uagb_author_info":{"display_name":"user","author_link":"https:\/\/pengbu.jkkapi.top\/es\/author\/"},"uagb_comment_info":0,"uagb_excerpt":"Our Wood Tarpaulins are crafted to offer unparalleled protection for wood, plywood, and other construction materials during transport on flatbed trucks. Built with premium, heavy-duty PVC-coated fabric, these tarps are engineered to endure extreme weather conditions, ensuring your wood cargo remains secure and damage-free. Material: Heavy-duty, high-grade PVC-coated fabric, ensuring maximum durability and resistance. Weight:&hellip;","_links":{"self":[{"href":"https:\/\/pengbu.jkkapi.top\/es\/wp-json\/wp\/v2\/product\/1967","targetHints":{"allow":["GET"]}}],"collection":[{"href":"https:\/\/pengbu.jkkapi.top\/es\/wp-json\/wp\/v2\/product"}],"about":[{"href":"https:\/\/pengbu.jkkapi.top\/es\/wp-json\/wp\/v2\/types\/product"}],"replies":[{"embeddable":true,"href":"https:\/\/pengbu.jkkapi.top\/es\/wp-json\/wp\/v2\/comments?post=1967"}],"wp:featuredmedia":[{"embeddable":true,"href":"https:\/\/pengbu.jkkapi.top\/es\/wp-json\/wp\/v2\/media\/1968"}],"wp:attachment":[{"href":"https:\/\/pengbu.jkkapi.top\/es\/wp-json\/wp\/v2\/media?parent=1967"}],"wp:term":[{"taxonomy":"product_brand","embeddable":true,"href":"https:\/\/pengbu.jkkapi.top\/es\/wp-json\/wp\/v2\/product_brand?post=1967"},{"taxonomy":"product_cat","embeddable":true,"href":"https:\/\/pengbu.jkkapi.top\/es\/wp-json\/wp\/v2\/product_cat?post=1967"},{"taxonomy":"product_tag","embeddable":true,"href":"https:\/\/pengbu.jkkapi.top\/es\/wp-json\/wp\/v2\/product_tag?post=1967"}],"curies":[{"name":"wp","href":"https:\/\/api.w.org\/{rel}","templated":true}]}}