{"id":1982,"date":"2024-11-08T09:08:33","date_gmt":"2024-11-08T09:08:33","guid":{"rendered":"https:\/\/pengbu.jkkapi.top\/?post_type=product&#038;p=1982"},"modified":"2025-06-04T05:20:41","modified_gmt":"2025-06-04T05:20:41","slug":"hay-tarp","status":"publish","type":"product","link":"https:\/\/pengbu.jkkapi.top\/es\/producto\/hay-tarp\/","title":{"rendered":"Lona de heno"},"content":{"rendered":"<p>Caracter\u00edsticas principales:<\/p>\n<p>Protecci\u00f3n excepcional contra la intemperie: Nuestras lonas de heno est\u00e1n dise\u00f1adas para proteger contra los elementos, proporcionando protecci\u00f3n impermeable, a prueba de viento y resistente a los rayos UV. Esto ayuda a mantener la calidad nutricional de las pacas de heno y evita la formaci\u00f3n de moho debido a la humedad.<\/p>\n<p>Construcci\u00f3n duradera: Fabricadas con polietileno robusto, estas lonas est\u00e1n hechas para durar y ofrecen una excelente resistencia al desgarro, por lo que son ideales para el almacenamiento al aire libre a largo plazo.<\/p>\n<p>Sistema de fijaci\u00f3n seguro: Equipadas con ojales resistentes al \u00f3xido espaciados cada 36 pulgadas y anillos en D reforzados, estas lonas permiten una cobertura segura y estable, incluso durante vientos fuertes.<\/p>\n<p>Resistencia a los rayos UV: El tejido con tratamiento UV resiste el da\u00f1o solar, lo que garantiza que la lona mantenga su integridad con el paso del tiempo y proporcione una protecci\u00f3n constante en climas soleados.<\/p>\n<p>Aplicaciones vers\u00e1tiles: M\u00e1s all\u00e1 del almacenamiento de heno, estas lonas tambi\u00e9n son adecuadas para cubrir maquinaria agr\u00edcola, equipos y otros productos agr\u00edcolas, por lo que son un activo valioso para cualquier operaci\u00f3n agr\u00edcola.<\/p>\n<p>\u00c1reas de aplicaci\u00f3n:<\/p>\n<p>Las lonas para heno son ideales para uso agr\u00edcola, especialmente para los agricultores que desean proteger grandes cantidades de heno de las inclemencias del tiempo. Se utilizan habitualmente para cubrir pacas de heno, ensilado, paja y otros forrajes, preservando su calidad y evitando el desperdicio. Adem\u00e1s, estas lonas son adecuadas para proteger la maquinaria agr\u00edcola, la madera y otros equipos de exterior de los da\u00f1os de la intemperie, proporcionando una soluci\u00f3n de almacenamiento rentable.<\/p>\n<p>Dise\u00f1adas para soportar los retos del almacenamiento en exteriores, nuestras lonas para heno ofrecen una protecci\u00f3n y un valor fiables, lo que las convierte en una herramienta esencial para el uso agr\u00edcola y ganadero. Con estas lonas, usted puede asegurarse de que su heno se mantiene fresco y seco, proporcionando tranquilidad y alimento de calidad para su ganado.<\/p>","protected":false},"excerpt":{"rendered":"<p>Nuestras lonas para heno est\u00e1n dise\u00f1adas para ofrecer una protecci\u00f3n fiable y duradera a las pacas de heno y otros productos agr\u00edcolas almacenados en el exterior. Fabricadas con polietileno duradero y resistente a los rayos UV, estas lonas protegen el heno de la lluvia, el viento y los da\u00f1inos rayos UV, preservando su calidad y prolongando su vida \u00fatil. Ya sea en la granja o en el campo, nuestras lonas para heno son una opci\u00f3n fiable para mantener las valiosas materias primas seguras y secas.<\/p>\n<p>Material: Polietileno resistente a los rayos UV<\/p>\n<p>Peso: Aproximadamente 10 onzas por yarda cuadrada<\/p>\n<p>Tama\u00f1o: Disponible en varios tama\u00f1os para cubrir pajares peque\u00f1os y grandes<\/p>\n<p>Espacio entre ojales: Cada 36 pulgadas para una fijaci\u00f3n segura<\/p>\n<p>Anillas en D: Reforzadas a lo largo de los bordes para mayor estabilidad<\/p>\n<p>Grosor: Alrededor de 12 mil para una mayor durabilidad<\/p>\n<p>Resistencia al desgarro: Alta resistencia al desgarro, dise\u00f1ada para uso en exteriores<\/p>\n<p>Resistencia a la intemperie: Soporta la lluvia, el viento, la nieve y la exposici\u00f3n al sol<\/p>\n<p>Resistencia al fuego: Cumple las normas b\u00e1sicas de resistencia al fuego<\/p>\n<p>Color: Disponible en blanco y plata<\/p>","protected":false},"featured_media":1983,"comment_status":"open","ping_status":"closed","template":"","meta":{"_uag_custom_page_level_css":"","site-sidebar-layout":"default","site-content-layout":"","ast-site-content-layout":"default","site-content-style":"default","site-sidebar-style":"default","ast-global-header-display":"","ast-banner-title-visibility":"","ast-main-header-display":"","ast-hfb-above-header-display":"","ast-hfb-below-header-display":"","ast-hfb-mobile-header-display":"","site-post-title":"","ast-breadcrumbs-content":"","ast-featured-img":"","footer-sml-layout":"","ast-disable-related-posts":"","theme-transparent-header-meta":"default","adv-header-id-meta":"","stick-header-meta":"","header-above-stick-meta":"","header-main-stick-meta":"","header-below-stick-meta":"","astra-migrate-meta-layouts":"set","ast-page-background-enabled":"default","ast-page-background-meta":{"desktop":{"background-color":"var(--ast-global-color-5)","background-image":"","background-repeat":"repeat","background-position":"center center","background-size":"auto","background-attachment":"scroll","background-type":"","background-media":"","overlay-type":"","overlay-color":"","overlay-opacity":"","overlay-gradient":""},"tablet":{"background-color":"","background-image":"","background-repeat":"repeat","background-position":"center center","background-size":"auto","background-attachment":"scroll","background-type":"","background-media":"","overlay-type":"","overlay-color":"","overlay-opacity":"","overlay-gradient":""},"mobile":{"background-color":"","background-image":"","background-repeat":"repeat","background-position":"center center","background-size":"auto","background-attachment":"scroll","background-type":"","background-media":"","overlay-type":"","overlay-color":"","overlay-opacity":"","overlay-gradient":""}},"ast-content-background-meta":{"desktop":{"background-color":"var(--ast-global-color-4)","background-image":"","background-repeat":"repeat","background-position":"center center","background-size":"auto","background-attachment":"scroll","background-type":"","background-media":"","overlay-type":"","overlay-color":"","overlay-opacity":"","overlay-gradient":""},"tablet":{"background-color":"var(--ast-global-color-4)","background-image":"","background-repeat":"repeat","background-position":"center center","background-size":"auto","background-attachment":"scroll","background-type":"","background-media":"","overlay-type":"","overlay-color":"","overlay-opacity":"","overlay-gradient":""},"mobile":{"background-color":"var(--ast-global-color-4)","background-image":"","background-repeat":"repeat","background-position":"center center","background-size":"auto","background-attachment":"scroll","background-type":"","background-media":"","overlay-type":"","overlay-color":"","overlay-opacity":"","overlay-gradient":""}}},"product_brand":[],"product_cat":[36],"product_tag":[],"class_list":{"0":"post-1982","1":"product","2":"type-product","3":"status-publish","4":"has-post-thumbnail","6":"product_cat-hay-tarp","7":"desktop-align-left","8":"tablet-align-left","9":"mobile-align-left","11":"first","12":"instock","13":"shipping-taxable","14":"product-type-simple"},"yoast_head":"<!-- This site is optimized with the Yoast SEO plugin v24.1 - https:\/\/yoast.com\/wordpress\/plugins\/seo\/ -->\n<title>Hay Tarp Wholesale | Feicheng Tongfa<\/title>\n<meta name=\"description\" content=\"Our Hay Tarps are designed to offer reliable, long-lasting protection for hay bales and other agricultural products stored outdoors. Constructed from durable, UV-resistant polyethylene, these tarps shield your hay from rain, wind, and harmful UV rays, preserving its quality and extending its usable life.\" \/>\n<meta name=\"robots\" content=\"index, follow, max-snippet:-1, max-image-preview:large, max-video-preview:-1\" \/>\n<link rel=\"canonical\" href=\"https:\/\/pengbu.jkkapi.top\/es\/producto\/hay-tarp\/\" \/>\n<meta property=\"og:locale\" content=\"es_ES\" \/>\n<meta property=\"og:type\" content=\"article\" \/>\n<meta property=\"og:title\" content=\"Hay Tarp Wholesale | Feicheng Tongfa\" \/>\n<meta property=\"og:description\" content=\"Our Hay Tarps are designed to offer reliable, long-lasting protection for hay bales and other agricultural products stored outdoors. Constructed from durable, UV-resistant polyethylene, these tarps shield your hay from rain, wind, and harmful UV rays, preserving its quality and extending its usable life.\" \/>\n<meta property=\"og:url\" content=\"https:\/\/pengbu.jkkapi.top\/es\/producto\/hay-tarp\/\" \/>\n<meta property=\"article:modified_time\" content=\"2025-06-04T05:20:41+00:00\" \/>\n<meta property=\"og:image\" content=\"https:\/\/pengbu.jkkapi.top\/wp-content\/uploads\/2024\/11\/blue-1.jpg\" \/>\n\t<meta property=\"og:image:width\" content=\"600\" \/>\n\t<meta property=\"og:image:height\" content=\"400\" \/>\n\t<meta property=\"og:image:type\" content=\"image\/jpeg\" \/>\n<meta name=\"twitter:card\" content=\"summary_large_image\" \/>\n<meta name=\"twitter:label1\" content=\"Tiempo de lectura\" \/>\n\t<meta name=\"twitter:data1\" content=\"2 minutos\" \/>\n<script type=\"application\/ld+json\" class=\"yoast-schema-graph\">{\"@context\":\"https:\/\/schema.org\",\"@graph\":[{\"@type\":\"WebPage\",\"@id\":\"https:\/\/pengbu.jkkapi.top\/product\/hay-tarp\/\",\"url\":\"https:\/\/pengbu.jkkapi.top\/product\/hay-tarp\/\",\"name\":\"Hay Tarp Wholesale | Feicheng Tongfa\",\"isPartOf\":{\"@id\":\"https:\/\/pengbu.jkkapi.top\/#website\"},\"primaryImageOfPage\":{\"@id\":\"https:\/\/pengbu.jkkapi.top\/product\/hay-tarp\/#primaryimage\"},\"image\":{\"@id\":\"https:\/\/pengbu.jkkapi.top\/product\/hay-tarp\/#primaryimage\"},\"thumbnailUrl\":\"https:\/\/pengbu.jkkapi.top\/wp-content\/uploads\/2024\/11\/blue-1.jpg\",\"datePublished\":\"2024-11-08T09:08:33+00:00\",\"dateModified\":\"2025-06-04T05:20:41+00:00\",\"description\":\"Our Hay Tarps are designed to offer reliable, long-lasting protection for hay bales and other agricultural products stored outdoors. Constructed from durable, UV-resistant polyethylene, these tarps shield your hay from rain, wind, and harmful UV rays, preserving its quality and extending its usable life.\",\"breadcrumb\":{\"@id\":\"https:\/\/pengbu.jkkapi.top\/product\/hay-tarp\/#breadcrumb\"},\"inLanguage\":\"es\",\"potentialAction\":[{\"@type\":\"ReadAction\",\"target\":[\"https:\/\/pengbu.jkkapi.top\/product\/hay-tarp\/\"]}]},{\"@type\":\"ImageObject\",\"inLanguage\":\"es\",\"@id\":\"https:\/\/pengbu.jkkapi.top\/product\/hay-tarp\/#primaryimage\",\"url\":\"https:\/\/pengbu.jkkapi.top\/wp-content\/uploads\/2024\/11\/blue-1.jpg\",\"contentUrl\":\"https:\/\/pengbu.jkkapi.top\/wp-content\/uploads\/2024\/11\/blue-1.jpg\",\"width\":600,\"height\":400,\"caption\":\"Hay Tarp\"},{\"@type\":\"BreadcrumbList\",\"@id\":\"https:\/\/pengbu.jkkapi.top\/product\/hay-tarp\/#breadcrumb\",\"itemListElement\":[{\"@type\":\"ListItem\",\"position\":1,\"name\":\"Home\",\"item\":\"https:\/\/pengbu.jkkapi.top\/\"},{\"@type\":\"ListItem\",\"position\":2,\"name\":\"Products\",\"item\":\"https:\/\/pengbu.jkkapi.top\/shop\/\"},{\"@type\":\"ListItem\",\"position\":3,\"name\":\"Tarpaulin\",\"item\":\"https:\/\/pengbu.jkkapi.top\/product-category\/tarpaulin\/\"},{\"@type\":\"ListItem\",\"position\":4,\"name\":\"PVC Tarpaulin\",\"item\":\"https:\/\/pengbu.jkkapi.top\/product-category\/tarpaulin\/pvc-tarpaulin\/\"},{\"@type\":\"ListItem\",\"position\":5,\"name\":\"Hay Tarp\",\"item\":\"https:\/\/pengbu.jkkapi.top\/product-category\/tarpaulin\/pvc-tarpaulin\/hay-tarp\/\"},{\"@type\":\"ListItem\",\"position\":6,\"name\":\"Hay Tarp\"}]},{\"@type\":\"WebSite\",\"@id\":\"https:\/\/pengbu.jkkapi.top\/#website\",\"url\":\"https:\/\/pengbu.jkkapi.top\/\",\"name\":\"Tarpaulin manufacturer-Truck tarpaulin-PVC mesh-Feicheng Tongfa Trading\",\"description\":\"\",\"publisher\":{\"@id\":\"https:\/\/pengbu.jkkapi.top\/#organization\"},\"alternateName\":\"Tarpaulin manufacturer-Truck tarpaulin-Feicheng Tongfa\",\"potentialAction\":[{\"@type\":\"SearchAction\",\"target\":{\"@type\":\"EntryPoint\",\"urlTemplate\":\"https:\/\/pengbu.jkkapi.top\/?s={search_term_string}\"},\"query-input\":{\"@type\":\"PropertyValueSpecification\",\"valueRequired\":true,\"valueName\":\"search_term_string\"}}],\"inLanguage\":\"es\"},{\"@type\":\"Organization\",\"@id\":\"https:\/\/pengbu.jkkapi.top\/#organization\",\"name\":\"FeiCheng TongFa\",\"url\":\"https:\/\/pengbu.jkkapi.top\/\",\"logo\":{\"@type\":\"ImageObject\",\"inLanguage\":\"es\",\"@id\":\"https:\/\/pengbu.jkkapi.top\/#\/schema\/logo\/image\/\",\"url\":\"https:\/\/pengbu.jkkapi.top\/wp-content\/uploads\/2024\/09\/logo.jpg\",\"contentUrl\":\"https:\/\/pengbu.jkkapi.top\/wp-content\/uploads\/2024\/09\/logo.jpg\",\"width\":605,\"height\":121,\"caption\":\"FeiCheng TongFa\"},\"image\":{\"@id\":\"https:\/\/pengbu.jkkapi.top\/#\/schema\/logo\/image\/\"}}]}<\/script>\n<!-- \/ Yoast SEO plugin. -->","yoast_head_json":{"title":"Hay Tarp Wholesale | Feicheng Tongfa","description":"Our Hay Tarps are designed to offer reliable, long-lasting protection for hay bales and other agricultural products stored outdoors. Constructed from durable, UV-resistant polyethylene, these tarps shield your hay from rain, wind, and harmful UV rays, preserving its quality and extending its usable life.","robots":{"index":"index","follow":"follow","max-snippet":"max-snippet:-1","max-image-preview":"max-image-preview:large","max-video-preview":"max-video-preview:-1"},"canonical":"https:\/\/pengbu.jkkapi.top\/es\/producto\/hay-tarp\/","og_locale":"es_ES","og_type":"article","og_title":"Hay Tarp Wholesale | Feicheng Tongfa","og_description":"Our Hay Tarps are designed to offer reliable, long-lasting protection for hay bales and other agricultural products stored outdoors. Constructed from durable, UV-resistant polyethylene, these tarps shield your hay from rain, wind, and harmful UV rays, preserving its quality and extending its usable life.","og_url":"https:\/\/pengbu.jkkapi.top\/es\/producto\/hay-tarp\/","article_modified_time":"2025-06-04T05:20:41+00:00","og_image":[{"width":600,"height":400,"url":"https:\/\/pengbu.jkkapi.top\/wp-content\/uploads\/2024\/11\/blue-1.jpg","type":"image\/jpeg"}],"twitter_card":"summary_large_image","twitter_misc":{"Tiempo de lectura":"2 minutos"},"schema":{"@context":"https:\/\/schema.org","@graph":[{"@type":"WebPage","@id":"https:\/\/pengbu.jkkapi.top\/product\/hay-tarp\/","url":"https:\/\/pengbu.jkkapi.top\/product\/hay-tarp\/","name":"Hay Tarp Wholesale | Feicheng Tongfa","isPartOf":{"@id":"https:\/\/pengbu.jkkapi.top\/#website"},"primaryImageOfPage":{"@id":"https:\/\/pengbu.jkkapi.top\/product\/hay-tarp\/#primaryimage"},"image":{"@id":"https:\/\/pengbu.jkkapi.top\/product\/hay-tarp\/#primaryimage"},"thumbnailUrl":"https:\/\/pengbu.jkkapi.top\/wp-content\/uploads\/2024\/11\/blue-1.jpg","datePublished":"2024-11-08T09:08:33+00:00","dateModified":"2025-06-04T05:20:41+00:00","description":"Our Hay Tarps are designed to offer reliable, long-lasting protection for hay bales and other agricultural products stored outdoors. Constructed from durable, UV-resistant polyethylene, these tarps shield your hay from rain, wind, and harmful UV rays, preserving its quality and extending its usable life.","breadcrumb":{"@id":"https:\/\/pengbu.jkkapi.top\/product\/hay-tarp\/#breadcrumb"},"inLanguage":"es","potentialAction":[{"@type":"ReadAction","target":["https:\/\/pengbu.jkkapi.top\/product\/hay-tarp\/"]}]},{"@type":"ImageObject","inLanguage":"es","@id":"https:\/\/pengbu.jkkapi.top\/product\/hay-tarp\/#primaryimage","url":"https:\/\/pengbu.jkkapi.top\/wp-content\/uploads\/2024\/11\/blue-1.jpg","contentUrl":"https:\/\/pengbu.jkkapi.top\/wp-content\/uploads\/2024\/11\/blue-1.jpg","width":600,"height":400,"caption":"Hay Tarp"},{"@type":"BreadcrumbList","@id":"https:\/\/pengbu.jkkapi.top\/product\/hay-tarp\/#breadcrumb","itemListElement":[{"@type":"ListItem","position":1,"name":"Home","item":"https:\/\/pengbu.jkkapi.top\/"},{"@type":"ListItem","position":2,"name":"Products","item":"https:\/\/pengbu.jkkapi.top\/shop\/"},{"@type":"ListItem","position":3,"name":"Tarpaulin","item":"https:\/\/pengbu.jkkapi.top\/product-category\/tarpaulin\/"},{"@type":"ListItem","position":4,"name":"PVC Tarpaulin","item":"https:\/\/pengbu.jkkapi.top\/product-category\/tarpaulin\/pvc-tarpaulin\/"},{"@type":"ListItem","position":5,"name":"Hay Tarp","item":"https:\/\/pengbu.jkkapi.top\/product-category\/tarpaulin\/pvc-tarpaulin\/hay-tarp\/"},{"@type":"ListItem","position":6,"name":"Hay Tarp"}]},{"@type":"WebSite","@id":"https:\/\/pengbu.jkkapi.top\/#website","url":"https:\/\/pengbu.jkkapi.top\/","name":"Fabricante de lonas-Truck tarpaulin-PVC mesh-Feicheng Tongfa Trading","description":"","publisher":{"@id":"https:\/\/pengbu.jkkapi.top\/#organization"},"alternateName":"Tarpaulin manufacturer-Truck tarpaulin-Feicheng Tongfa","potentialAction":[{"@type":"SearchAction","target":{"@type":"EntryPoint","urlTemplate":"https:\/\/pengbu.jkkapi.top\/?s={search_term_string}"},"query-input":{"@type":"PropertyValueSpecification","valueRequired":true,"valueName":"search_term_string"}}],"inLanguage":"es"},{"@type":"Organization","@id":"https:\/\/pengbu.jkkapi.top\/#organization","name":"FeiCheng TongFa","url":"https:\/\/pengbu.jkkapi.top\/","logo":{"@type":"ImageObject","inLanguage":"es","@id":"https:\/\/pengbu.jkkapi.top\/#\/schema\/logo\/image\/","url":"https:\/\/pengbu.jkkapi.top\/wp-content\/uploads\/2024\/09\/logo.jpg","contentUrl":"https:\/\/pengbu.jkkapi.top\/wp-content\/uploads\/2024\/09\/logo.jpg","width":605,"height":121,"caption":"FeiCheng TongFa"},"image":{"@id":"https:\/\/pengbu.jkkapi.top\/#\/schema\/logo\/image\/"}}]}},"uagb_featured_image_src":{"full":["https:\/\/pengbu.jkkapi.top\/wp-content\/uploads\/2024\/11\/blue-1.jpg",600,400,false],"thumbnail":["https:\/\/pengbu.jkkapi.top\/wp-content\/uploads\/2024\/11\/blue-1-150x150.jpg",150,150,true],"medium":["https:\/\/pengbu.jkkapi.top\/wp-content\/uploads\/2024\/11\/blue-1-300x200.jpg",300,200,true],"medium_large":["https:\/\/pengbu.jkkapi.top\/wp-content\/uploads\/2024\/11\/blue-1.jpg",600,400,false],"large":["https:\/\/pengbu.jkkapi.top\/wp-content\/uploads\/2024\/11\/blue-1.jpg",600,400,false],"1536x1536":["https:\/\/pengbu.jkkapi.top\/wp-content\/uploads\/2024\/11\/blue-1.jpg",600,400,false],"2048x2048":["https:\/\/pengbu.jkkapi.top\/wp-content\/uploads\/2024\/11\/blue-1.jpg",600,400,false],"trp-custom-language-flag":["https:\/\/pengbu.jkkapi.top\/wp-content\/uploads\/2024\/11\/blue-1-18x12.jpg",18,12,true],"woocommerce_thumbnail":["https:\/\/pengbu.jkkapi.top\/wp-content\/uploads\/2024\/11\/blue-1-300x300.jpg",300,300,true],"woocommerce_single":["https:\/\/pengbu.jkkapi.top\/wp-content\/uploads\/2024\/11\/blue-1.jpg",600,400,false],"woocommerce_gallery_thumbnail":["https:\/\/pengbu.jkkapi.top\/wp-content\/uploads\/2024\/11\/blue-1-100x100.jpg",100,100,true]},"uagb_author_info":{"display_name":"user","author_link":"https:\/\/pengbu.jkkapi.top\/es\/author\/"},"uagb_comment_info":4,"uagb_excerpt":"Our Hay Tarps are designed to offer reliable, long-lasting protection for hay bales and other agricultural products stored outdoors. Constructed from durable, UV-resistant polyethylene, these tarps shield your hay from rain, wind, and harmful UV rays, preserving its quality and extending its usable life. Whether on the farm or in the field, our Hay Tarps&hellip;","_links":{"self":[{"href":"https:\/\/pengbu.jkkapi.top\/es\/wp-json\/wp\/v2\/product\/1982","targetHints":{"allow":["GET"]}}],"collection":[{"href":"https:\/\/pengbu.jkkapi.top\/es\/wp-json\/wp\/v2\/product"}],"about":[{"href":"https:\/\/pengbu.jkkapi.top\/es\/wp-json\/wp\/v2\/types\/product"}],"replies":[{"embeddable":true,"href":"https:\/\/pengbu.jkkapi.top\/es\/wp-json\/wp\/v2\/comments?post=1982"}],"wp:featuredmedia":[{"embeddable":true,"href":"https:\/\/pengbu.jkkapi.top\/es\/wp-json\/wp\/v2\/media\/1983"}],"wp:attachment":[{"href":"https:\/\/pengbu.jkkapi.top\/es\/wp-json\/wp\/v2\/media?parent=1982"}],"wp:term":[{"taxonomy":"product_brand","embeddable":true,"href":"https:\/\/pengbu.jkkapi.top\/es\/wp-json\/wp\/v2\/product_brand?post=1982"},{"taxonomy":"product_cat","embeddable":true,"href":"https:\/\/pengbu.jkkapi.top\/es\/wp-json\/wp\/v2\/product_cat?post=1982"},{"taxonomy":"product_tag","embeddable":true,"href":"https:\/\/pengbu.jkkapi.top\/es\/wp-json\/wp\/v2\/product_tag?post=1982"}],"curies":[{"name":"wp","href":"https:\/\/api.w.org\/{rel}","templated":true}]}}