{"id":1989,"date":"2024-11-09T03:02:23","date_gmt":"2024-11-09T03:02:23","guid":{"rendered":"https:\/\/pengbu.jkkapi.top\/?post_type=product&#038;p=1989"},"modified":"2025-06-01T14:03:57","modified_gmt":"2025-06-01T14:03:57","slug":"rolling-shutter-tarp","status":"publish","type":"product","link":"https:\/\/pengbu.jkkapi.top\/es\/producto\/rolling-shutter-tarp\/","title":{"rendered":"Lona enrollable para persianas"},"content":{"rendered":"<p>Caracter\u00edsticas principales:<\/p>\n<p>Mecanismo de f\u00e1cil enrollado: Dise\u00f1ado con un sistema enrollable que permite un acceso r\u00e1pido y eficaz a la carga sin necesidad de retirar completamente la lona, lo que resulta muy c\u00f3modo para cargas y descargas frecuentes.<\/p>\n<p>Construcci\u00f3n duradera: Fabricadas con tejido de alta resistencia recubierto de PVC, nuestras lonas enrollables para persianas ofrecen una excelente resistencia al desgarro y soportan el desgaste del transporte regular.<\/p>\n<p>Protecci\u00f3n para todo tipo de clima: Los materiales impermeables y resistentes a los rayos UV proporcionan una protecci\u00f3n fiable contra la lluvia, el viento y el sol, garantizando que su carga permanezca segura independientemente de las condiciones.<\/p>\n<p>Sistema de sujeci\u00f3n seguro: Reforzadas con ojales y anillas en D estrat\u00e9gicamente situados, estas lonas pueden fijarse de forma segura para evitar desplazamientos o desprendimientos durante el tr\u00e1nsito, incluso en carreteras en mal estado.<\/p>\n<p>Aplicaciones vers\u00e1tiles: Estas lonas no s\u00f3lo son ideales para camiones de carga, sino tambi\u00e9n para remolques, veh\u00edculos de plataforma abierta y cualquier escenario de transporte que requiera un acceso f\u00e1cil y una protecci\u00f3n fiable.<\/p>\n<p>\u00c1reas de aplicaci\u00f3n:<\/p>\n<p>Las lonas enrollables son perfectas para los sectores que requieren una gesti\u00f3n eficaz de la carga, como la log\u00edstica, la construcci\u00f3n y la agricultura. Se utilizan ampliamente en camiones de plataforma, remolques y otros veh\u00edculos de plataforma abierta, proporcionando una soluci\u00f3n r\u00e1pida para asegurar las mercanc\u00edas a la vez que permiten un acceso frecuente. Adem\u00e1s, estas lonas pueden utilizarse para cubrir maquinaria, herramientas y productos agr\u00edcolas, ofreciendo una protecci\u00f3n adaptable en diversas aplicaciones.<\/p>\n<p>Gracias a su dise\u00f1o duradero, su protecci\u00f3n contra todo tipo de clima y su c\u00f3moda funcionalidad enrollable, nuestras lonas enrollables para persianas son la soluci\u00f3n ideal para transportar mercanc\u00edas de forma segura y eficaz. Disfrute de la tranquilidad de saber que su carga est\u00e1 accesible y bien protegida.<\/p>","protected":false},"excerpt":{"rendered":"<p>Nuestras lonas enrollables para persianas est\u00e1n dise\u00f1adas para proporcionar una protecci\u00f3n fiable y c\u00f3moda a la carga de los camiones, con un dise\u00f1o espec\u00edfico que facilita el acceso y un funcionamiento sin problemas. Fabricadas con material de alta calidad recubierto de PVC resistente a la intemperie, estas lonas son ideales para proteger las mercanc\u00edas durante el transporte. Su dise\u00f1o enrollable ofrece un acceso r\u00e1pido a la carga, lo que las hace perfectas para la carga y descarga frecuentes, garantizando que sus art\u00edculos permanezcan seguros y protegidos de los elementos.<\/p>\n<p>Material: Tejido de alta resistencia recubierto de PVC, resistente a la intemperie.<\/p>\n<p>Peso: Aproximadamente 18 onzas por yarda cuadrada<\/p>\n<p>Tama\u00f1o: Disponible en varios tama\u00f1os para adaptarse a las diferentes dimensiones de los camiones<\/p>\n<p>Distancia entre ojales: Ojales reforzados en los puntos esenciales para una fijaci\u00f3n segura.<\/p>\n<p>Anillas en D: Anillas en D reforzadas a lo largo de los bordes para mayor estabilidad.<\/p>\n<p>Grosor: Aproximadamente 14 mil para mayor durabilidad y flexibilidad.<\/p>\n<p>Resistencia al desgarro: Alta resistencia al desgarro, adecuada para un uso riguroso<\/p>\n<p>Resistencia a la intemperie: Impermeable y resistente a los rayos UV para una protecci\u00f3n en cualquier condici\u00f3n meteorol\u00f3gica<\/p>\n<p>Resistencia al fuego: Ign\u00edfugo para cumplir las normas de seguridad<\/p>\n<p>Color: Disponible en negro, gris y colores personalizados.<\/p>","protected":false},"featured_media":1990,"comment_status":"open","ping_status":"closed","template":"","meta":{"_uag_custom_page_level_css":"","site-sidebar-layout":"default","site-content-layout":"","ast-site-content-layout":"default","site-content-style":"default","site-sidebar-style":"default","ast-global-header-display":"","ast-banner-title-visibility":"","ast-main-header-display":"","ast-hfb-above-header-display":"","ast-hfb-below-header-display":"","ast-hfb-mobile-header-display":"","site-post-title":"","ast-breadcrumbs-content":"","ast-featured-img":"","footer-sml-layout":"","ast-disable-related-posts":"","theme-transparent-header-meta":"default","adv-header-id-meta":"","stick-header-meta":"","header-above-stick-meta":"","header-main-stick-meta":"","header-below-stick-meta":"","astra-migrate-meta-layouts":"set","ast-page-background-enabled":"default","ast-page-background-meta":{"desktop":{"background-color":"var(--ast-global-color-5)","background-image":"","background-repeat":"repeat","background-position":"center center","background-size":"auto","background-attachment":"scroll","background-type":"","background-media":"","overlay-type":"","overlay-color":"","overlay-opacity":"","overlay-gradient":""},"tablet":{"background-color":"","background-image":"","background-repeat":"repeat","background-position":"center center","background-size":"auto","background-attachment":"scroll","background-type":"","background-media":"","overlay-type":"","overlay-color":"","overlay-opacity":"","overlay-gradient":""},"mobile":{"background-color":"","background-image":"","background-repeat":"repeat","background-position":"center center","background-size":"auto","background-attachment":"scroll","background-type":"","background-media":"","overlay-type":"","overlay-color":"","overlay-opacity":"","overlay-gradient":""}},"ast-content-background-meta":{"desktop":{"background-color":"var(--ast-global-color-4)","background-image":"","background-repeat":"repeat","background-position":"center center","background-size":"auto","background-attachment":"scroll","background-type":"","background-media":"","overlay-type":"","overlay-color":"","overlay-opacity":"","overlay-gradient":""},"tablet":{"background-color":"var(--ast-global-color-4)","background-image":"","background-repeat":"repeat","background-position":"center center","background-size":"auto","background-attachment":"scroll","background-type":"","background-media":"","overlay-type":"","overlay-color":"","overlay-opacity":"","overlay-gradient":""},"mobile":{"background-color":"var(--ast-global-color-4)","background-image":"","background-repeat":"repeat","background-position":"center center","background-size":"auto","background-attachment":"scroll","background-type":"","background-media":"","overlay-type":"","overlay-color":"","overlay-opacity":"","overlay-gradient":""}}},"product_brand":[],"product_cat":[40],"product_tag":[],"class_list":{"0":"post-1989","1":"product","2":"type-product","3":"status-publish","4":"has-post-thumbnail","6":"product_cat-rolling-shutter-tarp","7":"desktop-align-left","8":"tablet-align-left","9":"mobile-align-left","11":"first","12":"instock","13":"shipping-taxable","14":"product-type-simple"},"yoast_head":"<!-- This site is optimized with the Yoast SEO plugin v24.1 - https:\/\/yoast.com\/wordpress\/plugins\/seo\/ -->\n<title>Rolling Shutter Tarp Wholesale | Feicheng Tongfa<\/title>\n<meta name=\"description\" content=\"Our Rolling Shutter Tarps are designed to provide reliable and convenient protection for truck cargo, specifically engineered for ease of access and smooth operation. Made from high-quality, weather-resistant PVC-coated material, these tarps are ideal for safeguarding goods during transit.\" \/>\n<meta name=\"robots\" content=\"index, follow, max-snippet:-1, max-image-preview:large, max-video-preview:-1\" \/>\n<link rel=\"canonical\" href=\"https:\/\/pengbu.jkkapi.top\/es\/producto\/rolling-shutter-tarp\/\" \/>\n<meta property=\"og:locale\" content=\"es_ES\" \/>\n<meta property=\"og:type\" content=\"article\" \/>\n<meta property=\"og:title\" content=\"Rolling Shutter Tarp Wholesale | Feicheng Tongfa\" \/>\n<meta property=\"og:description\" content=\"Our Rolling Shutter Tarps are designed to provide reliable and convenient protection for truck cargo, specifically engineered for ease of access and smooth operation. Made from high-quality, weather-resistant PVC-coated material, these tarps are ideal for safeguarding goods during transit.\" \/>\n<meta property=\"og:url\" content=\"https:\/\/pengbu.jkkapi.top\/es\/producto\/rolling-shutter-tarp\/\" \/>\n<meta property=\"article:modified_time\" content=\"2025-06-01T14:03:57+00:00\" \/>\n<meta property=\"og:image\" content=\"https:\/\/pengbu.jkkapi.top\/wp-content\/uploads\/2024\/11\/pvc-tarpaulin.jpg\" \/>\n\t<meta property=\"og:image:width\" content=\"480\" \/>\n\t<meta property=\"og:image:height\" content=\"320\" \/>\n\t<meta property=\"og:image:type\" content=\"image\/jpeg\" \/>\n<meta name=\"twitter:card\" content=\"summary_large_image\" \/>\n<meta name=\"twitter:label1\" content=\"Tiempo de lectura\" \/>\n\t<meta name=\"twitter:data1\" content=\"2 minutos\" \/>\n<script type=\"application\/ld+json\" class=\"yoast-schema-graph\">{\"@context\":\"https:\/\/schema.org\",\"@graph\":[{\"@type\":\"WebPage\",\"@id\":\"https:\/\/pengbu.jkkapi.top\/product\/rolling-shutter-tarp\/\",\"url\":\"https:\/\/pengbu.jkkapi.top\/product\/rolling-shutter-tarp\/\",\"name\":\"Rolling Shutter Tarp Wholesale | Feicheng Tongfa\",\"isPartOf\":{\"@id\":\"https:\/\/pengbu.jkkapi.top\/#website\"},\"primaryImageOfPage\":{\"@id\":\"https:\/\/pengbu.jkkapi.top\/product\/rolling-shutter-tarp\/#primaryimage\"},\"image\":{\"@id\":\"https:\/\/pengbu.jkkapi.top\/product\/rolling-shutter-tarp\/#primaryimage\"},\"thumbnailUrl\":\"https:\/\/pengbu.jkkapi.top\/wp-content\/uploads\/2024\/11\/pvc-tarpaulin.jpg\",\"datePublished\":\"2024-11-09T03:02:23+00:00\",\"dateModified\":\"2025-06-01T14:03:57+00:00\",\"description\":\"Our Rolling Shutter Tarps are designed to provide reliable and convenient protection for truck cargo, specifically engineered for ease of access and smooth operation. Made from high-quality, weather-resistant PVC-coated material, these tarps are ideal for safeguarding goods during transit.\",\"breadcrumb\":{\"@id\":\"https:\/\/pengbu.jkkapi.top\/product\/rolling-shutter-tarp\/#breadcrumb\"},\"inLanguage\":\"es\",\"potentialAction\":[{\"@type\":\"ReadAction\",\"target\":[\"https:\/\/pengbu.jkkapi.top\/product\/rolling-shutter-tarp\/\"]}]},{\"@type\":\"ImageObject\",\"inLanguage\":\"es\",\"@id\":\"https:\/\/pengbu.jkkapi.top\/product\/rolling-shutter-tarp\/#primaryimage\",\"url\":\"https:\/\/pengbu.jkkapi.top\/wp-content\/uploads\/2024\/11\/pvc-tarpaulin.jpg\",\"contentUrl\":\"https:\/\/pengbu.jkkapi.top\/wp-content\/uploads\/2024\/11\/pvc-tarpaulin.jpg\",\"width\":480,\"height\":320,\"caption\":\"Rolling Shutter Tarp\"},{\"@type\":\"BreadcrumbList\",\"@id\":\"https:\/\/pengbu.jkkapi.top\/product\/rolling-shutter-tarp\/#breadcrumb\",\"itemListElement\":[{\"@type\":\"ListItem\",\"position\":1,\"name\":\"Home\",\"item\":\"https:\/\/pengbu.jkkapi.top\/\"},{\"@type\":\"ListItem\",\"position\":2,\"name\":\"Products\",\"item\":\"https:\/\/pengbu.jkkapi.top\/shop\/\"},{\"@type\":\"ListItem\",\"position\":3,\"name\":\"Tarpaulin\",\"item\":\"https:\/\/pengbu.jkkapi.top\/product-category\/tarpaulin\/\"},{\"@type\":\"ListItem\",\"position\":4,\"name\":\"PVC Tarpaulin\",\"item\":\"https:\/\/pengbu.jkkapi.top\/product-category\/tarpaulin\/pvc-tarpaulin\/\"},{\"@type\":\"ListItem\",\"position\":5,\"name\":\"Rolling Shutter Tarp\",\"item\":\"https:\/\/pengbu.jkkapi.top\/product-category\/tarpaulin\/pvc-tarpaulin\/rolling-shutter-tarp\/\"},{\"@type\":\"ListItem\",\"position\":6,\"name\":\"Rolling Shutter Tarp\"}]},{\"@type\":\"WebSite\",\"@id\":\"https:\/\/pengbu.jkkapi.top\/#website\",\"url\":\"https:\/\/pengbu.jkkapi.top\/\",\"name\":\"Tarpaulin manufacturer-Truck tarpaulin-PVC mesh-Feicheng Tongfa Trading\",\"description\":\"\",\"publisher\":{\"@id\":\"https:\/\/pengbu.jkkapi.top\/#organization\"},\"alternateName\":\"Tarpaulin manufacturer-Truck tarpaulin-Feicheng Tongfa\",\"potentialAction\":[{\"@type\":\"SearchAction\",\"target\":{\"@type\":\"EntryPoint\",\"urlTemplate\":\"https:\/\/pengbu.jkkapi.top\/?s={search_term_string}\"},\"query-input\":{\"@type\":\"PropertyValueSpecification\",\"valueRequired\":true,\"valueName\":\"search_term_string\"}}],\"inLanguage\":\"es\"},{\"@type\":\"Organization\",\"@id\":\"https:\/\/pengbu.jkkapi.top\/#organization\",\"name\":\"FeiCheng TongFa\",\"url\":\"https:\/\/pengbu.jkkapi.top\/\",\"logo\":{\"@type\":\"ImageObject\",\"inLanguage\":\"es\",\"@id\":\"https:\/\/pengbu.jkkapi.top\/#\/schema\/logo\/image\/\",\"url\":\"https:\/\/pengbu.jkkapi.top\/wp-content\/uploads\/2024\/09\/logo.jpg\",\"contentUrl\":\"https:\/\/pengbu.jkkapi.top\/wp-content\/uploads\/2024\/09\/logo.jpg\",\"width\":605,\"height\":121,\"caption\":\"FeiCheng TongFa\"},\"image\":{\"@id\":\"https:\/\/pengbu.jkkapi.top\/#\/schema\/logo\/image\/\"}}]}<\/script>\n<!-- \/ Yoast SEO plugin. -->","yoast_head_json":{"title":"Rolling Shutter Tarp Wholesale | Feicheng Tongfa","description":"Our Rolling Shutter Tarps are designed to provide reliable and convenient protection for truck cargo, specifically engineered for ease of access and smooth operation. Made from high-quality, weather-resistant PVC-coated material, these tarps are ideal for safeguarding goods during transit.","robots":{"index":"index","follow":"follow","max-snippet":"max-snippet:-1","max-image-preview":"max-image-preview:large","max-video-preview":"max-video-preview:-1"},"canonical":"https:\/\/pengbu.jkkapi.top\/es\/producto\/rolling-shutter-tarp\/","og_locale":"es_ES","og_type":"article","og_title":"Rolling Shutter Tarp Wholesale | Feicheng Tongfa","og_description":"Our Rolling Shutter Tarps are designed to provide reliable and convenient protection for truck cargo, specifically engineered for ease of access and smooth operation. Made from high-quality, weather-resistant PVC-coated material, these tarps are ideal for safeguarding goods during transit.","og_url":"https:\/\/pengbu.jkkapi.top\/es\/producto\/rolling-shutter-tarp\/","article_modified_time":"2025-06-01T14:03:57+00:00","og_image":[{"width":480,"height":320,"url":"https:\/\/pengbu.jkkapi.top\/wp-content\/uploads\/2024\/11\/pvc-tarpaulin.jpg","type":"image\/jpeg"}],"twitter_card":"summary_large_image","twitter_misc":{"Tiempo de lectura":"2 minutos"},"schema":{"@context":"https:\/\/schema.org","@graph":[{"@type":"WebPage","@id":"https:\/\/pengbu.jkkapi.top\/product\/rolling-shutter-tarp\/","url":"https:\/\/pengbu.jkkapi.top\/product\/rolling-shutter-tarp\/","name":"Rolling Shutter Tarp Wholesale | Feicheng Tongfa","isPartOf":{"@id":"https:\/\/pengbu.jkkapi.top\/#website"},"primaryImageOfPage":{"@id":"https:\/\/pengbu.jkkapi.top\/product\/rolling-shutter-tarp\/#primaryimage"},"image":{"@id":"https:\/\/pengbu.jkkapi.top\/product\/rolling-shutter-tarp\/#primaryimage"},"thumbnailUrl":"https:\/\/pengbu.jkkapi.top\/wp-content\/uploads\/2024\/11\/pvc-tarpaulin.jpg","datePublished":"2024-11-09T03:02:23+00:00","dateModified":"2025-06-01T14:03:57+00:00","description":"Our Rolling Shutter Tarps are designed to provide reliable and convenient protection for truck cargo, specifically engineered for ease of access and smooth operation. Made from high-quality, weather-resistant PVC-coated material, these tarps are ideal for safeguarding goods during transit.","breadcrumb":{"@id":"https:\/\/pengbu.jkkapi.top\/product\/rolling-shutter-tarp\/#breadcrumb"},"inLanguage":"es","potentialAction":[{"@type":"ReadAction","target":["https:\/\/pengbu.jkkapi.top\/product\/rolling-shutter-tarp\/"]}]},{"@type":"ImageObject","inLanguage":"es","@id":"https:\/\/pengbu.jkkapi.top\/product\/rolling-shutter-tarp\/#primaryimage","url":"https:\/\/pengbu.jkkapi.top\/wp-content\/uploads\/2024\/11\/pvc-tarpaulin.jpg","contentUrl":"https:\/\/pengbu.jkkapi.top\/wp-content\/uploads\/2024\/11\/pvc-tarpaulin.jpg","width":480,"height":320,"caption":"Rolling Shutter Tarp"},{"@type":"BreadcrumbList","@id":"https:\/\/pengbu.jkkapi.top\/product\/rolling-shutter-tarp\/#breadcrumb","itemListElement":[{"@type":"ListItem","position":1,"name":"Home","item":"https:\/\/pengbu.jkkapi.top\/"},{"@type":"ListItem","position":2,"name":"Products","item":"https:\/\/pengbu.jkkapi.top\/shop\/"},{"@type":"ListItem","position":3,"name":"Tarpaulin","item":"https:\/\/pengbu.jkkapi.top\/product-category\/tarpaulin\/"},{"@type":"ListItem","position":4,"name":"PVC Tarpaulin","item":"https:\/\/pengbu.jkkapi.top\/product-category\/tarpaulin\/pvc-tarpaulin\/"},{"@type":"ListItem","position":5,"name":"Rolling Shutter Tarp","item":"https:\/\/pengbu.jkkapi.top\/product-category\/tarpaulin\/pvc-tarpaulin\/rolling-shutter-tarp\/"},{"@type":"ListItem","position":6,"name":"Rolling Shutter Tarp"}]},{"@type":"WebSite","@id":"https:\/\/pengbu.jkkapi.top\/#website","url":"https:\/\/pengbu.jkkapi.top\/","name":"Fabricante de lonas-Truck tarpaulin-PVC mesh-Feicheng Tongfa Trading","description":"","publisher":{"@id":"https:\/\/pengbu.jkkapi.top\/#organization"},"alternateName":"Tarpaulin manufacturer-Truck tarpaulin-Feicheng Tongfa","potentialAction":[{"@type":"SearchAction","target":{"@type":"EntryPoint","urlTemplate":"https:\/\/pengbu.jkkapi.top\/?s={search_term_string}"},"query-input":{"@type":"PropertyValueSpecification","valueRequired":true,"valueName":"search_term_string"}}],"inLanguage":"es"},{"@type":"Organization","@id":"https:\/\/pengbu.jkkapi.top\/#organization","name":"FeiCheng TongFa","url":"https:\/\/pengbu.jkkapi.top\/","logo":{"@type":"ImageObject","inLanguage":"es","@id":"https:\/\/pengbu.jkkapi.top\/#\/schema\/logo\/image\/","url":"https:\/\/pengbu.jkkapi.top\/wp-content\/uploads\/2024\/09\/logo.jpg","contentUrl":"https:\/\/pengbu.jkkapi.top\/wp-content\/uploads\/2024\/09\/logo.jpg","width":605,"height":121,"caption":"FeiCheng TongFa"},"image":{"@id":"https:\/\/pengbu.jkkapi.top\/#\/schema\/logo\/image\/"}}]}},"uagb_featured_image_src":{"full":["https:\/\/pengbu.jkkapi.top\/wp-content\/uploads\/2024\/11\/pvc-tarpaulin.jpg",480,320,false],"thumbnail":["https:\/\/pengbu.jkkapi.top\/wp-content\/uploads\/2024\/11\/pvc-tarpaulin-150x150.jpg",150,150,true],"medium":["https:\/\/pengbu.jkkapi.top\/wp-content\/uploads\/2024\/11\/pvc-tarpaulin-300x200.jpg",300,200,true],"medium_large":["https:\/\/pengbu.jkkapi.top\/wp-content\/uploads\/2024\/11\/pvc-tarpaulin.jpg",480,320,false],"large":["https:\/\/pengbu.jkkapi.top\/wp-content\/uploads\/2024\/11\/pvc-tarpaulin.jpg",480,320,false],"1536x1536":["https:\/\/pengbu.jkkapi.top\/wp-content\/uploads\/2024\/11\/pvc-tarpaulin.jpg",480,320,false],"2048x2048":["https:\/\/pengbu.jkkapi.top\/wp-content\/uploads\/2024\/11\/pvc-tarpaulin.jpg",480,320,false],"trp-custom-language-flag":["https:\/\/pengbu.jkkapi.top\/wp-content\/uploads\/2024\/11\/pvc-tarpaulin-18x12.jpg",18,12,true],"woocommerce_thumbnail":["https:\/\/pengbu.jkkapi.top\/wp-content\/uploads\/2024\/11\/pvc-tarpaulin-300x300.jpg",300,300,true],"woocommerce_single":["https:\/\/pengbu.jkkapi.top\/wp-content\/uploads\/2024\/11\/pvc-tarpaulin.jpg",480,320,false],"woocommerce_gallery_thumbnail":["https:\/\/pengbu.jkkapi.top\/wp-content\/uploads\/2024\/11\/pvc-tarpaulin-100x100.jpg",100,100,true]},"uagb_author_info":{"display_name":"user","author_link":"https:\/\/pengbu.jkkapi.top\/es\/author\/"},"uagb_comment_info":3,"uagb_excerpt":"Our Rolling Shutter Tarps are designed to provide reliable and convenient protection for truck cargo, specifically engineered for ease of access and smooth operation. Made from high-quality, weather-resistant PVC-coated material, these tarps are ideal for safeguarding goods during transit. Their roll-up design offers quick access to the cargo, making them perfect for frequent loading and&hellip;","_links":{"self":[{"href":"https:\/\/pengbu.jkkapi.top\/es\/wp-json\/wp\/v2\/product\/1989","targetHints":{"allow":["GET"]}}],"collection":[{"href":"https:\/\/pengbu.jkkapi.top\/es\/wp-json\/wp\/v2\/product"}],"about":[{"href":"https:\/\/pengbu.jkkapi.top\/es\/wp-json\/wp\/v2\/types\/product"}],"replies":[{"embeddable":true,"href":"https:\/\/pengbu.jkkapi.top\/es\/wp-json\/wp\/v2\/comments?post=1989"}],"wp:featuredmedia":[{"embeddable":true,"href":"https:\/\/pengbu.jkkapi.top\/es\/wp-json\/wp\/v2\/media\/1990"}],"wp:attachment":[{"href":"https:\/\/pengbu.jkkapi.top\/es\/wp-json\/wp\/v2\/media?parent=1989"}],"wp:term":[{"taxonomy":"product_brand","embeddable":true,"href":"https:\/\/pengbu.jkkapi.top\/es\/wp-json\/wp\/v2\/product_brand?post=1989"},{"taxonomy":"product_cat","embeddable":true,"href":"https:\/\/pengbu.jkkapi.top\/es\/wp-json\/wp\/v2\/product_cat?post=1989"},{"taxonomy":"product_tag","embeddable":true,"href":"https:\/\/pengbu.jkkapi.top\/es\/wp-json\/wp\/v2\/product_tag?post=1989"}],"curies":[{"name":"wp","href":"https:\/\/api.w.org\/{rel}","templated":true}]}}