{"id":2017,"date":"2024-11-16T06:58:22","date_gmt":"2024-11-16T06:58:22","guid":{"rendered":"https:\/\/pengbu.jkkapi.top\/?post_type=product&#038;p=2017"},"modified":"2025-12-02T05:14:05","modified_gmt":"2025-12-02T05:14:05","slug":"enclosed-livestock-shelters","status":"publish","type":"product","link":"https:\/\/pengbu.jkkapi.top\/es\/producto\/enclosed-livestock-shelters\/","title":{"rendered":"Refugios cerrados para el ganado"},"content":{"rendered":"<p>Somos fabricantes profesionales de productos de lona alquitranada y ofrecemos una amplia gama de lonas y tiendas de lona alquitranada de alta calidad. Nuestra serie de carpas de lona cubierta de PVC est\u00e1 dise\u00f1ada espec\u00edficamente para satisfacer diversas necesidades al aire libre, siendo los refugios cerrados para ganado una soluci\u00f3n ideal para proteger el ganado y los equipos agr\u00edcolas. Fabricados con lona de PVC de primera calidad, estos refugios ofrecen excelentes caracter\u00edsticas de impermeabilidad, resistencia a los rayos UV y durabilidad, garantizando una protecci\u00f3n fiable en diversas condiciones clim\u00e1ticas. Ya sea para agricultura, ganader\u00eda, almacenamiento o acampada, nuestras tiendas de lona ofrecen soluciones pr\u00e1cticas y rentables.<\/p>\n<p>Descripci\u00f3n del producto<br \/>\nLos refugios cerrados para ganado, que forman parte de nuestra serie de carpas con lona cubierta de PVC, est\u00e1n dise\u00f1ados para ofrecer soluciones robustas y vers\u00e1tiles para la protecci\u00f3n del ganado y aplicaciones agr\u00edcolas. A continuaci\u00f3n encontrar\u00e1 una introducci\u00f3n detallada a las caracter\u00edsticas y aplicaciones del producto:<\/p>\n<p>Caracter\u00edsticas del producto<br \/>\nMateriales de alta calidad<\/p>\n<p>Fabricada con lona de PVC de primera calidad, ofrece una impermeabilidad superior para garantizar una protecci\u00f3n total contra la lluvia.<br \/>\nEl material resistente a los rayos UV y a la intemperie prolonga la vida \u00fatil del refugio incluso bajo la luz del sol y en condiciones extremas.<br \/>\nDurabilidad y estabilidad<\/p>\n<p>Los armazones de acero reforzado proporcionan una estabilidad excepcional, haciendo que los refugios resistan fuertes vientos y cargas pesadas.<br \/>\nLas costuras termoselladas mejoran la durabilidad general, evitando las fugas y el desgaste con el paso del tiempo.<br \/>\nDise\u00f1o personalizable<\/p>\n<p>Disponibles en varios tama\u00f1os y dise\u00f1os para adaptarse a las distintas necesidades del ganado y el almacenamiento.<br \/>\nOpciones de ventanas de ventilaci\u00f3n y aberturas laterales para mejorar el flujo de aire y la comodidad.<br \/>\nFacilidad de montaje y transporte<\/p>\n<p>El dise\u00f1o modular permite un montaje y desmontaje r\u00e1pidos sin herramientas especializadas.<br \/>\nSu construcci\u00f3n ligera pero robusta facilita la reubicaci\u00f3n del refugio cuando sea necesario.<br \/>\nAplicaciones<br \/>\nProtecci\u00f3n del ganado<br \/>\nLos refugios cerrados para ganado proporcionan un entorno seguro y c\u00f3modo para animales como ganado vacuno, ovino y aves de corral. Estos refugios protegen al ganado de la lluvia, el viento, la nieve y la luz solar intensa, garantizando su salud y productividad en todas las estaciones.<\/p>\n<p>Almacenamiento agr\u00edcola<br \/>\nLos cobertizos son ideales para almacenar maquinaria agr\u00edcola, heno, piensos y otros suministros. Su dise\u00f1o cerrado protege los bienes valiosos de los da\u00f1os meteorol\u00f3gicos y los robos.<\/p>\n<p>Eventos al aire libre y camping<br \/>\nGracias a su dise\u00f1o personalizable, estas tiendas tambi\u00e9n pueden utilizarse para eventos temporales, acampadas y otras actividades al aire libre que requieran un refugio fiable.<\/p>\n<p>Uso comercial<br \/>\nM\u00e1s all\u00e1 de la agricultura, estos refugios son adecuados para usos comerciales, como almacenamiento en obras de construcci\u00f3n o espacios de trabajo temporales.<\/p>\n<p>Por qu\u00e9 elegirnos<br \/>\nPriorizamos la calidad y la satisfacci\u00f3n del cliente, ofreciendo soluciones duraderas y rentables.<br \/>\nNuestros productos de carpa de lona cubierta de PVC cumplen las normas internacionales de seguridad y medio ambiente.<br \/>\nLos servicios de personalizaci\u00f3n garantizan que los refugios satisfagan las necesidades espec\u00edficas de los clientes.<br \/>\nCon un compromiso con la calidad y la innovaci\u00f3n, nuestros cobertizos cerrados para ganado son la elecci\u00f3n perfecta para una protecci\u00f3n fiable y duradera en el exterior.<\/p>","protected":false},"excerpt":{"rendered":"<p>Somos fabricantes profesionales de productos de lona alquitranada y ofrecemos una amplia gama de lonas y tiendas de lona alquitranada de alta calidad. Nuestra serie de carpas de lona cubierta de PVC est\u00e1 dise\u00f1ada espec\u00edficamente para satisfacer diversas necesidades al aire libre, siendo los refugios cerrados para ganado una soluci\u00f3n ideal para proteger el ganado y los equipos agr\u00edcolas. Fabricados con lona de PVC de primera calidad, estos refugios ofrecen excelentes caracter\u00edsticas de impermeabilidad, resistencia a los rayos UV y durabilidad, garantizando una protecci\u00f3n fiable en diversas condiciones clim\u00e1ticas. Ya sea para agricultura, ganader\u00eda, almacenamiento o acampada, nuestras tiendas de lona ofrecen soluciones pr\u00e1cticas y rentables.<\/p>\n<p>Material: Lona de PVC de primera calidad (500-900 GSM)<br \/>\nEstructura: Estructura de acero galvanizado reforzado<br \/>\n\u00cdndice de impermeabilidad: 100% impermeable, resiste lluvias torrenciales<br \/>\nResistencia a los rayos UV: Protecci\u00f3n UV50<br \/>\nTama\u00f1os disponibles: Personalizable; los tama\u00f1os m\u00e1s comunes incluyen 10\u00d710 pies, 20\u00d730 pies, 30\u00d750 pies y opciones m\u00e1s grandes.<br \/>\nResistencia al viento: Resiste vientos de hasta 96 km\/h.<br \/>\nTolerancia a la temperatura: -30\u00b0C a 70\u00b0C (-22\u00b0F a 158\u00b0F)<br \/>\nOpciones de color: Blanco, verde, gris o colores personalizados<br \/>\nMontaje: Dise\u00f1o modular sin herramientas para un montaje r\u00e1pido<\/p>\n<p>&nbsp;<\/p>","protected":false},"featured_media":2018,"comment_status":"open","ping_status":"closed","template":"","meta":{"_uag_custom_page_level_css":"","site-sidebar-layout":"default","site-content-layout":"","ast-site-content-layout":"default","site-content-style":"default","site-sidebar-style":"default","ast-global-header-display":"","ast-banner-title-visibility":"","ast-main-header-display":"","ast-hfb-above-header-display":"","ast-hfb-below-header-display":"","ast-hfb-mobile-header-display":"","site-post-title":"","ast-breadcrumbs-content":"","ast-featured-img":"","footer-sml-layout":"","theme-transparent-header-meta":"default","adv-header-id-meta":"","stick-header-meta":"","header-above-stick-meta":"","header-main-stick-meta":"","header-below-stick-meta":"","astra-migrate-meta-layouts":"set","ast-page-background-enabled":"default","ast-page-background-meta":{"desktop":{"background-color":"var(--ast-global-color-4)","background-image":"","background-repeat":"repeat","background-position":"center center","background-size":"auto","background-attachment":"scroll","background-type":"","background-media":"","overlay-type":"","overlay-color":"","overlay-opacity":"","overlay-gradient":""},"tablet":{"background-color":"","background-image":"","background-repeat":"repeat","background-position":"center center","background-size":"auto","background-attachment":"scroll","background-type":"","background-media":"","overlay-type":"","overlay-color":"","overlay-opacity":"","overlay-gradient":""},"mobile":{"background-color":"","background-image":"","background-repeat":"repeat","background-position":"center center","background-size":"auto","background-attachment":"scroll","background-type":"","background-media":"","overlay-type":"","overlay-color":"","overlay-opacity":"","overlay-gradient":""}},"ast-content-background-meta":{"desktop":{"background-color":"var(--ast-global-color-5)","background-image":"","background-repeat":"repeat","background-position":"center center","background-size":"auto","background-attachment":"scroll","background-type":"","background-media":"","overlay-type":"","overlay-color":"","overlay-opacity":"","overlay-gradient":""},"tablet":{"background-color":"var(--ast-global-color-5)","background-image":"","background-repeat":"repeat","background-position":"center center","background-size":"auto","background-attachment":"scroll","background-type":"","background-media":"","overlay-type":"","overlay-color":"","overlay-opacity":"","overlay-gradient":""},"mobile":{"background-color":"var(--ast-global-color-5)","background-image":"","background-repeat":"repeat","background-position":"center center","background-size":"auto","background-attachment":"scroll","background-type":"","background-media":"","overlay-type":"","overlay-color":"","overlay-opacity":"","overlay-gradient":""}}},"product_brand":[],"product_cat":[51],"product_tag":[],"class_list":{"0":"post-2017","1":"product","2":"type-product","3":"status-publish","4":"has-post-thumbnail","6":"product_cat-enclosed-livestock-shelters","7":"desktop-align-left","8":"tablet-align-left","9":"mobile-align-left","11":"first","12":"instock","13":"shipping-taxable","14":"product-type-simple"},"yoast_head":"<!-- This site is optimized with the Yoast SEO plugin v24.1 - https:\/\/yoast.com\/wordpress\/plugins\/seo\/ -->\n<title>Enclosed Livestock Shelters Wholesale | Feicheng Tongfa<\/title>\n<meta name=\"robots\" content=\"index, follow, max-snippet:-1, max-image-preview:large, max-video-preview:-1\" \/>\n<link rel=\"canonical\" href=\"https:\/\/pengbu.jkkapi.top\/es\/producto\/enclosed-livestock-shelters\/\" \/>\n<meta property=\"og:locale\" content=\"es_ES\" \/>\n<meta property=\"og:type\" content=\"article\" \/>\n<meta property=\"og:title\" content=\"Enclosed Livestock Shelters Wholesale | Feicheng Tongfa\" \/>\n<meta property=\"og:description\" content=\"We are a professional manufacturer of tarpaulin products, offering a wide range of high-quality tarps and tarpaulin tents. Our PVC Covered Tarpaulin Tent series is specifically designed to meet various outdoor needs, with the Enclosed Livestock Shelters being an ideal solution for protecting livestock and farm equipment. Made from premium PVC tarpaulin, these shelters provide excellent waterproof, UV-resistant, and durable features, ensuring reliable protection in diverse weather conditions. Whether for agriculture, ranching, storage, or camping, our tarpaulin tents deliver practical and cost-effective solutions.  Material: Premium PVC tarpaulin (500-900 GSM) Frame: Reinforced galvanized steel frame Waterproof Rating: 100% waterproof, withstands heavy rain UV Resistance: UV50+ protection Sizes Available: Customizable; common sizes include 10x10 ft, 20x30 ft, 30x50 ft, and larger options Wind Resistance: Withstands wind speeds up to 60 mph (96 km\/h) Temperature Tolerance: -30\u00b0C to 70\u00b0C (-22\u00b0F to 158\u00b0F) Color Options: White, green, grey, or custom colors Assembly: Tool-free modular design for quick setup  &nbsp;\" \/>\n<meta property=\"og:url\" content=\"https:\/\/pengbu.jkkapi.top\/es\/producto\/enclosed-livestock-shelters\/\" \/>\n<meta property=\"article:modified_time\" content=\"2025-12-02T05:14:05+00:00\" \/>\n<meta property=\"og:image\" content=\"https:\/\/pengbu.jkkapi.top\/wp-content\/uploads\/2024\/11\/Enclosed-Livestock-Shelters.jpg\" \/>\n\t<meta property=\"og:image:width\" content=\"602\" \/>\n\t<meta property=\"og:image:height\" content=\"598\" \/>\n\t<meta property=\"og:image:type\" content=\"image\/jpeg\" \/>\n<meta name=\"twitter:card\" content=\"summary_large_image\" \/>\n<meta name=\"twitter:label1\" content=\"Tiempo de lectura\" \/>\n\t<meta name=\"twitter:data1\" content=\"2 minutos\" \/>\n<script type=\"application\/ld+json\" class=\"yoast-schema-graph\">{\"@context\":\"https:\/\/schema.org\",\"@graph\":[{\"@type\":\"WebPage\",\"@id\":\"https:\/\/pengbu.jkkapi.top\/product\/enclosed-livestock-shelters\/\",\"url\":\"https:\/\/pengbu.jkkapi.top\/product\/enclosed-livestock-shelters\/\",\"name\":\"Enclosed Livestock Shelters Wholesale | Feicheng Tongfa\",\"isPartOf\":{\"@id\":\"https:\/\/pengbu.jkkapi.top\/#website\"},\"primaryImageOfPage\":{\"@id\":\"https:\/\/pengbu.jkkapi.top\/product\/enclosed-livestock-shelters\/#primaryimage\"},\"image\":{\"@id\":\"https:\/\/pengbu.jkkapi.top\/product\/enclosed-livestock-shelters\/#primaryimage\"},\"thumbnailUrl\":\"https:\/\/pengbu.jkkapi.top\/wp-content\/uploads\/2024\/11\/Enclosed-Livestock-Shelters.jpg\",\"datePublished\":\"2024-11-16T06:58:22+00:00\",\"dateModified\":\"2025-12-02T05:14:05+00:00\",\"breadcrumb\":{\"@id\":\"https:\/\/pengbu.jkkapi.top\/product\/enclosed-livestock-shelters\/#breadcrumb\"},\"inLanguage\":\"es\",\"potentialAction\":[{\"@type\":\"ReadAction\",\"target\":[\"https:\/\/pengbu.jkkapi.top\/product\/enclosed-livestock-shelters\/\"]}]},{\"@type\":\"ImageObject\",\"inLanguage\":\"es\",\"@id\":\"https:\/\/pengbu.jkkapi.top\/product\/enclosed-livestock-shelters\/#primaryimage\",\"url\":\"https:\/\/pengbu.jkkapi.top\/wp-content\/uploads\/2024\/11\/Enclosed-Livestock-Shelters.jpg\",\"contentUrl\":\"https:\/\/pengbu.jkkapi.top\/wp-content\/uploads\/2024\/11\/Enclosed-Livestock-Shelters.jpg\",\"width\":602,\"height\":598,\"caption\":\"Enclosed-Livestock-Shelters\"},{\"@type\":\"BreadcrumbList\",\"@id\":\"https:\/\/pengbu.jkkapi.top\/product\/enclosed-livestock-shelters\/#breadcrumb\",\"itemListElement\":[{\"@type\":\"ListItem\",\"position\":1,\"name\":\"Home\",\"item\":\"https:\/\/pengbu.jkkapi.top\/\"},{\"@type\":\"ListItem\",\"position\":2,\"name\":\"Products\",\"item\":\"https:\/\/pengbu.jkkapi.top\/shop\/\"},{\"@type\":\"ListItem\",\"position\":3,\"name\":\"PVC-Covered Tarpaulin Tent\",\"item\":\"https:\/\/pengbu.jkkapi.top\/product-category\/pvc-covered-tarpaulin-tent\/\"},{\"@type\":\"ListItem\",\"position\":4,\"name\":\"Enclosed Livestock Shelters\",\"item\":\"https:\/\/pengbu.jkkapi.top\/product-category\/pvc-covered-tarpaulin-tent\/enclosed-livestock-shelters\/\"},{\"@type\":\"ListItem\",\"position\":5,\"name\":\"Enclosed Livestock Shelters\"}]},{\"@type\":\"WebSite\",\"@id\":\"https:\/\/pengbu.jkkapi.top\/#website\",\"url\":\"https:\/\/pengbu.jkkapi.top\/\",\"name\":\"Tarpaulin manufacturer-Truck tarpaulin-PVC mesh-Feicheng Tongfa Trading\",\"description\":\"\",\"publisher\":{\"@id\":\"https:\/\/pengbu.jkkapi.top\/#organization\"},\"alternateName\":\"Tarpaulin manufacturer-Truck tarpaulin-Feicheng Tongfa\",\"potentialAction\":[{\"@type\":\"SearchAction\",\"target\":{\"@type\":\"EntryPoint\",\"urlTemplate\":\"https:\/\/pengbu.jkkapi.top\/?s={search_term_string}\"},\"query-input\":{\"@type\":\"PropertyValueSpecification\",\"valueRequired\":true,\"valueName\":\"search_term_string\"}}],\"inLanguage\":\"es\"},{\"@type\":\"Organization\",\"@id\":\"https:\/\/pengbu.jkkapi.top\/#organization\",\"name\":\"FeiCheng TongFa\",\"url\":\"https:\/\/pengbu.jkkapi.top\/\",\"logo\":{\"@type\":\"ImageObject\",\"inLanguage\":\"es\",\"@id\":\"https:\/\/pengbu.jkkapi.top\/#\/schema\/logo\/image\/\",\"url\":\"https:\/\/pengbu.jkkapi.top\/wp-content\/uploads\/2024\/09\/logo.jpg\",\"contentUrl\":\"https:\/\/pengbu.jkkapi.top\/wp-content\/uploads\/2024\/09\/logo.jpg\",\"width\":605,\"height\":121,\"caption\":\"FeiCheng TongFa\"},\"image\":{\"@id\":\"https:\/\/pengbu.jkkapi.top\/#\/schema\/logo\/image\/\"}}]}<\/script>\n<!-- \/ Yoast SEO plugin. -->","yoast_head_json":{"title":"Enclosed Livestock Shelters Wholesale | Feicheng Tongfa","robots":{"index":"index","follow":"follow","max-snippet":"max-snippet:-1","max-image-preview":"max-image-preview:large","max-video-preview":"max-video-preview:-1"},"canonical":"https:\/\/pengbu.jkkapi.top\/es\/producto\/enclosed-livestock-shelters\/","og_locale":"es_ES","og_type":"article","og_title":"Enclosed Livestock Shelters Wholesale | Feicheng Tongfa","og_description":"We are a professional manufacturer of tarpaulin products, offering a wide range of high-quality tarps and tarpaulin tents. Our PVC Covered Tarpaulin Tent series is specifically designed to meet various outdoor needs, with the Enclosed Livestock Shelters being an ideal solution for protecting livestock and farm equipment. Made from premium PVC tarpaulin, these shelters provide excellent waterproof, UV-resistant, and durable features, ensuring reliable protection in diverse weather conditions. Whether for agriculture, ranching, storage, or camping, our tarpaulin tents deliver practical and cost-effective solutions.  Material: Premium PVC tarpaulin (500-900 GSM) Frame: Reinforced galvanized steel frame Waterproof Rating: 100% waterproof, withstands heavy rain UV Resistance: UV50+ protection Sizes Available: Customizable; common sizes include 10x10 ft, 20x30 ft, 30x50 ft, and larger options Wind Resistance: Withstands wind speeds up to 60 mph (96 km\/h) Temperature Tolerance: -30\u00b0C to 70\u00b0C (-22\u00b0F to 158\u00b0F) Color Options: White, green, grey, or custom colors Assembly: Tool-free modular design for quick setup  &nbsp;","og_url":"https:\/\/pengbu.jkkapi.top\/es\/producto\/enclosed-livestock-shelters\/","article_modified_time":"2025-12-02T05:14:05+00:00","og_image":[{"width":602,"height":598,"url":"https:\/\/pengbu.jkkapi.top\/wp-content\/uploads\/2024\/11\/Enclosed-Livestock-Shelters.jpg","type":"image\/jpeg"}],"twitter_card":"summary_large_image","twitter_misc":{"Tiempo de lectura":"2 minutos"},"schema":{"@context":"https:\/\/schema.org","@graph":[{"@type":"WebPage","@id":"https:\/\/pengbu.jkkapi.top\/product\/enclosed-livestock-shelters\/","url":"https:\/\/pengbu.jkkapi.top\/product\/enclosed-livestock-shelters\/","name":"Enclosed Livestock Shelters Wholesale | Feicheng Tongfa","isPartOf":{"@id":"https:\/\/pengbu.jkkapi.top\/#website"},"primaryImageOfPage":{"@id":"https:\/\/pengbu.jkkapi.top\/product\/enclosed-livestock-shelters\/#primaryimage"},"image":{"@id":"https:\/\/pengbu.jkkapi.top\/product\/enclosed-livestock-shelters\/#primaryimage"},"thumbnailUrl":"https:\/\/pengbu.jkkapi.top\/wp-content\/uploads\/2024\/11\/Enclosed-Livestock-Shelters.jpg","datePublished":"2024-11-16T06:58:22+00:00","dateModified":"2025-12-02T05:14:05+00:00","breadcrumb":{"@id":"https:\/\/pengbu.jkkapi.top\/product\/enclosed-livestock-shelters\/#breadcrumb"},"inLanguage":"es","potentialAction":[{"@type":"ReadAction","target":["https:\/\/pengbu.jkkapi.top\/product\/enclosed-livestock-shelters\/"]}]},{"@type":"ImageObject","inLanguage":"es","@id":"https:\/\/pengbu.jkkapi.top\/product\/enclosed-livestock-shelters\/#primaryimage","url":"https:\/\/pengbu.jkkapi.top\/wp-content\/uploads\/2024\/11\/Enclosed-Livestock-Shelters.jpg","contentUrl":"https:\/\/pengbu.jkkapi.top\/wp-content\/uploads\/2024\/11\/Enclosed-Livestock-Shelters.jpg","width":602,"height":598,"caption":"Enclosed-Livestock-Shelters"},{"@type":"BreadcrumbList","@id":"https:\/\/pengbu.jkkapi.top\/product\/enclosed-livestock-shelters\/#breadcrumb","itemListElement":[{"@type":"ListItem","position":1,"name":"Home","item":"https:\/\/pengbu.jkkapi.top\/"},{"@type":"ListItem","position":2,"name":"Products","item":"https:\/\/pengbu.jkkapi.top\/shop\/"},{"@type":"ListItem","position":3,"name":"PVC-Covered Tarpaulin Tent","item":"https:\/\/pengbu.jkkapi.top\/product-category\/pvc-covered-tarpaulin-tent\/"},{"@type":"ListItem","position":4,"name":"Enclosed Livestock Shelters","item":"https:\/\/pengbu.jkkapi.top\/product-category\/pvc-covered-tarpaulin-tent\/enclosed-livestock-shelters\/"},{"@type":"ListItem","position":5,"name":"Enclosed Livestock Shelters"}]},{"@type":"WebSite","@id":"https:\/\/pengbu.jkkapi.top\/#website","url":"https:\/\/pengbu.jkkapi.top\/","name":"Fabricante de lonas-Truck tarpaulin-PVC mesh-Feicheng Tongfa Trading","description":"","publisher":{"@id":"https:\/\/pengbu.jkkapi.top\/#organization"},"alternateName":"Tarpaulin manufacturer-Truck tarpaulin-Feicheng Tongfa","potentialAction":[{"@type":"SearchAction","target":{"@type":"EntryPoint","urlTemplate":"https:\/\/pengbu.jkkapi.top\/?s={search_term_string}"},"query-input":{"@type":"PropertyValueSpecification","valueRequired":true,"valueName":"search_term_string"}}],"inLanguage":"es"},{"@type":"Organization","@id":"https:\/\/pengbu.jkkapi.top\/#organization","name":"FeiCheng TongFa","url":"https:\/\/pengbu.jkkapi.top\/","logo":{"@type":"ImageObject","inLanguage":"es","@id":"https:\/\/pengbu.jkkapi.top\/#\/schema\/logo\/image\/","url":"https:\/\/pengbu.jkkapi.top\/wp-content\/uploads\/2024\/09\/logo.jpg","contentUrl":"https:\/\/pengbu.jkkapi.top\/wp-content\/uploads\/2024\/09\/logo.jpg","width":605,"height":121,"caption":"FeiCheng TongFa"},"image":{"@id":"https:\/\/pengbu.jkkapi.top\/#\/schema\/logo\/image\/"}}]}},"uagb_featured_image_src":{"full":["https:\/\/pengbu.jkkapi.top\/wp-content\/uploads\/2024\/11\/Enclosed-Livestock-Shelters.jpg",602,598,false],"thumbnail":["https:\/\/pengbu.jkkapi.top\/wp-content\/uploads\/2024\/11\/Enclosed-Livestock-Shelters-150x150.jpg",150,150,true],"medium":["https:\/\/pengbu.jkkapi.top\/wp-content\/uploads\/2024\/11\/Enclosed-Livestock-Shelters-300x298.jpg",300,298,true],"medium_large":["https:\/\/pengbu.jkkapi.top\/wp-content\/uploads\/2024\/11\/Enclosed-Livestock-Shelters.jpg",602,598,false],"large":["https:\/\/pengbu.jkkapi.top\/wp-content\/uploads\/2024\/11\/Enclosed-Livestock-Shelters.jpg",602,598,false],"1536x1536":["https:\/\/pengbu.jkkapi.top\/wp-content\/uploads\/2024\/11\/Enclosed-Livestock-Shelters.jpg",602,598,false],"2048x2048":["https:\/\/pengbu.jkkapi.top\/wp-content\/uploads\/2024\/11\/Enclosed-Livestock-Shelters.jpg",602,598,false],"trp-custom-language-flag":["https:\/\/pengbu.jkkapi.top\/wp-content\/uploads\/2024\/11\/Enclosed-Livestock-Shelters-12x12.jpg",12,12,true],"woocommerce_thumbnail":["https:\/\/pengbu.jkkapi.top\/wp-content\/uploads\/2024\/11\/Enclosed-Livestock-Shelters-300x300.jpg",300,300,true],"woocommerce_single":["https:\/\/pengbu.jkkapi.top\/wp-content\/uploads\/2024\/11\/Enclosed-Livestock-Shelters-600x596.jpg",600,596,true],"woocommerce_gallery_thumbnail":["https:\/\/pengbu.jkkapi.top\/wp-content\/uploads\/2024\/11\/Enclosed-Livestock-Shelters-100x100.jpg",100,100,true]},"uagb_author_info":{"display_name":"user","author_link":"https:\/\/pengbu.jkkapi.top\/es\/author\/"},"uagb_comment_info":15,"uagb_excerpt":"We are a professional manufacturer of tarpaulin products, offering a wide range of high-quality tarps and tarpaulin tents. Our PVC Covered Tarpaulin Tent series is specifically designed to meet various outdoor needs, with the Enclosed Livestock Shelters being an ideal solution for protecting livestock and farm equipment. Made from premium PVC tarpaulin, these shelters provide&hellip;","_links":{"self":[{"href":"https:\/\/pengbu.jkkapi.top\/es\/wp-json\/wp\/v2\/product\/2017","targetHints":{"allow":["GET"]}}],"collection":[{"href":"https:\/\/pengbu.jkkapi.top\/es\/wp-json\/wp\/v2\/product"}],"about":[{"href":"https:\/\/pengbu.jkkapi.top\/es\/wp-json\/wp\/v2\/types\/product"}],"replies":[{"embeddable":true,"href":"https:\/\/pengbu.jkkapi.top\/es\/wp-json\/wp\/v2\/comments?post=2017"}],"wp:featuredmedia":[{"embeddable":true,"href":"https:\/\/pengbu.jkkapi.top\/es\/wp-json\/wp\/v2\/media\/2018"}],"wp:attachment":[{"href":"https:\/\/pengbu.jkkapi.top\/es\/wp-json\/wp\/v2\/media?parent=2017"}],"wp:term":[{"taxonomy":"product_brand","embeddable":true,"href":"https:\/\/pengbu.jkkapi.top\/es\/wp-json\/wp\/v2\/product_brand?post=2017"},{"taxonomy":"product_cat","embeddable":true,"href":"https:\/\/pengbu.jkkapi.top\/es\/wp-json\/wp\/v2\/product_cat?post=2017"},{"taxonomy":"product_tag","embeddable":true,"href":"https:\/\/pengbu.jkkapi.top\/es\/wp-json\/wp\/v2\/product_tag?post=2017"}],"curies":[{"name":"wp","href":"https:\/\/api.w.org\/{rel}","templated":true}]}}