{"id":2021,"date":"2024-11-16T07:04:33","date_gmt":"2024-11-16T07:04:33","guid":{"rendered":"https:\/\/pengbu.jkkapi.top\/?post_type=product&#038;p=2021"},"modified":"2025-10-25T00:00:08","modified_gmt":"2025-10-25T00:00:08","slug":"tejido-de-fibra-de-aramida","status":"publish","type":"product","link":"https:\/\/pengbu.jkkapi.top\/es\/producto\/tejido-de-fibra-de-aramida\/","title":{"rendered":"Tejido de fibra de aramida"},"content":{"rendered":"<p>Descripci\u00f3n del producto<br \/>\nEl tejido de fibra de aramida es un tejido de alto rendimiento hecho de fibras de aramida tejidas con excelentes propiedades mec\u00e1nicas y durabilidad. Ampliamente reconocido por su extrema resistencia y baja densidad, el tejido de fibra de aramida es m\u00e1s de 5 veces m\u00e1s resistente que el acero, pero solo pesa 1\/5, lo que lo hace ideal para aplicaciones que requieren una combinaci\u00f3n de alta resistencia y poco peso.<\/p>\n<p>Caracter\u00edsticas del producto<br \/>\nExcelente resistencia y durabilidad: Las fibras de aramida tienen una resistencia a la tracci\u00f3n y a los impactos extremadamente alta, y son capaces de soportar fuertes tensiones mec\u00e1nicas e impactos.<br \/>\nResistencia a altas temperaturas: El tejido de fibra de aramida mantiene estables sus propiedades f\u00edsicas en entornos de alta temperatura, y su resistencia al calor puede alcanzar m\u00e1s de 300\u2103.<br \/>\nResistencia qu\u00edmica: buena resistencia a \u00e1cidos, \u00e1lcalis, disolventes y otros productos qu\u00edmicos, adecuada para entornos industriales duros.<br \/>\nDise\u00f1o ligero: Su estructura de baja densidad la hace ideal para materiales compuestos de alto rendimiento e ingenier\u00eda ligera.<br \/>\nPersonalizaci\u00f3n: Diferentes espesores, densidades y estilos de tejido est\u00e1n disponibles seg\u00fan las necesidades del cliente para satisfacer los requisitos de aplicaciones diversificadas.<br \/>\n\u00c1mbitos de aplicaci\u00f3n<br \/>\nAeroespacial: Se utiliza en componentes estructurales y aislamientos de aeronaves, proporcionando una soluci\u00f3n que combina resistencia y ligereza.<br \/>\nEquipo de protecci\u00f3n: Ampliamente utilizado en la fabricaci\u00f3n de camisetas interiores a prueba de balas, camisetas interiores a prueba de pu\u00f1aladas y cascos, proporcionando una excelente protecci\u00f3n.<br \/>\nMateriales compuestos: se utilizan para mejorar la resistencia y estabilidad de los materiales compuestos, por ejemplo para componentes de automoci\u00f3n, equipamiento deportivo y otros campos.<br \/>\nIngenier\u00eda industrial: para durabilidad y seguridad en cintas transportadoras de alto rendimiento, refuerzos de mangueras y otros equipos industriales.<br \/>\nIdeal para aplicaciones de alta resistencia, duraderas y ligeras, el tejido de fibra de aramida no s\u00f3lo es de alto rendimiento, sino tambi\u00e9n sostenible y vers\u00e1til, proporcionando soluciones innovadoras para la ingenier\u00eda y el dise\u00f1o en una amplia gama de industrias.<\/p>","protected":false},"excerpt":{"rendered":"<p>Descripci\u00f3n del producto.<br \/>\nEl tejido de fibra de aramida es un tejido de fibra de alto rendimiento conocido por su fuerza superior, resistencia al calor y resistencia a la corrosi\u00f3n. Dise\u00f1ado para aplicaciones que requieren una resistencia y una ligereza extremas, se utiliza en la industria aeroespacial, los materiales bal\u00edsticos, el refuerzo de compuestos y la ingenier\u00eda industrial. El tejido de fibra de aramida ofrece un rendimiento fiable y constante en entornos extremos y cr\u00edticos.<\/p>\n<p>Material:<\/p>\n<p>Fibra de aramida de alto rendimiento 100%.<br \/>\nPropiedades f\u00edsicas:<\/p>\n<p>Resistencia a la tracci\u00f3n: &gt;3.000 MPa.<br \/>\nDensidad: ~1,44 g\/cm\u00b3 (aproximadamente 1\/5 del peso del acero).<br \/>\nResistencia t\u00e9rmica: Rendimiento estable hasta 300\u2103.<br \/>\nResistencia qu\u00edmica:<\/p>\n<p>Resistente a \u00e1cidos, \u00e1lcalis y la mayor\u00eda de disolventes.<br \/>\nPersonalizaci\u00f3n:<\/p>\n<p>Disponible en varios grosores, tramas y densidades para satisfacer los requisitos espec\u00edficos de cada aplicaci\u00f3n.<br \/>\nAplicaciones:<\/p>\n<p>Aeroespacial, defensa, automoci\u00f3n, equipos industriales y materiales compuestos.<br \/>\nCaracter\u00edsticas principales:<\/p>\n<p>Ligero pero ultrarresistente.<br \/>\nExcelente resistencia al impacto y a la abrasi\u00f3n.<br \/>\nDurabilidad superior en entornos extremos.<\/p>","protected":false},"featured_media":2022,"comment_status":"open","ping_status":"closed","template":"","meta":{"_uag_custom_page_level_css":"","site-sidebar-layout":"default","site-content-layout":"","ast-site-content-layout":"default","site-content-style":"default","site-sidebar-style":"default","ast-global-header-display":"","ast-banner-title-visibility":"","ast-main-header-display":"","ast-hfb-above-header-display":"","ast-hfb-below-header-display":"","ast-hfb-mobile-header-display":"","site-post-title":"","ast-breadcrumbs-content":"","ast-featured-img":"","footer-sml-layout":"","ast-disable-related-posts":"","theme-transparent-header-meta":"default","adv-header-id-meta":"","stick-header-meta":"","header-above-stick-meta":"","header-main-stick-meta":"","header-below-stick-meta":"","astra-migrate-meta-layouts":"set","ast-page-background-enabled":"default","ast-page-background-meta":{"desktop":{"background-color":"var(--ast-global-color-5)","background-image":"","background-repeat":"repeat","background-position":"center center","background-size":"auto","background-attachment":"scroll","background-type":"","background-media":"","overlay-type":"","overlay-color":"","overlay-opacity":"","overlay-gradient":""},"tablet":{"background-color":"","background-image":"","background-repeat":"repeat","background-position":"center center","background-size":"auto","background-attachment":"scroll","background-type":"","background-media":"","overlay-type":"","overlay-color":"","overlay-opacity":"","overlay-gradient":""},"mobile":{"background-color":"","background-image":"","background-repeat":"repeat","background-position":"center center","background-size":"auto","background-attachment":"scroll","background-type":"","background-media":"","overlay-type":"","overlay-color":"","overlay-opacity":"","overlay-gradient":""}},"ast-content-background-meta":{"desktop":{"background-color":"var(--ast-global-color-4)","background-image":"","background-repeat":"repeat","background-position":"center center","background-size":"auto","background-attachment":"scroll","background-type":"","background-media":"","overlay-type":"","overlay-color":"","overlay-opacity":"","overlay-gradient":""},"tablet":{"background-color":"var(--ast-global-color-4)","background-image":"","background-repeat":"repeat","background-position":"center center","background-size":"auto","background-attachment":"scroll","background-type":"","background-media":"","overlay-type":"","overlay-color":"","overlay-opacity":"","overlay-gradient":""},"mobile":{"background-color":"var(--ast-global-color-4)","background-image":"","background-repeat":"repeat","background-position":"center center","background-size":"auto","background-attachment":"scroll","background-type":"","background-media":"","overlay-type":"","overlay-color":"","overlay-opacity":"","overlay-gradient":""}}},"product_brand":[],"product_cat":[52],"product_tag":[],"class_list":{"0":"post-2021","1":"product","2":"type-product","3":"status-publish","4":"has-post-thumbnail","6":"product_cat-aramid-fiber-fabric","7":"desktop-align-left","8":"tablet-align-left","9":"mobile-align-left","11":"first","12":"instock","13":"shipping-taxable","14":"product-type-simple"},"yoast_head":"<!-- This site is optimized with the Yoast SEO plugin v24.1 - https:\/\/yoast.com\/wordpress\/plugins\/seo\/ -->\n<title>Aramid Fiber Fabric Wholesale | Feicheng Tongfa<\/title>\n<meta name=\"description\" content=\"Aramid Fiber Fabric is a high performance fiber fabric known for its superior strength, heat resistance and corrosion resistance. Designed for applications requiring extreme strength and lightweight, it is used in aerospace, ballistic materials, composite reinforcement and industrial engineering. Aramid Fiber Fabric provides reliable, consistent performance in both extreme and critical environments.\" \/>\n<meta name=\"robots\" content=\"index, follow, max-snippet:-1, max-image-preview:large, max-video-preview:-1\" \/>\n<link rel=\"canonical\" href=\"https:\/\/pengbu.jkkapi.top\/es\/producto\/tejido-de-fibra-de-aramida\/\" \/>\n<meta property=\"og:locale\" content=\"es_ES\" \/>\n<meta property=\"og:type\" content=\"article\" \/>\n<meta property=\"og:title\" content=\"Aramid Fiber Fabric Wholesale | Feicheng Tongfa\" \/>\n<meta property=\"og:description\" content=\"Aramid Fiber Fabric is a high performance fiber fabric known for its superior strength, heat resistance and corrosion resistance. Designed for applications requiring extreme strength and lightweight, it is used in aerospace, ballistic materials, composite reinforcement and industrial engineering. Aramid Fiber Fabric provides reliable, consistent performance in both extreme and critical environments.\" \/>\n<meta property=\"og:url\" content=\"https:\/\/pengbu.jkkapi.top\/es\/producto\/tejido-de-fibra-de-aramida\/\" \/>\n<meta property=\"article:modified_time\" content=\"2025-10-25T00:00:08+00:00\" \/>\n<meta property=\"og:image\" content=\"https:\/\/pengbu.jkkapi.top\/wp-content\/uploads\/2024\/11\/Aramid-Fiber-Fabric.jpg\" \/>\n\t<meta property=\"og:image:width\" content=\"699\" \/>\n\t<meta property=\"og:image:height\" content=\"703\" \/>\n\t<meta property=\"og:image:type\" content=\"image\/jpeg\" \/>\n<meta name=\"twitter:card\" content=\"summary_large_image\" \/>\n<meta name=\"twitter:label1\" content=\"Tiempo de lectura\" \/>\n\t<meta name=\"twitter:data1\" content=\"2 minutos\" \/>\n<script type=\"application\/ld+json\" class=\"yoast-schema-graph\">{\"@context\":\"https:\/\/schema.org\",\"@graph\":[{\"@type\":\"WebPage\",\"@id\":\"https:\/\/pengbu.jkkapi.top\/product\/aramid-fiber-fabric\/\",\"url\":\"https:\/\/pengbu.jkkapi.top\/product\/aramid-fiber-fabric\/\",\"name\":\"Aramid Fiber Fabric Wholesale | Feicheng Tongfa\",\"isPartOf\":{\"@id\":\"https:\/\/pengbu.jkkapi.top\/#website\"},\"primaryImageOfPage\":{\"@id\":\"https:\/\/pengbu.jkkapi.top\/product\/aramid-fiber-fabric\/#primaryimage\"},\"image\":{\"@id\":\"https:\/\/pengbu.jkkapi.top\/product\/aramid-fiber-fabric\/#primaryimage\"},\"thumbnailUrl\":\"https:\/\/pengbu.jkkapi.top\/wp-content\/uploads\/2024\/11\/Aramid-Fiber-Fabric.jpg\",\"datePublished\":\"2024-11-16T07:04:33+00:00\",\"dateModified\":\"2025-10-25T00:00:08+00:00\",\"description\":\"Aramid Fiber Fabric is a high performance fiber fabric known for its superior strength, heat resistance and corrosion resistance. Designed for applications requiring extreme strength and lightweight, it is used in aerospace, ballistic materials, composite reinforcement and industrial engineering. Aramid Fiber Fabric provides reliable, consistent performance in both extreme and critical environments.\",\"breadcrumb\":{\"@id\":\"https:\/\/pengbu.jkkapi.top\/product\/aramid-fiber-fabric\/#breadcrumb\"},\"inLanguage\":\"es\",\"potentialAction\":[{\"@type\":\"ReadAction\",\"target\":[\"https:\/\/pengbu.jkkapi.top\/product\/aramid-fiber-fabric\/\"]}]},{\"@type\":\"ImageObject\",\"inLanguage\":\"es\",\"@id\":\"https:\/\/pengbu.jkkapi.top\/product\/aramid-fiber-fabric\/#primaryimage\",\"url\":\"https:\/\/pengbu.jkkapi.top\/wp-content\/uploads\/2024\/11\/Aramid-Fiber-Fabric.jpg\",\"contentUrl\":\"https:\/\/pengbu.jkkapi.top\/wp-content\/uploads\/2024\/11\/Aramid-Fiber-Fabric.jpg\",\"width\":699,\"height\":703,\"caption\":\"Aramid Fiber Fabric\"},{\"@type\":\"BreadcrumbList\",\"@id\":\"https:\/\/pengbu.jkkapi.top\/product\/aramid-fiber-fabric\/#breadcrumb\",\"itemListElement\":[{\"@type\":\"ListItem\",\"position\":1,\"name\":\"Home\",\"item\":\"https:\/\/pengbu.jkkapi.top\/\"},{\"@type\":\"ListItem\",\"position\":2,\"name\":\"Products\",\"item\":\"https:\/\/pengbu.jkkapi.top\/shop\/\"},{\"@type\":\"ListItem\",\"position\":3,\"name\":\"Geogrid\",\"item\":\"https:\/\/pengbu.jkkapi.top\/product-category\/geogrid\/\"},{\"@type\":\"ListItem\",\"position\":4,\"name\":\"Aramid Fiber Fabric\",\"item\":\"https:\/\/pengbu.jkkapi.top\/product-category\/geogrid\/aramid-fiber-fabric\/\"},{\"@type\":\"ListItem\",\"position\":5,\"name\":\"Aramid Fiber Fabric\"}]},{\"@type\":\"WebSite\",\"@id\":\"https:\/\/pengbu.jkkapi.top\/#website\",\"url\":\"https:\/\/pengbu.jkkapi.top\/\",\"name\":\"Tarpaulin manufacturer-Truck tarpaulin-PVC mesh-Feicheng Tongfa Trading\",\"description\":\"\",\"publisher\":{\"@id\":\"https:\/\/pengbu.jkkapi.top\/#organization\"},\"alternateName\":\"Tarpaulin manufacturer-Truck tarpaulin-Feicheng Tongfa\",\"potentialAction\":[{\"@type\":\"SearchAction\",\"target\":{\"@type\":\"EntryPoint\",\"urlTemplate\":\"https:\/\/pengbu.jkkapi.top\/?s={search_term_string}\"},\"query-input\":{\"@type\":\"PropertyValueSpecification\",\"valueRequired\":true,\"valueName\":\"search_term_string\"}}],\"inLanguage\":\"es\"},{\"@type\":\"Organization\",\"@id\":\"https:\/\/pengbu.jkkapi.top\/#organization\",\"name\":\"FeiCheng TongFa\",\"url\":\"https:\/\/pengbu.jkkapi.top\/\",\"logo\":{\"@type\":\"ImageObject\",\"inLanguage\":\"es\",\"@id\":\"https:\/\/pengbu.jkkapi.top\/#\/schema\/logo\/image\/\",\"url\":\"https:\/\/pengbu.jkkapi.top\/wp-content\/uploads\/2024\/09\/logo.jpg\",\"contentUrl\":\"https:\/\/pengbu.jkkapi.top\/wp-content\/uploads\/2024\/09\/logo.jpg\",\"width\":605,\"height\":121,\"caption\":\"FeiCheng TongFa\"},\"image\":{\"@id\":\"https:\/\/pengbu.jkkapi.top\/#\/schema\/logo\/image\/\"}}]}<\/script>\n<!-- \/ Yoast SEO plugin. -->","yoast_head_json":{"title":"Tejido de Fibra de Aramida al por mayor | Feicheng Tongfa","description":"El tejido de fibra de aramida es un tejido de fibra de alto rendimiento conocido por su fuerza superior, resistencia al calor y resistencia a la corrosi\u00f3n. Dise\u00f1ado para aplicaciones que requieren una resistencia y una ligereza extremas, se utiliza en la industria aeroespacial, los materiales bal\u00edsticos, el refuerzo de compuestos y la ingenier\u00eda industrial. El tejido de fibra de aramida ofrece un rendimiento fiable y constante en entornos extremos y cr\u00edticos.","robots":{"index":"index","follow":"follow","max-snippet":"max-snippet:-1","max-image-preview":"max-image-preview:large","max-video-preview":"max-video-preview:-1"},"canonical":"https:\/\/pengbu.jkkapi.top\/es\/producto\/tejido-de-fibra-de-aramida\/","og_locale":"es_ES","og_type":"article","og_title":"Aramid Fiber Fabric Wholesale | Feicheng Tongfa","og_description":"Aramid Fiber Fabric is a high performance fiber fabric known for its superior strength, heat resistance and corrosion resistance. Designed for applications requiring extreme strength and lightweight, it is used in aerospace, ballistic materials, composite reinforcement and industrial engineering. Aramid Fiber Fabric provides reliable, consistent performance in both extreme and critical environments.","og_url":"https:\/\/pengbu.jkkapi.top\/es\/producto\/tejido-de-fibra-de-aramida\/","article_modified_time":"2025-10-25T00:00:08+00:00","og_image":[{"width":699,"height":703,"url":"https:\/\/pengbu.jkkapi.top\/wp-content\/uploads\/2024\/11\/Aramid-Fiber-Fabric.jpg","type":"image\/jpeg"}],"twitter_card":"summary_large_image","twitter_misc":{"Tiempo de lectura":"2 minutos"},"schema":{"@context":"https:\/\/schema.org","@graph":[{"@type":"WebPage","@id":"https:\/\/pengbu.jkkapi.top\/product\/aramid-fiber-fabric\/","url":"https:\/\/pengbu.jkkapi.top\/product\/aramid-fiber-fabric\/","name":"Tejido de Fibra de Aramida al por mayor | Feicheng Tongfa","isPartOf":{"@id":"https:\/\/pengbu.jkkapi.top\/#website"},"primaryImageOfPage":{"@id":"https:\/\/pengbu.jkkapi.top\/product\/aramid-fiber-fabric\/#primaryimage"},"image":{"@id":"https:\/\/pengbu.jkkapi.top\/product\/aramid-fiber-fabric\/#primaryimage"},"thumbnailUrl":"https:\/\/pengbu.jkkapi.top\/wp-content\/uploads\/2024\/11\/Aramid-Fiber-Fabric.jpg","datePublished":"2024-11-16T07:04:33+00:00","dateModified":"2025-10-25T00:00:08+00:00","description":"El tejido de fibra de aramida es un tejido de fibra de alto rendimiento conocido por su fuerza superior, resistencia al calor y resistencia a la corrosi\u00f3n. Dise\u00f1ado para aplicaciones que requieren una resistencia y una ligereza extremas, se utiliza en la industria aeroespacial, los materiales bal\u00edsticos, el refuerzo de compuestos y la ingenier\u00eda industrial. El tejido de fibra de aramida ofrece un rendimiento fiable y constante en entornos extremos y cr\u00edticos.","breadcrumb":{"@id":"https:\/\/pengbu.jkkapi.top\/product\/aramid-fiber-fabric\/#breadcrumb"},"inLanguage":"es","potentialAction":[{"@type":"ReadAction","target":["https:\/\/pengbu.jkkapi.top\/product\/aramid-fiber-fabric\/"]}]},{"@type":"ImageObject","inLanguage":"es","@id":"https:\/\/pengbu.jkkapi.top\/product\/aramid-fiber-fabric\/#primaryimage","url":"https:\/\/pengbu.jkkapi.top\/wp-content\/uploads\/2024\/11\/Aramid-Fiber-Fabric.jpg","contentUrl":"https:\/\/pengbu.jkkapi.top\/wp-content\/uploads\/2024\/11\/Aramid-Fiber-Fabric.jpg","width":699,"height":703,"caption":"Aramid Fiber Fabric"},{"@type":"BreadcrumbList","@id":"https:\/\/pengbu.jkkapi.top\/product\/aramid-fiber-fabric\/#breadcrumb","itemListElement":[{"@type":"ListItem","position":1,"name":"Home","item":"https:\/\/pengbu.jkkapi.top\/"},{"@type":"ListItem","position":2,"name":"Products","item":"https:\/\/pengbu.jkkapi.top\/shop\/"},{"@type":"ListItem","position":3,"name":"Geogrid","item":"https:\/\/pengbu.jkkapi.top\/product-category\/geogrid\/"},{"@type":"ListItem","position":4,"name":"Aramid Fiber Fabric","item":"https:\/\/pengbu.jkkapi.top\/product-category\/geogrid\/aramid-fiber-fabric\/"},{"@type":"ListItem","position":5,"name":"Aramid Fiber Fabric"}]},{"@type":"WebSite","@id":"https:\/\/pengbu.jkkapi.top\/#website","url":"https:\/\/pengbu.jkkapi.top\/","name":"Fabricante de lonas-Truck tarpaulin-PVC mesh-Feicheng Tongfa Trading","description":"","publisher":{"@id":"https:\/\/pengbu.jkkapi.top\/#organization"},"alternateName":"Tarpaulin manufacturer-Truck tarpaulin-Feicheng Tongfa","potentialAction":[{"@type":"SearchAction","target":{"@type":"EntryPoint","urlTemplate":"https:\/\/pengbu.jkkapi.top\/?s={search_term_string}"},"query-input":{"@type":"PropertyValueSpecification","valueRequired":true,"valueName":"search_term_string"}}],"inLanguage":"es"},{"@type":"Organization","@id":"https:\/\/pengbu.jkkapi.top\/#organization","name":"FeiCheng TongFa","url":"https:\/\/pengbu.jkkapi.top\/","logo":{"@type":"ImageObject","inLanguage":"es","@id":"https:\/\/pengbu.jkkapi.top\/#\/schema\/logo\/image\/","url":"https:\/\/pengbu.jkkapi.top\/wp-content\/uploads\/2024\/09\/logo.jpg","contentUrl":"https:\/\/pengbu.jkkapi.top\/wp-content\/uploads\/2024\/09\/logo.jpg","width":605,"height":121,"caption":"FeiCheng TongFa"},"image":{"@id":"https:\/\/pengbu.jkkapi.top\/#\/schema\/logo\/image\/"}}]}},"uagb_featured_image_src":{"full":["https:\/\/pengbu.jkkapi.top\/wp-content\/uploads\/2024\/11\/Aramid-Fiber-Fabric.jpg",699,703,false],"thumbnail":["https:\/\/pengbu.jkkapi.top\/wp-content\/uploads\/2024\/11\/Aramid-Fiber-Fabric-150x150.jpg",150,150,true],"medium":["https:\/\/pengbu.jkkapi.top\/wp-content\/uploads\/2024\/11\/Aramid-Fiber-Fabric-298x300.jpg",298,300,true],"medium_large":["https:\/\/pengbu.jkkapi.top\/wp-content\/uploads\/2024\/11\/Aramid-Fiber-Fabric.jpg",699,703,false],"large":["https:\/\/pengbu.jkkapi.top\/wp-content\/uploads\/2024\/11\/Aramid-Fiber-Fabric.jpg",699,703,false],"1536x1536":["https:\/\/pengbu.jkkapi.top\/wp-content\/uploads\/2024\/11\/Aramid-Fiber-Fabric.jpg",699,703,false],"2048x2048":["https:\/\/pengbu.jkkapi.top\/wp-content\/uploads\/2024\/11\/Aramid-Fiber-Fabric.jpg",699,703,false],"trp-custom-language-flag":["https:\/\/pengbu.jkkapi.top\/wp-content\/uploads\/2024\/11\/Aramid-Fiber-Fabric-12x12.jpg",12,12,true],"woocommerce_thumbnail":["https:\/\/pengbu.jkkapi.top\/wp-content\/uploads\/2024\/11\/Aramid-Fiber-Fabric-300x300.jpg",300,300,true],"woocommerce_single":["https:\/\/pengbu.jkkapi.top\/wp-content\/uploads\/2024\/11\/Aramid-Fiber-Fabric-600x603.jpg",600,603,true],"woocommerce_gallery_thumbnail":["https:\/\/pengbu.jkkapi.top\/wp-content\/uploads\/2024\/11\/Aramid-Fiber-Fabric-100x100.jpg",100,100,true]},"uagb_author_info":{"display_name":"user","author_link":"https:\/\/pengbu.jkkapi.top\/es\/author\/"},"uagb_comment_info":9,"uagb_excerpt":"Product Description. Aramid Fiber Fabric is a high performance fiber fabric known for its superior strength, heat resistance and corrosion resistance. Designed for applications requiring extreme strength and lightweight, it is used in aerospace, ballistic materials, composite reinforcement and industrial engineering. Aramid Fiber Fabric provides reliable, consistent performance in both extreme and critical environments. Material:&hellip;","_links":{"self":[{"href":"https:\/\/pengbu.jkkapi.top\/es\/wp-json\/wp\/v2\/product\/2021","targetHints":{"allow":["GET"]}}],"collection":[{"href":"https:\/\/pengbu.jkkapi.top\/es\/wp-json\/wp\/v2\/product"}],"about":[{"href":"https:\/\/pengbu.jkkapi.top\/es\/wp-json\/wp\/v2\/types\/product"}],"replies":[{"embeddable":true,"href":"https:\/\/pengbu.jkkapi.top\/es\/wp-json\/wp\/v2\/comments?post=2021"}],"wp:featuredmedia":[{"embeddable":true,"href":"https:\/\/pengbu.jkkapi.top\/es\/wp-json\/wp\/v2\/media\/2022"}],"wp:attachment":[{"href":"https:\/\/pengbu.jkkapi.top\/es\/wp-json\/wp\/v2\/media?parent=2021"}],"wp:term":[{"taxonomy":"product_brand","embeddable":true,"href":"https:\/\/pengbu.jkkapi.top\/es\/wp-json\/wp\/v2\/product_brand?post=2021"},{"taxonomy":"product_cat","embeddable":true,"href":"https:\/\/pengbu.jkkapi.top\/es\/wp-json\/wp\/v2\/product_cat?post=2021"},{"taxonomy":"product_tag","embeddable":true,"href":"https:\/\/pengbu.jkkapi.top\/es\/wp-json\/wp\/v2\/product_tag?post=2021"}],"curies":[{"name":"wp","href":"https:\/\/api.w.org\/{rel}","templated":true}]}}