{"id":328,"date":"2024-09-04T01:59:37","date_gmt":"2024-09-04T01:59:37","guid":{"rendered":"https:\/\/pengbu.jkkapi.top\/about\/"},"modified":"2025-08-20T08:27:36","modified_gmt":"2025-08-20T08:27:36","slug":"about","status":"publish","type":"page","link":"https:\/\/pengbu.jkkapi.top\/fr\/about\/","title":{"rendered":"A propos de"},"content":{"rendered":"<div class=\"wp-block-uagb-container uag-blocks-common-selector uagb-block-92205b50 alignfull uagb-is-root-container\"><div class=\"uagb-container-inner-blocks-wrap\">\n<div class=\"wp-block-uagb-info-box uagb-block-25ee4bec uagb-infobox__content-wrap  uagb-infobox-icon-above-title uagb-infobox-image-valign-top wp-block-uagb-info-box--has-margin\"><div class=\"uagb-infobox-margin-wrapper\"><div class=\"uagb-ifb-content\"><div class=\"uagb-ifb-title-wrap\"><h1 class=\"uagb-ifb-title\">\u00c0 PROPOS DE NOUS<\/h1><\/div><div class=\"uagb-ifb-separator\"><\/div><p class=\"uagb-ifb-desc\"><strong>Feicheng Tongfa Trading Co. Ltd.<\/strong>&nbsp;est une entreprise professionnelle engag\u00e9e dans la production, le traitement et la vente de textiles industriels tels que le PE, le PVC, etc. Nos principaux produits sont les b\u00e2ches de camion, les b\u00e2ches en PVC, les b\u00e2ches en PE et autres, avec un march\u00e9 couvrant la plupart des pays et r\u00e9gions du monde.<\/p><\/div><\/div><\/div>\n<\/div><\/div>\n\n\n\n<div class=\"wp-block-uagb-container uagb-block-2ff557b3 alignfull uagb-is-root-container\"><div class=\"uagb-container-inner-blocks-wrap\">\n<div class=\"wp-block-uagb-advanced-heading uagb-block-834bc74a\"><h2 class=\"uagb-heading-text\">Pour tous vos besoins en mati\u00e8re de b\u00e2ches<\/h2><p class=\"uagb-desc-text\">L'entreprise est situ\u00e9e au pied du majestueux et magnifique mont Tai, avec des moyens de transport pratiques. Elle se trouve \u00e0 340 kilom\u00e8tres du port de Qingdao et \u00e0 100 kilom\u00e8tres de l'a\u00e9roport international de Jinan, ce qui rend son emplacement tr\u00e8s avantageux. Nous disposons de deux lignes de production d'enduction au couteau import\u00e9es, avec une production annuelle de 30 millions de m\u00e8tres carr\u00e9s de b\u00e2ches diverses. La soci\u00e9t\u00e9 se consacre \u00e0 la recherche et au d\u00e9veloppement de tissus enduits au couteau de PVC, avec des activit\u00e9s commerciales couvrant l'ourdissage, le tissage, l'enduction, l'inspection, les ventes et le service apr\u00e8s-vente, fournissant des services personnalis\u00e9s adapt\u00e9s aux besoins de nos clients.<\/p><\/div>\n<\/div><\/div>\n\n\n\n<div class=\"wp-block-uagb-container uagb-block-c69ea5a4 alignfull uagb-is-root-container\"><div class=\"uagb-container-inner-blocks-wrap\">\n<div class=\"wp-block-uagb-image uagb-block-e2e4b39d wp-block-uagb-image--layout-default wp-block-uagb-image--effect-static wp-block-uagb-image--align-none\"><figure class=\"wp-block-uagb-image__figure\"><img decoding=\"async\" srcset=\"https:\/\/pengbu.jkkapi.top\/wp-content\/uploads\/2024\/09\/1newtent-1024x668.jpg ,https:\/\/pengbu.jkkapi.top\/wp-content\/uploads\/2024\/09\/1newtent.jpg 780w, https:\/\/pengbu.jkkapi.top\/wp-content\/uploads\/2024\/09\/1newtent.jpg 360w\" sizes=\"auto, (max-width: 480px) 150px\" src=\"https:\/\/pengbu.jkkapi.top\/wp-content\/uploads\/2024\/09\/1newtent-1024x668.jpg\" alt=\"\" class=\"uag-image-1551\" width=\"1024\" height=\"668\" title=\"1newtent\" loading=\"lazy\" role=\"img\"\/><\/figure><\/div>\n<\/div><\/div>\n\n\n\n<div class=\"wp-block-uagb-container uagb-block-569d153c alignfull uagb-is-root-container\"><div class=\"uagb-container-inner-blocks-wrap\">\n<div class=\"wp-block-uagb-container uagb-layout-grid uagb-block-08bcd5b3 alignfull uagb-is-root-container\"><div class=\"uagb-container-inner-blocks-wrap\">\n<div class=\"wp-block-uagb-image alignleft uagb-block-85bc0136 wp-block-uagb-image--layout-default wp-block-uagb-image--effect-static wp-block-uagb-image--align-left\"><figure class=\"wp-block-uagb-image__figure\"><img decoding=\"async\" srcset=\"https:\/\/pengbu.jkkapi.top\/wp-content\/uploads\/2024\/09\/1newtent.jpg ,https:\/\/pengbu.jkkapi.top\/wp-content\/uploads\/2024\/09\/1newtent.jpg 780w, https:\/\/pengbu.jkkapi.top\/wp-content\/uploads\/2024\/09\/1newtent.jpg 360w\" sizes=\"auto, (max-width: 480px) 150px\" src=\"https:\/\/pengbu.jkkapi.top\/wp-content\/uploads\/2024\/09\/1newtent.jpg\" alt=\"\" class=\"uag-image-1551\" width=\"417\" height=\"788\" title=\"1newtent\" loading=\"lazy\" role=\"img\"\/><\/figure><\/div>\n\n\n\n<div class=\"wp-block-uagb-info-box uagb-block-229f40af uagb-infobox__content-wrap  uagb-infobox-icon-above-title uagb-infobox-image-valign-top\"><div class=\"uagb-ifb-content\"><div class=\"uagb-ifb-title-wrap\"><h2 class=\"uagb-ifb-title\">Un fabricant professionnel de b\u00e2ches<\/h2><\/div><p class=\"uagb-ifb-desc\">En tant que fabricant professionnel de b\u00e2ches, nos produits sont non seulement technologiquement avanc\u00e9s, mais ils pr\u00e9sentent \u00e9galement une grande solidit\u00e9, d'excellentes performances d'\u00e9tanch\u00e9it\u00e9, des propri\u00e9t\u00e9s autonettoyantes, une r\u00e9sistance \u00e0 la corrosion et une longue dur\u00e9e de vie. Ils ont pass\u00e9 les tests environnementaux internationaux tels que EN71-3, REACH et ROHS. Nos produits sont largement utilis\u00e9s dans les b\u00e2ches de camion, les rideaux lat\u00e9raux de camion, les mat\u00e9riaux gonflables, les mat\u00e9riaux de tente, les structures de membrane de b\u00e2timent, etc. Ils sont export\u00e9s vers les march\u00e9s nationaux et internationaux, ce qui leur vaut les \u00e9loges des clients ! L'entreprise adopte une attitude rigoureuse, se concentre sur chaque produit et s'efforce de devenir un leader dans l'industrie !<\/p><\/div><\/div>\n<\/div><\/div>\n\n\n\n<div class=\"wp-block-uagb-container uagb-layout-flex uagb-block-9d5f4720 alignfull uagb-is-root-container\"><div class=\"uagb-container-inner-blocks-wrap\">\n<div class=\"wp-block-uagb-container uagb-block-4cd0912d\">\n<div class=\"wp-block-uagb-info-box uagb-block-e5a06a9b uagb-infobox__content-wrap  uagb-infobox-icon-above-title uagb-infobox-image-valign-top\"><div class=\"uagb-ifb-content\"><div class=\"uagb-ifb-title-wrap\"><h2 class=\"uagb-ifb-title\"><br><br>Produits de b\u00e2che de haute qualit\u00e9 et abordables<br><\/h2><\/div><p class=\"uagb-ifb-desc\">Nous travaillons en stricte conformit\u00e9 avec le syst\u00e8me de gestion de la qualit\u00e9 ISO9001, en mettant en place un syst\u00e8me complet de contr\u00f4le de la qualit\u00e9, depuis l'approvisionnement en mati\u00e8res premi\u00e8res, la formulation des processus, le contr\u00f4le de la qualit\u00e9 en ligne, jusqu'\u00e0 l'exp\u00e9dition des produits finis. L'entreprise a recrut\u00e9 des ing\u00e9nieurs nationaux exp\u00e9riment\u00e9s et se concentre sur la recherche et le d\u00e9veloppement, l'am\u00e9lioration de la qualit\u00e9 des produits et le renforcement continu de la gestion et de l'auto-am\u00e9lioration afin de garantir \u00e0 ses clients des produits stables et de haute qualit\u00e9. Avec une grande force technique, un \u00e9quipement de production avanc\u00e9, un contr\u00f4le de qualit\u00e9 strict et un excellent service, nous sommes impatients de prendre notre envol avec vous !<br><br><strong>Avantages du produit<\/strong>: <br>Imperm\u00e9able, r\u00e9sistant au soleil, anti-\u00e2ge, r\u00e9sistant au froid, r\u00e9sistant \u00e0 l'usure, r\u00e9sistant \u00e0 la corrosion et l\u00e9ger.<br><br><strong>Applications des produits<\/strong>:<br><strong>B\u00e2ches pour trains et camions<\/strong>: Largement utilis\u00e9 pour couvrir les marchandises sur les v\u00e9hicules, les navires, les usines et les mines.<br><strong>Tissus pour tentes<\/strong>: Convient \u00e0 diverses utilisations en ext\u00e9rieur, telles que la protection solaire, l'imperm\u00e9abilisation, les barri\u00e8res contre l'humidit\u00e9, les b\u00e2ches de sol et les voyages en plein air.<br><strong>Tissus agricoles<\/strong>: Utilis\u00e9 pour couvrir le ma\u00efs, le bl\u00e9, le foin et le bois.<br><br>En outre, nous pouvons personnaliser la production de tissus pour la couverture des marchandises, de tissus pour l'aquaculture, de rideaux enroulables pour les serres, de couvertures isolantes pour les serres de l\u00e9gumes et de tissus de d\u00e9sherbage pour le jardinage. Nos prix sont comp\u00e9titifs et les demandes de renseignements sont les bienvenues.<\/p><\/div><\/div>\n<\/div>\n\n\n\n<div class=\"wp-block-uagb-image alignright uagb-block-9dc3bcaa wp-block-uagb-image--layout-default wp-block-uagb-image--effect-static wp-block-uagb-image--align-right\"><figure class=\"wp-block-uagb-image__figure\"><img decoding=\"async\" srcset=\"https:\/\/pengbu.jkkapi.top\/wp-content\/uploads\/2024\/09\/1newtent-1024x668.jpg ,https:\/\/pengbu.jkkapi.top\/wp-content\/uploads\/2024\/09\/1newtent.jpg 780w, https:\/\/pengbu.jkkapi.top\/wp-content\/uploads\/2024\/09\/1newtent.jpg 360w\" sizes=\"auto, (max-width: 480px) 150px\" src=\"https:\/\/pengbu.jkkapi.top\/wp-content\/uploads\/2024\/09\/1newtent-1024x668.jpg\" alt=\"\" class=\"uag-image-1551\" width=\"578\" height=\"497\" title=\"1newtent\" loading=\"lazy\" role=\"img\"\/><\/figure><\/div>\n<\/div><\/div>\n<\/div><\/div>\n\n\n\n<div class=\"wp-block-uagb-container uagb-block-1fc74e82 alignfull uagb-is-root-container\">\n<div class=\"wp-block-uagb-info-box uagb-block-6f4011ff uagb-infobox__content-wrap  uagb-infobox-icon-above-title uagb-infobox-image-valign-top\"><div class=\"uagb-ifb-content\"><div class=\"uagb-ifb-icon-wrap\"><svg xmlns=\"https:\/\/www.w3.org\/2000\/svg\" viewbox=\"0 0 448 512\"><path d=\"M224.1 141c-63.6 0-114.9 51.3-114.9 114.9s51.3 114.9 114.9 114.9S339 319.5 339 255.9 287.7 141 224.1 141zm0 189.6c-41.1 0-74.7-33.5-74.7-74.7s33.5-74.7 74.7-74.7 74.7 33.5 74.7 74.7-33.6 74.7-74.7 74.7zm146.4-194.3c0 14.9-12 26.8-26.8 26.8-14.9 0-26.8-12-26.8-26.8s12-26.8 26.8-26.8 26.8 12 26.8 26.8zm76.1 27.2c-1.7-35.9-9.9-67.7-36.2-93.9-26.2-26.2-58-34.4-93.9-36.2-37-2.1-147.9-2.1-184.9 0-35.8 1.7-67.6 9.9-93.9 36.1s-34.4 58-36.2 93.9c-2.1 37-2.1 147.9 0 184.9 1.7 35.9 9.9 67.7 36.2 93.9s58 34.4 93.9 36.2c37 2.1 147.9 2.1 184.9 0 35.9-1.7 67.7-9.9 93.9-36.2 26.2-26.2 34.4-58 36.2-93.9 2.1-37 2.1-147.8 0-184.8zM398.8 388c-7.8 19.6-22.9 34.7-42.6 42.6-29.5 11.7-99.5 9-132.1 9s-102.7 2.6-132.1-9c-19.6-7.8-34.7-22.9-42.6-42.6-11.7-29.5-9-99.5-9-132.1s-2.6-102.7 9-132.1c7.8-19.6 22.9-34.7 42.6-42.6 29.5-11.7 99.5-9 132.1-9s102.7-2.6 132.1 9c19.6 7.8 34.7 22.9 42.6 42.6 11.7 29.5 9 99.5 9 132.1s2.7 102.7-9 132.1z\"><\/path><\/svg><\/div><div class=\"uagb-ifb-title-wrap\"><h3 class=\"uagb-ifb-title\">Suivre @antiques<\/h3><\/div><p class=\"uagb-ifb-desc\">Leo nulla cras augue eros, diam vivamus et lectus volutpat at facilisi tortor porta.<\/p><\/div><\/div>\n\n\n\n<div class=\"wp-block-uagb-image uagb-block-cb4ed534 wp-block-uagb-image--layout-default wp-block-uagb-image--effect-static wp-block-uagb-image--align-none\"><figure class=\"wp-block-uagb-image__figure\"><img decoding=\"async\" srcset=\"https:\/\/pengbu.jkkapi.top\/wp-content\/uploads\/2024\/09\/\u672a\u6807\u9898-1.jpg 1920w, https:\/\/pengbu.jkkapi.top\/wp-content\/uploads\/2024\/09\/\u672a\u6807\u9898-1-300x63.jpg 300w, https:\/\/pengbu.jkkapi.top\/wp-content\/uploads\/2024\/09\/\u672a\u6807\u9898-1-1024x213.jpg 1024w, https:\/\/pengbu.jkkapi.top\/wp-content\/uploads\/2024\/09\/\u672a\u6807\u9898-1-768x160.jpg 768w, https:\/\/pengbu.jkkapi.top\/wp-content\/uploads\/2024\/09\/\u672a\u6807\u9898-1-1536x320.jpg 1536w, https:\/\/pengbu.jkkapi.top\/wp-content\/uploads\/2024\/09\/\u672a\u6807\u9898-1-600x125.jpg 600w\" sizes=\"auto, (max-width: 480px) 150px\" src=\"https:\/\/pengbu.jkkapi.top\/wp-content\/uploads\/2024\/09\/\u672a\u6807\u9898-1.jpg\" alt=\"\" class=\"uag-image-1589\" width=\"1920\" height=\"400\" title=\"\u672a\u6807\u9898-1\" loading=\"lazy\" role=\"img\"\/><\/figure><\/div>\n<\/div>\n\n\n\n<p><\/p>","protected":false},"excerpt":{"rendered":"<p>For All Your Tarp Needs The company is located at the foot of the majestic and beautiful Mount Tai, with convenient transportation. It is 340 kilometers from Qingdao Port and 100 kilometers from Jinan International Airport, making its location highly advantageous. We have two imported knife coating production lines, with an annual output of 30 [&hellip;]<\/p>","protected":false},"author":1,"featured_media":0,"parent":0,"menu_order":0,"comment_status":"closed","ping_status":"closed","template":"","meta":{"_uag_custom_page_level_css":"","site-sidebar-layout":"no-sidebar","site-content-layout":"plain-container","ast-site-content-layout":"normal-width-container","site-content-style":"unboxed","site-sidebar-style":"unboxed","ast-global-header-display":"","ast-banner-title-visibility":"","ast-main-header-display":"","ast-hfb-above-header-display":"","ast-hfb-below-header-display":"","ast-hfb-mobile-header-display":"","site-post-title":"disabled","ast-breadcrumbs-content":"","ast-featured-img":"disabled","footer-sml-layout":"","ast-disable-related-posts":"","theme-transparent-header-meta":"default","adv-header-id-meta":"","stick-header-meta":"","header-above-stick-meta":"","header-main-stick-meta":"","header-below-stick-meta":"","astra-migrate-meta-layouts":"set","ast-page-background-enabled":"default","ast-page-background-meta":{"desktop":{"background-color":"var(--ast-global-color-5)","background-image":"","background-repeat":"repeat","background-position":"center center","background-size":"auto","background-attachment":"scroll","background-type":"","background-media":"","overlay-type":"","overlay-color":"","overlay-opacity":"","overlay-gradient":""},"tablet":{"background-color":"","background-image":"","background-repeat":"repeat","background-position":"center center","background-size":"auto","background-attachment":"scroll","background-type":"","background-media":"","overlay-type":"","overlay-color":"","overlay-opacity":"","overlay-gradient":""},"mobile":{"background-color":"","background-image":"","background-repeat":"repeat","background-position":"center center","background-size":"auto","background-attachment":"scroll","background-type":"","background-media":"","overlay-type":"","overlay-color":"","overlay-opacity":"","overlay-gradient":""}},"ast-content-background-meta":{"desktop":{"background-color":"var(--ast-global-color-4)","background-image":"","background-repeat":"repeat","background-position":"center center","background-size":"auto","background-attachment":"scroll","background-type":"","background-media":"","overlay-type":"","overlay-color":"","overlay-opacity":"","overlay-gradient":""},"tablet":{"background-color":"var(--ast-global-color-4)","background-image":"","background-repeat":"repeat","background-position":"center center","background-size":"auto","background-attachment":"scroll","background-type":"","background-media":"","overlay-type":"","overlay-color":"","overlay-opacity":"","overlay-gradient":""},"mobile":{"background-color":"var(--ast-global-color-4)","background-image":"","background-repeat":"repeat","background-position":"center center","background-size":"auto","background-attachment":"scroll","background-type":"","background-media":"","overlay-type":"","overlay-color":"","overlay-opacity":"","overlay-gradient":""}},"footnotes":""},"class_list":["post-328","page","type-page","status-publish","hentry"],"yoast_head":"<!-- This site is optimized with the Yoast SEO plugin v24.1 - https:\/\/yoast.com\/wordpress\/plugins\/seo\/ -->\n<title>About Feicheng Tongfa - Tarpaulin Manufacturer<\/title>\n<meta name=\"description\" content=\"We are a professional tarpaulin manufacturer in Tai&#039;an, China. We manufacture, wholesale, and sell various tarpaulin products such as truck tarpaulins, PVC tarpaulins, steel tarpaulins and PVC mesh, tents, geogrids, etc. Welcome to consult and purchase!\" \/>\n<meta name=\"robots\" content=\"index, follow, max-snippet:-1, max-image-preview:large, max-video-preview:-1\" \/>\n<link rel=\"canonical\" href=\"https:\/\/pengbu.jkkapi.top\/fr\/about\/\" \/>\n<meta property=\"og:locale\" content=\"fr_FR\" \/>\n<meta property=\"og:type\" content=\"article\" \/>\n<meta property=\"og:title\" content=\"About Feicheng Tongfa - Tarpaulin Manufacturer\" \/>\n<meta property=\"og:description\" content=\"We are a professional tarpaulin manufacturer in Tai&#039;an, China. We manufacture, wholesale, and sell various tarpaulin products such as truck tarpaulins, PVC tarpaulins, steel tarpaulins and PVC mesh, tents, geogrids, etc. Welcome to consult and purchase!\" \/>\n<meta property=\"og:url\" content=\"https:\/\/pengbu.jkkapi.top\/fr\/about\/\" \/>\n<meta property=\"article:modified_time\" content=\"2025-08-20T08:27:36+00:00\" \/>\n<meta property=\"og:image\" content=\"https:\/\/pengbu.jkkapi.top\/wp-content\/uploads\/2024\/09\/1newtent-1024x668.jpg\" \/>\n<meta name=\"twitter:card\" content=\"summary_large_image\" \/>\n<meta name=\"twitter:label1\" content=\"Dur\u00e9e de lecture estim\u00e9e\" \/>\n\t<meta name=\"twitter:data1\" content=\"3 minutes\" \/>\n<script type=\"application\/ld+json\" class=\"yoast-schema-graph\">{\"@context\":\"https:\/\/schema.org\",\"@graph\":[{\"@type\":\"WebPage\",\"@id\":\"https:\/\/pengbu.jkkapi.top\/about\/\",\"url\":\"https:\/\/pengbu.jkkapi.top\/about\/\",\"name\":\"About Feicheng Tongfa - Tarpaulin Manufacturer\",\"isPartOf\":{\"@id\":\"https:\/\/pengbu.jkkapi.top\/#website\"},\"primaryImageOfPage\":{\"@id\":\"https:\/\/pengbu.jkkapi.top\/about\/#primaryimage\"},\"image\":{\"@id\":\"https:\/\/pengbu.jkkapi.top\/about\/#primaryimage\"},\"thumbnailUrl\":\"https:\/\/pengbu.jkkapi.top\/wp-content\/uploads\/2024\/09\/1newtent-1024x668.jpg\",\"datePublished\":\"2024-09-04T01:59:37+00:00\",\"dateModified\":\"2025-08-20T08:27:36+00:00\",\"description\":\"We are a professional tarpaulin manufacturer in Tai'an, China. We manufacture, wholesale, and sell various tarpaulin products such as truck tarpaulins, PVC tarpaulins, steel tarpaulins and PVC mesh, tents, geogrids, etc. Welcome to consult and purchase!\",\"breadcrumb\":{\"@id\":\"https:\/\/pengbu.jkkapi.top\/about\/#breadcrumb\"},\"inLanguage\":\"fr-FR\",\"potentialAction\":[{\"@type\":\"ReadAction\",\"target\":[\"https:\/\/pengbu.jkkapi.top\/about\/\"]}]},{\"@type\":\"ImageObject\",\"inLanguage\":\"fr-FR\",\"@id\":\"https:\/\/pengbu.jkkapi.top\/about\/#primaryimage\",\"url\":\"https:\/\/pengbu.jkkapi.top\/wp-content\/uploads\/2024\/09\/1newtent-1024x668.jpg\",\"contentUrl\":\"https:\/\/pengbu.jkkapi.top\/wp-content\/uploads\/2024\/09\/1newtent-1024x668.jpg\"},{\"@type\":\"BreadcrumbList\",\"@id\":\"https:\/\/pengbu.jkkapi.top\/about\/#breadcrumb\",\"itemListElement\":[{\"@type\":\"ListItem\",\"position\":1,\"name\":\"Home\",\"item\":\"https:\/\/pengbu.jkkapi.top\/\"},{\"@type\":\"ListItem\",\"position\":2,\"name\":\"About\"}]},{\"@type\":\"WebSite\",\"@id\":\"https:\/\/pengbu.jkkapi.top\/#website\",\"url\":\"https:\/\/pengbu.jkkapi.top\/\",\"name\":\"Tarpaulin manufacturer-Truck tarpaulin-PVC mesh-Feicheng Tongfa Trading\",\"description\":\"\",\"publisher\":{\"@id\":\"https:\/\/pengbu.jkkapi.top\/#organization\"},\"alternateName\":\"Tarpaulin manufacturer-Truck tarpaulin-Feicheng Tongfa\",\"potentialAction\":[{\"@type\":\"SearchAction\",\"target\":{\"@type\":\"EntryPoint\",\"urlTemplate\":\"https:\/\/pengbu.jkkapi.top\/?s={search_term_string}\"},\"query-input\":{\"@type\":\"PropertyValueSpecification\",\"valueRequired\":true,\"valueName\":\"search_term_string\"}}],\"inLanguage\":\"fr-FR\"},{\"@type\":\"Organization\",\"@id\":\"https:\/\/pengbu.jkkapi.top\/#organization\",\"name\":\"FeiCheng TongFa\",\"url\":\"https:\/\/pengbu.jkkapi.top\/\",\"logo\":{\"@type\":\"ImageObject\",\"inLanguage\":\"fr-FR\",\"@id\":\"https:\/\/pengbu.jkkapi.top\/#\/schema\/logo\/image\/\",\"url\":\"https:\/\/pengbu.jkkapi.top\/wp-content\/uploads\/2024\/09\/logo.jpg\",\"contentUrl\":\"https:\/\/pengbu.jkkapi.top\/wp-content\/uploads\/2024\/09\/logo.jpg\",\"width\":605,\"height\":121,\"caption\":\"FeiCheng TongFa\"},\"image\":{\"@id\":\"https:\/\/pengbu.jkkapi.top\/#\/schema\/logo\/image\/\"}}]}<\/script>\n<!-- \/ Yoast SEO plugin. -->","yoast_head_json":{"title":"A propos de Feicheng Tongfa - Fabricant de b\u00e2ches","description":"Nous sommes un fabricant professionnel de b\u00e2ches \u00e0 Tai'an, en Chine. Nous fabriquons, vendons en gros et vendons divers produits de b\u00e2che tels que la b\u00e2che de camion, la b\u00e2che en PVC, la b\u00e2che en acier et la maille en PVC, les tentes, les g\u00e9ogrilles, etc. Nous vous invitons \u00e0 nous consulter et \u00e0 acheter !","robots":{"index":"index","follow":"follow","max-snippet":"max-snippet:-1","max-image-preview":"max-image-preview:large","max-video-preview":"max-video-preview:-1"},"canonical":"https:\/\/pengbu.jkkapi.top\/fr\/about\/","og_locale":"fr_FR","og_type":"article","og_title":"About Feicheng Tongfa - Tarpaulin Manufacturer","og_description":"We are a professional tarpaulin manufacturer in Tai'an, China. We manufacture, wholesale, and sell various tarpaulin products such as truck tarpaulins, PVC tarpaulins, steel tarpaulins and PVC mesh, tents, geogrids, etc. Welcome to consult and purchase!","og_url":"https:\/\/pengbu.jkkapi.top\/fr\/about\/","article_modified_time":"2025-08-20T08:27:36+00:00","og_image":[{"url":"https:\/\/pengbu.jkkapi.top\/wp-content\/uploads\/2024\/09\/1newtent-1024x668.jpg","type":"","width":"","height":""}],"twitter_card":"summary_large_image","twitter_misc":{"Dur\u00e9e de lecture estim\u00e9e":"3 minutes"},"schema":{"@context":"https:\/\/schema.org","@graph":[{"@type":"WebPage","@id":"https:\/\/pengbu.jkkapi.top\/about\/","url":"https:\/\/pengbu.jkkapi.top\/about\/","name":"A propos de Feicheng Tongfa - Fabricant de b\u00e2ches","isPartOf":{"@id":"https:\/\/pengbu.jkkapi.top\/#website"},"primaryImageOfPage":{"@id":"https:\/\/pengbu.jkkapi.top\/about\/#primaryimage"},"image":{"@id":"https:\/\/pengbu.jkkapi.top\/about\/#primaryimage"},"thumbnailUrl":"https:\/\/pengbu.jkkapi.top\/wp-content\/uploads\/2024\/09\/1newtent-1024x668.jpg","datePublished":"2024-09-04T01:59:37+00:00","dateModified":"2025-08-20T08:27:36+00:00","description":"Nous sommes un fabricant professionnel de b\u00e2ches \u00e0 Tai'an, en Chine. Nous fabriquons, vendons en gros et vendons divers produits de b\u00e2che tels que la b\u00e2che de camion, la b\u00e2che en PVC, la b\u00e2che en acier et la maille en PVC, les tentes, les g\u00e9ogrilles, etc. Nous vous invitons \u00e0 nous consulter et \u00e0 acheter !","breadcrumb":{"@id":"https:\/\/pengbu.jkkapi.top\/about\/#breadcrumb"},"inLanguage":"fr-FR","potentialAction":[{"@type":"ReadAction","target":["https:\/\/pengbu.jkkapi.top\/about\/"]}]},{"@type":"ImageObject","inLanguage":"fr-FR","@id":"https:\/\/pengbu.jkkapi.top\/about\/#primaryimage","url":"https:\/\/pengbu.jkkapi.top\/wp-content\/uploads\/2024\/09\/1newtent-1024x668.jpg","contentUrl":"https:\/\/pengbu.jkkapi.top\/wp-content\/uploads\/2024\/09\/1newtent-1024x668.jpg"},{"@type":"BreadcrumbList","@id":"https:\/\/pengbu.jkkapi.top\/about\/#breadcrumb","itemListElement":[{"@type":"ListItem","position":1,"name":"Home","item":"https:\/\/pengbu.jkkapi.top\/"},{"@type":"ListItem","position":2,"name":"About"}]},{"@type":"WebSite","@id":"https:\/\/pengbu.jkkapi.top\/#website","url":"https:\/\/pengbu.jkkapi.top\/","name":"Fabricant de b\u00e2ches - B\u00e2ches pour camions - Treillis en PVC - Feicheng Tongfa Trading","description":"","publisher":{"@id":"https:\/\/pengbu.jkkapi.top\/#organization"},"alternateName":"Tarpaulin manufacturer-Truck tarpaulin-Feicheng Tongfa","potentialAction":[{"@type":"SearchAction","target":{"@type":"EntryPoint","urlTemplate":"https:\/\/pengbu.jkkapi.top\/?s={search_term_string}"},"query-input":{"@type":"PropertyValueSpecification","valueRequired":true,"valueName":"search_term_string"}}],"inLanguage":"fr-FR"},{"@type":"Organization","@id":"https:\/\/pengbu.jkkapi.top\/#organization","name":"FeiCheng TongFa","url":"https:\/\/pengbu.jkkapi.top\/","logo":{"@type":"ImageObject","inLanguage":"fr-FR","@id":"https:\/\/pengbu.jkkapi.top\/#\/schema\/logo\/image\/","url":"https:\/\/pengbu.jkkapi.top\/wp-content\/uploads\/2024\/09\/logo.jpg","contentUrl":"https:\/\/pengbu.jkkapi.top\/wp-content\/uploads\/2024\/09\/logo.jpg","width":605,"height":121,"caption":"FeiCheng TongFa"},"image":{"@id":"https:\/\/pengbu.jkkapi.top\/#\/schema\/logo\/image\/"}}]}},"uagb_featured_image_src":{"full":false,"thumbnail":false,"medium":false,"medium_large":false,"large":false,"1536x1536":false,"2048x2048":false,"trp-custom-language-flag":false,"woocommerce_thumbnail":false,"woocommerce_single":false,"woocommerce_gallery_thumbnail":false},"uagb_author_info":{"display_name":"user","author_link":"https:\/\/pengbu.jkkapi.top\/fr\/author\/user\/"},"uagb_comment_info":0,"uagb_excerpt":"For All Your Tarp Needs The company is located at the foot of the majestic and beautiful Mount Tai, with convenient transportation. It is 340 kilometers from Qingdao Port and 100 kilometers from Jinan International Airport, making its location highly advantageous. We have two imported knife coating production lines, with an annual output of 30\u2026","_links":{"self":[{"href":"https:\/\/pengbu.jkkapi.top\/fr\/wp-json\/wp\/v2\/pages\/328","targetHints":{"allow":["GET"]}}],"collection":[{"href":"https:\/\/pengbu.jkkapi.top\/fr\/wp-json\/wp\/v2\/pages"}],"about":[{"href":"https:\/\/pengbu.jkkapi.top\/fr\/wp-json\/wp\/v2\/types\/page"}],"author":[{"embeddable":true,"href":"https:\/\/pengbu.jkkapi.top\/fr\/wp-json\/wp\/v2\/users\/1"}],"replies":[{"embeddable":true,"href":"https:\/\/pengbu.jkkapi.top\/fr\/wp-json\/wp\/v2\/comments?post=328"}],"version-history":[{"count":7,"href":"https:\/\/pengbu.jkkapi.top\/fr\/wp-json\/wp\/v2\/pages\/328\/revisions"}],"predecessor-version":[{"id":3074,"href":"https:\/\/pengbu.jkkapi.top\/fr\/wp-json\/wp\/v2\/pages\/328\/revisions\/3074"}],"wp:attachment":[{"href":"https:\/\/pengbu.jkkapi.top\/fr\/wp-json\/wp\/v2\/media?parent=328"}],"curies":[{"name":"wp","href":"https:\/\/api.w.org\/{rel}","templated":true}]}}