{"id":1991,"date":"2024-11-09T03:11:21","date_gmt":"2024-11-09T03:11:21","guid":{"rendered":"https:\/\/pengbu.jkkapi.top\/?post_type=product&#038;p=1991"},"modified":"2025-06-01T15:43:43","modified_gmt":"2025-06-01T15:43:43","slug":"1991","status":"publish","type":"product","link":"https:\/\/pengbu.jkkapi.top\/fr\/produit\/1991\/","title":{"rendered":"B\u00e2che de d\u00e9neigement"},"content":{"rendered":"<p>Caract\u00e9ristiques principales :<\/p>\n<p>Tissu r\u00e9sistant au froid : Le mat\u00e9riau enduit de PVC est sp\u00e9cifiquement formul\u00e9 pour r\u00e9sister au froid extr\u00eame, conservant sa souplesse et sa r\u00e9sistance m\u00eame \u00e0 des temp\u00e9ratures inf\u00e9rieures \u00e0 z\u00e9ro, ce qui garantit des performances durables par temps hivernal.<\/p>\n<p>Structure renforc\u00e9e : Les \u0153illets et les anneaux en D robustes fournissent des points d'attache s\u00fbrs pour les cordes ou les sangles, ce qui permet un levage facile et fiable. Les bords et les coutures renforc\u00e9s am\u00e9liorent la durabilit\u00e9, en particulier sous de lourdes charges de neige.<\/p>\n<p>Capacit\u00e9 de charge \u00e9lev\u00e9e : Con\u00e7ues pour supporter un poids important, ces b\u00e2ches peuvent supporter et enlever efficacement de grandes quantit\u00e9s de neige, r\u00e9duisant ainsi le temps et la main d'\u0153uvre n\u00e9cessaires aux op\u00e9rations de d\u00e9neigement.<\/p>\n<p>Application polyvalente : Id\u00e9ales pour les chantiers de construction, le d\u00e9neigement des toits et le stockage temporaire de la neige, ces b\u00e2ches sont pr\u00e9cieuses pour assurer la s\u00e9curit\u00e9 et la continuit\u00e9 des op\u00e9rations en hiver.<\/p>\n<p>Domaines d'application :<\/p>\n<p>Nos b\u00e2ches de d\u00e9neigement sont essentielles pour les entrepreneurs, les gestionnaires de sites de construction et les professionnels de l'entretien des propri\u00e9t\u00e9s qui recherchent une solution s\u00fbre et efficace de gestion de la neige. En simplifiant le d\u00e9neigement des surfaces planes, ces b\u00e2ches permettent de maintenir les zones op\u00e9rationnelles et de pr\u00e9venir les risques li\u00e9s \u00e0 l'accumulation de neige. En outre, elles sont pr\u00e9cieuses pour les sites industriels, municipaux et commerciaux qui ont besoin d'options de gestion de la neige efficaces.<\/p>\n<p>Nos b\u00e2ches de d\u00e9neigement constituent une solution robuste et polyvalente pour g\u00e9rer les conditions m\u00e9t\u00e9orologiques hivernales, en fournissant une m\u00e9thode fiable pour g\u00e9rer les fortes accumulations de neige en toute s\u00e9curit\u00e9. Con\u00e7ues pour \u00eatre durables et faciles \u00e0 utiliser, elles rationalisent les op\u00e9rations de d\u00e9neigement et r\u00e9duisent l'impact de l'hiver sur vos activit\u00e9s.<\/p>","protected":false},"excerpt":{"rendered":"<p>Nos b\u00e2ches de d\u00e9neigement sont sp\u00e9cialement con\u00e7ues pour simplifier et acc\u00e9l\u00e9rer le d\u00e9neigement des chantiers de construction, des toits plats et d'autres zones tr\u00e8s sollicit\u00e9es. Fabriqu\u00e9es \u00e0 partir d'un tissu enduit de PVC durable et performant, ces b\u00e2ches constituent une solution fiable pour soulever et d\u00e9neiger de lourdes charges de neige avec un minimum d'effort. Con\u00e7ues pour r\u00e9sister aux conditions hivernales difficiles, nos b\u00e2ches facilitent le maintien de sites op\u00e9rationnels et s\u00fbrs, m\u00eame en cas de neige abondante.<\/p>\n<p>Mat\u00e9riau : Tissu enduit de PVC robuste et r\u00e9sistant au froid<\/p>\n<p>Poids : 18 oz. par m\u00e8tre carr\u00e9 (varie selon le mod\u00e8le)<\/p>\n<p>Dimensions : Plusieurs tailles sont disponibles, les options standard comprennent 20\u00d720 ft, 20\u00d725 ft, et des tailles personnalis\u00e9es.<\/p>\n<p>Espacement des \u0153illets : Tous les 24 pouces le long des bords pour une fixation s\u00fbre.<\/p>\n<p>Anneaux en D : Anneaux en D renforc\u00e9s plac\u00e9s dans les coins et aux points strat\u00e9giques pour faciliter le hissage et le levage.<\/p>\n<p>\u00c9paisseur : 20 mil (0,5 mm) pour une durabilit\u00e9 et une r\u00e9sistance \u00e0 la d\u00e9chirure accrues<\/p>\n<p>R\u00e9sistance \u00e0 la d\u00e9chirure : Fibres tr\u00e8s r\u00e9sistantes pour \u00e9viter les d\u00e9chirures et supporter les charges lourdes r\u00e9p\u00e9t\u00e9es.<\/p>\n<p>R\u00e9sistance aux intemp\u00e9ries : Con\u00e7u pour r\u00e9sister aux basses temp\u00e9ratures, aux UV et \u00e0 l'humidit\u00e9.<\/p>\n<p>R\u00e9sistance aux flammes : Conforme aux certifications ignifuges standard pour une s\u00e9curit\u00e9 accrue.<\/p>\n<p>Couleur : les options standard comprennent le noir, le bleu et des couleurs personnalis\u00e9es sur demande.<\/p>","protected":false},"featured_media":1992,"comment_status":"open","ping_status":"closed","template":"","meta":{"_uag_custom_page_level_css":"","site-sidebar-layout":"default","site-content-layout":"","ast-site-content-layout":"default","site-content-style":"default","site-sidebar-style":"default","ast-global-header-display":"","ast-banner-title-visibility":"","ast-main-header-display":"","ast-hfb-above-header-display":"","ast-hfb-below-header-display":"","ast-hfb-mobile-header-display":"","site-post-title":"","ast-breadcrumbs-content":"","ast-featured-img":"","footer-sml-layout":"","ast-disable-related-posts":"","theme-transparent-header-meta":"default","adv-header-id-meta":"","stick-header-meta":"","header-above-stick-meta":"","header-main-stick-meta":"","header-below-stick-meta":"","astra-migrate-meta-layouts":"set","ast-page-background-enabled":"default","ast-page-background-meta":{"desktop":{"background-color":"var(--ast-global-color-5)","background-image":"","background-repeat":"repeat","background-position":"center center","background-size":"auto","background-attachment":"scroll","background-type":"","background-media":"","overlay-type":"","overlay-color":"","overlay-opacity":"","overlay-gradient":""},"tablet":{"background-color":"","background-image":"","background-repeat":"repeat","background-position":"center center","background-size":"auto","background-attachment":"scroll","background-type":"","background-media":"","overlay-type":"","overlay-color":"","overlay-opacity":"","overlay-gradient":""},"mobile":{"background-color":"","background-image":"","background-repeat":"repeat","background-position":"center center","background-size":"auto","background-attachment":"scroll","background-type":"","background-media":"","overlay-type":"","overlay-color":"","overlay-opacity":"","overlay-gradient":""}},"ast-content-background-meta":{"desktop":{"background-color":"var(--ast-global-color-4)","background-image":"","background-repeat":"repeat","background-position":"center center","background-size":"auto","background-attachment":"scroll","background-type":"","background-media":"","overlay-type":"","overlay-color":"","overlay-opacity":"","overlay-gradient":""},"tablet":{"background-color":"var(--ast-global-color-4)","background-image":"","background-repeat":"repeat","background-position":"center center","background-size":"auto","background-attachment":"scroll","background-type":"","background-media":"","overlay-type":"","overlay-color":"","overlay-opacity":"","overlay-gradient":""},"mobile":{"background-color":"var(--ast-global-color-4)","background-image":"","background-repeat":"repeat","background-position":"center center","background-size":"auto","background-attachment":"scroll","background-type":"","background-media":"","overlay-type":"","overlay-color":"","overlay-opacity":"","overlay-gradient":""}}},"product_brand":[],"product_cat":[38],"product_tag":[],"class_list":{"0":"post-1991","1":"product","2":"type-product","3":"status-publish","4":"has-post-thumbnail","6":"product_cat-snow-removal-tarp","7":"desktop-align-left","8":"tablet-align-left","9":"mobile-align-left","11":"first","12":"instock","13":"shipping-taxable","14":"product-type-simple"},"yoast_head":"<!-- This site is optimized with the Yoast SEO plugin v24.1 - https:\/\/yoast.com\/wordpress\/plugins\/seo\/ -->\n<title>Snow Removal Tarp Wholesale | Feicheng Tongfa<\/title>\n<meta name=\"description\" content=\"Our Snow Removal Tarps are specially designed to simplify and speed up snow removal for construction sites, flat rooftops, and other high-demand areas. Crafted from durable, high-performance PVC-coated fabric, these tarps provide a reliable solution to lift and clear heavy snow loads with minimal effort.\" \/>\n<meta name=\"robots\" content=\"index, follow, max-snippet:-1, max-image-preview:large, max-video-preview:-1\" \/>\n<link rel=\"canonical\" href=\"https:\/\/pengbu.jkkapi.top\/fr\/produit\/1991\/\" \/>\n<meta property=\"og:locale\" content=\"fr_FR\" \/>\n<meta property=\"og:type\" content=\"article\" \/>\n<meta property=\"og:title\" content=\"Snow Removal Tarp Wholesale | Feicheng Tongfa\" \/>\n<meta property=\"og:description\" content=\"Our Snow Removal Tarps are specially designed to simplify and speed up snow removal for construction sites, flat rooftops, and other high-demand areas. Crafted from durable, high-performance PVC-coated fabric, these tarps provide a reliable solution to lift and clear heavy snow loads with minimal effort.\" \/>\n<meta property=\"og:url\" content=\"https:\/\/pengbu.jkkapi.top\/fr\/produit\/1991\/\" \/>\n<meta property=\"article:modified_time\" content=\"2025-06-01T15:43:43+00:00\" \/>\n<meta property=\"og:image\" content=\"https:\/\/pengbu.jkkapi.top\/wp-content\/uploads\/2024\/11\/Snow-Removal-Tarp.jpg\" \/>\n\t<meta property=\"og:image:width\" content=\"1000\" \/>\n\t<meta property=\"og:image:height\" content=\"666\" \/>\n\t<meta property=\"og:image:type\" content=\"image\/jpeg\" \/>\n<meta name=\"twitter:card\" content=\"summary_large_image\" \/>\n<meta name=\"twitter:label1\" content=\"Dur\u00e9e de lecture estim\u00e9e\" \/>\n\t<meta name=\"twitter:data1\" content=\"2 minutes\" \/>\n<script type=\"application\/ld+json\" class=\"yoast-schema-graph\">{\"@context\":\"https:\/\/schema.org\",\"@graph\":[{\"@type\":\"WebPage\",\"@id\":\"https:\/\/pengbu.jkkapi.top\/product\/1991\/\",\"url\":\"https:\/\/pengbu.jkkapi.top\/product\/1991\/\",\"name\":\"Snow Removal Tarp Wholesale | Feicheng Tongfa\",\"isPartOf\":{\"@id\":\"https:\/\/pengbu.jkkapi.top\/#website\"},\"primaryImageOfPage\":{\"@id\":\"https:\/\/pengbu.jkkapi.top\/product\/1991\/#primaryimage\"},\"image\":{\"@id\":\"https:\/\/pengbu.jkkapi.top\/product\/1991\/#primaryimage\"},\"thumbnailUrl\":\"https:\/\/pengbu.jkkapi.top\/wp-content\/uploads\/2024\/11\/Snow-Removal-Tarp.jpg\",\"datePublished\":\"2024-11-09T03:11:21+00:00\",\"dateModified\":\"2025-06-01T15:43:43+00:00\",\"description\":\"Our Snow Removal Tarps are specially designed to simplify and speed up snow removal for construction sites, flat rooftops, and other high-demand areas. Crafted from durable, high-performance PVC-coated fabric, these tarps provide a reliable solution to lift and clear heavy snow loads with minimal effort.\",\"breadcrumb\":{\"@id\":\"https:\/\/pengbu.jkkapi.top\/product\/1991\/#breadcrumb\"},\"inLanguage\":\"fr-FR\",\"potentialAction\":[{\"@type\":\"ReadAction\",\"target\":[\"https:\/\/pengbu.jkkapi.top\/product\/1991\/\"]}]},{\"@type\":\"ImageObject\",\"inLanguage\":\"fr-FR\",\"@id\":\"https:\/\/pengbu.jkkapi.top\/product\/1991\/#primaryimage\",\"url\":\"https:\/\/pengbu.jkkapi.top\/wp-content\/uploads\/2024\/11\/Snow-Removal-Tarp.jpg\",\"contentUrl\":\"https:\/\/pengbu.jkkapi.top\/wp-content\/uploads\/2024\/11\/Snow-Removal-Tarp.jpg\",\"width\":1000,\"height\":666,\"caption\":\"Snow Removal Tarp\"},{\"@type\":\"BreadcrumbList\",\"@id\":\"https:\/\/pengbu.jkkapi.top\/product\/1991\/#breadcrumb\",\"itemListElement\":[{\"@type\":\"ListItem\",\"position\":1,\"name\":\"Home\",\"item\":\"https:\/\/pengbu.jkkapi.top\/\"},{\"@type\":\"ListItem\",\"position\":2,\"name\":\"Products\",\"item\":\"https:\/\/pengbu.jkkapi.top\/shop\/\"},{\"@type\":\"ListItem\",\"position\":3,\"name\":\"Tarpaulin\",\"item\":\"https:\/\/pengbu.jkkapi.top\/product-category\/tarpaulin\/\"},{\"@type\":\"ListItem\",\"position\":4,\"name\":\"PVC Tarpaulin\",\"item\":\"https:\/\/pengbu.jkkapi.top\/product-category\/tarpaulin\/pvc-tarpaulin\/\"},{\"@type\":\"ListItem\",\"position\":5,\"name\":\"Snow Removal Tarp\",\"item\":\"https:\/\/pengbu.jkkapi.top\/product-category\/tarpaulin\/pvc-tarpaulin\/snow-removal-tarp\/\"},{\"@type\":\"ListItem\",\"position\":6,\"name\":\"Snow Removal Tarp\"}]},{\"@type\":\"WebSite\",\"@id\":\"https:\/\/pengbu.jkkapi.top\/#website\",\"url\":\"https:\/\/pengbu.jkkapi.top\/\",\"name\":\"Tarpaulin manufacturer-Truck tarpaulin-PVC mesh-Feicheng Tongfa Trading\",\"description\":\"\",\"publisher\":{\"@id\":\"https:\/\/pengbu.jkkapi.top\/#organization\"},\"alternateName\":\"Tarpaulin manufacturer-Truck tarpaulin-Feicheng Tongfa\",\"potentialAction\":[{\"@type\":\"SearchAction\",\"target\":{\"@type\":\"EntryPoint\",\"urlTemplate\":\"https:\/\/pengbu.jkkapi.top\/?s={search_term_string}\"},\"query-input\":{\"@type\":\"PropertyValueSpecification\",\"valueRequired\":true,\"valueName\":\"search_term_string\"}}],\"inLanguage\":\"fr-FR\"},{\"@type\":\"Organization\",\"@id\":\"https:\/\/pengbu.jkkapi.top\/#organization\",\"name\":\"FeiCheng TongFa\",\"url\":\"https:\/\/pengbu.jkkapi.top\/\",\"logo\":{\"@type\":\"ImageObject\",\"inLanguage\":\"fr-FR\",\"@id\":\"https:\/\/pengbu.jkkapi.top\/#\/schema\/logo\/image\/\",\"url\":\"https:\/\/pengbu.jkkapi.top\/wp-content\/uploads\/2024\/09\/logo.jpg\",\"contentUrl\":\"https:\/\/pengbu.jkkapi.top\/wp-content\/uploads\/2024\/09\/logo.jpg\",\"width\":605,\"height\":121,\"caption\":\"FeiCheng TongFa\"},\"image\":{\"@id\":\"https:\/\/pengbu.jkkapi.top\/#\/schema\/logo\/image\/\"}}]}<\/script>\n<!-- \/ Yoast SEO plugin. -->","yoast_head_json":{"title":"B\u00e2che de d\u00e9neigement Wholesale | Feicheng Tongfa","description":"Nos b\u00e2ches de d\u00e9neigement sont sp\u00e9cialement con\u00e7ues pour simplifier et acc\u00e9l\u00e9rer le d\u00e9neigement des chantiers de construction, des toits plats et d'autres zones \u00e0 forte demande. Fabriqu\u00e9es \u00e0 partir d'un tissu enduit de PVC durable et tr\u00e8s performant, ces b\u00e2ches constituent une solution fiable pour soulever et d\u00e9gager de lourdes charges de neige avec un minimum d'effort.","robots":{"index":"index","follow":"follow","max-snippet":"max-snippet:-1","max-image-preview":"max-image-preview:large","max-video-preview":"max-video-preview:-1"},"canonical":"https:\/\/pengbu.jkkapi.top\/fr\/produit\/1991\/","og_locale":"fr_FR","og_type":"article","og_title":"Snow Removal Tarp Wholesale | Feicheng Tongfa","og_description":"Our Snow Removal Tarps are specially designed to simplify and speed up snow removal for construction sites, flat rooftops, and other high-demand areas. Crafted from durable, high-performance PVC-coated fabric, these tarps provide a reliable solution to lift and clear heavy snow loads with minimal effort.","og_url":"https:\/\/pengbu.jkkapi.top\/fr\/produit\/1991\/","article_modified_time":"2025-06-01T15:43:43+00:00","og_image":[{"width":1000,"height":666,"url":"https:\/\/pengbu.jkkapi.top\/wp-content\/uploads\/2024\/11\/Snow-Removal-Tarp.jpg","type":"image\/jpeg"}],"twitter_card":"summary_large_image","twitter_misc":{"Dur\u00e9e de lecture estim\u00e9e":"2 minutes"},"schema":{"@context":"https:\/\/schema.org","@graph":[{"@type":"WebPage","@id":"https:\/\/pengbu.jkkapi.top\/product\/1991\/","url":"https:\/\/pengbu.jkkapi.top\/product\/1991\/","name":"B\u00e2che de d\u00e9neigement Wholesale | Feicheng Tongfa","isPartOf":{"@id":"https:\/\/pengbu.jkkapi.top\/#website"},"primaryImageOfPage":{"@id":"https:\/\/pengbu.jkkapi.top\/product\/1991\/#primaryimage"},"image":{"@id":"https:\/\/pengbu.jkkapi.top\/product\/1991\/#primaryimage"},"thumbnailUrl":"https:\/\/pengbu.jkkapi.top\/wp-content\/uploads\/2024\/11\/Snow-Removal-Tarp.jpg","datePublished":"2024-11-09T03:11:21+00:00","dateModified":"2025-06-01T15:43:43+00:00","description":"Nos b\u00e2ches de d\u00e9neigement sont sp\u00e9cialement con\u00e7ues pour simplifier et acc\u00e9l\u00e9rer le d\u00e9neigement des chantiers de construction, des toits plats et d'autres zones \u00e0 forte demande. Fabriqu\u00e9es \u00e0 partir d'un tissu enduit de PVC durable et tr\u00e8s performant, ces b\u00e2ches constituent une solution fiable pour soulever et d\u00e9gager de lourdes charges de neige avec un minimum d'effort.","breadcrumb":{"@id":"https:\/\/pengbu.jkkapi.top\/product\/1991\/#breadcrumb"},"inLanguage":"fr-FR","potentialAction":[{"@type":"ReadAction","target":["https:\/\/pengbu.jkkapi.top\/product\/1991\/"]}]},{"@type":"ImageObject","inLanguage":"fr-FR","@id":"https:\/\/pengbu.jkkapi.top\/product\/1991\/#primaryimage","url":"https:\/\/pengbu.jkkapi.top\/wp-content\/uploads\/2024\/11\/Snow-Removal-Tarp.jpg","contentUrl":"https:\/\/pengbu.jkkapi.top\/wp-content\/uploads\/2024\/11\/Snow-Removal-Tarp.jpg","width":1000,"height":666,"caption":"Snow Removal Tarp"},{"@type":"BreadcrumbList","@id":"https:\/\/pengbu.jkkapi.top\/product\/1991\/#breadcrumb","itemListElement":[{"@type":"ListItem","position":1,"name":"Home","item":"https:\/\/pengbu.jkkapi.top\/"},{"@type":"ListItem","position":2,"name":"Products","item":"https:\/\/pengbu.jkkapi.top\/shop\/"},{"@type":"ListItem","position":3,"name":"Tarpaulin","item":"https:\/\/pengbu.jkkapi.top\/product-category\/tarpaulin\/"},{"@type":"ListItem","position":4,"name":"PVC Tarpaulin","item":"https:\/\/pengbu.jkkapi.top\/product-category\/tarpaulin\/pvc-tarpaulin\/"},{"@type":"ListItem","position":5,"name":"Snow Removal Tarp","item":"https:\/\/pengbu.jkkapi.top\/product-category\/tarpaulin\/pvc-tarpaulin\/snow-removal-tarp\/"},{"@type":"ListItem","position":6,"name":"Snow Removal Tarp"}]},{"@type":"WebSite","@id":"https:\/\/pengbu.jkkapi.top\/#website","url":"https:\/\/pengbu.jkkapi.top\/","name":"Fabricant de b\u00e2ches - B\u00e2ches pour camions - Treillis en PVC - Feicheng Tongfa Trading","description":"","publisher":{"@id":"https:\/\/pengbu.jkkapi.top\/#organization"},"alternateName":"Tarpaulin manufacturer-Truck tarpaulin-Feicheng Tongfa","potentialAction":[{"@type":"SearchAction","target":{"@type":"EntryPoint","urlTemplate":"https:\/\/pengbu.jkkapi.top\/?s={search_term_string}"},"query-input":{"@type":"PropertyValueSpecification","valueRequired":true,"valueName":"search_term_string"}}],"inLanguage":"fr-FR"},{"@type":"Organization","@id":"https:\/\/pengbu.jkkapi.top\/#organization","name":"FeiCheng TongFa","url":"https:\/\/pengbu.jkkapi.top\/","logo":{"@type":"ImageObject","inLanguage":"fr-FR","@id":"https:\/\/pengbu.jkkapi.top\/#\/schema\/logo\/image\/","url":"https:\/\/pengbu.jkkapi.top\/wp-content\/uploads\/2024\/09\/logo.jpg","contentUrl":"https:\/\/pengbu.jkkapi.top\/wp-content\/uploads\/2024\/09\/logo.jpg","width":605,"height":121,"caption":"FeiCheng TongFa"},"image":{"@id":"https:\/\/pengbu.jkkapi.top\/#\/schema\/logo\/image\/"}}]}},"uagb_featured_image_src":{"full":["https:\/\/pengbu.jkkapi.top\/wp-content\/uploads\/2024\/11\/Snow-Removal-Tarp.jpg",1000,666,false],"thumbnail":["https:\/\/pengbu.jkkapi.top\/wp-content\/uploads\/2024\/11\/Snow-Removal-Tarp-150x150.jpg",150,150,true],"medium":["https:\/\/pengbu.jkkapi.top\/wp-content\/uploads\/2024\/11\/Snow-Removal-Tarp-300x200.jpg",300,200,true],"medium_large":["https:\/\/pengbu.jkkapi.top\/wp-content\/uploads\/2024\/11\/Snow-Removal-Tarp-768x511.jpg",768,511,true],"large":["https:\/\/pengbu.jkkapi.top\/wp-content\/uploads\/2024\/11\/Snow-Removal-Tarp.jpg",1000,666,false],"1536x1536":["https:\/\/pengbu.jkkapi.top\/wp-content\/uploads\/2024\/11\/Snow-Removal-Tarp.jpg",1000,666,false],"2048x2048":["https:\/\/pengbu.jkkapi.top\/wp-content\/uploads\/2024\/11\/Snow-Removal-Tarp.jpg",1000,666,false],"trp-custom-language-flag":["https:\/\/pengbu.jkkapi.top\/wp-content\/uploads\/2024\/11\/Snow-Removal-Tarp-18x12.jpg",18,12,true],"woocommerce_thumbnail":["https:\/\/pengbu.jkkapi.top\/wp-content\/uploads\/2024\/11\/Snow-Removal-Tarp-300x300.jpg",300,300,true],"woocommerce_single":["https:\/\/pengbu.jkkapi.top\/wp-content\/uploads\/2024\/11\/Snow-Removal-Tarp-600x400.jpg",600,400,true],"woocommerce_gallery_thumbnail":["https:\/\/pengbu.jkkapi.top\/wp-content\/uploads\/2024\/11\/Snow-Removal-Tarp-100x100.jpg",100,100,true]},"uagb_author_info":{"display_name":"user","author_link":"https:\/\/pengbu.jkkapi.top\/fr\/author\/"},"uagb_comment_info":1,"uagb_excerpt":"Our Snow Removal Tarps are specially designed to simplify and speed up snow removal for construction sites, flat rooftops, and other high-demand areas. Crafted from durable, high-performance PVC-coated fabric, these tarps provide a reliable solution to lift and clear heavy snow loads with minimal effort. Built to endure harsh winter conditions, our tarps make it\u2026","_links":{"self":[{"href":"https:\/\/pengbu.jkkapi.top\/fr\/wp-json\/wp\/v2\/product\/1991","targetHints":{"allow":["GET"]}}],"collection":[{"href":"https:\/\/pengbu.jkkapi.top\/fr\/wp-json\/wp\/v2\/product"}],"about":[{"href":"https:\/\/pengbu.jkkapi.top\/fr\/wp-json\/wp\/v2\/types\/product"}],"replies":[{"embeddable":true,"href":"https:\/\/pengbu.jkkapi.top\/fr\/wp-json\/wp\/v2\/comments?post=1991"}],"wp:featuredmedia":[{"embeddable":true,"href":"https:\/\/pengbu.jkkapi.top\/fr\/wp-json\/wp\/v2\/media\/1992"}],"wp:attachment":[{"href":"https:\/\/pengbu.jkkapi.top\/fr\/wp-json\/wp\/v2\/media?parent=1991"}],"wp:term":[{"taxonomy":"product_brand","embeddable":true,"href":"https:\/\/pengbu.jkkapi.top\/fr\/wp-json\/wp\/v2\/product_brand?post=1991"},{"taxonomy":"product_cat","embeddable":true,"href":"https:\/\/pengbu.jkkapi.top\/fr\/wp-json\/wp\/v2\/product_cat?post=1991"},{"taxonomy":"product_tag","embeddable":true,"href":"https:\/\/pengbu.jkkapi.top\/fr\/wp-json\/wp\/v2\/product_tag?post=1991"}],"curies":[{"name":"wp","href":"https:\/\/api.w.org\/{rel}","templated":true}]}}