{"id":87,"date":"2024-09-04T01:59:36","date_gmt":"2024-09-04T01:59:36","guid":{"rendered":"https:\/\/pengbu.jkkapi.top\/product\/colorful-bottle\/"},"modified":"2025-06-04T04:11:13","modified_gmt":"2025-06-04T04:11:13","slug":"colorful-bottle","status":"publish","type":"product","link":"https:\/\/pengbu.jkkapi.top\/fr\/produit\/colorful-bottle\/","title":{"rendered":"B\u00e2ches imperm\u00e9ables Fabricants de b\u00e2ches en toile enduite de PVC"},"content":{"rendered":"<p>B\u00e2ches imperm\u00e9ables Fabricants de b\u00e2ches en toile enduite de PVC<\/p>\n<p id=\"\">En tant que fabricants sp\u00e9cialis\u00e9s dans les b\u00e2ches imperm\u00e9ables, les tissus enduits de PVC et les b\u00e2ches en toile, nous sommes fiers de fournir des couvertures robustes et de haute qualit\u00e9 qui r\u00e9pondent \u00e0 divers besoins et environnements. Nos b\u00e2ches imperm\u00e9ables sont dot\u00e9es d'un rev\u00eatement en PVC de premi\u00e8re qualit\u00e9 qui assure une protection compl\u00e8te contre l'eau, la pluie et d'autres \u00e9l\u00e9ments liquides, ce qui permet de garder vos objets de valeur au sec et en s\u00e9curit\u00e9.<\/p>\n<p id=\"\">Fabriqu\u00e9 \u00e0 partir de mat\u00e9riaux de qualit\u00e9 sup\u00e9rieure, notre tissu enduit de PVC allie durabilit\u00e9 et flexibilit\u00e9, ce qui le rend id\u00e9al pour toute une s\u00e9rie d'applications. La surface lisse et facile \u00e0 nettoyer r\u00e9siste \u00e0 la salet\u00e9, tandis que l'enduit r\u00e9sistant aux UV garantit des performances durables et la conservation des couleurs, m\u00eame dans des conditions ext\u00e9rieures difficiles.<\/p>\n<p id=\"\">Nos b\u00e2ches en toile sont r\u00e9put\u00e9es pour leur r\u00e9sistance, leur l\u00e9g\u00e8ret\u00e9 et leur adaptabilit\u00e9. Elles offrent une protection robuste tout en \u00e9tant faciles \u00e0 manipuler et \u00e0 transporter, ce qui les rend id\u00e9ales pour une vari\u00e9t\u00e9 d'utilisations, des couvertures d'\u00e9quipement de chantier aux solutions de s\u00e9curisation des cargaisons et aux abris ext\u00e9rieurs temporaires.<\/p>\n<p id=\"\">Que vous ayez besoin d'une b\u00e2che fiable pour un usage industriel, commercial, r\u00e9cr\u00e9atif ou personnel, nos b\u00e2ches imperm\u00e9ables, nos tissus enduits de PVC et nos b\u00e2ches en toile offrent une protection et une polyvalence in\u00e9gal\u00e9es. Faites-nous confiance pour vous fournir les couvertures de haute performance dont vous avez besoin pour faire le travail correctement.<\/p>","protected":false},"excerpt":{"rendered":"<p>B\u00e2ches imperm\u00e9ables Fabricants de b\u00e2ches en toile enduite de PVC<\/p>\n<p id=\"\">En tant que fabricants sp\u00e9cialis\u00e9s dans les b\u00e2ches imperm\u00e9ables, les tissus enduits de PVC et les b\u00e2ches en toile, nous sommes fiers de fournir des couvertures robustes et de haute qualit\u00e9 qui r\u00e9pondent \u00e0 divers besoins et environnements. Nos b\u00e2ches imperm\u00e9ables sont dot\u00e9es d'un rev\u00eatement en PVC de premi\u00e8re qualit\u00e9 qui assure une protection compl\u00e8te contre l'eau, la pluie et d'autres \u00e9l\u00e9ments liquides, ce qui permet de garder vos objets de valeur au sec et en s\u00e9curit\u00e9.<\/p>","protected":false},"featured_media":1874,"comment_status":"open","ping_status":"closed","template":"","meta":{"_uag_custom_page_level_css":"","site-sidebar-layout":"default","site-content-layout":"default","ast-site-content-layout":"default","site-content-style":"default","site-sidebar-style":"default","ast-global-header-display":"","ast-banner-title-visibility":"","ast-main-header-display":"","ast-hfb-above-header-display":"","ast-hfb-below-header-display":"","ast-hfb-mobile-header-display":"","site-post-title":"","ast-breadcrumbs-content":"","ast-featured-img":"","footer-sml-layout":"","ast-disable-related-posts":"","theme-transparent-header-meta":"default","adv-header-id-meta":"","stick-header-meta":"","header-above-stick-meta":"","header-main-stick-meta":"","header-below-stick-meta":"","astra-migrate-meta-layouts":"set","ast-page-background-enabled":"default","ast-page-background-meta":{"desktop":{"background-color":"var(--ast-global-color-5)","background-image":"","background-repeat":"repeat","background-position":"center center","background-size":"auto","background-attachment":"scroll","background-type":"","background-media":"","overlay-type":"","overlay-color":"","overlay-opacity":"","overlay-gradient":""},"tablet":{"background-color":"","background-image":"","background-repeat":"repeat","background-position":"center center","background-size":"auto","background-attachment":"scroll","background-type":"","background-media":"","overlay-type":"","overlay-color":"","overlay-opacity":"","overlay-gradient":""},"mobile":{"background-color":"","background-image":"","background-repeat":"repeat","background-position":"center center","background-size":"auto","background-attachment":"scroll","background-type":"","background-media":"","overlay-type":"","overlay-color":"","overlay-opacity":"","overlay-gradient":""}},"ast-content-background-meta":{"desktop":{"background-color":"var(--ast-global-color-4)","background-image":"","background-repeat":"repeat","background-position":"center center","background-size":"auto","background-attachment":"scroll","background-type":"","background-media":"","overlay-type":"","overlay-color":"","overlay-opacity":"","overlay-gradient":""},"tablet":{"background-color":"var(--ast-global-color-4)","background-image":"","background-repeat":"repeat","background-position":"center center","background-size":"auto","background-attachment":"scroll","background-type":"","background-media":"","overlay-type":"","overlay-color":"","overlay-opacity":"","overlay-gradient":""},"mobile":{"background-color":"var(--ast-global-color-4)","background-image":"","background-repeat":"repeat","background-position":"center center","background-size":"auto","background-attachment":"scroll","background-type":"","background-media":"","overlay-type":"","overlay-color":"","overlay-opacity":"","overlay-gradient":""}}},"product_brand":[],"product_cat":[16,19],"product_tag":[],"class_list":{"0":"post-87","1":"product","2":"type-product","3":"status-publish","4":"has-post-thumbnail","6":"product_cat-all-products","7":"product_cat-truck-tarp","8":"desktop-align-left","9":"tablet-align-left","10":"mobile-align-left","12":"first","13":"instock","14":"shipping-taxable","15":"product-type-simple"},"yoast_head":"<!-- This site is optimized with the Yoast SEO plugin v24.1 - https:\/\/yoast.com\/wordpress\/plugins\/seo\/ -->\n<title>Waterproof Tarps PVC Coated Fabric Canvas Tarpaulin Manufacturers Wholesale | Feicheng Tongfa<\/title>\n<meta name=\"robots\" content=\"index, follow, max-snippet:-1, max-image-preview:large, max-video-preview:-1\" \/>\n<link rel=\"canonical\" href=\"https:\/\/pengbu.jkkapi.top\/fr\/produit\/colorful-bottle\/\" \/>\n<meta property=\"og:locale\" content=\"fr_FR\" \/>\n<meta property=\"og:type\" content=\"article\" \/>\n<meta property=\"og:title\" content=\"Waterproof Tarps PVC Coated Fabric Canvas Tarpaulin Manufacturers Wholesale | Feicheng Tongfa\" \/>\n<meta property=\"og:description\" content=\"Waterproof Tarps PVC Coated Fabric Canvas Tarpaulin Manufacturers As manufacturers specializing in Waterproof Tarps, PVC Coated Fabric, and Canvas Tarpaulins, we pride ourselves on delivering robust, high-quality coverings that cater to diverse needs and environments. Our Waterproof Tarps feature a premium PVC coating that ensures complete protection against water, rain, and other liquid elements, keeping your valuables dry and secure.\" \/>\n<meta property=\"og:url\" content=\"https:\/\/pengbu.jkkapi.top\/fr\/produit\/colorful-bottle\/\" \/>\n<meta property=\"article:modified_time\" content=\"2025-06-04T04:11:13+00:00\" \/>\n<meta property=\"og:image\" content=\"https:\/\/pengbu.jkkapi.top\/wp-content\/uploads\/2024\/09\/screenshot_2024-10-23_15-14-32.png\" \/>\n\t<meta property=\"og:image:width\" content=\"763\" \/>\n\t<meta property=\"og:image:height\" content=\"762\" \/>\n\t<meta property=\"og:image:type\" content=\"image\/png\" \/>\n<meta name=\"twitter:card\" content=\"summary_large_image\" \/>\n<meta name=\"twitter:label1\" content=\"Dur\u00e9e de lecture estim\u00e9e\" \/>\n\t<meta name=\"twitter:data1\" content=\"2 minutes\" \/>\n<script type=\"application\/ld+json\" class=\"yoast-schema-graph\">{\"@context\":\"https:\/\/schema.org\",\"@graph\":[{\"@type\":\"WebPage\",\"@id\":\"https:\/\/pengbu.jkkapi.top\/product\/colorful-bottle\/\",\"url\":\"https:\/\/pengbu.jkkapi.top\/product\/colorful-bottle\/\",\"name\":\"Waterproof Tarps PVC Coated Fabric Canvas Tarpaulin Manufacturers Wholesale | Feicheng Tongfa\",\"isPartOf\":{\"@id\":\"https:\/\/pengbu.jkkapi.top\/#website\"},\"primaryImageOfPage\":{\"@id\":\"https:\/\/pengbu.jkkapi.top\/product\/colorful-bottle\/#primaryimage\"},\"image\":{\"@id\":\"https:\/\/pengbu.jkkapi.top\/product\/colorful-bottle\/#primaryimage\"},\"thumbnailUrl\":\"https:\/\/pengbu.jkkapi.top\/wp-content\/uploads\/2024\/09\/screenshot_2024-10-23_15-14-32.png\",\"datePublished\":\"2024-09-04T01:59:36+00:00\",\"dateModified\":\"2025-06-04T04:11:13+00:00\",\"breadcrumb\":{\"@id\":\"https:\/\/pengbu.jkkapi.top\/product\/colorful-bottle\/#breadcrumb\"},\"inLanguage\":\"fr-FR\",\"potentialAction\":[{\"@type\":\"ReadAction\",\"target\":[\"https:\/\/pengbu.jkkapi.top\/product\/colorful-bottle\/\"]}]},{\"@type\":\"ImageObject\",\"inLanguage\":\"fr-FR\",\"@id\":\"https:\/\/pengbu.jkkapi.top\/product\/colorful-bottle\/#primaryimage\",\"url\":\"https:\/\/pengbu.jkkapi.top\/wp-content\/uploads\/2024\/09\/screenshot_2024-10-23_15-14-32.png\",\"contentUrl\":\"https:\/\/pengbu.jkkapi.top\/wp-content\/uploads\/2024\/09\/screenshot_2024-10-23_15-14-32.png\",\"width\":763,\"height\":762},{\"@type\":\"BreadcrumbList\",\"@id\":\"https:\/\/pengbu.jkkapi.top\/product\/colorful-bottle\/#breadcrumb\",\"itemListElement\":[{\"@type\":\"ListItem\",\"position\":1,\"name\":\"Home\",\"item\":\"https:\/\/pengbu.jkkapi.top\/\"},{\"@type\":\"ListItem\",\"position\":2,\"name\":\"Products\",\"item\":\"https:\/\/pengbu.jkkapi.top\/shop\/\"},{\"@type\":\"ListItem\",\"position\":3,\"name\":\"Tarpaulin\",\"item\":\"https:\/\/pengbu.jkkapi.top\/product-category\/tarpaulin\/\"},{\"@type\":\"ListItem\",\"position\":4,\"name\":\"PVC Tarpaulin\",\"item\":\"https:\/\/pengbu.jkkapi.top\/product-category\/tarpaulin\/pvc-tarpaulin\/\"},{\"@type\":\"ListItem\",\"position\":5,\"name\":\"Truck tarpaulin\",\"item\":\"https:\/\/pengbu.jkkapi.top\/product-category\/tarpaulin\/pvc-tarpaulin\/truck-tarp\/\"},{\"@type\":\"ListItem\",\"position\":6,\"name\":\"Waterproof Tarps PVC Coated Fabric Canvas Tarpaulin Manufacturers\"}]},{\"@type\":\"WebSite\",\"@id\":\"https:\/\/pengbu.jkkapi.top\/#website\",\"url\":\"https:\/\/pengbu.jkkapi.top\/\",\"name\":\"Tarpaulin manufacturer-Truck tarpaulin-PVC mesh-Feicheng Tongfa Trading\",\"description\":\"\",\"publisher\":{\"@id\":\"https:\/\/pengbu.jkkapi.top\/#organization\"},\"alternateName\":\"Tarpaulin manufacturer-Truck tarpaulin-Feicheng Tongfa\",\"potentialAction\":[{\"@type\":\"SearchAction\",\"target\":{\"@type\":\"EntryPoint\",\"urlTemplate\":\"https:\/\/pengbu.jkkapi.top\/?s={search_term_string}\"},\"query-input\":{\"@type\":\"PropertyValueSpecification\",\"valueRequired\":true,\"valueName\":\"search_term_string\"}}],\"inLanguage\":\"fr-FR\"},{\"@type\":\"Organization\",\"@id\":\"https:\/\/pengbu.jkkapi.top\/#organization\",\"name\":\"FeiCheng TongFa\",\"url\":\"https:\/\/pengbu.jkkapi.top\/\",\"logo\":{\"@type\":\"ImageObject\",\"inLanguage\":\"fr-FR\",\"@id\":\"https:\/\/pengbu.jkkapi.top\/#\/schema\/logo\/image\/\",\"url\":\"https:\/\/pengbu.jkkapi.top\/wp-content\/uploads\/2024\/09\/logo.jpg\",\"contentUrl\":\"https:\/\/pengbu.jkkapi.top\/wp-content\/uploads\/2024\/09\/logo.jpg\",\"width\":605,\"height\":121,\"caption\":\"FeiCheng TongFa\"},\"image\":{\"@id\":\"https:\/\/pengbu.jkkapi.top\/#\/schema\/logo\/image\/\"}}]}<\/script>\n<!-- \/ Yoast SEO plugin. -->","yoast_head_json":{"title":"Waterproof Tarps PVC Coated Fabric Canvas Tarpaulin Manufacturers Wholesale | Feicheng Tongfa","robots":{"index":"index","follow":"follow","max-snippet":"max-snippet:-1","max-image-preview":"max-image-preview:large","max-video-preview":"max-video-preview:-1"},"canonical":"https:\/\/pengbu.jkkapi.top\/fr\/produit\/colorful-bottle\/","og_locale":"fr_FR","og_type":"article","og_title":"Waterproof Tarps PVC Coated Fabric Canvas Tarpaulin Manufacturers Wholesale | Feicheng Tongfa","og_description":"Waterproof Tarps PVC Coated Fabric Canvas Tarpaulin Manufacturers As manufacturers specializing in Waterproof Tarps, PVC Coated Fabric, and Canvas Tarpaulins, we pride ourselves on delivering robust, high-quality coverings that cater to diverse needs and environments. Our Waterproof Tarps feature a premium PVC coating that ensures complete protection against water, rain, and other liquid elements, keeping your valuables dry and secure.","og_url":"https:\/\/pengbu.jkkapi.top\/fr\/produit\/colorful-bottle\/","article_modified_time":"2025-06-04T04:11:13+00:00","og_image":[{"width":763,"height":762,"url":"https:\/\/pengbu.jkkapi.top\/wp-content\/uploads\/2024\/09\/screenshot_2024-10-23_15-14-32.png","type":"image\/png"}],"twitter_card":"summary_large_image","twitter_misc":{"Dur\u00e9e de lecture estim\u00e9e":"2 minutes"},"schema":{"@context":"https:\/\/schema.org","@graph":[{"@type":"WebPage","@id":"https:\/\/pengbu.jkkapi.top\/product\/colorful-bottle\/","url":"https:\/\/pengbu.jkkapi.top\/product\/colorful-bottle\/","name":"Waterproof Tarps PVC Coated Fabric Canvas Tarpaulin Manufacturers Wholesale | Feicheng Tongfa","isPartOf":{"@id":"https:\/\/pengbu.jkkapi.top\/#website"},"primaryImageOfPage":{"@id":"https:\/\/pengbu.jkkapi.top\/product\/colorful-bottle\/#primaryimage"},"image":{"@id":"https:\/\/pengbu.jkkapi.top\/product\/colorful-bottle\/#primaryimage"},"thumbnailUrl":"https:\/\/pengbu.jkkapi.top\/wp-content\/uploads\/2024\/09\/screenshot_2024-10-23_15-14-32.png","datePublished":"2024-09-04T01:59:36+00:00","dateModified":"2025-06-04T04:11:13+00:00","breadcrumb":{"@id":"https:\/\/pengbu.jkkapi.top\/product\/colorful-bottle\/#breadcrumb"},"inLanguage":"fr-FR","potentialAction":[{"@type":"ReadAction","target":["https:\/\/pengbu.jkkapi.top\/product\/colorful-bottle\/"]}]},{"@type":"ImageObject","inLanguage":"fr-FR","@id":"https:\/\/pengbu.jkkapi.top\/product\/colorful-bottle\/#primaryimage","url":"https:\/\/pengbu.jkkapi.top\/wp-content\/uploads\/2024\/09\/screenshot_2024-10-23_15-14-32.png","contentUrl":"https:\/\/pengbu.jkkapi.top\/wp-content\/uploads\/2024\/09\/screenshot_2024-10-23_15-14-32.png","width":763,"height":762},{"@type":"BreadcrumbList","@id":"https:\/\/pengbu.jkkapi.top\/product\/colorful-bottle\/#breadcrumb","itemListElement":[{"@type":"ListItem","position":1,"name":"Home","item":"https:\/\/pengbu.jkkapi.top\/"},{"@type":"ListItem","position":2,"name":"Products","item":"https:\/\/pengbu.jkkapi.top\/shop\/"},{"@type":"ListItem","position":3,"name":"Tarpaulin","item":"https:\/\/pengbu.jkkapi.top\/product-category\/tarpaulin\/"},{"@type":"ListItem","position":4,"name":"PVC Tarpaulin","item":"https:\/\/pengbu.jkkapi.top\/product-category\/tarpaulin\/pvc-tarpaulin\/"},{"@type":"ListItem","position":5,"name":"Truck tarpaulin","item":"https:\/\/pengbu.jkkapi.top\/product-category\/tarpaulin\/pvc-tarpaulin\/truck-tarp\/"},{"@type":"ListItem","position":6,"name":"Waterproof Tarps PVC Coated Fabric Canvas Tarpaulin Manufacturers"}]},{"@type":"WebSite","@id":"https:\/\/pengbu.jkkapi.top\/#website","url":"https:\/\/pengbu.jkkapi.top\/","name":"Fabricant de b\u00e2ches - B\u00e2ches pour camions - Treillis en PVC - Feicheng Tongfa Trading","description":"","publisher":{"@id":"https:\/\/pengbu.jkkapi.top\/#organization"},"alternateName":"Tarpaulin manufacturer-Truck tarpaulin-Feicheng Tongfa","potentialAction":[{"@type":"SearchAction","target":{"@type":"EntryPoint","urlTemplate":"https:\/\/pengbu.jkkapi.top\/?s={search_term_string}"},"query-input":{"@type":"PropertyValueSpecification","valueRequired":true,"valueName":"search_term_string"}}],"inLanguage":"fr-FR"},{"@type":"Organization","@id":"https:\/\/pengbu.jkkapi.top\/#organization","name":"FeiCheng TongFa","url":"https:\/\/pengbu.jkkapi.top\/","logo":{"@type":"ImageObject","inLanguage":"fr-FR","@id":"https:\/\/pengbu.jkkapi.top\/#\/schema\/logo\/image\/","url":"https:\/\/pengbu.jkkapi.top\/wp-content\/uploads\/2024\/09\/logo.jpg","contentUrl":"https:\/\/pengbu.jkkapi.top\/wp-content\/uploads\/2024\/09\/logo.jpg","width":605,"height":121,"caption":"FeiCheng TongFa"},"image":{"@id":"https:\/\/pengbu.jkkapi.top\/#\/schema\/logo\/image\/"}}]}},"uagb_featured_image_src":{"full":["https:\/\/pengbu.jkkapi.top\/wp-content\/uploads\/2024\/09\/screenshot_2024-10-23_15-14-32.png",763,762,false],"thumbnail":["https:\/\/pengbu.jkkapi.top\/wp-content\/uploads\/2024\/09\/screenshot_2024-10-23_15-14-32-150x150.png",150,150,true],"medium":["https:\/\/pengbu.jkkapi.top\/wp-content\/uploads\/2024\/09\/screenshot_2024-10-23_15-14-32-300x300.png",300,300,true],"medium_large":["https:\/\/pengbu.jkkapi.top\/wp-content\/uploads\/2024\/09\/screenshot_2024-10-23_15-14-32.png",763,762,false],"large":["https:\/\/pengbu.jkkapi.top\/wp-content\/uploads\/2024\/09\/screenshot_2024-10-23_15-14-32.png",763,762,false],"1536x1536":["https:\/\/pengbu.jkkapi.top\/wp-content\/uploads\/2024\/09\/screenshot_2024-10-23_15-14-32.png",763,762,false],"2048x2048":["https:\/\/pengbu.jkkapi.top\/wp-content\/uploads\/2024\/09\/screenshot_2024-10-23_15-14-32.png",763,762,false],"trp-custom-language-flag":["https:\/\/pengbu.jkkapi.top\/wp-content\/uploads\/2024\/09\/screenshot_2024-10-23_15-14-32-12x12.png",12,12,true],"woocommerce_thumbnail":["https:\/\/pengbu.jkkapi.top\/wp-content\/uploads\/2024\/09\/screenshot_2024-10-23_15-14-32-300x300.png",300,300,true],"woocommerce_single":["https:\/\/pengbu.jkkapi.top\/wp-content\/uploads\/2024\/09\/screenshot_2024-10-23_15-14-32-600x599.png",600,599,true],"woocommerce_gallery_thumbnail":["https:\/\/pengbu.jkkapi.top\/wp-content\/uploads\/2024\/09\/screenshot_2024-10-23_15-14-32-100x100.png",100,100,true]},"uagb_author_info":{"display_name":"user","author_link":"https:\/\/pengbu.jkkapi.top\/fr\/author\/"},"uagb_comment_info":2,"uagb_excerpt":"Waterproof Tarps PVC Coated Fabric Canvas Tarpaulin Manufacturers As manufacturers specializing in Waterproof Tarps, PVC Coated Fabric, and Canvas Tarpaulins, we pride ourselves on delivering robust, high-quality coverings that cater to diverse needs and environments. Our Waterproof Tarps feature a premium PVC coating that ensures complete protection against water, rain, and other liquid elements, keeping\u2026","_links":{"self":[{"href":"https:\/\/pengbu.jkkapi.top\/fr\/wp-json\/wp\/v2\/product\/87","targetHints":{"allow":["GET"]}}],"collection":[{"href":"https:\/\/pengbu.jkkapi.top\/fr\/wp-json\/wp\/v2\/product"}],"about":[{"href":"https:\/\/pengbu.jkkapi.top\/fr\/wp-json\/wp\/v2\/types\/product"}],"replies":[{"embeddable":true,"href":"https:\/\/pengbu.jkkapi.top\/fr\/wp-json\/wp\/v2\/comments?post=87"}],"wp:featuredmedia":[{"embeddable":true,"href":"https:\/\/pengbu.jkkapi.top\/fr\/wp-json\/wp\/v2\/media\/1874"}],"wp:attachment":[{"href":"https:\/\/pengbu.jkkapi.top\/fr\/wp-json\/wp\/v2\/media?parent=87"}],"wp:term":[{"taxonomy":"product_brand","embeddable":true,"href":"https:\/\/pengbu.jkkapi.top\/fr\/wp-json\/wp\/v2\/product_brand?post=87"},{"taxonomy":"product_cat","embeddable":true,"href":"https:\/\/pengbu.jkkapi.top\/fr\/wp-json\/wp\/v2\/product_cat?post=87"},{"taxonomy":"product_tag","embeddable":true,"href":"https:\/\/pengbu.jkkapi.top\/fr\/wp-json\/wp\/v2\/product_tag?post=87"}],"curies":[{"name":"wp","href":"https:\/\/api.w.org\/{rel}","templated":true}]}}