{"id":328,"date":"2024-09-04T01:59:37","date_gmt":"2024-09-04T01:59:37","guid":{"rendered":"https:\/\/pengbu.jkkapi.top\/about\/"},"modified":"2025-08-20T08:27:36","modified_gmt":"2025-08-20T08:27:36","slug":"about","status":"publish","type":"page","link":"https:\/\/pengbu.jkkapi.top\/pt\/about\/","title":{"rendered":"Sobre"},"content":{"rendered":"<div class=\"wp-block-uagb-container uag-blocks-common-selector uagb-block-92205b50 alignfull uagb-is-root-container\"><div class=\"uagb-container-inner-blocks-wrap\">\n<div class=\"wp-block-uagb-info-box uagb-block-25ee4bec uagb-infobox__content-wrap  uagb-infobox-icon-above-title uagb-infobox-image-valign-top wp-block-uagb-info-box--has-margin\"><div class=\"uagb-infobox-margin-wrapper\"><div class=\"uagb-ifb-content\"><div class=\"uagb-ifb-title-wrap\"><h1 class=\"uagb-ifb-title\">SOBRE N\u00d3S<\/h1><\/div><div class=\"uagb-ifb-separator\"><\/div><p class=\"uagb-ifb-desc\"><strong>Feicheng Tongfa Trading Co., Ltd.<\/strong>&nbsp;\u00e9 uma empresa profissional que se dedica \u00e0 produ\u00e7\u00e3o, transforma\u00e7\u00e3o e venda de t\u00eaxteis industriais, tais como PE, PVC e outros. Os nossos principais produtos incluem encerados para cami\u00f5es, encerados em PVC, encerados em PE e outros, com um mercado que abrange a maioria dos pa\u00edses e regi\u00f5es do mundo.<\/p><\/div><\/div><\/div>\n<\/div><\/div>\n\n\n\n<div class=\"wp-block-uagb-container uagb-block-2ff557b3 alignfull uagb-is-root-container\"><div class=\"uagb-container-inner-blocks-wrap\">\n<div class=\"wp-block-uagb-advanced-heading uagb-block-834bc74a\"><h2 class=\"uagb-heading-text\">Para todas as suas necessidades de lona<\/h2><p class=\"uagb-desc-text\">A empresa est\u00e1 localizada no sop\u00e9 do majestoso e belo Monte Tai, com transporte conveniente. Fica a 340 quil\u00f3metros do porto de Qingdao e a 100 quil\u00f3metros do aeroporto internacional de Jinan, o que torna a sua localiza\u00e7\u00e3o muito vantajosa. Temos duas linhas de produ\u00e7\u00e3o de revestimento de faca importadas, com uma produ\u00e7\u00e3o anual de 30 milh\u00f5es de metros quadrados de v\u00e1rias lonas. A empresa dedica-se \u00e0 investiga\u00e7\u00e3o e desenvolvimento de tecidos revestidos com l\u00e2minas de PVC, com opera\u00e7\u00f5es comerciais que abrangem a urdidura, tecelagem, revestimento, inspe\u00e7\u00e3o, vendas e servi\u00e7o p\u00f3s-venda, fornecendo servi\u00e7os personalizados adaptados \u00e0s necessidades dos nossos clientes.<\/p><\/div>\n<\/div><\/div>\n\n\n\n<div class=\"wp-block-uagb-container uagb-block-c69ea5a4 alignfull uagb-is-root-container\"><div class=\"uagb-container-inner-blocks-wrap\">\n<div class=\"wp-block-uagb-image uagb-block-e2e4b39d wp-block-uagb-image--layout-default wp-block-uagb-image--effect-static wp-block-uagb-image--align-none\"><figure class=\"wp-block-uagb-image__figure\"><img decoding=\"async\" srcset=\"https:\/\/pengbu.jkkapi.top\/wp-content\/uploads\/2024\/09\/1newtent-1024x668.jpg ,https:\/\/pengbu.jkkapi.top\/wp-content\/uploads\/2024\/09\/1newtent.jpg 780w, https:\/\/pengbu.jkkapi.top\/wp-content\/uploads\/2024\/09\/1newtent.jpg 360w\" sizes=\"auto, (max-width: 480px) 150px\" src=\"https:\/\/pengbu.jkkapi.top\/wp-content\/uploads\/2024\/09\/1newtent-1024x668.jpg\" alt=\"\" class=\"uag-image-1551\" width=\"1024\" height=\"668\" title=\"1newtent\" loading=\"lazy\" role=\"img\"\/><\/figure><\/div>\n<\/div><\/div>\n\n\n\n<div class=\"wp-block-uagb-container uagb-block-569d153c alignfull uagb-is-root-container\"><div class=\"uagb-container-inner-blocks-wrap\">\n<div class=\"wp-block-uagb-container uagb-layout-grid uagb-block-08bcd5b3 alignfull uagb-is-root-container\"><div class=\"uagb-container-inner-blocks-wrap\">\n<div class=\"wp-block-uagb-image alignleft uagb-block-85bc0136 wp-block-uagb-image--layout-default wp-block-uagb-image--effect-static wp-block-uagb-image--align-left\"><figure class=\"wp-block-uagb-image__figure\"><img decoding=\"async\" srcset=\"https:\/\/pengbu.jkkapi.top\/wp-content\/uploads\/2024\/09\/1newtent.jpg ,https:\/\/pengbu.jkkapi.top\/wp-content\/uploads\/2024\/09\/1newtent.jpg 780w, https:\/\/pengbu.jkkapi.top\/wp-content\/uploads\/2024\/09\/1newtent.jpg 360w\" sizes=\"auto, (max-width: 480px) 150px\" src=\"https:\/\/pengbu.jkkapi.top\/wp-content\/uploads\/2024\/09\/1newtent.jpg\" alt=\"\" class=\"uag-image-1551\" width=\"417\" height=\"788\" title=\"1newtent\" loading=\"lazy\" role=\"img\"\/><\/figure><\/div>\n\n\n\n<div class=\"wp-block-uagb-info-box uagb-block-229f40af uagb-infobox__content-wrap  uagb-infobox-icon-above-title uagb-infobox-image-valign-top\"><div class=\"uagb-ifb-content\"><div class=\"uagb-ifb-title-wrap\"><h2 class=\"uagb-ifb-title\">Um fabricante profissional de encerados<\/h2><\/div><p class=\"uagb-ifb-desc\">Como um fabricante profissional de lona, nossos produtos n\u00e3o s\u00e3o apenas tecnologicamente avan\u00e7ados, mas tamb\u00e9m apresentam alta resist\u00eancia, excelente desempenho \u00e0 prova d'\u00e1gua, propriedades de auto-limpeza, resist\u00eancia \u00e0 corros\u00e3o e longa vida \u00fatil. Eles passaram por testes ambientais internacionais, tais como EN71-3, REACH, e ROHS. Nossos produtos s\u00e3o amplamente utilizados em lonas de caminh\u00e3o, cortinas laterais de caminh\u00e3o, materiais infl\u00e1veis, materiais de tenda, estruturas de membrana de constru\u00e7\u00e3o, e muito mais. Eles s\u00e3o exportados para mercados nacionais e internacionais, ganhando grande elogio dos clientes! A empresa adere a uma atitude rigorosa, concentrando-se em cada produto e esfor\u00e7ando-se para se tornar um l\u00edder na ind\u00fastria!<\/p><\/div><\/div>\n<\/div><\/div>\n\n\n\n<div class=\"wp-block-uagb-container uagb-layout-flex uagb-block-9d5f4720 alignfull uagb-is-root-container\"><div class=\"uagb-container-inner-blocks-wrap\">\n<div class=\"wp-block-uagb-container uagb-block-4cd0912d\">\n<div class=\"wp-block-uagb-info-box uagb-block-e5a06a9b uagb-infobox__content-wrap  uagb-infobox-icon-above-title uagb-infobox-image-valign-top\"><div class=\"uagb-ifb-content\"><div class=\"uagb-ifb-title-wrap\"><h2 class=\"uagb-ifb-title\"><br><br>Produtos de lona de alta qualidade e a pre\u00e7os acess\u00edveis<br><\/h2><\/div><p class=\"uagb-ifb-desc\">Operamos estritamente de acordo com o sistema de gest\u00e3o de qualidade ISO9001, estabelecendo um sistema completo de controlo de qualidade desde a aquisi\u00e7\u00e3o de mat\u00e9rias-primas, formula\u00e7\u00e3o de processos, monitoriza\u00e7\u00e3o de qualidade online, at\u00e9 \u00e0 expedi\u00e7\u00e3o do produto acabado. A empresa contratou engenheiros nacionais experientes, concentrando-se em I&amp;D, melhorando a qualidade dos produtos e refor\u00e7ando continuamente a gest\u00e3o e o auto-aperfei\u00e7oamento para garantir que fornecemos aos clientes produtos est\u00e1veis e de alta qualidade. Com uma forte for\u00e7a t\u00e9cnica, equipamento de produ\u00e7\u00e3o avan\u00e7ado, controlo de qualidade rigoroso e um servi\u00e7o excelente, estamos ansiosos por voar consigo!<br><br><strong>Vantagens do produto<\/strong>: <br>\u00c0 prova de chuva, resistente ao sol, anti-envelhecimento, resistente ao frio, resistente ao desgaste, resistente \u00e0 corros\u00e3o e leve.<br><br><strong>Aplica\u00e7\u00f5es de produtos<\/strong>:<br><strong>Lonas para comboios e cami\u00f5es<\/strong>: Muito utilizado para cobrir mercadorias em ve\u00edculos, navios, f\u00e1bricas e minas.<br><strong>Tecidos para tendas<\/strong>: Adequado para v\u00e1rias utiliza\u00e7\u00f5es no exterior, tais como prote\u00e7\u00e3o solar, impermeabiliza\u00e7\u00e3o, barreiras \u00e0 humidade, lonas para o solo e viagens ao ar livre.<br><strong>Tecidos agr\u00edcolas<\/strong>: Utilizado para cobrir o milho, o trigo, o feno e a madeira.<br><br>Al\u00e9m disso, podemos personalizar a produ\u00e7\u00e3o de tecidos para cobertura de mercadorias, tecidos para aquacultura, cortinas enrol\u00e1veis para estufas, mantas de isolamento para estufas de vegetais e tecidos para controlo de ervas daninhas para jardinagem. Os nossos pre\u00e7os s\u00e3o competitivos e agradecemos pedidos de informa\u00e7\u00e3o.<\/p><\/div><\/div>\n<\/div>\n\n\n\n<div class=\"wp-block-uagb-image alignright uagb-block-9dc3bcaa wp-block-uagb-image--layout-default wp-block-uagb-image--effect-static wp-block-uagb-image--align-right\"><figure class=\"wp-block-uagb-image__figure\"><img decoding=\"async\" srcset=\"https:\/\/pengbu.jkkapi.top\/wp-content\/uploads\/2024\/09\/1newtent-1024x668.jpg ,https:\/\/pengbu.jkkapi.top\/wp-content\/uploads\/2024\/09\/1newtent.jpg 780w, https:\/\/pengbu.jkkapi.top\/wp-content\/uploads\/2024\/09\/1newtent.jpg 360w\" sizes=\"auto, (max-width: 480px) 150px\" src=\"https:\/\/pengbu.jkkapi.top\/wp-content\/uploads\/2024\/09\/1newtent-1024x668.jpg\" alt=\"\" class=\"uag-image-1551\" width=\"578\" height=\"497\" title=\"1newtent\" loading=\"lazy\" role=\"img\"\/><\/figure><\/div>\n<\/div><\/div>\n<\/div><\/div>\n\n\n\n<div class=\"wp-block-uagb-container uagb-block-1fc74e82 alignfull uagb-is-root-container\">\n<div class=\"wp-block-uagb-info-box uagb-block-6f4011ff uagb-infobox__content-wrap  uagb-infobox-icon-above-title uagb-infobox-image-valign-top\"><div class=\"uagb-ifb-content\"><div class=\"uagb-ifb-icon-wrap\"><svg xmlns=\"https:\/\/www.w3.org\/2000\/svg\" viewbox=\"0 0 448 512\"><path d=\"M224.1 141c-63.6 0-114.9 51.3-114.9 114.9s51.3 114.9 114.9 114.9S339 319.5 339 255.9 287.7 141 224.1 141zm0 189.6c-41.1 0-74.7-33.5-74.7-74.7s33.5-74.7 74.7-74.7 74.7 33.5 74.7 74.7-33.6 74.7-74.7 74.7zm146.4-194.3c0 14.9-12 26.8-26.8 26.8-14.9 0-26.8-12-26.8-26.8s12-26.8 26.8-26.8 26.8 12 26.8 26.8zm76.1 27.2c-1.7-35.9-9.9-67.7-36.2-93.9-26.2-26.2-58-34.4-93.9-36.2-37-2.1-147.9-2.1-184.9 0-35.8 1.7-67.6 9.9-93.9 36.1s-34.4 58-36.2 93.9c-2.1 37-2.1 147.9 0 184.9 1.7 35.9 9.9 67.7 36.2 93.9s58 34.4 93.9 36.2c37 2.1 147.9 2.1 184.9 0 35.9-1.7 67.7-9.9 93.9-36.2 26.2-26.2 34.4-58 36.2-93.9 2.1-37 2.1-147.8 0-184.8zM398.8 388c-7.8 19.6-22.9 34.7-42.6 42.6-29.5 11.7-99.5 9-132.1 9s-102.7 2.6-132.1-9c-19.6-7.8-34.7-22.9-42.6-42.6-11.7-29.5-9-99.5-9-132.1s-2.6-102.7 9-132.1c7.8-19.6 22.9-34.7 42.6-42.6 29.5-11.7 99.5-9 132.1-9s102.7-2.6 132.1 9c19.6 7.8 34.7 22.9 42.6 42.6 11.7 29.5 9 99.5 9 132.1s2.7 102.7-9 132.1z\"><\/path><\/svg><\/div><div class=\"uagb-ifb-title-wrap\"><h3 class=\"uagb-ifb-title\">Seguir @antiques<\/h3><\/div><p class=\"uagb-ifb-desc\">Leo nulla cras augue eros, diam vivamus et lectus volutpat at facilisi tortor porta.<\/p><\/div><\/div>\n\n\n\n<div class=\"wp-block-uagb-image uagb-block-cb4ed534 wp-block-uagb-image--layout-default wp-block-uagb-image--effect-static wp-block-uagb-image--align-none\"><figure class=\"wp-block-uagb-image__figure\"><img decoding=\"async\" srcset=\"https:\/\/pengbu.jkkapi.top\/wp-content\/uploads\/2024\/09\/\u672a\u6807\u9898-1.jpg 1920w, https:\/\/pengbu.jkkapi.top\/wp-content\/uploads\/2024\/09\/\u672a\u6807\u9898-1-300x63.jpg 300w, https:\/\/pengbu.jkkapi.top\/wp-content\/uploads\/2024\/09\/\u672a\u6807\u9898-1-1024x213.jpg 1024w, https:\/\/pengbu.jkkapi.top\/wp-content\/uploads\/2024\/09\/\u672a\u6807\u9898-1-768x160.jpg 768w, https:\/\/pengbu.jkkapi.top\/wp-content\/uploads\/2024\/09\/\u672a\u6807\u9898-1-1536x320.jpg 1536w, https:\/\/pengbu.jkkapi.top\/wp-content\/uploads\/2024\/09\/\u672a\u6807\u9898-1-600x125.jpg 600w\" sizes=\"auto, (max-width: 480px) 150px\" src=\"https:\/\/pengbu.jkkapi.top\/wp-content\/uploads\/2024\/09\/\u672a\u6807\u9898-1.jpg\" alt=\"\" class=\"uag-image-1589\" width=\"1920\" height=\"400\" title=\"\u672a\u6807\u9898-1\" loading=\"lazy\" role=\"img\"\/><\/figure><\/div>\n<\/div>\n\n\n\n<p><\/p>","protected":false},"excerpt":{"rendered":"<p>For All Your Tarp Needs The company is located at the foot of the majestic and beautiful Mount Tai, with convenient transportation. It is 340 kilometers from Qingdao Port and 100 kilometers from Jinan International Airport, making its location highly advantageous. We have two imported knife coating production lines, with an annual output of 30 [&hellip;]<\/p>","protected":false},"author":1,"featured_media":0,"parent":0,"menu_order":0,"comment_status":"closed","ping_status":"closed","template":"","meta":{"_uag_custom_page_level_css":"","site-sidebar-layout":"no-sidebar","site-content-layout":"plain-container","ast-site-content-layout":"normal-width-container","site-content-style":"unboxed","site-sidebar-style":"unboxed","ast-global-header-display":"","ast-banner-title-visibility":"","ast-main-header-display":"","ast-hfb-above-header-display":"","ast-hfb-below-header-display":"","ast-hfb-mobile-header-display":"","site-post-title":"disabled","ast-breadcrumbs-content":"","ast-featured-img":"disabled","footer-sml-layout":"","theme-transparent-header-meta":"default","adv-header-id-meta":"","stick-header-meta":"","header-above-stick-meta":"","header-main-stick-meta":"","header-below-stick-meta":"","astra-migrate-meta-layouts":"set","ast-page-background-enabled":"default","ast-page-background-meta":{"desktop":{"background-color":"var(--ast-global-color-4)","background-image":"","background-repeat":"repeat","background-position":"center center","background-size":"auto","background-attachment":"scroll","background-type":"","background-media":"","overlay-type":"","overlay-color":"","overlay-opacity":"","overlay-gradient":""},"tablet":{"background-color":"","background-image":"","background-repeat":"repeat","background-position":"center center","background-size":"auto","background-attachment":"scroll","background-type":"","background-media":"","overlay-type":"","overlay-color":"","overlay-opacity":"","overlay-gradient":""},"mobile":{"background-color":"","background-image":"","background-repeat":"repeat","background-position":"center center","background-size":"auto","background-attachment":"scroll","background-type":"","background-media":"","overlay-type":"","overlay-color":"","overlay-opacity":"","overlay-gradient":""}},"ast-content-background-meta":{"desktop":{"background-color":"var(--ast-global-color-5)","background-image":"","background-repeat":"repeat","background-position":"center center","background-size":"auto","background-attachment":"scroll","background-type":"","background-media":"","overlay-type":"","overlay-color":"","overlay-opacity":"","overlay-gradient":""},"tablet":{"background-color":"var(--ast-global-color-5)","background-image":"","background-repeat":"repeat","background-position":"center center","background-size":"auto","background-attachment":"scroll","background-type":"","background-media":"","overlay-type":"","overlay-color":"","overlay-opacity":"","overlay-gradient":""},"mobile":{"background-color":"var(--ast-global-color-5)","background-image":"","background-repeat":"repeat","background-position":"center center","background-size":"auto","background-attachment":"scroll","background-type":"","background-media":"","overlay-type":"","overlay-color":"","overlay-opacity":"","overlay-gradient":""}},"footnotes":""},"class_list":["post-328","page","type-page","status-publish","hentry"],"yoast_head":"<!-- This site is optimized with the Yoast SEO plugin v24.1 - https:\/\/yoast.com\/wordpress\/plugins\/seo\/ -->\n<title>About Feicheng Tongfa - Tarpaulin Manufacturer<\/title>\n<meta name=\"description\" content=\"We are a professional tarpaulin manufacturer in Tai&#039;an, China. We manufacture, wholesale, and sell various tarpaulin products such as truck tarpaulins, PVC tarpaulins, steel tarpaulins and PVC mesh, tents, geogrids, etc. Welcome to consult and purchase!\" \/>\n<meta name=\"robots\" content=\"index, follow, max-snippet:-1, max-image-preview:large, max-video-preview:-1\" \/>\n<link rel=\"canonical\" href=\"https:\/\/pengbu.jkkapi.top\/pt\/about\/\" \/>\n<meta property=\"og:locale\" content=\"pt_PT\" \/>\n<meta property=\"og:type\" content=\"article\" \/>\n<meta property=\"og:title\" content=\"About Feicheng Tongfa - Tarpaulin Manufacturer\" \/>\n<meta property=\"og:description\" content=\"We are a professional tarpaulin manufacturer in Tai&#039;an, China. We manufacture, wholesale, and sell various tarpaulin products such as truck tarpaulins, PVC tarpaulins, steel tarpaulins and PVC mesh, tents, geogrids, etc. Welcome to consult and purchase!\" \/>\n<meta property=\"og:url\" content=\"https:\/\/pengbu.jkkapi.top\/pt\/about\/\" \/>\n<meta property=\"article:modified_time\" content=\"2025-08-20T08:27:36+00:00\" \/>\n<meta property=\"og:image\" content=\"https:\/\/pengbu.jkkapi.top\/wp-content\/uploads\/2024\/09\/1newtent-1024x668.jpg\" \/>\n<meta name=\"twitter:card\" content=\"summary_large_image\" \/>\n<meta name=\"twitter:label1\" content=\"Tempo estimado de leitura\" \/>\n\t<meta name=\"twitter:data1\" content=\"3 minutos\" \/>\n<script type=\"application\/ld+json\" class=\"yoast-schema-graph\">{\"@context\":\"https:\/\/schema.org\",\"@graph\":[{\"@type\":\"WebPage\",\"@id\":\"https:\/\/pengbu.jkkapi.top\/about\/\",\"url\":\"https:\/\/pengbu.jkkapi.top\/about\/\",\"name\":\"About Feicheng Tongfa - Tarpaulin Manufacturer\",\"isPartOf\":{\"@id\":\"https:\/\/pengbu.jkkapi.top\/#website\"},\"primaryImageOfPage\":{\"@id\":\"https:\/\/pengbu.jkkapi.top\/about\/#primaryimage\"},\"image\":{\"@id\":\"https:\/\/pengbu.jkkapi.top\/about\/#primaryimage\"},\"thumbnailUrl\":\"https:\/\/pengbu.jkkapi.top\/wp-content\/uploads\/2024\/09\/1newtent-1024x668.jpg\",\"datePublished\":\"2024-09-04T01:59:37+00:00\",\"dateModified\":\"2025-08-20T08:27:36+00:00\",\"description\":\"We are a professional tarpaulin manufacturer in Tai'an, China. We manufacture, wholesale, and sell various tarpaulin products such as truck tarpaulins, PVC tarpaulins, steel tarpaulins and PVC mesh, tents, geogrids, etc. Welcome to consult and purchase!\",\"breadcrumb\":{\"@id\":\"https:\/\/pengbu.jkkapi.top\/about\/#breadcrumb\"},\"inLanguage\":\"pt-PT\",\"potentialAction\":[{\"@type\":\"ReadAction\",\"target\":[\"https:\/\/pengbu.jkkapi.top\/about\/\"]}]},{\"@type\":\"ImageObject\",\"inLanguage\":\"pt-PT\",\"@id\":\"https:\/\/pengbu.jkkapi.top\/about\/#primaryimage\",\"url\":\"https:\/\/pengbu.jkkapi.top\/wp-content\/uploads\/2024\/09\/1newtent-1024x668.jpg\",\"contentUrl\":\"https:\/\/pengbu.jkkapi.top\/wp-content\/uploads\/2024\/09\/1newtent-1024x668.jpg\"},{\"@type\":\"BreadcrumbList\",\"@id\":\"https:\/\/pengbu.jkkapi.top\/about\/#breadcrumb\",\"itemListElement\":[{\"@type\":\"ListItem\",\"position\":1,\"name\":\"Home\",\"item\":\"https:\/\/pengbu.jkkapi.top\/\"},{\"@type\":\"ListItem\",\"position\":2,\"name\":\"About\"}]},{\"@type\":\"WebSite\",\"@id\":\"https:\/\/pengbu.jkkapi.top\/#website\",\"url\":\"https:\/\/pengbu.jkkapi.top\/\",\"name\":\"Tarpaulin manufacturer-Truck tarpaulin-PVC mesh-Feicheng Tongfa Trading\",\"description\":\"\",\"publisher\":{\"@id\":\"https:\/\/pengbu.jkkapi.top\/#organization\"},\"alternateName\":\"Tarpaulin manufacturer-Truck tarpaulin-Feicheng Tongfa\",\"potentialAction\":[{\"@type\":\"SearchAction\",\"target\":{\"@type\":\"EntryPoint\",\"urlTemplate\":\"https:\/\/pengbu.jkkapi.top\/?s={search_term_string}\"},\"query-input\":{\"@type\":\"PropertyValueSpecification\",\"valueRequired\":true,\"valueName\":\"search_term_string\"}}],\"inLanguage\":\"pt-PT\"},{\"@type\":\"Organization\",\"@id\":\"https:\/\/pengbu.jkkapi.top\/#organization\",\"name\":\"FeiCheng TongFa\",\"url\":\"https:\/\/pengbu.jkkapi.top\/\",\"logo\":{\"@type\":\"ImageObject\",\"inLanguage\":\"pt-PT\",\"@id\":\"https:\/\/pengbu.jkkapi.top\/#\/schema\/logo\/image\/\",\"url\":\"https:\/\/pengbu.jkkapi.top\/wp-content\/uploads\/2024\/09\/logo.jpg\",\"contentUrl\":\"https:\/\/pengbu.jkkapi.top\/wp-content\/uploads\/2024\/09\/logo.jpg\",\"width\":605,\"height\":121,\"caption\":\"FeiCheng TongFa\"},\"image\":{\"@id\":\"https:\/\/pengbu.jkkapi.top\/#\/schema\/logo\/image\/\"}}]}<\/script>\n<!-- \/ Yoast SEO plugin. -->","yoast_head_json":{"title":"Sobre Feicheng Tongfa - Fabricante de encerados","description":"N\u00f3s somos um fabricante profissional de lona em Tai'an, China. N\u00f3s fabricamos, vendemos por atacado e vendemos v\u00e1rios produtos de lona, como lona para caminh\u00e3o, lona de PVC, lona de a\u00e7o e malha de PVC, tendas, geogrelhas, etc. Bem-vindo a consultar e comprar!","robots":{"index":"index","follow":"follow","max-snippet":"max-snippet:-1","max-image-preview":"max-image-preview:large","max-video-preview":"max-video-preview:-1"},"canonical":"https:\/\/pengbu.jkkapi.top\/pt\/about\/","og_locale":"pt_PT","og_type":"article","og_title":"About Feicheng Tongfa - Tarpaulin Manufacturer","og_description":"We are a professional tarpaulin manufacturer in Tai'an, China. We manufacture, wholesale, and sell various tarpaulin products such as truck tarpaulins, PVC tarpaulins, steel tarpaulins and PVC mesh, tents, geogrids, etc. Welcome to consult and purchase!","og_url":"https:\/\/pengbu.jkkapi.top\/pt\/about\/","article_modified_time":"2025-08-20T08:27:36+00:00","og_image":[{"url":"https:\/\/pengbu.jkkapi.top\/wp-content\/uploads\/2024\/09\/1newtent-1024x668.jpg","type":"","width":"","height":""}],"twitter_card":"summary_large_image","twitter_misc":{"Tempo estimado de leitura":"3 minutos"},"schema":{"@context":"https:\/\/schema.org","@graph":[{"@type":"WebPage","@id":"https:\/\/pengbu.jkkapi.top\/about\/","url":"https:\/\/pengbu.jkkapi.top\/about\/","name":"Sobre Feicheng Tongfa - Fabricante de encerados","isPartOf":{"@id":"https:\/\/pengbu.jkkapi.top\/#website"},"primaryImageOfPage":{"@id":"https:\/\/pengbu.jkkapi.top\/about\/#primaryimage"},"image":{"@id":"https:\/\/pengbu.jkkapi.top\/about\/#primaryimage"},"thumbnailUrl":"https:\/\/pengbu.jkkapi.top\/wp-content\/uploads\/2024\/09\/1newtent-1024x668.jpg","datePublished":"2024-09-04T01:59:37+00:00","dateModified":"2025-08-20T08:27:36+00:00","description":"N\u00f3s somos um fabricante profissional de lona em Tai'an, China. N\u00f3s fabricamos, vendemos por atacado e vendemos v\u00e1rios produtos de lona, como lona para caminh\u00e3o, lona de PVC, lona de a\u00e7o e malha de PVC, tendas, geogrelhas, etc. Bem-vindo a consultar e comprar!","breadcrumb":{"@id":"https:\/\/pengbu.jkkapi.top\/about\/#breadcrumb"},"inLanguage":"pt-PT","potentialAction":[{"@type":"ReadAction","target":["https:\/\/pengbu.jkkapi.top\/about\/"]}]},{"@type":"ImageObject","inLanguage":"pt-PT","@id":"https:\/\/pengbu.jkkapi.top\/about\/#primaryimage","url":"https:\/\/pengbu.jkkapi.top\/wp-content\/uploads\/2024\/09\/1newtent-1024x668.jpg","contentUrl":"https:\/\/pengbu.jkkapi.top\/wp-content\/uploads\/2024\/09\/1newtent-1024x668.jpg"},{"@type":"BreadcrumbList","@id":"https:\/\/pengbu.jkkapi.top\/about\/#breadcrumb","itemListElement":[{"@type":"ListItem","position":1,"name":"Home","item":"https:\/\/pengbu.jkkapi.top\/"},{"@type":"ListItem","position":2,"name":"About"}]},{"@type":"WebSite","@id":"https:\/\/pengbu.jkkapi.top\/#website","url":"https:\/\/pengbu.jkkapi.top\/","name":"Fabricante de encerados - encerados para cami\u00f5es - malha de PVC - Feicheng Tongfa Trading","description":"","publisher":{"@id":"https:\/\/pengbu.jkkapi.top\/#organization"},"alternateName":"Tarpaulin manufacturer-Truck tarpaulin-Feicheng Tongfa","potentialAction":[{"@type":"SearchAction","target":{"@type":"EntryPoint","urlTemplate":"https:\/\/pengbu.jkkapi.top\/?s={search_term_string}"},"query-input":{"@type":"PropertyValueSpecification","valueRequired":true,"valueName":"search_term_string"}}],"inLanguage":"pt-PT"},{"@type":"Organization","@id":"https:\/\/pengbu.jkkapi.top\/#organization","name":"FeiCheng TongFa","url":"https:\/\/pengbu.jkkapi.top\/","logo":{"@type":"ImageObject","inLanguage":"pt-PT","@id":"https:\/\/pengbu.jkkapi.top\/#\/schema\/logo\/image\/","url":"https:\/\/pengbu.jkkapi.top\/wp-content\/uploads\/2024\/09\/logo.jpg","contentUrl":"https:\/\/pengbu.jkkapi.top\/wp-content\/uploads\/2024\/09\/logo.jpg","width":605,"height":121,"caption":"FeiCheng TongFa"},"image":{"@id":"https:\/\/pengbu.jkkapi.top\/#\/schema\/logo\/image\/"}}]}},"uagb_featured_image_src":{"full":false,"thumbnail":false,"medium":false,"medium_large":false,"large":false,"1536x1536":false,"2048x2048":false,"trp-custom-language-flag":false,"woocommerce_thumbnail":false,"woocommerce_single":false,"woocommerce_gallery_thumbnail":false},"uagb_author_info":{"display_name":"user","author_link":"https:\/\/pengbu.jkkapi.top\/pt\/author\/user\/"},"uagb_comment_info":0,"uagb_excerpt":"For All Your Tarp Needs The company is located at the foot of the majestic and beautiful Mount Tai, with convenient transportation. It is 340 kilometers from Qingdao Port and 100 kilometers from Jinan International Airport, making its location highly advantageous. We have two imported knife coating production lines, with an annual output of 30&hellip;","_links":{"self":[{"href":"https:\/\/pengbu.jkkapi.top\/pt\/wp-json\/wp\/v2\/pages\/328","targetHints":{"allow":["GET"]}}],"collection":[{"href":"https:\/\/pengbu.jkkapi.top\/pt\/wp-json\/wp\/v2\/pages"}],"about":[{"href":"https:\/\/pengbu.jkkapi.top\/pt\/wp-json\/wp\/v2\/types\/page"}],"author":[{"embeddable":true,"href":"https:\/\/pengbu.jkkapi.top\/pt\/wp-json\/wp\/v2\/users\/1"}],"replies":[{"embeddable":true,"href":"https:\/\/pengbu.jkkapi.top\/pt\/wp-json\/wp\/v2\/comments?post=328"}],"version-history":[{"count":7,"href":"https:\/\/pengbu.jkkapi.top\/pt\/wp-json\/wp\/v2\/pages\/328\/revisions"}],"predecessor-version":[{"id":3074,"href":"https:\/\/pengbu.jkkapi.top\/pt\/wp-json\/wp\/v2\/pages\/328\/revisions\/3074"}],"wp:attachment":[{"href":"https:\/\/pengbu.jkkapi.top\/pt\/wp-json\/wp\/v2\/media?parent=328"}],"curies":[{"name":"wp","href":"https:\/\/api.w.org\/{rel}","templated":true}]}}