{"id":1967,"date":"2024-11-08T07:40:47","date_gmt":"2024-11-08T07:40:47","guid":{"rendered":"https:\/\/pengbu.jkkapi.top\/?post_type=product&#038;p=1967"},"modified":"2024-11-08T07:40:48","modified_gmt":"2024-11-08T07:40:48","slug":"wood-tarpaulin","status":"publish","type":"product","link":"https:\/\/pengbu.jkkapi.top\/pt\/product\/wood-tarpaulin\/","title":{"rendered":"Lona de madeira"},"content":{"rendered":"<p>Carater\u00edsticas principais<\/p>\n<p>Durabilidade: Constru\u00edda a partir de tecido revestido a PVC de qualidade industrial, esta lona para madeira foi concebida para suportar uma utiliza\u00e7\u00e3o frequente e resistir a danos em condi\u00e7\u00f5es adversas.<\/p>\n<p>Ajuste seguro: Os rebordos refor\u00e7ados com ilh\u00f3s e an\u00e9is em D permitem uma fixa\u00e7\u00e3o f\u00e1cil e ajust\u00e1vel, garantindo que a lona se mant\u00e9m no lugar mesmo a alta velocidade.<\/p>\n<p>Resist\u00eancia \u00e0s intemp\u00e9ries: Com propriedades \u00e0 prova de \u00e1gua e resistentes aos raios UV, as nossas lonas s\u00e3o ideais para aplica\u00e7\u00f5es no exterior, proporcionando uma prote\u00e7\u00e3o total contra a chuva, a neve e a luz solar.<\/p>\n<p>Resist\u00eancia \u00e0s chamas: Constru\u00eddo para cumprir as normas de retardamento de chama, adicionando uma camada extra de seguran\u00e7a durante o transporte.<\/p>\n<p>Aplica\u00e7\u00f5es<\/p>\n<p>Esta lona para madeira \u00e9 uma solu\u00e7\u00e3o vers\u00e1til para uma vasta gama de ind\u00fastrias, utilizada principalmente por profissionais da constru\u00e7\u00e3o, da madeira e do transporte de mercadorias. Concebida especificamente para cami\u00f5es de caixa aberta, \u00e9 ideal para o transporte de madeira serrada, contraplacado e outros materiais \u00e0 base de madeira que necessitem de prote\u00e7\u00e3o contra os elementos. Al\u00e9m disso, estas lonas podem servir como cobertura eficaz para equipamento e materiais armazenados no exterior, garantindo durabilidade e prote\u00e7\u00e3o a longo prazo.<\/p>\n<p>&nbsp;<\/p>\n<p>Com as nossas lonas de madeira, pode contar com uma prote\u00e7\u00e3o superior para a sua carga, permitindo um transporte seguro e protegido em todas as condi\u00e7\u00f5es meteorol\u00f3gicas.<\/p>","protected":false},"excerpt":{"rendered":"<p>As nossas lonas para madeira s\u00e3o concebidas para oferecer uma prote\u00e7\u00e3o sem paralelo \u00e0 madeira, ao contraplacado e a outros materiais de constru\u00e7\u00e3o durante o transporte em cami\u00f5es de caixa aberta. Constru\u00eddas com tecido revestido a PVC de alta qualidade e resistente, estas lonas foram concebidas para resistir a condi\u00e7\u00f5es climat\u00e9ricas extremas, garantindo que a sua carga de madeira permanece segura e sem danos.<\/p>\n<p>Material: Tecido revestido a PVC de alta qualidade, para garantir a m\u00e1xima durabilidade e resist\u00eancia.<\/p>\n<p>Peso: Aproximadamente 18 oz por jarda quadrada, oferecendo um forte equil\u00edbrio entre peso e durabilidade.<\/p>\n<p>Dimens\u00f5es: Tamanhos standard dispon\u00edveis em 16' x 27' e 24' x 27', concebidos para cobrir totalmente cargas de v\u00e1rios tamanhos.<\/p>\n<p>Espa\u00e7amento dos ilh\u00f3s: Ilh\u00f3s refor\u00e7ados espa\u00e7ados a cada 24 polegadas ao longo das bordas para facilitar a fixa\u00e7\u00e3o segura.<\/p>\n<p>An\u00e9is em D: Fileiras de an\u00e9is D resistentes \u00e0 ferrugem a cada 2 p\u00e9s, proporcionando v\u00e1rios pontos para fixar a lona e proteger contra movimentos.<\/p>\n<p>Espessura: 20 mils, proporcionando uma prote\u00e7\u00e3o robusta contra rasg\u00f5es e furos.<\/p>\n<p>Resist\u00eancia ao rasgamento: Elevada resist\u00eancia ao rasgamento, testada para suportar arestas vivas e cargas pesadas sem se rasgar.<\/p>\n<p>Resist\u00eancia \u00e0s intemp\u00e9ries: Com tratamento UV e \u00e0 prova de \u00e1gua, \u00e9 ideal para resistir \u00e0 exposi\u00e7\u00e3o solar, \u00e0 chuva, \u00e0 neve e a temperaturas extremas.<\/p>\n<p>Resist\u00eancia ao fogo: Material retardador de chama, que cumpre as normas de seguran\u00e7a da ind\u00fastria para reduzir os riscos de inc\u00eandio.<\/p>\n<p>Cor: Dispon\u00edvel em preto cl\u00e1ssico, azul ou em cores personaliz\u00e1veis, mediante pedido, para maior visibilidade ou marca.<\/p>","protected":false},"featured_media":1968,"comment_status":"open","ping_status":"closed","template":"","meta":{"_uag_custom_page_level_css":"","site-sidebar-layout":"default","site-content-layout":"","ast-site-content-layout":"default","site-content-style":"default","site-sidebar-style":"default","ast-global-header-display":"","ast-banner-title-visibility":"","ast-main-header-display":"","ast-hfb-above-header-display":"","ast-hfb-below-header-display":"","ast-hfb-mobile-header-display":"","site-post-title":"","ast-breadcrumbs-content":"","ast-featured-img":"","footer-sml-layout":"","ast-disable-related-posts":"","theme-transparent-header-meta":"default","adv-header-id-meta":"","stick-header-meta":"","header-above-stick-meta":"","header-main-stick-meta":"","header-below-stick-meta":"","astra-migrate-meta-layouts":"set","ast-page-background-enabled":"default","ast-page-background-meta":{"desktop":{"background-color":"var(--ast-global-color-5)","background-image":"","background-repeat":"repeat","background-position":"center center","background-size":"auto","background-attachment":"scroll","background-type":"","background-media":"","overlay-type":"","overlay-color":"","overlay-opacity":"","overlay-gradient":""},"tablet":{"background-color":"","background-image":"","background-repeat":"repeat","background-position":"center center","background-size":"auto","background-attachment":"scroll","background-type":"","background-media":"","overlay-type":"","overlay-color":"","overlay-opacity":"","overlay-gradient":""},"mobile":{"background-color":"","background-image":"","background-repeat":"repeat","background-position":"center center","background-size":"auto","background-attachment":"scroll","background-type":"","background-media":"","overlay-type":"","overlay-color":"","overlay-opacity":"","overlay-gradient":""}},"ast-content-background-meta":{"desktop":{"background-color":"var(--ast-global-color-4)","background-image":"","background-repeat":"repeat","background-position":"center center","background-size":"auto","background-attachment":"scroll","background-type":"","background-media":"","overlay-type":"","overlay-color":"","overlay-opacity":"","overlay-gradient":""},"tablet":{"background-color":"var(--ast-global-color-4)","background-image":"","background-repeat":"repeat","background-position":"center center","background-size":"auto","background-attachment":"scroll","background-type":"","background-media":"","overlay-type":"","overlay-color":"","overlay-opacity":"","overlay-gradient":""},"mobile":{"background-color":"var(--ast-global-color-4)","background-image":"","background-repeat":"repeat","background-position":"center center","background-size":"auto","background-attachment":"scroll","background-type":"","background-media":"","overlay-type":"","overlay-color":"","overlay-opacity":"","overlay-gradient":""}}},"product_brand":[],"product_cat":[31],"product_tag":[],"class_list":{"0":"post-1967","1":"product","2":"type-product","3":"status-publish","4":"has-post-thumbnail","6":"product_cat-wood-tarpaulin","7":"desktop-align-left","8":"tablet-align-left","9":"mobile-align-left","11":"first","12":"instock","13":"shipping-taxable","14":"product-type-simple"},"yoast_head":"<!-- This site is optimized with the Yoast SEO plugin v24.1 - https:\/\/yoast.com\/wordpress\/plugins\/seo\/ -->\n<title>Wood Tarpaulin Wholesale | Feicheng Tongfa<\/title>\n<meta name=\"description\" content=\"Our Wood Tarpaulins are crafted to offer unparalleled protection for wood, plywood, and other construction materials during transport on flatbed trucks. Built with premium, heavy-duty PVC-coated fabric, these tarps are engineered to endure extreme weather conditions, ensuring your wood cargo remains secure and damage-free.\" \/>\n<meta name=\"robots\" content=\"index, follow, max-snippet:-1, max-image-preview:large, max-video-preview:-1\" \/>\n<link rel=\"canonical\" href=\"https:\/\/pengbu.jkkapi.top\/pt\/product\/wood-tarpaulin\/\" \/>\n<meta property=\"og:locale\" content=\"pt_PT\" \/>\n<meta property=\"og:type\" content=\"article\" \/>\n<meta property=\"og:title\" content=\"Wood Tarpaulin Wholesale | Feicheng Tongfa\" \/>\n<meta property=\"og:description\" content=\"Our Wood Tarpaulins are crafted to offer unparalleled protection for wood, plywood, and other construction materials during transport on flatbed trucks. Built with premium, heavy-duty PVC-coated fabric, these tarps are engineered to endure extreme weather conditions, ensuring your wood cargo remains secure and damage-free.\" \/>\n<meta property=\"og:url\" content=\"https:\/\/pengbu.jkkapi.top\/pt\/product\/wood-tarpaulin\/\" \/>\n<meta property=\"article:modified_time\" content=\"2024-11-08T07:40:48+00:00\" \/>\n<meta property=\"og:image\" content=\"https:\/\/pengbu.jkkapi.top\/wp-content\/uploads\/2024\/11\/PolyTarp_Holzabdeckung.jpg\" \/>\n\t<meta property=\"og:image:width\" content=\"1121\" \/>\n\t<meta property=\"og:image:height\" content=\"747\" \/>\n\t<meta property=\"og:image:type\" content=\"image\/jpeg\" \/>\n<meta name=\"twitter:card\" content=\"summary_large_image\" \/>\n<meta name=\"twitter:label1\" content=\"Tempo estimado de leitura\" \/>\n\t<meta name=\"twitter:data1\" content=\"1 minuto\" \/>\n<script type=\"application\/ld+json\" class=\"yoast-schema-graph\">{\"@context\":\"https:\/\/schema.org\",\"@graph\":[{\"@type\":\"WebPage\",\"@id\":\"https:\/\/pengbu.jkkapi.top\/product\/wood-tarpaulin\/\",\"url\":\"https:\/\/pengbu.jkkapi.top\/product\/wood-tarpaulin\/\",\"name\":\"Wood Tarpaulin Wholesale | Feicheng Tongfa\",\"isPartOf\":{\"@id\":\"https:\/\/pengbu.jkkapi.top\/#website\"},\"primaryImageOfPage\":{\"@id\":\"https:\/\/pengbu.jkkapi.top\/product\/wood-tarpaulin\/#primaryimage\"},\"image\":{\"@id\":\"https:\/\/pengbu.jkkapi.top\/product\/wood-tarpaulin\/#primaryimage\"},\"thumbnailUrl\":\"https:\/\/pengbu.jkkapi.top\/wp-content\/uploads\/2024\/11\/PolyTarp_Holzabdeckung.jpg\",\"datePublished\":\"2024-11-08T07:40:47+00:00\",\"dateModified\":\"2024-11-08T07:40:48+00:00\",\"description\":\"Our Wood Tarpaulins are crafted to offer unparalleled protection for wood, plywood, and other construction materials during transport on flatbed trucks. Built with premium, heavy-duty PVC-coated fabric, these tarps are engineered to endure extreme weather conditions, ensuring your wood cargo remains secure and damage-free.\",\"breadcrumb\":{\"@id\":\"https:\/\/pengbu.jkkapi.top\/product\/wood-tarpaulin\/#breadcrumb\"},\"inLanguage\":\"pt-PT\",\"potentialAction\":[{\"@type\":\"ReadAction\",\"target\":[\"https:\/\/pengbu.jkkapi.top\/product\/wood-tarpaulin\/\"]}]},{\"@type\":\"ImageObject\",\"inLanguage\":\"pt-PT\",\"@id\":\"https:\/\/pengbu.jkkapi.top\/product\/wood-tarpaulin\/#primaryimage\",\"url\":\"https:\/\/pengbu.jkkapi.top\/wp-content\/uploads\/2024\/11\/PolyTarp_Holzabdeckung.jpg\",\"contentUrl\":\"https:\/\/pengbu.jkkapi.top\/wp-content\/uploads\/2024\/11\/PolyTarp_Holzabdeckung.jpg\",\"width\":1121,\"height\":747,\"caption\":\"Wood Tarpaulin\"},{\"@type\":\"BreadcrumbList\",\"@id\":\"https:\/\/pengbu.jkkapi.top\/product\/wood-tarpaulin\/#breadcrumb\",\"itemListElement\":[{\"@type\":\"ListItem\",\"position\":1,\"name\":\"Home\",\"item\":\"https:\/\/pengbu.jkkapi.top\/\"},{\"@type\":\"ListItem\",\"position\":2,\"name\":\"Products\",\"item\":\"https:\/\/pengbu.jkkapi.top\/shop\/\"},{\"@type\":\"ListItem\",\"position\":3,\"name\":\"Tarpaulin\",\"item\":\"https:\/\/pengbu.jkkapi.top\/product-category\/tarpaulin\/\"},{\"@type\":\"ListItem\",\"position\":4,\"name\":\"PVC Tarpaulin\",\"item\":\"https:\/\/pengbu.jkkapi.top\/product-category\/tarpaulin\/pvc-tarpaulin\/\"},{\"@type\":\"ListItem\",\"position\":5,\"name\":\"Wood Tarpaulin\",\"item\":\"https:\/\/pengbu.jkkapi.top\/product-category\/tarpaulin\/pvc-tarpaulin\/wood-tarpaulin\/\"},{\"@type\":\"ListItem\",\"position\":6,\"name\":\"Wood Tarpaulin\"}]},{\"@type\":\"WebSite\",\"@id\":\"https:\/\/pengbu.jkkapi.top\/#website\",\"url\":\"https:\/\/pengbu.jkkapi.top\/\",\"name\":\"Tarpaulin manufacturer-Truck tarpaulin-PVC mesh-Feicheng Tongfa Trading\",\"description\":\"\",\"publisher\":{\"@id\":\"https:\/\/pengbu.jkkapi.top\/#organization\"},\"alternateName\":\"Tarpaulin manufacturer-Truck tarpaulin-Feicheng Tongfa\",\"potentialAction\":[{\"@type\":\"SearchAction\",\"target\":{\"@type\":\"EntryPoint\",\"urlTemplate\":\"https:\/\/pengbu.jkkapi.top\/?s={search_term_string}\"},\"query-input\":{\"@type\":\"PropertyValueSpecification\",\"valueRequired\":true,\"valueName\":\"search_term_string\"}}],\"inLanguage\":\"pt-PT\"},{\"@type\":\"Organization\",\"@id\":\"https:\/\/pengbu.jkkapi.top\/#organization\",\"name\":\"FeiCheng TongFa\",\"url\":\"https:\/\/pengbu.jkkapi.top\/\",\"logo\":{\"@type\":\"ImageObject\",\"inLanguage\":\"pt-PT\",\"@id\":\"https:\/\/pengbu.jkkapi.top\/#\/schema\/logo\/image\/\",\"url\":\"https:\/\/pengbu.jkkapi.top\/wp-content\/uploads\/2024\/09\/logo.jpg\",\"contentUrl\":\"https:\/\/pengbu.jkkapi.top\/wp-content\/uploads\/2024\/09\/logo.jpg\",\"width\":605,\"height\":121,\"caption\":\"FeiCheng TongFa\"},\"image\":{\"@id\":\"https:\/\/pengbu.jkkapi.top\/#\/schema\/logo\/image\/\"}}]}<\/script>\n<!-- \/ Yoast SEO plugin. -->","yoast_head_json":{"title":"Wood Tarpaulin Wholesale | Feicheng Tongfa","description":"As nossas lonas para madeira s\u00e3o concebidas para oferecer uma prote\u00e7\u00e3o sem paralelo \u00e0 madeira, ao contraplacado e a outros materiais de constru\u00e7\u00e3o durante o transporte em cami\u00f5es de caixa aberta. Constru\u00eddas com tecido revestido a PVC de alta qualidade e resistente, estas lonas foram concebidas para resistir a condi\u00e7\u00f5es climat\u00e9ricas extremas, garantindo que a sua carga de madeira permanece segura e sem danos.","robots":{"index":"index","follow":"follow","max-snippet":"max-snippet:-1","max-image-preview":"max-image-preview:large","max-video-preview":"max-video-preview:-1"},"canonical":"https:\/\/pengbu.jkkapi.top\/pt\/product\/wood-tarpaulin\/","og_locale":"pt_PT","og_type":"article","og_title":"Wood Tarpaulin Wholesale | Feicheng Tongfa","og_description":"Our Wood Tarpaulins are crafted to offer unparalleled protection for wood, plywood, and other construction materials during transport on flatbed trucks. Built with premium, heavy-duty PVC-coated fabric, these tarps are engineered to endure extreme weather conditions, ensuring your wood cargo remains secure and damage-free.","og_url":"https:\/\/pengbu.jkkapi.top\/pt\/product\/wood-tarpaulin\/","article_modified_time":"2024-11-08T07:40:48+00:00","og_image":[{"width":1121,"height":747,"url":"https:\/\/pengbu.jkkapi.top\/wp-content\/uploads\/2024\/11\/PolyTarp_Holzabdeckung.jpg","type":"image\/jpeg"}],"twitter_card":"summary_large_image","twitter_misc":{"Tempo estimado de leitura":"1 minuto"},"schema":{"@context":"https:\/\/schema.org","@graph":[{"@type":"WebPage","@id":"https:\/\/pengbu.jkkapi.top\/product\/wood-tarpaulin\/","url":"https:\/\/pengbu.jkkapi.top\/product\/wood-tarpaulin\/","name":"Wood Tarpaulin Wholesale | Feicheng Tongfa","isPartOf":{"@id":"https:\/\/pengbu.jkkapi.top\/#website"},"primaryImageOfPage":{"@id":"https:\/\/pengbu.jkkapi.top\/product\/wood-tarpaulin\/#primaryimage"},"image":{"@id":"https:\/\/pengbu.jkkapi.top\/product\/wood-tarpaulin\/#primaryimage"},"thumbnailUrl":"https:\/\/pengbu.jkkapi.top\/wp-content\/uploads\/2024\/11\/PolyTarp_Holzabdeckung.jpg","datePublished":"2024-11-08T07:40:47+00:00","dateModified":"2024-11-08T07:40:48+00:00","description":"As nossas lonas para madeira s\u00e3o concebidas para oferecer uma prote\u00e7\u00e3o sem paralelo \u00e0 madeira, ao contraplacado e a outros materiais de constru\u00e7\u00e3o durante o transporte em cami\u00f5es de caixa aberta. Constru\u00eddas com tecido revestido a PVC de alta qualidade e resistente, estas lonas foram concebidas para resistir a condi\u00e7\u00f5es climat\u00e9ricas extremas, garantindo que a sua carga de madeira permanece segura e sem danos.","breadcrumb":{"@id":"https:\/\/pengbu.jkkapi.top\/product\/wood-tarpaulin\/#breadcrumb"},"inLanguage":"pt-PT","potentialAction":[{"@type":"ReadAction","target":["https:\/\/pengbu.jkkapi.top\/product\/wood-tarpaulin\/"]}]},{"@type":"ImageObject","inLanguage":"pt-PT","@id":"https:\/\/pengbu.jkkapi.top\/product\/wood-tarpaulin\/#primaryimage","url":"https:\/\/pengbu.jkkapi.top\/wp-content\/uploads\/2024\/11\/PolyTarp_Holzabdeckung.jpg","contentUrl":"https:\/\/pengbu.jkkapi.top\/wp-content\/uploads\/2024\/11\/PolyTarp_Holzabdeckung.jpg","width":1121,"height":747,"caption":"Wood Tarpaulin"},{"@type":"BreadcrumbList","@id":"https:\/\/pengbu.jkkapi.top\/product\/wood-tarpaulin\/#breadcrumb","itemListElement":[{"@type":"ListItem","position":1,"name":"Home","item":"https:\/\/pengbu.jkkapi.top\/"},{"@type":"ListItem","position":2,"name":"Products","item":"https:\/\/pengbu.jkkapi.top\/shop\/"},{"@type":"ListItem","position":3,"name":"Tarpaulin","item":"https:\/\/pengbu.jkkapi.top\/product-category\/tarpaulin\/"},{"@type":"ListItem","position":4,"name":"PVC Tarpaulin","item":"https:\/\/pengbu.jkkapi.top\/product-category\/tarpaulin\/pvc-tarpaulin\/"},{"@type":"ListItem","position":5,"name":"Wood Tarpaulin","item":"https:\/\/pengbu.jkkapi.top\/product-category\/tarpaulin\/pvc-tarpaulin\/wood-tarpaulin\/"},{"@type":"ListItem","position":6,"name":"Wood Tarpaulin"}]},{"@type":"WebSite","@id":"https:\/\/pengbu.jkkapi.top\/#website","url":"https:\/\/pengbu.jkkapi.top\/","name":"Fabricante de encerados - encerados para cami\u00f5es - malha de PVC - Feicheng Tongfa Trading","description":"","publisher":{"@id":"https:\/\/pengbu.jkkapi.top\/#organization"},"alternateName":"Tarpaulin manufacturer-Truck tarpaulin-Feicheng Tongfa","potentialAction":[{"@type":"SearchAction","target":{"@type":"EntryPoint","urlTemplate":"https:\/\/pengbu.jkkapi.top\/?s={search_term_string}"},"query-input":{"@type":"PropertyValueSpecification","valueRequired":true,"valueName":"search_term_string"}}],"inLanguage":"pt-PT"},{"@type":"Organization","@id":"https:\/\/pengbu.jkkapi.top\/#organization","name":"FeiCheng TongFa","url":"https:\/\/pengbu.jkkapi.top\/","logo":{"@type":"ImageObject","inLanguage":"pt-PT","@id":"https:\/\/pengbu.jkkapi.top\/#\/schema\/logo\/image\/","url":"https:\/\/pengbu.jkkapi.top\/wp-content\/uploads\/2024\/09\/logo.jpg","contentUrl":"https:\/\/pengbu.jkkapi.top\/wp-content\/uploads\/2024\/09\/logo.jpg","width":605,"height":121,"caption":"FeiCheng TongFa"},"image":{"@id":"https:\/\/pengbu.jkkapi.top\/#\/schema\/logo\/image\/"}}]}},"uagb_featured_image_src":{"full":["https:\/\/pengbu.jkkapi.top\/wp-content\/uploads\/2024\/11\/PolyTarp_Holzabdeckung.jpg",1121,747,false],"thumbnail":["https:\/\/pengbu.jkkapi.top\/wp-content\/uploads\/2024\/11\/PolyTarp_Holzabdeckung-150x150.jpg",150,150,true],"medium":["https:\/\/pengbu.jkkapi.top\/wp-content\/uploads\/2024\/11\/PolyTarp_Holzabdeckung-300x200.jpg",300,200,true],"medium_large":["https:\/\/pengbu.jkkapi.top\/wp-content\/uploads\/2024\/11\/PolyTarp_Holzabdeckung-768x512.jpg",768,512,true],"large":["https:\/\/pengbu.jkkapi.top\/wp-content\/uploads\/2024\/11\/PolyTarp_Holzabdeckung-1024x682.jpg",1024,682,true],"1536x1536":["https:\/\/pengbu.jkkapi.top\/wp-content\/uploads\/2024\/11\/PolyTarp_Holzabdeckung.jpg",1121,747,false],"2048x2048":["https:\/\/pengbu.jkkapi.top\/wp-content\/uploads\/2024\/11\/PolyTarp_Holzabdeckung.jpg",1121,747,false],"trp-custom-language-flag":["https:\/\/pengbu.jkkapi.top\/wp-content\/uploads\/2024\/11\/PolyTarp_Holzabdeckung-18x12.jpg",18,12,true],"woocommerce_thumbnail":["https:\/\/pengbu.jkkapi.top\/wp-content\/uploads\/2024\/11\/PolyTarp_Holzabdeckung-300x300.jpg",300,300,true],"woocommerce_single":["https:\/\/pengbu.jkkapi.top\/wp-content\/uploads\/2024\/11\/PolyTarp_Holzabdeckung-600x400.jpg",600,400,true],"woocommerce_gallery_thumbnail":["https:\/\/pengbu.jkkapi.top\/wp-content\/uploads\/2024\/11\/PolyTarp_Holzabdeckung-100x100.jpg",100,100,true]},"uagb_author_info":{"display_name":"user","author_link":"https:\/\/pengbu.jkkapi.top\/pt\/author\/"},"uagb_comment_info":0,"uagb_excerpt":"Our Wood Tarpaulins are crafted to offer unparalleled protection for wood, plywood, and other construction materials during transport on flatbed trucks. Built with premium, heavy-duty PVC-coated fabric, these tarps are engineered to endure extreme weather conditions, ensuring your wood cargo remains secure and damage-free. Material: Heavy-duty, high-grade PVC-coated fabric, ensuring maximum durability and resistance. Weight:&hellip;","_links":{"self":[{"href":"https:\/\/pengbu.jkkapi.top\/pt\/wp-json\/wp\/v2\/product\/1967","targetHints":{"allow":["GET"]}}],"collection":[{"href":"https:\/\/pengbu.jkkapi.top\/pt\/wp-json\/wp\/v2\/product"}],"about":[{"href":"https:\/\/pengbu.jkkapi.top\/pt\/wp-json\/wp\/v2\/types\/product"}],"replies":[{"embeddable":true,"href":"https:\/\/pengbu.jkkapi.top\/pt\/wp-json\/wp\/v2\/comments?post=1967"}],"wp:featuredmedia":[{"embeddable":true,"href":"https:\/\/pengbu.jkkapi.top\/pt\/wp-json\/wp\/v2\/media\/1968"}],"wp:attachment":[{"href":"https:\/\/pengbu.jkkapi.top\/pt\/wp-json\/wp\/v2\/media?parent=1967"}],"wp:term":[{"taxonomy":"product_brand","embeddable":true,"href":"https:\/\/pengbu.jkkapi.top\/pt\/wp-json\/wp\/v2\/product_brand?post=1967"},{"taxonomy":"product_cat","embeddable":true,"href":"https:\/\/pengbu.jkkapi.top\/pt\/wp-json\/wp\/v2\/product_cat?post=1967"},{"taxonomy":"product_tag","embeddable":true,"href":"https:\/\/pengbu.jkkapi.top\/pt\/wp-json\/wp\/v2\/product_tag?post=1967"}],"curies":[{"name":"wp","href":"https:\/\/api.w.org\/{rel}","templated":true}]}}