{"id":1973,"date":"2024-11-08T08:23:19","date_gmt":"2024-11-08T08:23:19","guid":{"rendered":"https:\/\/pengbu.jkkapi.top\/?post_type=product&#038;p=1973"},"modified":"2025-06-07T13:31:59","modified_gmt":"2025-06-07T13:31:59","slug":"transparent-tarpaulin","status":"publish","type":"product","link":"https:\/\/pengbu.jkkapi.top\/pt\/product\/transparent-tarpaulin\/","title":{"rendered":"Lona transparente"},"content":{"rendered":"<p>Carater\u00edsticas principais:<\/p>\n<p>&nbsp;<\/p>\n<p>Transpar\u00eancia para uma monitoriza\u00e7\u00e3o f\u00e1cil: As nossas lonas transparentes permitem-lhe ver os artigos por baixo sem ter de os descobrir, o que as torna ideais para materiais que requerem uma inspe\u00e7\u00e3o frequente.<\/p>\n<p>Elevada durabilidade: Concebidas a partir de material de PVC resistente, estas lonas s\u00e3o altamente resistentes a rasg\u00f5es e perfura\u00e7\u00f5es, garantindo que suportam um manuseamento dif\u00edcil e condi\u00e7\u00f5es climat\u00e9ricas extremas.<\/p>\n<p>Design \u00e0 prova de intemp\u00e9ries: As lonas transparentes s\u00e3o tratadas para resistir aos raios UV, \u00e0 \u00e1gua e ao vento, proporcionando uma prote\u00e7\u00e3o fi\u00e1vel em v\u00e1rias condi\u00e7\u00f5es meteorol\u00f3gicas.<\/p>\n<p>Op\u00e7\u00f5es de fixa\u00e7\u00e3o segura: Com ilh\u00f3s posicionados a cada 24 polegadas e argolas em D refor\u00e7adas ao longo das extremidades, estas lonas podem ser fixadas com firmeza, minimizando o deslocamento e o afrouxamento durante o transporte.<\/p>\n<p>Aplica\u00e7\u00f5es vers\u00e1teis: Adequado para utiliza\u00e7\u00e3o na constru\u00e7\u00e3o, agricultura, campismo e outras actividades ao ar livre onde \u00e9 necess\u00e1ria uma cobertura dur\u00e1vel e transparente.<\/p>\n<p>\u00c1reas de aplica\u00e7\u00e3o:<\/p>\n<p>As lonas transparentes s\u00e3o vers\u00e1teis e podem ser utilizadas em v\u00e1rios sectores. S\u00e3o populares na agricultura para proteger as plantas, permitindo simultaneamente a passagem da luz solar. Tamb\u00e9m s\u00e3o normalmente utilizadas na constru\u00e7\u00e3o civil para cobrir materiais e equipamento, proporcionando uma barreira contra a chuva e os detritos, permitindo simultaneamente a visibilidade. Para uso pessoal, s\u00e3o uma excelente cobertura para mobili\u00e1rio de p\u00e1tio, estufas e equipamento de jardim, oferecendo prote\u00e7\u00e3o contra todas as condi\u00e7\u00f5es meteorol\u00f3gicas sem comprometer a est\u00e9tica.<\/p>\n<p>&nbsp;<\/p>\n<p>As nossas lonas transparentes s\u00e3o uma solu\u00e7\u00e3o fi\u00e1vel para quem necessita de uma cobertura de prote\u00e7\u00e3o que n\u00e3o obstrua a visibilidade. Com um design robusto e materiais de alta qualidade, garantem que os seus bens permanecem seguros, protegidos e facilmente acess\u00edveis.<\/p>","protected":false},"excerpt":{"rendered":"<p>As nossas lonas transparentes s\u00e3o concebidas para proporcionar uma prote\u00e7\u00e3o fi\u00e1vel, permitindo simultaneamente a visibilidade da carga por baixo. Ideais para cobrir uma s\u00e9rie de materiais, incluindo materiais de constru\u00e7\u00e3o, equipamento e mobili\u00e1rio de jardim, estas lonas s\u00e3o fabricadas em material PVC transparente, dur\u00e1vel e resistente aos raios UV. Oferecem um equil\u00edbrio entre visibilidade e resist\u00eancia, tornando-as perfeitas para situa\u00e7\u00f5es em que a monitoriza\u00e7\u00e3o da carga \u00e9 essencial. Quer seja para uso industrial, agr\u00edcola ou pessoal, as nossas lonas transparentes proporcionam um forte escudo contra os elementos.<\/p>\n<p>Material: PVC transparente, resistente aos raios UV<\/p>\n<p>Peso: Aproximadamente 14 oz por jarda quadrada<\/p>\n<p>Tamanho: V\u00e1rios tamanhos dispon\u00edveis para atender a diferentes necessidades<\/p>\n<p>Espa\u00e7amento de ilh\u00f3s: A cada 24 polegadas para uma fixa\u00e7\u00e3o segura<\/p>\n<p>An\u00e9is em D: Refor\u00e7ados nas extremidades para maior durabilidade<\/p>\n<p>Espessura: Cerca de 20 mil para maior resist\u00eancia<\/p>\n<p>Resist\u00eancia ao rasgamento: Elevada resist\u00eancia ao rasgamento para suportar ambientes dif\u00edceis<\/p>\n<p>Resist\u00eancia \u00e0s intemp\u00e9ries: Resistente ao sol, chuva e exposi\u00e7\u00e3o ao vento<\/p>\n<p>Resist\u00eancia ao fogo: Cumpre as normas b\u00e1sicas de retardamento do fogo<\/p>\n<p>Cor: transparente<\/p>","protected":false},"featured_media":1974,"comment_status":"open","ping_status":"closed","template":"","meta":{"_uag_custom_page_level_css":"","site-sidebar-layout":"default","site-content-layout":"","ast-site-content-layout":"default","site-content-style":"default","site-sidebar-style":"default","ast-global-header-display":"","ast-banner-title-visibility":"","ast-main-header-display":"","ast-hfb-above-header-display":"","ast-hfb-below-header-display":"","ast-hfb-mobile-header-display":"","site-post-title":"","ast-breadcrumbs-content":"","ast-featured-img":"","footer-sml-layout":"","ast-disable-related-posts":"","theme-transparent-header-meta":"default","adv-header-id-meta":"","stick-header-meta":"","header-above-stick-meta":"","header-main-stick-meta":"","header-below-stick-meta":"","astra-migrate-meta-layouts":"set","ast-page-background-enabled":"default","ast-page-background-meta":{"desktop":{"background-color":"var(--ast-global-color-5)","background-image":"","background-repeat":"repeat","background-position":"center center","background-size":"auto","background-attachment":"scroll","background-type":"","background-media":"","overlay-type":"","overlay-color":"","overlay-opacity":"","overlay-gradient":""},"tablet":{"background-color":"","background-image":"","background-repeat":"repeat","background-position":"center center","background-size":"auto","background-attachment":"scroll","background-type":"","background-media":"","overlay-type":"","overlay-color":"","overlay-opacity":"","overlay-gradient":""},"mobile":{"background-color":"","background-image":"","background-repeat":"repeat","background-position":"center center","background-size":"auto","background-attachment":"scroll","background-type":"","background-media":"","overlay-type":"","overlay-color":"","overlay-opacity":"","overlay-gradient":""}},"ast-content-background-meta":{"desktop":{"background-color":"var(--ast-global-color-4)","background-image":"","background-repeat":"repeat","background-position":"center center","background-size":"auto","background-attachment":"scroll","background-type":"","background-media":"","overlay-type":"","overlay-color":"","overlay-opacity":"","overlay-gradient":""},"tablet":{"background-color":"var(--ast-global-color-4)","background-image":"","background-repeat":"repeat","background-position":"center center","background-size":"auto","background-attachment":"scroll","background-type":"","background-media":"","overlay-type":"","overlay-color":"","overlay-opacity":"","overlay-gradient":""},"mobile":{"background-color":"var(--ast-global-color-4)","background-image":"","background-repeat":"repeat","background-position":"center center","background-size":"auto","background-attachment":"scroll","background-type":"","background-media":"","overlay-type":"","overlay-color":"","overlay-opacity":"","overlay-gradient":""}}},"product_brand":[],"product_cat":[33],"product_tag":[],"class_list":{"0":"post-1973","1":"product","2":"type-product","3":"status-publish","4":"has-post-thumbnail","6":"product_cat-transparent-tarpaulin","7":"desktop-align-left","8":"tablet-align-left","9":"mobile-align-left","11":"first","12":"instock","13":"shipping-taxable","14":"product-type-simple"},"yoast_head":"<!-- This site is optimized with the Yoast SEO plugin v24.1 - https:\/\/yoast.com\/wordpress\/plugins\/seo\/ -->\n<title>Transparent Tarpaulin Wholesale | Feicheng Tongfa<\/title>\n<meta name=\"description\" content=\"Our Transparent Tarpaulins are crafted to provide reliable protection while allowing visibility of the cargo underneath. Ideal for covering a range of materials including construction supplies, equipment, and garden furniture, these tarps are made from durable, UV-resistant, clear PVC material.\" \/>\n<meta name=\"robots\" content=\"index, follow, max-snippet:-1, max-image-preview:large, max-video-preview:-1\" \/>\n<link rel=\"canonical\" href=\"https:\/\/pengbu.jkkapi.top\/pt\/product\/transparent-tarpaulin\/\" \/>\n<meta property=\"og:locale\" content=\"pt_PT\" \/>\n<meta property=\"og:type\" content=\"article\" \/>\n<meta property=\"og:title\" content=\"Transparent Tarpaulin Wholesale | Feicheng Tongfa\" \/>\n<meta property=\"og:description\" content=\"Our Transparent Tarpaulins are crafted to provide reliable protection while allowing visibility of the cargo underneath. Ideal for covering a range of materials including construction supplies, equipment, and garden furniture, these tarps are made from durable, UV-resistant, clear PVC material.\" \/>\n<meta property=\"og:url\" content=\"https:\/\/pengbu.jkkapi.top\/pt\/product\/transparent-tarpaulin\/\" \/>\n<meta property=\"article:modified_time\" content=\"2025-06-07T13:31:59+00:00\" \/>\n<meta property=\"og:image\" content=\"https:\/\/pengbu.jkkapi.top\/wp-content\/uploads\/2024\/11\/619xtYQWmsL._AC_UF8941000_QL80_.jpg\" \/>\n\t<meta property=\"og:image:width\" content=\"877\" \/>\n\t<meta property=\"og:image:height\" content=\"585\" \/>\n\t<meta property=\"og:image:type\" content=\"image\/jpeg\" \/>\n<meta name=\"twitter:card\" content=\"summary_large_image\" \/>\n<meta name=\"twitter:label1\" content=\"Tempo estimado de leitura\" \/>\n\t<meta name=\"twitter:data1\" content=\"2 minutos\" \/>\n<script type=\"application\/ld+json\" class=\"yoast-schema-graph\">{\"@context\":\"https:\/\/schema.org\",\"@graph\":[{\"@type\":\"WebPage\",\"@id\":\"https:\/\/pengbu.jkkapi.top\/product\/transparent-tarpaulin\/\",\"url\":\"https:\/\/pengbu.jkkapi.top\/product\/transparent-tarpaulin\/\",\"name\":\"Transparent Tarpaulin Wholesale | Feicheng Tongfa\",\"isPartOf\":{\"@id\":\"https:\/\/pengbu.jkkapi.top\/#website\"},\"primaryImageOfPage\":{\"@id\":\"https:\/\/pengbu.jkkapi.top\/product\/transparent-tarpaulin\/#primaryimage\"},\"image\":{\"@id\":\"https:\/\/pengbu.jkkapi.top\/product\/transparent-tarpaulin\/#primaryimage\"},\"thumbnailUrl\":\"https:\/\/pengbu.jkkapi.top\/wp-content\/uploads\/2024\/11\/619xtYQWmsL._AC_UF8941000_QL80_.jpg\",\"datePublished\":\"2024-11-08T08:23:19+00:00\",\"dateModified\":\"2025-06-07T13:31:59+00:00\",\"description\":\"Our Transparent Tarpaulins are crafted to provide reliable protection while allowing visibility of the cargo underneath. Ideal for covering a range of materials including construction supplies, equipment, and garden furniture, these tarps are made from durable, UV-resistant, clear PVC material.\",\"breadcrumb\":{\"@id\":\"https:\/\/pengbu.jkkapi.top\/product\/transparent-tarpaulin\/#breadcrumb\"},\"inLanguage\":\"pt-PT\",\"potentialAction\":[{\"@type\":\"ReadAction\",\"target\":[\"https:\/\/pengbu.jkkapi.top\/product\/transparent-tarpaulin\/\"]}]},{\"@type\":\"ImageObject\",\"inLanguage\":\"pt-PT\",\"@id\":\"https:\/\/pengbu.jkkapi.top\/product\/transparent-tarpaulin\/#primaryimage\",\"url\":\"https:\/\/pengbu.jkkapi.top\/wp-content\/uploads\/2024\/11\/619xtYQWmsL._AC_UF8941000_QL80_.jpg\",\"contentUrl\":\"https:\/\/pengbu.jkkapi.top\/wp-content\/uploads\/2024\/11\/619xtYQWmsL._AC_UF8941000_QL80_.jpg\",\"width\":877,\"height\":585,\"caption\":\"Transparent Tarpaulins\"},{\"@type\":\"BreadcrumbList\",\"@id\":\"https:\/\/pengbu.jkkapi.top\/product\/transparent-tarpaulin\/#breadcrumb\",\"itemListElement\":[{\"@type\":\"ListItem\",\"position\":1,\"name\":\"Home\",\"item\":\"https:\/\/pengbu.jkkapi.top\/\"},{\"@type\":\"ListItem\",\"position\":2,\"name\":\"Products\",\"item\":\"https:\/\/pengbu.jkkapi.top\/shop\/\"},{\"@type\":\"ListItem\",\"position\":3,\"name\":\"Tarpaulin\",\"item\":\"https:\/\/pengbu.jkkapi.top\/product-category\/tarpaulin\/\"},{\"@type\":\"ListItem\",\"position\":4,\"name\":\"PVC Tarpaulin\",\"item\":\"https:\/\/pengbu.jkkapi.top\/product-category\/tarpaulin\/pvc-tarpaulin\/\"},{\"@type\":\"ListItem\",\"position\":5,\"name\":\"Transparent Tarpaulin\",\"item\":\"https:\/\/pengbu.jkkapi.top\/product-category\/tarpaulin\/pvc-tarpaulin\/transparent-tarpaulin\/\"},{\"@type\":\"ListItem\",\"position\":6,\"name\":\"Transparent Tarpaulin\"}]},{\"@type\":\"WebSite\",\"@id\":\"https:\/\/pengbu.jkkapi.top\/#website\",\"url\":\"https:\/\/pengbu.jkkapi.top\/\",\"name\":\"Tarpaulin manufacturer-Truck tarpaulin-PVC mesh-Feicheng Tongfa Trading\",\"description\":\"\",\"publisher\":{\"@id\":\"https:\/\/pengbu.jkkapi.top\/#organization\"},\"alternateName\":\"Tarpaulin manufacturer-Truck tarpaulin-Feicheng Tongfa\",\"potentialAction\":[{\"@type\":\"SearchAction\",\"target\":{\"@type\":\"EntryPoint\",\"urlTemplate\":\"https:\/\/pengbu.jkkapi.top\/?s={search_term_string}\"},\"query-input\":{\"@type\":\"PropertyValueSpecification\",\"valueRequired\":true,\"valueName\":\"search_term_string\"}}],\"inLanguage\":\"pt-PT\"},{\"@type\":\"Organization\",\"@id\":\"https:\/\/pengbu.jkkapi.top\/#organization\",\"name\":\"FeiCheng TongFa\",\"url\":\"https:\/\/pengbu.jkkapi.top\/\",\"logo\":{\"@type\":\"ImageObject\",\"inLanguage\":\"pt-PT\",\"@id\":\"https:\/\/pengbu.jkkapi.top\/#\/schema\/logo\/image\/\",\"url\":\"https:\/\/pengbu.jkkapi.top\/wp-content\/uploads\/2024\/09\/logo.jpg\",\"contentUrl\":\"https:\/\/pengbu.jkkapi.top\/wp-content\/uploads\/2024\/09\/logo.jpg\",\"width\":605,\"height\":121,\"caption\":\"FeiCheng TongFa\"},\"image\":{\"@id\":\"https:\/\/pengbu.jkkapi.top\/#\/schema\/logo\/image\/\"}}]}<\/script>\n<!-- \/ Yoast SEO plugin. -->","yoast_head_json":{"title":"Transparent Tarpaulin Wholesale | Feicheng Tongfa","description":"Our Transparent Tarpaulins are crafted to provide reliable protection while allowing visibility of the cargo underneath. Ideal for covering a range of materials including construction supplies, equipment, and garden furniture, these tarps are made from durable, UV-resistant, clear PVC material.","robots":{"index":"index","follow":"follow","max-snippet":"max-snippet:-1","max-image-preview":"max-image-preview:large","max-video-preview":"max-video-preview:-1"},"canonical":"https:\/\/pengbu.jkkapi.top\/pt\/product\/transparent-tarpaulin\/","og_locale":"pt_PT","og_type":"article","og_title":"Transparent Tarpaulin Wholesale | Feicheng Tongfa","og_description":"Our Transparent Tarpaulins are crafted to provide reliable protection while allowing visibility of the cargo underneath. Ideal for covering a range of materials including construction supplies, equipment, and garden furniture, these tarps are made from durable, UV-resistant, clear PVC material.","og_url":"https:\/\/pengbu.jkkapi.top\/pt\/product\/transparent-tarpaulin\/","article_modified_time":"2025-06-07T13:31:59+00:00","og_image":[{"width":877,"height":585,"url":"https:\/\/pengbu.jkkapi.top\/wp-content\/uploads\/2024\/11\/619xtYQWmsL._AC_UF8941000_QL80_.jpg","type":"image\/jpeg"}],"twitter_card":"summary_large_image","twitter_misc":{"Tempo estimado de leitura":"2 minutos"},"schema":{"@context":"https:\/\/schema.org","@graph":[{"@type":"WebPage","@id":"https:\/\/pengbu.jkkapi.top\/product\/transparent-tarpaulin\/","url":"https:\/\/pengbu.jkkapi.top\/product\/transparent-tarpaulin\/","name":"Transparent Tarpaulin Wholesale | Feicheng Tongfa","isPartOf":{"@id":"https:\/\/pengbu.jkkapi.top\/#website"},"primaryImageOfPage":{"@id":"https:\/\/pengbu.jkkapi.top\/product\/transparent-tarpaulin\/#primaryimage"},"image":{"@id":"https:\/\/pengbu.jkkapi.top\/product\/transparent-tarpaulin\/#primaryimage"},"thumbnailUrl":"https:\/\/pengbu.jkkapi.top\/wp-content\/uploads\/2024\/11\/619xtYQWmsL._AC_UF8941000_QL80_.jpg","datePublished":"2024-11-08T08:23:19+00:00","dateModified":"2025-06-07T13:31:59+00:00","description":"Our Transparent Tarpaulins are crafted to provide reliable protection while allowing visibility of the cargo underneath. Ideal for covering a range of materials including construction supplies, equipment, and garden furniture, these tarps are made from durable, UV-resistant, clear PVC material.","breadcrumb":{"@id":"https:\/\/pengbu.jkkapi.top\/product\/transparent-tarpaulin\/#breadcrumb"},"inLanguage":"pt-PT","potentialAction":[{"@type":"ReadAction","target":["https:\/\/pengbu.jkkapi.top\/product\/transparent-tarpaulin\/"]}]},{"@type":"ImageObject","inLanguage":"pt-PT","@id":"https:\/\/pengbu.jkkapi.top\/product\/transparent-tarpaulin\/#primaryimage","url":"https:\/\/pengbu.jkkapi.top\/wp-content\/uploads\/2024\/11\/619xtYQWmsL._AC_UF8941000_QL80_.jpg","contentUrl":"https:\/\/pengbu.jkkapi.top\/wp-content\/uploads\/2024\/11\/619xtYQWmsL._AC_UF8941000_QL80_.jpg","width":877,"height":585,"caption":"Transparent Tarpaulins"},{"@type":"BreadcrumbList","@id":"https:\/\/pengbu.jkkapi.top\/product\/transparent-tarpaulin\/#breadcrumb","itemListElement":[{"@type":"ListItem","position":1,"name":"Home","item":"https:\/\/pengbu.jkkapi.top\/"},{"@type":"ListItem","position":2,"name":"Products","item":"https:\/\/pengbu.jkkapi.top\/shop\/"},{"@type":"ListItem","position":3,"name":"Tarpaulin","item":"https:\/\/pengbu.jkkapi.top\/product-category\/tarpaulin\/"},{"@type":"ListItem","position":4,"name":"PVC Tarpaulin","item":"https:\/\/pengbu.jkkapi.top\/product-category\/tarpaulin\/pvc-tarpaulin\/"},{"@type":"ListItem","position":5,"name":"Transparent Tarpaulin","item":"https:\/\/pengbu.jkkapi.top\/product-category\/tarpaulin\/pvc-tarpaulin\/transparent-tarpaulin\/"},{"@type":"ListItem","position":6,"name":"Transparent Tarpaulin"}]},{"@type":"WebSite","@id":"https:\/\/pengbu.jkkapi.top\/#website","url":"https:\/\/pengbu.jkkapi.top\/","name":"Fabricante de encerados - encerados para cami\u00f5es - malha de PVC - Feicheng Tongfa Trading","description":"","publisher":{"@id":"https:\/\/pengbu.jkkapi.top\/#organization"},"alternateName":"Tarpaulin manufacturer-Truck tarpaulin-Feicheng Tongfa","potentialAction":[{"@type":"SearchAction","target":{"@type":"EntryPoint","urlTemplate":"https:\/\/pengbu.jkkapi.top\/?s={search_term_string}"},"query-input":{"@type":"PropertyValueSpecification","valueRequired":true,"valueName":"search_term_string"}}],"inLanguage":"pt-PT"},{"@type":"Organization","@id":"https:\/\/pengbu.jkkapi.top\/#organization","name":"FeiCheng TongFa","url":"https:\/\/pengbu.jkkapi.top\/","logo":{"@type":"ImageObject","inLanguage":"pt-PT","@id":"https:\/\/pengbu.jkkapi.top\/#\/schema\/logo\/image\/","url":"https:\/\/pengbu.jkkapi.top\/wp-content\/uploads\/2024\/09\/logo.jpg","contentUrl":"https:\/\/pengbu.jkkapi.top\/wp-content\/uploads\/2024\/09\/logo.jpg","width":605,"height":121,"caption":"FeiCheng TongFa"},"image":{"@id":"https:\/\/pengbu.jkkapi.top\/#\/schema\/logo\/image\/"}}]}},"uagb_featured_image_src":{"full":["https:\/\/pengbu.jkkapi.top\/wp-content\/uploads\/2024\/11\/619xtYQWmsL._AC_UF8941000_QL80_.jpg",877,585,false],"thumbnail":["https:\/\/pengbu.jkkapi.top\/wp-content\/uploads\/2024\/11\/619xtYQWmsL._AC_UF8941000_QL80_-150x150.jpg",150,150,true],"medium":["https:\/\/pengbu.jkkapi.top\/wp-content\/uploads\/2024\/11\/619xtYQWmsL._AC_UF8941000_QL80_-300x200.jpg",300,200,true],"medium_large":["https:\/\/pengbu.jkkapi.top\/wp-content\/uploads\/2024\/11\/619xtYQWmsL._AC_UF8941000_QL80_-768x512.jpg",768,512,true],"large":["https:\/\/pengbu.jkkapi.top\/wp-content\/uploads\/2024\/11\/619xtYQWmsL._AC_UF8941000_QL80_.jpg",877,585,false],"1536x1536":["https:\/\/pengbu.jkkapi.top\/wp-content\/uploads\/2024\/11\/619xtYQWmsL._AC_UF8941000_QL80_.jpg",877,585,false],"2048x2048":["https:\/\/pengbu.jkkapi.top\/wp-content\/uploads\/2024\/11\/619xtYQWmsL._AC_UF8941000_QL80_.jpg",877,585,false],"trp-custom-language-flag":["https:\/\/pengbu.jkkapi.top\/wp-content\/uploads\/2024\/11\/619xtYQWmsL._AC_UF8941000_QL80_-18x12.jpg",18,12,true],"woocommerce_thumbnail":["https:\/\/pengbu.jkkapi.top\/wp-content\/uploads\/2024\/11\/619xtYQWmsL._AC_UF8941000_QL80_-300x300.jpg",300,300,true],"woocommerce_single":["https:\/\/pengbu.jkkapi.top\/wp-content\/uploads\/2024\/11\/619xtYQWmsL._AC_UF8941000_QL80_-600x400.jpg",600,400,true],"woocommerce_gallery_thumbnail":["https:\/\/pengbu.jkkapi.top\/wp-content\/uploads\/2024\/11\/619xtYQWmsL._AC_UF8941000_QL80_-100x100.jpg",100,100,true]},"uagb_author_info":{"display_name":"user","author_link":"https:\/\/pengbu.jkkapi.top\/pt\/author\/"},"uagb_comment_info":3,"uagb_excerpt":"Our Transparent Tarpaulins are crafted to provide reliable protection while allowing visibility of the cargo underneath. Ideal for covering a range of materials including construction supplies, equipment, and garden furniture, these tarps are made from durable, UV-resistant, clear PVC material. They offer a balance of visibility and resilience, making them perfect for situations where monitoring&hellip;","_links":{"self":[{"href":"https:\/\/pengbu.jkkapi.top\/pt\/wp-json\/wp\/v2\/product\/1973","targetHints":{"allow":["GET"]}}],"collection":[{"href":"https:\/\/pengbu.jkkapi.top\/pt\/wp-json\/wp\/v2\/product"}],"about":[{"href":"https:\/\/pengbu.jkkapi.top\/pt\/wp-json\/wp\/v2\/types\/product"}],"replies":[{"embeddable":true,"href":"https:\/\/pengbu.jkkapi.top\/pt\/wp-json\/wp\/v2\/comments?post=1973"}],"wp:featuredmedia":[{"embeddable":true,"href":"https:\/\/pengbu.jkkapi.top\/pt\/wp-json\/wp\/v2\/media\/1974"}],"wp:attachment":[{"href":"https:\/\/pengbu.jkkapi.top\/pt\/wp-json\/wp\/v2\/media?parent=1973"}],"wp:term":[{"taxonomy":"product_brand","embeddable":true,"href":"https:\/\/pengbu.jkkapi.top\/pt\/wp-json\/wp\/v2\/product_brand?post=1973"},{"taxonomy":"product_cat","embeddable":true,"href":"https:\/\/pengbu.jkkapi.top\/pt\/wp-json\/wp\/v2\/product_cat?post=1973"},{"taxonomy":"product_tag","embeddable":true,"href":"https:\/\/pengbu.jkkapi.top\/pt\/wp-json\/wp\/v2\/product_tag?post=1973"}],"curies":[{"name":"wp","href":"https:\/\/api.w.org\/{rel}","templated":true}]}}