{"id":1976,"date":"2024-11-08T08:51:32","date_gmt":"2024-11-08T08:51:32","guid":{"rendered":"https:\/\/pengbu.jkkapi.top\/?post_type=product&#038;p=1976"},"modified":"2025-06-01T00:55:55","modified_gmt":"2025-06-01T00:55:55","slug":"rain-proof-tarpaulin","status":"publish","type":"product","link":"https:\/\/pengbu.jkkapi.top\/pt\/product\/rain-proof-tarpaulin\/","title":{"rendered":"Lona \u00e0 prova de chuva"},"content":{"rendered":"<p>Carater\u00edsticas principais:<\/p>\n<p>Resist\u00eancia superior \u00e0 \u00e1gua: Concebidas com um revestimento de PVC resistente, as nossas lonas \u00e0 prova de chuva oferecem uma excelente resist\u00eancia \u00e0 \u00e1gua, impedindo a infiltra\u00e7\u00e3o de humidade e mantendo os seus artigos secos em todas as condi\u00e7\u00f5es.<\/p>\n<p>Durabilidade para uma utiliza\u00e7\u00e3o prolongada: Fabricadas a partir de materiais resistentes de poli\u00e9ster e PVC, estas lonas foram concebidas para resistir a um manuseamento brusco, \u00e0 abras\u00e3o e \u00e0 exposi\u00e7\u00e3o prolongada ao ar livre, garantindo a sua durabilidade em ambientes dif\u00edceis.<\/p>\n<p>Op\u00e7\u00f5es de fixa\u00e7\u00e3o segura: Equipadas com ilh\u00f3s dur\u00e1veis espa\u00e7ados a cada 24 polegadas e an\u00e9is D refor\u00e7ados ao longo das extremidades, estas lonas podem ser facilmente fixadas, tornando-as ideais para transporte ou cobertura estacion\u00e1ria.<\/p>\n<p>Resistente aos raios UV e ao fogo: Concebidas com prote\u00e7\u00e3o UV para evitar danos causados pelo sol, estas lonas tamb\u00e9m cumprem as normas de resist\u00eancia ao fogo, proporcionando um n\u00edvel extra de seguran\u00e7a e fiabilidade.<\/p>\n<p>Vers\u00e1til para todas as aplica\u00e7\u00f5es: Quer esteja a cobrir mobili\u00e1rio de exterior, a armazenar materiais de constru\u00e7\u00e3o ou a proteger equipamento, estas lonas imperme\u00e1veis proporcionam uma prote\u00e7\u00e3o fi\u00e1vel em v\u00e1rios sectores.<\/p>\n<p>\u00c1reas de aplica\u00e7\u00e3o:<\/p>\n<p>As lonas \u00e0 prova de chuva s\u00e3o vers\u00e1teis e adequadas para m\u00faltiplas utiliza\u00e7\u00f5es. S\u00e3o amplamente utilizadas na constru\u00e7\u00e3o civil para proteger os materiais de constru\u00e7\u00e3o dos danos causados pelas intemp\u00e9ries, na agricultura para cobrir m\u00e1quinas e materiais, e para utiliza\u00e7\u00e3o pessoal no exterior para proteger o mobili\u00e1rio de p\u00e1tio e os ve\u00edculos. Para eventos ao ar livre ou armazenamento tempor\u00e1rio, estas lonas garantem que o equipamento e os pertences permanecem secos e protegidos dos elementos.<\/p>\n<p>Com a sua resist\u00eancia fi\u00e1vel \u00e0 \u00e1gua, constru\u00e7\u00e3o resistente e design multifuncional, as nossas lonas \u00e0 prova de chuva s\u00e3o a escolha perfeita para quem precisa de prote\u00e7\u00e3o duradoura contra as intemp\u00e9ries.<\/p>","protected":false},"excerpt":{"rendered":"<p>As nossas lonas \u00e0 prova de chuva s\u00e3o especificamente concebidas para proporcionar uma excelente prote\u00e7\u00e3o contra a \u00e1gua, o vento e as condi\u00e7\u00f5es climat\u00e9ricas adversas. Ideais para proteger uma variedade de artigos, incluindo equipamento exterior, ve\u00edculos e materiais de constru\u00e7\u00e3o, estas lonas s\u00e3o fabricadas em material PVC de qualidade superior e resistente \u00e0s intemp\u00e9ries. A sua constru\u00e7\u00e3o robusta garante que os seus bens se mant\u00eam seguros e secos, mesmo em condi\u00e7\u00f5es climat\u00e9ricas adversas.<\/p>\n<p>Material: Poli\u00e9ster revestido a PVC, \u00e0 prova de \u00e1gua<\/p>\n<p>Peso: Aproximadamente 18 oz por jarda quadrada<\/p>\n<p>Tamanho: Dispon\u00edvel numa gama de tamanhos personaliz\u00e1veis<\/p>\n<p>Espa\u00e7amento de ilh\u00f3s: A cada 24 polegadas para uma fixa\u00e7\u00e3o segura<\/p>\n<p>An\u00e9is em D: Refor\u00e7ados ao longo dos bordos para maior estabilidade<\/p>\n<p>Espessura: Aproximadamente 22 mil para maior durabilidade<\/p>\n<p>Resist\u00eancia ao rasgamento: Elevada resist\u00eancia ao rasgamento para suportar a utiliza\u00e7\u00e3o no exterior<\/p>\n<p>Resist\u00eancia \u00e0s intemp\u00e9ries: Constru\u00eddo para resistir \u00e0 chuva, neve, vento e exposi\u00e7\u00e3o aos raios UV<\/p>\n<p>Resist\u00eancia ao fogo: Cumpre as normas b\u00e1sicas de retardamento do fogo<\/p>\n<p>Cor: Dispon\u00edvel em v\u00e1rias cores (azul, verde, preto, etc.)<\/p>","protected":false},"featured_media":1981,"comment_status":"open","ping_status":"closed","template":"","meta":{"_uag_custom_page_level_css":"","site-sidebar-layout":"default","site-content-layout":"","ast-site-content-layout":"default","site-content-style":"default","site-sidebar-style":"default","ast-global-header-display":"","ast-banner-title-visibility":"","ast-main-header-display":"","ast-hfb-above-header-display":"","ast-hfb-below-header-display":"","ast-hfb-mobile-header-display":"","site-post-title":"","ast-breadcrumbs-content":"","ast-featured-img":"","footer-sml-layout":"","ast-disable-related-posts":"","theme-transparent-header-meta":"default","adv-header-id-meta":"","stick-header-meta":"","header-above-stick-meta":"","header-main-stick-meta":"","header-below-stick-meta":"","astra-migrate-meta-layouts":"set","ast-page-background-enabled":"default","ast-page-background-meta":{"desktop":{"background-color":"var(--ast-global-color-5)","background-image":"","background-repeat":"repeat","background-position":"center center","background-size":"auto","background-attachment":"scroll","background-type":"","background-media":"","overlay-type":"","overlay-color":"","overlay-opacity":"","overlay-gradient":""},"tablet":{"background-color":"","background-image":"","background-repeat":"repeat","background-position":"center center","background-size":"auto","background-attachment":"scroll","background-type":"","background-media":"","overlay-type":"","overlay-color":"","overlay-opacity":"","overlay-gradient":""},"mobile":{"background-color":"","background-image":"","background-repeat":"repeat","background-position":"center center","background-size":"auto","background-attachment":"scroll","background-type":"","background-media":"","overlay-type":"","overlay-color":"","overlay-opacity":"","overlay-gradient":""}},"ast-content-background-meta":{"desktop":{"background-color":"var(--ast-global-color-4)","background-image":"","background-repeat":"repeat","background-position":"center center","background-size":"auto","background-attachment":"scroll","background-type":"","background-media":"","overlay-type":"","overlay-color":"","overlay-opacity":"","overlay-gradient":""},"tablet":{"background-color":"var(--ast-global-color-4)","background-image":"","background-repeat":"repeat","background-position":"center center","background-size":"auto","background-attachment":"scroll","background-type":"","background-media":"","overlay-type":"","overlay-color":"","overlay-opacity":"","overlay-gradient":""},"mobile":{"background-color":"var(--ast-global-color-4)","background-image":"","background-repeat":"repeat","background-position":"center center","background-size":"auto","background-attachment":"scroll","background-type":"","background-media":"","overlay-type":"","overlay-color":"","overlay-opacity":"","overlay-gradient":""}}},"product_brand":[],"product_cat":[34],"product_tag":[],"class_list":{"0":"post-1976","1":"product","2":"type-product","3":"status-publish","4":"has-post-thumbnail","6":"product_cat-rain-proof-tarpaulin","7":"desktop-align-left","8":"tablet-align-left","9":"mobile-align-left","11":"first","12":"instock","13":"shipping-taxable","14":"product-type-simple"},"yoast_head":"<!-- This site is optimized with the Yoast SEO plugin v24.1 - https:\/\/yoast.com\/wordpress\/plugins\/seo\/ -->\n<title>Rain Proof Tarpaulin Wholesale | Feicheng Tongfa<\/title>\n<meta name=\"description\" content=\"Our Rain Proof Tarpaulins are specifically crafted to provide excellent protection against water, wind, and harsh weather conditions. Ideal for safeguarding a variety of items, including outdoor equipment, vehicles, and construction materials, these tarps are made from premium-quality, weather-resistant PVC material.\" \/>\n<meta name=\"robots\" content=\"index, follow, max-snippet:-1, max-image-preview:large, max-video-preview:-1\" \/>\n<link rel=\"canonical\" href=\"https:\/\/pengbu.jkkapi.top\/pt\/product\/rain-proof-tarpaulin\/\" \/>\n<meta property=\"og:locale\" content=\"pt_PT\" \/>\n<meta property=\"og:type\" content=\"article\" \/>\n<meta property=\"og:title\" content=\"Rain Proof Tarpaulin Wholesale | Feicheng Tongfa\" \/>\n<meta property=\"og:description\" content=\"Our Rain Proof Tarpaulins are specifically crafted to provide excellent protection against water, wind, and harsh weather conditions. Ideal for safeguarding a variety of items, including outdoor equipment, vehicles, and construction materials, these tarps are made from premium-quality, weather-resistant PVC material.\" \/>\n<meta property=\"og:url\" content=\"https:\/\/pengbu.jkkapi.top\/pt\/product\/rain-proof-tarpaulin\/\" \/>\n<meta property=\"article:modified_time\" content=\"2025-06-01T00:55:55+00:00\" \/>\n<meta property=\"og:image\" content=\"https:\/\/pengbu.jkkapi.top\/wp-content\/uploads\/2024\/11\/water-proof-tarpaulin-250x250-1.jpg\" \/>\n\t<meta property=\"og:image:width\" content=\"600\" \/>\n\t<meta property=\"og:image:height\" content=\"400\" \/>\n\t<meta property=\"og:image:type\" content=\"image\/jpeg\" \/>\n<meta name=\"twitter:card\" content=\"summary_large_image\" \/>\n<meta name=\"twitter:label1\" content=\"Tempo estimado de leitura\" \/>\n\t<meta name=\"twitter:data1\" content=\"2 minutos\" \/>\n<script type=\"application\/ld+json\" class=\"yoast-schema-graph\">{\"@context\":\"https:\/\/schema.org\",\"@graph\":[{\"@type\":\"WebPage\",\"@id\":\"https:\/\/pengbu.jkkapi.top\/product\/rain-proof-tarpaulin\/\",\"url\":\"https:\/\/pengbu.jkkapi.top\/product\/rain-proof-tarpaulin\/\",\"name\":\"Rain Proof Tarpaulin Wholesale | Feicheng Tongfa\",\"isPartOf\":{\"@id\":\"https:\/\/pengbu.jkkapi.top\/#website\"},\"primaryImageOfPage\":{\"@id\":\"https:\/\/pengbu.jkkapi.top\/product\/rain-proof-tarpaulin\/#primaryimage\"},\"image\":{\"@id\":\"https:\/\/pengbu.jkkapi.top\/product\/rain-proof-tarpaulin\/#primaryimage\"},\"thumbnailUrl\":\"https:\/\/pengbu.jkkapi.top\/wp-content\/uploads\/2024\/11\/water-proof-tarpaulin-250x250-1.jpg\",\"datePublished\":\"2024-11-08T08:51:32+00:00\",\"dateModified\":\"2025-06-01T00:55:55+00:00\",\"description\":\"Our Rain Proof Tarpaulins are specifically crafted to provide excellent protection against water, wind, and harsh weather conditions. Ideal for safeguarding a variety of items, including outdoor equipment, vehicles, and construction materials, these tarps are made from premium-quality, weather-resistant PVC material.\",\"breadcrumb\":{\"@id\":\"https:\/\/pengbu.jkkapi.top\/product\/rain-proof-tarpaulin\/#breadcrumb\"},\"inLanguage\":\"pt-PT\",\"potentialAction\":[{\"@type\":\"ReadAction\",\"target\":[\"https:\/\/pengbu.jkkapi.top\/product\/rain-proof-tarpaulin\/\"]}]},{\"@type\":\"ImageObject\",\"inLanguage\":\"pt-PT\",\"@id\":\"https:\/\/pengbu.jkkapi.top\/product\/rain-proof-tarpaulin\/#primaryimage\",\"url\":\"https:\/\/pengbu.jkkapi.top\/wp-content\/uploads\/2024\/11\/water-proof-tarpaulin-250x250-1.jpg\",\"contentUrl\":\"https:\/\/pengbu.jkkapi.top\/wp-content\/uploads\/2024\/11\/water-proof-tarpaulin-250x250-1.jpg\",\"width\":600,\"height\":400,\"caption\":\"Rain Proof Tarpaulin\"},{\"@type\":\"BreadcrumbList\",\"@id\":\"https:\/\/pengbu.jkkapi.top\/product\/rain-proof-tarpaulin\/#breadcrumb\",\"itemListElement\":[{\"@type\":\"ListItem\",\"position\":1,\"name\":\"Home\",\"item\":\"https:\/\/pengbu.jkkapi.top\/\"},{\"@type\":\"ListItem\",\"position\":2,\"name\":\"Products\",\"item\":\"https:\/\/pengbu.jkkapi.top\/shop\/\"},{\"@type\":\"ListItem\",\"position\":3,\"name\":\"Tarpaulin\",\"item\":\"https:\/\/pengbu.jkkapi.top\/product-category\/tarpaulin\/\"},{\"@type\":\"ListItem\",\"position\":4,\"name\":\"PVC Tarpaulin\",\"item\":\"https:\/\/pengbu.jkkapi.top\/product-category\/tarpaulin\/pvc-tarpaulin\/\"},{\"@type\":\"ListItem\",\"position\":5,\"name\":\"Rain Proof Tarpaulin\",\"item\":\"https:\/\/pengbu.jkkapi.top\/product-category\/tarpaulin\/pvc-tarpaulin\/rain-proof-tarpaulin\/\"},{\"@type\":\"ListItem\",\"position\":6,\"name\":\"Rain Proof Tarpaulin\"}]},{\"@type\":\"WebSite\",\"@id\":\"https:\/\/pengbu.jkkapi.top\/#website\",\"url\":\"https:\/\/pengbu.jkkapi.top\/\",\"name\":\"Tarpaulin manufacturer-Truck tarpaulin-PVC mesh-Feicheng Tongfa Trading\",\"description\":\"\",\"publisher\":{\"@id\":\"https:\/\/pengbu.jkkapi.top\/#organization\"},\"alternateName\":\"Tarpaulin manufacturer-Truck tarpaulin-Feicheng Tongfa\",\"potentialAction\":[{\"@type\":\"SearchAction\",\"target\":{\"@type\":\"EntryPoint\",\"urlTemplate\":\"https:\/\/pengbu.jkkapi.top\/?s={search_term_string}\"},\"query-input\":{\"@type\":\"PropertyValueSpecification\",\"valueRequired\":true,\"valueName\":\"search_term_string\"}}],\"inLanguage\":\"pt-PT\"},{\"@type\":\"Organization\",\"@id\":\"https:\/\/pengbu.jkkapi.top\/#organization\",\"name\":\"FeiCheng TongFa\",\"url\":\"https:\/\/pengbu.jkkapi.top\/\",\"logo\":{\"@type\":\"ImageObject\",\"inLanguage\":\"pt-PT\",\"@id\":\"https:\/\/pengbu.jkkapi.top\/#\/schema\/logo\/image\/\",\"url\":\"https:\/\/pengbu.jkkapi.top\/wp-content\/uploads\/2024\/09\/logo.jpg\",\"contentUrl\":\"https:\/\/pengbu.jkkapi.top\/wp-content\/uploads\/2024\/09\/logo.jpg\",\"width\":605,\"height\":121,\"caption\":\"FeiCheng TongFa\"},\"image\":{\"@id\":\"https:\/\/pengbu.jkkapi.top\/#\/schema\/logo\/image\/\"}}]}<\/script>\n<!-- \/ Yoast SEO plugin. -->","yoast_head_json":{"title":"Rain Proof Tarpaulin Wholesale | Feicheng Tongfa","description":"Our Rain Proof Tarpaulins are specifically crafted to provide excellent protection against water, wind, and harsh weather conditions. Ideal for safeguarding a variety of items, including outdoor equipment, vehicles, and construction materials, these tarps are made from premium-quality, weather-resistant PVC material.","robots":{"index":"index","follow":"follow","max-snippet":"max-snippet:-1","max-image-preview":"max-image-preview:large","max-video-preview":"max-video-preview:-1"},"canonical":"https:\/\/pengbu.jkkapi.top\/pt\/product\/rain-proof-tarpaulin\/","og_locale":"pt_PT","og_type":"article","og_title":"Rain Proof Tarpaulin Wholesale | Feicheng Tongfa","og_description":"Our Rain Proof Tarpaulins are specifically crafted to provide excellent protection against water, wind, and harsh weather conditions. Ideal for safeguarding a variety of items, including outdoor equipment, vehicles, and construction materials, these tarps are made from premium-quality, weather-resistant PVC material.","og_url":"https:\/\/pengbu.jkkapi.top\/pt\/product\/rain-proof-tarpaulin\/","article_modified_time":"2025-06-01T00:55:55+00:00","og_image":[{"width":600,"height":400,"url":"https:\/\/pengbu.jkkapi.top\/wp-content\/uploads\/2024\/11\/water-proof-tarpaulin-250x250-1.jpg","type":"image\/jpeg"}],"twitter_card":"summary_large_image","twitter_misc":{"Tempo estimado de leitura":"2 minutos"},"schema":{"@context":"https:\/\/schema.org","@graph":[{"@type":"WebPage","@id":"https:\/\/pengbu.jkkapi.top\/product\/rain-proof-tarpaulin\/","url":"https:\/\/pengbu.jkkapi.top\/product\/rain-proof-tarpaulin\/","name":"Rain Proof Tarpaulin Wholesale | Feicheng Tongfa","isPartOf":{"@id":"https:\/\/pengbu.jkkapi.top\/#website"},"primaryImageOfPage":{"@id":"https:\/\/pengbu.jkkapi.top\/product\/rain-proof-tarpaulin\/#primaryimage"},"image":{"@id":"https:\/\/pengbu.jkkapi.top\/product\/rain-proof-tarpaulin\/#primaryimage"},"thumbnailUrl":"https:\/\/pengbu.jkkapi.top\/wp-content\/uploads\/2024\/11\/water-proof-tarpaulin-250x250-1.jpg","datePublished":"2024-11-08T08:51:32+00:00","dateModified":"2025-06-01T00:55:55+00:00","description":"Our Rain Proof Tarpaulins are specifically crafted to provide excellent protection against water, wind, and harsh weather conditions. Ideal for safeguarding a variety of items, including outdoor equipment, vehicles, and construction materials, these tarps are made from premium-quality, weather-resistant PVC material.","breadcrumb":{"@id":"https:\/\/pengbu.jkkapi.top\/product\/rain-proof-tarpaulin\/#breadcrumb"},"inLanguage":"pt-PT","potentialAction":[{"@type":"ReadAction","target":["https:\/\/pengbu.jkkapi.top\/product\/rain-proof-tarpaulin\/"]}]},{"@type":"ImageObject","inLanguage":"pt-PT","@id":"https:\/\/pengbu.jkkapi.top\/product\/rain-proof-tarpaulin\/#primaryimage","url":"https:\/\/pengbu.jkkapi.top\/wp-content\/uploads\/2024\/11\/water-proof-tarpaulin-250x250-1.jpg","contentUrl":"https:\/\/pengbu.jkkapi.top\/wp-content\/uploads\/2024\/11\/water-proof-tarpaulin-250x250-1.jpg","width":600,"height":400,"caption":"Rain Proof Tarpaulin"},{"@type":"BreadcrumbList","@id":"https:\/\/pengbu.jkkapi.top\/product\/rain-proof-tarpaulin\/#breadcrumb","itemListElement":[{"@type":"ListItem","position":1,"name":"Home","item":"https:\/\/pengbu.jkkapi.top\/"},{"@type":"ListItem","position":2,"name":"Products","item":"https:\/\/pengbu.jkkapi.top\/shop\/"},{"@type":"ListItem","position":3,"name":"Tarpaulin","item":"https:\/\/pengbu.jkkapi.top\/product-category\/tarpaulin\/"},{"@type":"ListItem","position":4,"name":"PVC Tarpaulin","item":"https:\/\/pengbu.jkkapi.top\/product-category\/tarpaulin\/pvc-tarpaulin\/"},{"@type":"ListItem","position":5,"name":"Rain Proof Tarpaulin","item":"https:\/\/pengbu.jkkapi.top\/product-category\/tarpaulin\/pvc-tarpaulin\/rain-proof-tarpaulin\/"},{"@type":"ListItem","position":6,"name":"Rain Proof Tarpaulin"}]},{"@type":"WebSite","@id":"https:\/\/pengbu.jkkapi.top\/#website","url":"https:\/\/pengbu.jkkapi.top\/","name":"Fabricante de encerados - encerados para cami\u00f5es - malha de PVC - Feicheng Tongfa Trading","description":"","publisher":{"@id":"https:\/\/pengbu.jkkapi.top\/#organization"},"alternateName":"Tarpaulin manufacturer-Truck tarpaulin-Feicheng Tongfa","potentialAction":[{"@type":"SearchAction","target":{"@type":"EntryPoint","urlTemplate":"https:\/\/pengbu.jkkapi.top\/?s={search_term_string}"},"query-input":{"@type":"PropertyValueSpecification","valueRequired":true,"valueName":"search_term_string"}}],"inLanguage":"pt-PT"},{"@type":"Organization","@id":"https:\/\/pengbu.jkkapi.top\/#organization","name":"FeiCheng TongFa","url":"https:\/\/pengbu.jkkapi.top\/","logo":{"@type":"ImageObject","inLanguage":"pt-PT","@id":"https:\/\/pengbu.jkkapi.top\/#\/schema\/logo\/image\/","url":"https:\/\/pengbu.jkkapi.top\/wp-content\/uploads\/2024\/09\/logo.jpg","contentUrl":"https:\/\/pengbu.jkkapi.top\/wp-content\/uploads\/2024\/09\/logo.jpg","width":605,"height":121,"caption":"FeiCheng TongFa"},"image":{"@id":"https:\/\/pengbu.jkkapi.top\/#\/schema\/logo\/image\/"}}]}},"uagb_featured_image_src":{"full":["https:\/\/pengbu.jkkapi.top\/wp-content\/uploads\/2024\/11\/water-proof-tarpaulin-250x250-1.jpg",600,400,false],"thumbnail":["https:\/\/pengbu.jkkapi.top\/wp-content\/uploads\/2024\/11\/water-proof-tarpaulin-250x250-1-150x150.jpg",150,150,true],"medium":["https:\/\/pengbu.jkkapi.top\/wp-content\/uploads\/2024\/11\/water-proof-tarpaulin-250x250-1-300x200.jpg",300,200,true],"medium_large":["https:\/\/pengbu.jkkapi.top\/wp-content\/uploads\/2024\/11\/water-proof-tarpaulin-250x250-1.jpg",600,400,false],"large":["https:\/\/pengbu.jkkapi.top\/wp-content\/uploads\/2024\/11\/water-proof-tarpaulin-250x250-1.jpg",600,400,false],"1536x1536":["https:\/\/pengbu.jkkapi.top\/wp-content\/uploads\/2024\/11\/water-proof-tarpaulin-250x250-1.jpg",600,400,false],"2048x2048":["https:\/\/pengbu.jkkapi.top\/wp-content\/uploads\/2024\/11\/water-proof-tarpaulin-250x250-1.jpg",600,400,false],"trp-custom-language-flag":["https:\/\/pengbu.jkkapi.top\/wp-content\/uploads\/2024\/11\/water-proof-tarpaulin-250x250-1-18x12.jpg",18,12,true],"woocommerce_thumbnail":["https:\/\/pengbu.jkkapi.top\/wp-content\/uploads\/2024\/11\/water-proof-tarpaulin-250x250-1-300x300.jpg",300,300,true],"woocommerce_single":["https:\/\/pengbu.jkkapi.top\/wp-content\/uploads\/2024\/11\/water-proof-tarpaulin-250x250-1.jpg",600,400,false],"woocommerce_gallery_thumbnail":["https:\/\/pengbu.jkkapi.top\/wp-content\/uploads\/2024\/11\/water-proof-tarpaulin-250x250-1-100x100.jpg",100,100,true]},"uagb_author_info":{"display_name":"user","author_link":"https:\/\/pengbu.jkkapi.top\/pt\/author\/"},"uagb_comment_info":2,"uagb_excerpt":"Our Rain Proof Tarpaulins are specifically crafted to provide excellent protection against water, wind, and harsh weather conditions. Ideal for safeguarding a variety of items, including outdoor equipment, vehicles, and construction materials, these tarps are made from premium-quality, weather-resistant PVC material. Their robust construction ensures that your assets stay safe and dry, even during severe&hellip;","_links":{"self":[{"href":"https:\/\/pengbu.jkkapi.top\/pt\/wp-json\/wp\/v2\/product\/1976","targetHints":{"allow":["GET"]}}],"collection":[{"href":"https:\/\/pengbu.jkkapi.top\/pt\/wp-json\/wp\/v2\/product"}],"about":[{"href":"https:\/\/pengbu.jkkapi.top\/pt\/wp-json\/wp\/v2\/types\/product"}],"replies":[{"embeddable":true,"href":"https:\/\/pengbu.jkkapi.top\/pt\/wp-json\/wp\/v2\/comments?post=1976"}],"wp:featuredmedia":[{"embeddable":true,"href":"https:\/\/pengbu.jkkapi.top\/pt\/wp-json\/wp\/v2\/media\/1981"}],"wp:attachment":[{"href":"https:\/\/pengbu.jkkapi.top\/pt\/wp-json\/wp\/v2\/media?parent=1976"}],"wp:term":[{"taxonomy":"product_brand","embeddable":true,"href":"https:\/\/pengbu.jkkapi.top\/pt\/wp-json\/wp\/v2\/product_brand?post=1976"},{"taxonomy":"product_cat","embeddable":true,"href":"https:\/\/pengbu.jkkapi.top\/pt\/wp-json\/wp\/v2\/product_cat?post=1976"},{"taxonomy":"product_tag","embeddable":true,"href":"https:\/\/pengbu.jkkapi.top\/pt\/wp-json\/wp\/v2\/product_tag?post=1976"}],"curies":[{"name":"wp","href":"https:\/\/api.w.org\/{rel}","templated":true}]}}