{"id":1982,"date":"2024-11-08T09:08:33","date_gmt":"2024-11-08T09:08:33","guid":{"rendered":"https:\/\/pengbu.jkkapi.top\/?post_type=product&#038;p=1982"},"modified":"2025-06-04T05:20:41","modified_gmt":"2025-06-04T05:20:41","slug":"hay-tarp","status":"publish","type":"product","link":"https:\/\/pengbu.jkkapi.top\/pt\/product\/hay-tarp\/","title":{"rendered":"Lona de feno"},"content":{"rendered":"<p>Carater\u00edsticas principais:<\/p>\n<p>Prote\u00e7\u00e3o excecional contra as intemp\u00e9ries: As nossas lonas para feno s\u00e3o concebidas para proteger contra os elementos, proporcionando uma prote\u00e7\u00e3o imperme\u00e1vel, \u00e0 prova de vento e resistente aos raios UV. Isto ajuda a manter a qualidade nutricional dos fardos de feno e evita o crescimento de bolor devido \u00e0 humidade.<\/p>\n<p>Constru\u00e7\u00e3o duradoura: Fabricadas a partir de polietileno robusto, estas lonas s\u00e3o constru\u00eddas para durar e oferecem uma excelente resist\u00eancia ao rasgamento, o que as torna ideais para armazenamento exterior a longo prazo.<\/p>\n<p>Sistema de fixa\u00e7\u00e3o seguro: Equipadas com ilh\u00f3s resistentes \u00e0 ferrugem espa\u00e7ados a cada 36 polegadas e an\u00e9is D refor\u00e7ados, estas lonas permitem uma cobertura segura e est\u00e1vel, mesmo com ventos fortes.<\/p>\n<p>Resist\u00eancia aos raios UV: O tecido com tratamento UV resiste aos danos causados pelo sol, garantindo que a lona mant\u00e9m a sua integridade ao longo do tempo e proporciona uma prote\u00e7\u00e3o consistente em climas ensolarados.<\/p>\n<p>Aplica\u00e7\u00f5es vers\u00e1teis: Para al\u00e9m do armazenamento de feno, estas lonas tamb\u00e9m s\u00e3o adequadas para cobrir m\u00e1quinas agr\u00edcolas, equipamento e outros produtos agr\u00edcolas, o que as torna um bem valioso para qualquer opera\u00e7\u00e3o agr\u00edcola.<\/p>\n<p>\u00c1reas de aplica\u00e7\u00e3o:<\/p>\n<p>As lonas para feno s\u00e3o ideais para utiliza\u00e7\u00e3o agr\u00edcola, especialmente para os agricultores que pretendem proteger grandes quantidades de feno das intemp\u00e9ries. S\u00e3o normalmente utilizadas para cobrir fardos de feno, silagem, palha e outras mat\u00e9rias-primas, preservando a sua qualidade e evitando desperd\u00edcios. Al\u00e9m disso, estas lonas s\u00e3o adequadas para proteger a maquinaria agr\u00edcola, a madeira e outro equipamento exterior dos danos causados pelas intemp\u00e9ries, proporcionando uma solu\u00e7\u00e3o de armazenamento econ\u00f3mica.<\/p>\n<p>Concebidas para resistir aos desafios do armazenamento no exterior, as nossas lonas para feno oferecem uma prote\u00e7\u00e3o e um valor fi\u00e1veis, o que as torna uma ferramenta essencial para utiliza\u00e7\u00e3o na agricultura e nas explora\u00e7\u00f5es agr\u00edcolas. Com estas lonas, pode garantir que o seu feno se mant\u00e9m fresco e seco, proporcionando paz de esp\u00edrito e alimentos de qualidade para o seu gado.<\/p>","protected":false},"excerpt":{"rendered":"<p>As nossas lonas para feno foram concebidas para oferecer uma prote\u00e7\u00e3o fi\u00e1vel e duradoura aos fardos de feno e a outros produtos agr\u00edcolas armazenados no exterior. Constru\u00eddas a partir de polietileno dur\u00e1vel e resistente aos raios UV, estas lonas protegem o seu feno da chuva, do vento e dos raios UV nocivos, preservando a sua qualidade e prolongando a sua vida \u00fatil. Quer seja na quinta ou no campo, as nossas lonas para feno s\u00e3o uma escolha de confian\u00e7a para manter a mat\u00e9ria-prima valiosa segura e seca.<\/p>\n<p>Material: Polietileno resistente aos raios UV para trabalhos pesados<\/p>\n<p>Peso: Aproximadamente 10 oz por jarda quadrada<\/p>\n<p>Tamanho: Dispon\u00edvel em v\u00e1rios tamanhos para cobrir pilhas de feno pequenas e grandes<\/p>\n<p>Espa\u00e7amento de ilh\u00f3s: A cada 36 polegadas para uma fixa\u00e7\u00e3o segura<\/p>\n<p>An\u00e9is em D: Refor\u00e7ados ao longo dos bordos para maior estabilidade<\/p>\n<p>Espessura: Cerca de 12 mil para maior durabilidade<\/p>\n<p>Resist\u00eancia ao rasgamento: Elevada resist\u00eancia ao rasgamento, concebida para utiliza\u00e7\u00e3o no exterior<\/p>\n<p>Resist\u00eancia \u00e0s intemp\u00e9ries: Resiste \u00e0 chuva, ao vento, \u00e0 neve e \u00e0 exposi\u00e7\u00e3o solar<\/p>\n<p>Resist\u00eancia ao fogo: Cumpre as normas b\u00e1sicas de retardamento do fogo<\/p>\n<p>Cor: Dispon\u00edvel em branco e prateado<\/p>","protected":false},"featured_media":1983,"comment_status":"open","ping_status":"closed","template":"","meta":{"_uag_custom_page_level_css":"","site-sidebar-layout":"default","site-content-layout":"","ast-site-content-layout":"default","site-content-style":"default","site-sidebar-style":"default","ast-global-header-display":"","ast-banner-title-visibility":"","ast-main-header-display":"","ast-hfb-above-header-display":"","ast-hfb-below-header-display":"","ast-hfb-mobile-header-display":"","site-post-title":"","ast-breadcrumbs-content":"","ast-featured-img":"","footer-sml-layout":"","ast-disable-related-posts":"","theme-transparent-header-meta":"default","adv-header-id-meta":"","stick-header-meta":"","header-above-stick-meta":"","header-main-stick-meta":"","header-below-stick-meta":"","astra-migrate-meta-layouts":"set","ast-page-background-enabled":"default","ast-page-background-meta":{"desktop":{"background-color":"var(--ast-global-color-5)","background-image":"","background-repeat":"repeat","background-position":"center center","background-size":"auto","background-attachment":"scroll","background-type":"","background-media":"","overlay-type":"","overlay-color":"","overlay-opacity":"","overlay-gradient":""},"tablet":{"background-color":"","background-image":"","background-repeat":"repeat","background-position":"center center","background-size":"auto","background-attachment":"scroll","background-type":"","background-media":"","overlay-type":"","overlay-color":"","overlay-opacity":"","overlay-gradient":""},"mobile":{"background-color":"","background-image":"","background-repeat":"repeat","background-position":"center center","background-size":"auto","background-attachment":"scroll","background-type":"","background-media":"","overlay-type":"","overlay-color":"","overlay-opacity":"","overlay-gradient":""}},"ast-content-background-meta":{"desktop":{"background-color":"var(--ast-global-color-4)","background-image":"","background-repeat":"repeat","background-position":"center center","background-size":"auto","background-attachment":"scroll","background-type":"","background-media":"","overlay-type":"","overlay-color":"","overlay-opacity":"","overlay-gradient":""},"tablet":{"background-color":"var(--ast-global-color-4)","background-image":"","background-repeat":"repeat","background-position":"center center","background-size":"auto","background-attachment":"scroll","background-type":"","background-media":"","overlay-type":"","overlay-color":"","overlay-opacity":"","overlay-gradient":""},"mobile":{"background-color":"var(--ast-global-color-4)","background-image":"","background-repeat":"repeat","background-position":"center center","background-size":"auto","background-attachment":"scroll","background-type":"","background-media":"","overlay-type":"","overlay-color":"","overlay-opacity":"","overlay-gradient":""}}},"product_brand":[],"product_cat":[36],"product_tag":[],"class_list":{"0":"post-1982","1":"product","2":"type-product","3":"status-publish","4":"has-post-thumbnail","6":"product_cat-hay-tarp","7":"desktop-align-left","8":"tablet-align-left","9":"mobile-align-left","11":"first","12":"instock","13":"shipping-taxable","14":"product-type-simple"},"yoast_head":"<!-- This site is optimized with the Yoast SEO plugin v24.1 - https:\/\/yoast.com\/wordpress\/plugins\/seo\/ -->\n<title>Hay Tarp Wholesale | Feicheng Tongfa<\/title>\n<meta name=\"description\" content=\"Our Hay Tarps are designed to offer reliable, long-lasting protection for hay bales and other agricultural products stored outdoors. Constructed from durable, UV-resistant polyethylene, these tarps shield your hay from rain, wind, and harmful UV rays, preserving its quality and extending its usable life.\" \/>\n<meta name=\"robots\" content=\"index, follow, max-snippet:-1, max-image-preview:large, max-video-preview:-1\" \/>\n<link rel=\"canonical\" href=\"https:\/\/pengbu.jkkapi.top\/pt\/product\/hay-tarp\/\" \/>\n<meta property=\"og:locale\" content=\"pt_PT\" \/>\n<meta property=\"og:type\" content=\"article\" \/>\n<meta property=\"og:title\" content=\"Hay Tarp Wholesale | Feicheng Tongfa\" \/>\n<meta property=\"og:description\" content=\"Our Hay Tarps are designed to offer reliable, long-lasting protection for hay bales and other agricultural products stored outdoors. Constructed from durable, UV-resistant polyethylene, these tarps shield your hay from rain, wind, and harmful UV rays, preserving its quality and extending its usable life.\" \/>\n<meta property=\"og:url\" content=\"https:\/\/pengbu.jkkapi.top\/pt\/product\/hay-tarp\/\" \/>\n<meta property=\"article:modified_time\" content=\"2025-06-04T05:20:41+00:00\" \/>\n<meta property=\"og:image\" content=\"https:\/\/pengbu.jkkapi.top\/wp-content\/uploads\/2024\/11\/blue-1.jpg\" \/>\n\t<meta property=\"og:image:width\" content=\"600\" \/>\n\t<meta property=\"og:image:height\" content=\"400\" \/>\n\t<meta property=\"og:image:type\" content=\"image\/jpeg\" \/>\n<meta name=\"twitter:card\" content=\"summary_large_image\" \/>\n<meta name=\"twitter:label1\" content=\"Tempo estimado de leitura\" \/>\n\t<meta name=\"twitter:data1\" content=\"2 minutos\" \/>\n<script type=\"application\/ld+json\" class=\"yoast-schema-graph\">{\"@context\":\"https:\/\/schema.org\",\"@graph\":[{\"@type\":\"WebPage\",\"@id\":\"https:\/\/pengbu.jkkapi.top\/product\/hay-tarp\/\",\"url\":\"https:\/\/pengbu.jkkapi.top\/product\/hay-tarp\/\",\"name\":\"Hay Tarp Wholesale | Feicheng Tongfa\",\"isPartOf\":{\"@id\":\"https:\/\/pengbu.jkkapi.top\/#website\"},\"primaryImageOfPage\":{\"@id\":\"https:\/\/pengbu.jkkapi.top\/product\/hay-tarp\/#primaryimage\"},\"image\":{\"@id\":\"https:\/\/pengbu.jkkapi.top\/product\/hay-tarp\/#primaryimage\"},\"thumbnailUrl\":\"https:\/\/pengbu.jkkapi.top\/wp-content\/uploads\/2024\/11\/blue-1.jpg\",\"datePublished\":\"2024-11-08T09:08:33+00:00\",\"dateModified\":\"2025-06-04T05:20:41+00:00\",\"description\":\"Our Hay Tarps are designed to offer reliable, long-lasting protection for hay bales and other agricultural products stored outdoors. Constructed from durable, UV-resistant polyethylene, these tarps shield your hay from rain, wind, and harmful UV rays, preserving its quality and extending its usable life.\",\"breadcrumb\":{\"@id\":\"https:\/\/pengbu.jkkapi.top\/product\/hay-tarp\/#breadcrumb\"},\"inLanguage\":\"pt-PT\",\"potentialAction\":[{\"@type\":\"ReadAction\",\"target\":[\"https:\/\/pengbu.jkkapi.top\/product\/hay-tarp\/\"]}]},{\"@type\":\"ImageObject\",\"inLanguage\":\"pt-PT\",\"@id\":\"https:\/\/pengbu.jkkapi.top\/product\/hay-tarp\/#primaryimage\",\"url\":\"https:\/\/pengbu.jkkapi.top\/wp-content\/uploads\/2024\/11\/blue-1.jpg\",\"contentUrl\":\"https:\/\/pengbu.jkkapi.top\/wp-content\/uploads\/2024\/11\/blue-1.jpg\",\"width\":600,\"height\":400,\"caption\":\"Hay Tarp\"},{\"@type\":\"BreadcrumbList\",\"@id\":\"https:\/\/pengbu.jkkapi.top\/product\/hay-tarp\/#breadcrumb\",\"itemListElement\":[{\"@type\":\"ListItem\",\"position\":1,\"name\":\"Home\",\"item\":\"https:\/\/pengbu.jkkapi.top\/\"},{\"@type\":\"ListItem\",\"position\":2,\"name\":\"Products\",\"item\":\"https:\/\/pengbu.jkkapi.top\/shop\/\"},{\"@type\":\"ListItem\",\"position\":3,\"name\":\"Tarpaulin\",\"item\":\"https:\/\/pengbu.jkkapi.top\/product-category\/tarpaulin\/\"},{\"@type\":\"ListItem\",\"position\":4,\"name\":\"PVC Tarpaulin\",\"item\":\"https:\/\/pengbu.jkkapi.top\/product-category\/tarpaulin\/pvc-tarpaulin\/\"},{\"@type\":\"ListItem\",\"position\":5,\"name\":\"Hay Tarp\",\"item\":\"https:\/\/pengbu.jkkapi.top\/product-category\/tarpaulin\/pvc-tarpaulin\/hay-tarp\/\"},{\"@type\":\"ListItem\",\"position\":6,\"name\":\"Hay Tarp\"}]},{\"@type\":\"WebSite\",\"@id\":\"https:\/\/pengbu.jkkapi.top\/#website\",\"url\":\"https:\/\/pengbu.jkkapi.top\/\",\"name\":\"Tarpaulin manufacturer-Truck tarpaulin-PVC mesh-Feicheng Tongfa Trading\",\"description\":\"\",\"publisher\":{\"@id\":\"https:\/\/pengbu.jkkapi.top\/#organization\"},\"alternateName\":\"Tarpaulin manufacturer-Truck tarpaulin-Feicheng Tongfa\",\"potentialAction\":[{\"@type\":\"SearchAction\",\"target\":{\"@type\":\"EntryPoint\",\"urlTemplate\":\"https:\/\/pengbu.jkkapi.top\/?s={search_term_string}\"},\"query-input\":{\"@type\":\"PropertyValueSpecification\",\"valueRequired\":true,\"valueName\":\"search_term_string\"}}],\"inLanguage\":\"pt-PT\"},{\"@type\":\"Organization\",\"@id\":\"https:\/\/pengbu.jkkapi.top\/#organization\",\"name\":\"FeiCheng TongFa\",\"url\":\"https:\/\/pengbu.jkkapi.top\/\",\"logo\":{\"@type\":\"ImageObject\",\"inLanguage\":\"pt-PT\",\"@id\":\"https:\/\/pengbu.jkkapi.top\/#\/schema\/logo\/image\/\",\"url\":\"https:\/\/pengbu.jkkapi.top\/wp-content\/uploads\/2024\/09\/logo.jpg\",\"contentUrl\":\"https:\/\/pengbu.jkkapi.top\/wp-content\/uploads\/2024\/09\/logo.jpg\",\"width\":605,\"height\":121,\"caption\":\"FeiCheng TongFa\"},\"image\":{\"@id\":\"https:\/\/pengbu.jkkapi.top\/#\/schema\/logo\/image\/\"}}]}<\/script>\n<!-- \/ Yoast SEO plugin. -->","yoast_head_json":{"title":"Hay Tarp Wholesale | Feicheng Tongfa","description":"Our Hay Tarps are designed to offer reliable, long-lasting protection for hay bales and other agricultural products stored outdoors. Constructed from durable, UV-resistant polyethylene, these tarps shield your hay from rain, wind, and harmful UV rays, preserving its quality and extending its usable life.","robots":{"index":"index","follow":"follow","max-snippet":"max-snippet:-1","max-image-preview":"max-image-preview:large","max-video-preview":"max-video-preview:-1"},"canonical":"https:\/\/pengbu.jkkapi.top\/pt\/product\/hay-tarp\/","og_locale":"pt_PT","og_type":"article","og_title":"Hay Tarp Wholesale | Feicheng Tongfa","og_description":"Our Hay Tarps are designed to offer reliable, long-lasting protection for hay bales and other agricultural products stored outdoors. Constructed from durable, UV-resistant polyethylene, these tarps shield your hay from rain, wind, and harmful UV rays, preserving its quality and extending its usable life.","og_url":"https:\/\/pengbu.jkkapi.top\/pt\/product\/hay-tarp\/","article_modified_time":"2025-06-04T05:20:41+00:00","og_image":[{"width":600,"height":400,"url":"https:\/\/pengbu.jkkapi.top\/wp-content\/uploads\/2024\/11\/blue-1.jpg","type":"image\/jpeg"}],"twitter_card":"summary_large_image","twitter_misc":{"Tempo estimado de leitura":"2 minutos"},"schema":{"@context":"https:\/\/schema.org","@graph":[{"@type":"WebPage","@id":"https:\/\/pengbu.jkkapi.top\/product\/hay-tarp\/","url":"https:\/\/pengbu.jkkapi.top\/product\/hay-tarp\/","name":"Hay Tarp Wholesale | Feicheng Tongfa","isPartOf":{"@id":"https:\/\/pengbu.jkkapi.top\/#website"},"primaryImageOfPage":{"@id":"https:\/\/pengbu.jkkapi.top\/product\/hay-tarp\/#primaryimage"},"image":{"@id":"https:\/\/pengbu.jkkapi.top\/product\/hay-tarp\/#primaryimage"},"thumbnailUrl":"https:\/\/pengbu.jkkapi.top\/wp-content\/uploads\/2024\/11\/blue-1.jpg","datePublished":"2024-11-08T09:08:33+00:00","dateModified":"2025-06-04T05:20:41+00:00","description":"Our Hay Tarps are designed to offer reliable, long-lasting protection for hay bales and other agricultural products stored outdoors. Constructed from durable, UV-resistant polyethylene, these tarps shield your hay from rain, wind, and harmful UV rays, preserving its quality and extending its usable life.","breadcrumb":{"@id":"https:\/\/pengbu.jkkapi.top\/product\/hay-tarp\/#breadcrumb"},"inLanguage":"pt-PT","potentialAction":[{"@type":"ReadAction","target":["https:\/\/pengbu.jkkapi.top\/product\/hay-tarp\/"]}]},{"@type":"ImageObject","inLanguage":"pt-PT","@id":"https:\/\/pengbu.jkkapi.top\/product\/hay-tarp\/#primaryimage","url":"https:\/\/pengbu.jkkapi.top\/wp-content\/uploads\/2024\/11\/blue-1.jpg","contentUrl":"https:\/\/pengbu.jkkapi.top\/wp-content\/uploads\/2024\/11\/blue-1.jpg","width":600,"height":400,"caption":"Hay Tarp"},{"@type":"BreadcrumbList","@id":"https:\/\/pengbu.jkkapi.top\/product\/hay-tarp\/#breadcrumb","itemListElement":[{"@type":"ListItem","position":1,"name":"Home","item":"https:\/\/pengbu.jkkapi.top\/"},{"@type":"ListItem","position":2,"name":"Products","item":"https:\/\/pengbu.jkkapi.top\/shop\/"},{"@type":"ListItem","position":3,"name":"Tarpaulin","item":"https:\/\/pengbu.jkkapi.top\/product-category\/tarpaulin\/"},{"@type":"ListItem","position":4,"name":"PVC Tarpaulin","item":"https:\/\/pengbu.jkkapi.top\/product-category\/tarpaulin\/pvc-tarpaulin\/"},{"@type":"ListItem","position":5,"name":"Hay Tarp","item":"https:\/\/pengbu.jkkapi.top\/product-category\/tarpaulin\/pvc-tarpaulin\/hay-tarp\/"},{"@type":"ListItem","position":6,"name":"Hay Tarp"}]},{"@type":"WebSite","@id":"https:\/\/pengbu.jkkapi.top\/#website","url":"https:\/\/pengbu.jkkapi.top\/","name":"Fabricante de encerados - encerados para cami\u00f5es - malha de PVC - Feicheng Tongfa Trading","description":"","publisher":{"@id":"https:\/\/pengbu.jkkapi.top\/#organization"},"alternateName":"Tarpaulin manufacturer-Truck tarpaulin-Feicheng Tongfa","potentialAction":[{"@type":"SearchAction","target":{"@type":"EntryPoint","urlTemplate":"https:\/\/pengbu.jkkapi.top\/?s={search_term_string}"},"query-input":{"@type":"PropertyValueSpecification","valueRequired":true,"valueName":"search_term_string"}}],"inLanguage":"pt-PT"},{"@type":"Organization","@id":"https:\/\/pengbu.jkkapi.top\/#organization","name":"FeiCheng TongFa","url":"https:\/\/pengbu.jkkapi.top\/","logo":{"@type":"ImageObject","inLanguage":"pt-PT","@id":"https:\/\/pengbu.jkkapi.top\/#\/schema\/logo\/image\/","url":"https:\/\/pengbu.jkkapi.top\/wp-content\/uploads\/2024\/09\/logo.jpg","contentUrl":"https:\/\/pengbu.jkkapi.top\/wp-content\/uploads\/2024\/09\/logo.jpg","width":605,"height":121,"caption":"FeiCheng TongFa"},"image":{"@id":"https:\/\/pengbu.jkkapi.top\/#\/schema\/logo\/image\/"}}]}},"uagb_featured_image_src":{"full":["https:\/\/pengbu.jkkapi.top\/wp-content\/uploads\/2024\/11\/blue-1.jpg",600,400,false],"thumbnail":["https:\/\/pengbu.jkkapi.top\/wp-content\/uploads\/2024\/11\/blue-1-150x150.jpg",150,150,true],"medium":["https:\/\/pengbu.jkkapi.top\/wp-content\/uploads\/2024\/11\/blue-1-300x200.jpg",300,200,true],"medium_large":["https:\/\/pengbu.jkkapi.top\/wp-content\/uploads\/2024\/11\/blue-1.jpg",600,400,false],"large":["https:\/\/pengbu.jkkapi.top\/wp-content\/uploads\/2024\/11\/blue-1.jpg",600,400,false],"1536x1536":["https:\/\/pengbu.jkkapi.top\/wp-content\/uploads\/2024\/11\/blue-1.jpg",600,400,false],"2048x2048":["https:\/\/pengbu.jkkapi.top\/wp-content\/uploads\/2024\/11\/blue-1.jpg",600,400,false],"trp-custom-language-flag":["https:\/\/pengbu.jkkapi.top\/wp-content\/uploads\/2024\/11\/blue-1-18x12.jpg",18,12,true],"woocommerce_thumbnail":["https:\/\/pengbu.jkkapi.top\/wp-content\/uploads\/2024\/11\/blue-1-300x300.jpg",300,300,true],"woocommerce_single":["https:\/\/pengbu.jkkapi.top\/wp-content\/uploads\/2024\/11\/blue-1.jpg",600,400,false],"woocommerce_gallery_thumbnail":["https:\/\/pengbu.jkkapi.top\/wp-content\/uploads\/2024\/11\/blue-1-100x100.jpg",100,100,true]},"uagb_author_info":{"display_name":"user","author_link":"https:\/\/pengbu.jkkapi.top\/pt\/author\/"},"uagb_comment_info":4,"uagb_excerpt":"Our Hay Tarps are designed to offer reliable, long-lasting protection for hay bales and other agricultural products stored outdoors. Constructed from durable, UV-resistant polyethylene, these tarps shield your hay from rain, wind, and harmful UV rays, preserving its quality and extending its usable life. Whether on the farm or in the field, our Hay Tarps&hellip;","_links":{"self":[{"href":"https:\/\/pengbu.jkkapi.top\/pt\/wp-json\/wp\/v2\/product\/1982","targetHints":{"allow":["GET"]}}],"collection":[{"href":"https:\/\/pengbu.jkkapi.top\/pt\/wp-json\/wp\/v2\/product"}],"about":[{"href":"https:\/\/pengbu.jkkapi.top\/pt\/wp-json\/wp\/v2\/types\/product"}],"replies":[{"embeddable":true,"href":"https:\/\/pengbu.jkkapi.top\/pt\/wp-json\/wp\/v2\/comments?post=1982"}],"wp:featuredmedia":[{"embeddable":true,"href":"https:\/\/pengbu.jkkapi.top\/pt\/wp-json\/wp\/v2\/media\/1983"}],"wp:attachment":[{"href":"https:\/\/pengbu.jkkapi.top\/pt\/wp-json\/wp\/v2\/media?parent=1982"}],"wp:term":[{"taxonomy":"product_brand","embeddable":true,"href":"https:\/\/pengbu.jkkapi.top\/pt\/wp-json\/wp\/v2\/product_brand?post=1982"},{"taxonomy":"product_cat","embeddable":true,"href":"https:\/\/pengbu.jkkapi.top\/pt\/wp-json\/wp\/v2\/product_cat?post=1982"},{"taxonomy":"product_tag","embeddable":true,"href":"https:\/\/pengbu.jkkapi.top\/pt\/wp-json\/wp\/v2\/product_tag?post=1982"}],"curies":[{"name":"wp","href":"https:\/\/api.w.org\/{rel}","templated":true}]}}