{"id":1984,"date":"2024-11-08T09:17:50","date_gmt":"2024-11-08T09:17:50","guid":{"rendered":"https:\/\/pengbu.jkkapi.top\/?post_type=product&#038;p=1984"},"modified":"2025-06-06T17:18:36","modified_gmt":"2025-06-06T17:18:36","slug":"lona-com-isolamento","status":"publish","type":"product","link":"https:\/\/pengbu.jkkapi.top\/pt\/product\/lona-com-isolamento\/","title":{"rendered":"Lona isolada"},"content":{"rendered":"<p>Carater\u00edsticas principais:<\/p>\n<p>Isolamento t\u00e9rmico: Estas lonas apresentam um design de isolamento com v\u00e1rias camadas que ajuda a regular as temperaturas, tornando-as ideais para aplica\u00e7\u00f5es em que \u00e9 necess\u00e1rio reter ou arrefecer o calor. Perfeitas para a cura de bet\u00e3o em climas frios ou para cobrir materiais que necessitem de prote\u00e7\u00e3o contra o calor.<\/p>\n<p>Durabilidade para trabalhos pesados: Fabricadas a partir de uma combina\u00e7\u00e3o de tecido revestido a PVC e camadas de isolamento refor\u00e7adas, as nossas lonas isoladas s\u00e3o altamente resistentes a rasg\u00f5es, furos e desgaste, mesmo em ambientes de constru\u00e7\u00e3o dif\u00edceis.<\/p>\n<p>Design \u00e0 prova de intemp\u00e9ries: Estas lonas foram concebidas para resistir a condi\u00e7\u00f5es atmosf\u00e9ricas adversas, incluindo chuva, neve, vento e exposi\u00e7\u00e3o aos raios UV, proporcionando uma prote\u00e7\u00e3o consistente ao longo de todas as esta\u00e7\u00f5es.<\/p>\n<p>Fixa\u00e7\u00e3o f\u00e1cil: Com ilh\u00f3s colocados a cada 30 polegadas e argolas em D refor\u00e7adas ao longo das extremidades, estas lonas podem ser fixadas com seguran\u00e7a, garantindo que se mant\u00eam no lugar, mesmo com ventos fortes ou condi\u00e7\u00f5es dif\u00edceis.<\/p>\n<p>Aplica\u00e7\u00f5es vers\u00e1teis: Para al\u00e9m da constru\u00e7\u00e3o e da cura de bet\u00e3o, estas lonas podem ser utilizadas para cobrir equipamento sens\u00edvel \u00e0 temperatura, abrigos para gado e at\u00e9 \u00e1reas de eventos ao ar livre, o que as torna uma op\u00e7\u00e3o vers\u00e1til para uma s\u00e9rie de ind\u00fastrias.<\/p>\n<p>\u00c1reas de aplica\u00e7\u00e3o:<\/p>\n<p>As lonas isoladas s\u00e3o uma ferramenta essencial para os estaleiros de constru\u00e7\u00e3o, especialmente para a cura do bet\u00e3o em tempo frio. Tamb\u00e9m s\u00e3o \u00fateis em ambientes agr\u00edcolas para proteger o gado ou os alimentos de temperaturas extremas e no armazenamento industrial de equipamento sens\u00edvel \u00e0 temperatura. Estas lonas proporcionam um isolamento fi\u00e1vel, ajudando a manter a temperatura desejada e a proteger contra os elementos em ambientes exigentes.<\/p>\n<p>Com o seu isolamento de alta qualidade, constru\u00e7\u00e3o duradoura e propriedades resistentes \u00e0s intemp\u00e9ries, as nossas lonas isoladas s\u00e3o a solu\u00e7\u00e3o ideal para qualquer ind\u00fastria que necessite de controlo e prote\u00e7\u00e3o da temperatura. Garanta a prote\u00e7\u00e3o dos seus materiais e projectos, independentemente das condi\u00e7\u00f5es climat\u00e9ricas.<\/p>","protected":false},"excerpt":{"rendered":"<p>As nossas lonas isoladas s\u00e3o concebidas para proporcionar uma prote\u00e7\u00e3o t\u00e9rmica e um isolamento excepcionais para estaleiros de constru\u00e7\u00e3o, cura de bet\u00e3o e materiais sens\u00edveis \u00e0 temperatura. Fabricadas com isolamento de alta qualidade, com v\u00e1rias camadas e tecido revestido a PVC dur\u00e1vel, estas lonas foram concebidas para manter temperaturas est\u00e1veis, mesmo em condi\u00e7\u00f5es de frio ou calor extremos. Concebidas para utiliza\u00e7\u00e3o em ambientes exigentes, ajudam a garantir que os seus projectos e materiais permanecem protegidos, independentemente das condi\u00e7\u00f5es meteorol\u00f3gicas.<\/p>\n<p>Material: Tecido revestido a PVC com isolamento de v\u00e1rias camadas<\/p>\n<p>Peso: Aproximadamente 20 oz por jarda quadrada<\/p>\n<p>Tamanho: Dispon\u00edvel em v\u00e1rios tamanhos para cobrir \u00e1reas pequenas e grandes<\/p>\n<p>Espa\u00e7amento de ilh\u00f3s: A cada 30 polegadas para uma fixa\u00e7\u00e3o segura<\/p>\n<p>An\u00e9is em D: Refor\u00e7ados nos cantos e ao longo das bordas para maior estabilidade<\/p>\n<p>Espessura: Aproximadamente 15 mil para maior durabilidade e isolamento<\/p>\n<p>Resist\u00eancia ao rasgamento: Elevada resist\u00eancia ao rasgamento, adequada para ambientes de constru\u00e7\u00e3o<\/p>\n<p>Resist\u00eancia \u00e0s intemp\u00e9ries: Resiste a temperaturas extremas, vento e humidade<\/p>\n<p>Resist\u00eancia ao fogo: Retardador de fogo para cumprir as normas de seguran\u00e7a<\/p>\n<p>Cor: Dispon\u00edvel em cinzento, azul e preto<\/p>","protected":false},"featured_media":1985,"comment_status":"open","ping_status":"closed","template":"","meta":{"_uag_custom_page_level_css":"","site-sidebar-layout":"default","site-content-layout":"","ast-site-content-layout":"default","site-content-style":"default","site-sidebar-style":"default","ast-global-header-display":"","ast-banner-title-visibility":"","ast-main-header-display":"","ast-hfb-above-header-display":"","ast-hfb-below-header-display":"","ast-hfb-mobile-header-display":"","site-post-title":"","ast-breadcrumbs-content":"","ast-featured-img":"","footer-sml-layout":"","ast-disable-related-posts":"","theme-transparent-header-meta":"default","adv-header-id-meta":"","stick-header-meta":"","header-above-stick-meta":"","header-main-stick-meta":"","header-below-stick-meta":"","astra-migrate-meta-layouts":"set","ast-page-background-enabled":"default","ast-page-background-meta":{"desktop":{"background-color":"var(--ast-global-color-5)","background-image":"","background-repeat":"repeat","background-position":"center center","background-size":"auto","background-attachment":"scroll","background-type":"","background-media":"","overlay-type":"","overlay-color":"","overlay-opacity":"","overlay-gradient":""},"tablet":{"background-color":"","background-image":"","background-repeat":"repeat","background-position":"center center","background-size":"auto","background-attachment":"scroll","background-type":"","background-media":"","overlay-type":"","overlay-color":"","overlay-opacity":"","overlay-gradient":""},"mobile":{"background-color":"","background-image":"","background-repeat":"repeat","background-position":"center center","background-size":"auto","background-attachment":"scroll","background-type":"","background-media":"","overlay-type":"","overlay-color":"","overlay-opacity":"","overlay-gradient":""}},"ast-content-background-meta":{"desktop":{"background-color":"var(--ast-global-color-4)","background-image":"","background-repeat":"repeat","background-position":"center center","background-size":"auto","background-attachment":"scroll","background-type":"","background-media":"","overlay-type":"","overlay-color":"","overlay-opacity":"","overlay-gradient":""},"tablet":{"background-color":"var(--ast-global-color-4)","background-image":"","background-repeat":"repeat","background-position":"center center","background-size":"auto","background-attachment":"scroll","background-type":"","background-media":"","overlay-type":"","overlay-color":"","overlay-opacity":"","overlay-gradient":""},"mobile":{"background-color":"var(--ast-global-color-4)","background-image":"","background-repeat":"repeat","background-position":"center center","background-size":"auto","background-attachment":"scroll","background-type":"","background-media":"","overlay-type":"","overlay-color":"","overlay-opacity":"","overlay-gradient":""}}},"product_brand":[],"product_cat":[37],"product_tag":[],"class_list":{"0":"post-1984","1":"product","2":"type-product","3":"status-publish","4":"has-post-thumbnail","6":"product_cat-insulated-tarp","7":"desktop-align-left","8":"tablet-align-left","9":"mobile-align-left","11":"first","12":"instock","13":"shipping-taxable","14":"product-type-simple"},"yoast_head":"<!-- This site is optimized with the Yoast SEO plugin v24.1 - https:\/\/yoast.com\/wordpress\/plugins\/seo\/ -->\n<title>Insulated Tarp Wholesale | Feicheng Tongfa<\/title>\n<meta name=\"description\" content=\"Our Insulated Tarps are crafted to provide exceptional thermal protection and insulation for construction sites, concrete curing, and temperature-sensitive materials. Made with high-quality, multi-layered insulation and durable PVC-coated fabric, these tarps are engineered to maintain stable temperatures, even in extreme cold or heat.\" \/>\n<meta name=\"robots\" content=\"index, follow, max-snippet:-1, max-image-preview:large, max-video-preview:-1\" \/>\n<link rel=\"canonical\" href=\"https:\/\/pengbu.jkkapi.top\/pt\/product\/lona-com-isolamento\/\" \/>\n<meta property=\"og:locale\" content=\"pt_PT\" \/>\n<meta property=\"og:type\" content=\"article\" \/>\n<meta property=\"og:title\" content=\"Insulated Tarp Wholesale | Feicheng Tongfa\" \/>\n<meta property=\"og:description\" content=\"Our Insulated Tarps are crafted to provide exceptional thermal protection and insulation for construction sites, concrete curing, and temperature-sensitive materials. Made with high-quality, multi-layered insulation and durable PVC-coated fabric, these tarps are engineered to maintain stable temperatures, even in extreme cold or heat.\" \/>\n<meta property=\"og:url\" content=\"https:\/\/pengbu.jkkapi.top\/pt\/product\/lona-com-isolamento\/\" \/>\n<meta property=\"article:modified_time\" content=\"2025-06-06T17:18:36+00:00\" \/>\n<meta property=\"og:image\" content=\"https:\/\/pengbu.jkkapi.top\/wp-content\/uploads\/2024\/11\/greentarpaulin_f71833c1-3e35-4288-974f-86c8156dfd29_800x-e1737451633137.jpg\" \/>\n\t<meta property=\"og:image:width\" content=\"426\" \/>\n\t<meta property=\"og:image:height\" content=\"400\" \/>\n\t<meta property=\"og:image:type\" content=\"image\/jpeg\" \/>\n<meta name=\"twitter:card\" content=\"summary_large_image\" \/>\n<meta name=\"twitter:label1\" content=\"Tempo estimado de leitura\" \/>\n\t<meta name=\"twitter:data1\" content=\"2 minutos\" \/>\n<script type=\"application\/ld+json\" class=\"yoast-schema-graph\">{\"@context\":\"https:\/\/schema.org\",\"@graph\":[{\"@type\":\"WebPage\",\"@id\":\"https:\/\/pengbu.jkkapi.top\/product\/insulated-tarp\/\",\"url\":\"https:\/\/pengbu.jkkapi.top\/product\/insulated-tarp\/\",\"name\":\"Insulated Tarp Wholesale | Feicheng Tongfa\",\"isPartOf\":{\"@id\":\"https:\/\/pengbu.jkkapi.top\/#website\"},\"primaryImageOfPage\":{\"@id\":\"https:\/\/pengbu.jkkapi.top\/product\/insulated-tarp\/#primaryimage\"},\"image\":{\"@id\":\"https:\/\/pengbu.jkkapi.top\/product\/insulated-tarp\/#primaryimage\"},\"thumbnailUrl\":\"https:\/\/pengbu.jkkapi.top\/wp-content\/uploads\/2024\/11\/greentarpaulin_f71833c1-3e35-4288-974f-86c8156dfd29_800x-e1737451633137.jpg\",\"datePublished\":\"2024-11-08T09:17:50+00:00\",\"dateModified\":\"2025-06-06T17:18:36+00:00\",\"description\":\"Our Insulated Tarps are crafted to provide exceptional thermal protection and insulation for construction sites, concrete curing, and temperature-sensitive materials. Made with high-quality, multi-layered insulation and durable PVC-coated fabric, these tarps are engineered to maintain stable temperatures, even in extreme cold or heat.\",\"breadcrumb\":{\"@id\":\"https:\/\/pengbu.jkkapi.top\/product\/insulated-tarp\/#breadcrumb\"},\"inLanguage\":\"pt-PT\",\"potentialAction\":[{\"@type\":\"ReadAction\",\"target\":[\"https:\/\/pengbu.jkkapi.top\/product\/insulated-tarp\/\"]}]},{\"@type\":\"ImageObject\",\"inLanguage\":\"pt-PT\",\"@id\":\"https:\/\/pengbu.jkkapi.top\/product\/insulated-tarp\/#primaryimage\",\"url\":\"https:\/\/pengbu.jkkapi.top\/wp-content\/uploads\/2024\/11\/greentarpaulin_f71833c1-3e35-4288-974f-86c8156dfd29_800x-e1737451633137.jpg\",\"contentUrl\":\"https:\/\/pengbu.jkkapi.top\/wp-content\/uploads\/2024\/11\/greentarpaulin_f71833c1-3e35-4288-974f-86c8156dfd29_800x-e1737451633137.jpg\",\"width\":426,\"height\":400,\"caption\":\"Insulated Tarp\"},{\"@type\":\"BreadcrumbList\",\"@id\":\"https:\/\/pengbu.jkkapi.top\/product\/insulated-tarp\/#breadcrumb\",\"itemListElement\":[{\"@type\":\"ListItem\",\"position\":1,\"name\":\"Home\",\"item\":\"https:\/\/pengbu.jkkapi.top\/\"},{\"@type\":\"ListItem\",\"position\":2,\"name\":\"Products\",\"item\":\"https:\/\/pengbu.jkkapi.top\/shop\/\"},{\"@type\":\"ListItem\",\"position\":3,\"name\":\"Tarpaulin\",\"item\":\"https:\/\/pengbu.jkkapi.top\/product-category\/tarpaulin\/\"},{\"@type\":\"ListItem\",\"position\":4,\"name\":\"PVC Tarpaulin\",\"item\":\"https:\/\/pengbu.jkkapi.top\/product-category\/tarpaulin\/pvc-tarpaulin\/\"},{\"@type\":\"ListItem\",\"position\":5,\"name\":\"Insulated Tarp\",\"item\":\"https:\/\/pengbu.jkkapi.top\/product-category\/tarpaulin\/pvc-tarpaulin\/insulated-tarp\/\"},{\"@type\":\"ListItem\",\"position\":6,\"name\":\"Insulated Tarp\"}]},{\"@type\":\"WebSite\",\"@id\":\"https:\/\/pengbu.jkkapi.top\/#website\",\"url\":\"https:\/\/pengbu.jkkapi.top\/\",\"name\":\"Tarpaulin manufacturer-Truck tarpaulin-PVC mesh-Feicheng Tongfa Trading\",\"description\":\"\",\"publisher\":{\"@id\":\"https:\/\/pengbu.jkkapi.top\/#organization\"},\"alternateName\":\"Tarpaulin manufacturer-Truck tarpaulin-Feicheng Tongfa\",\"potentialAction\":[{\"@type\":\"SearchAction\",\"target\":{\"@type\":\"EntryPoint\",\"urlTemplate\":\"https:\/\/pengbu.jkkapi.top\/?s={search_term_string}\"},\"query-input\":{\"@type\":\"PropertyValueSpecification\",\"valueRequired\":true,\"valueName\":\"search_term_string\"}}],\"inLanguage\":\"pt-PT\"},{\"@type\":\"Organization\",\"@id\":\"https:\/\/pengbu.jkkapi.top\/#organization\",\"name\":\"FeiCheng TongFa\",\"url\":\"https:\/\/pengbu.jkkapi.top\/\",\"logo\":{\"@type\":\"ImageObject\",\"inLanguage\":\"pt-PT\",\"@id\":\"https:\/\/pengbu.jkkapi.top\/#\/schema\/logo\/image\/\",\"url\":\"https:\/\/pengbu.jkkapi.top\/wp-content\/uploads\/2024\/09\/logo.jpg\",\"contentUrl\":\"https:\/\/pengbu.jkkapi.top\/wp-content\/uploads\/2024\/09\/logo.jpg\",\"width\":605,\"height\":121,\"caption\":\"FeiCheng TongFa\"},\"image\":{\"@id\":\"https:\/\/pengbu.jkkapi.top\/#\/schema\/logo\/image\/\"}}]}<\/script>\n<!-- \/ Yoast SEO plugin. -->","yoast_head_json":{"title":"Insulated Tarp Wholesale | Feicheng Tongfa","description":"As nossas lonas isoladas s\u00e3o concebidas para proporcionar uma prote\u00e7\u00e3o t\u00e9rmica e um isolamento excepcionais para estaleiros de constru\u00e7\u00e3o, cura de bet\u00e3o e materiais sens\u00edveis \u00e0 temperatura. Fabricadas com isolamento de alta qualidade, com v\u00e1rias camadas e tecido revestido a PVC dur\u00e1vel, estas lonas foram concebidas para manter temperaturas est\u00e1veis, mesmo em condi\u00e7\u00f5es de frio ou calor extremos.","robots":{"index":"index","follow":"follow","max-snippet":"max-snippet:-1","max-image-preview":"max-image-preview:large","max-video-preview":"max-video-preview:-1"},"canonical":"https:\/\/pengbu.jkkapi.top\/pt\/product\/lona-com-isolamento\/","og_locale":"pt_PT","og_type":"article","og_title":"Insulated Tarp Wholesale | Feicheng Tongfa","og_description":"Our Insulated Tarps are crafted to provide exceptional thermal protection and insulation for construction sites, concrete curing, and temperature-sensitive materials. Made with high-quality, multi-layered insulation and durable PVC-coated fabric, these tarps are engineered to maintain stable temperatures, even in extreme cold or heat.","og_url":"https:\/\/pengbu.jkkapi.top\/pt\/product\/lona-com-isolamento\/","article_modified_time":"2025-06-06T17:18:36+00:00","og_image":[{"width":426,"height":400,"url":"https:\/\/pengbu.jkkapi.top\/wp-content\/uploads\/2024\/11\/greentarpaulin_f71833c1-3e35-4288-974f-86c8156dfd29_800x-e1737451633137.jpg","type":"image\/jpeg"}],"twitter_card":"summary_large_image","twitter_misc":{"Tempo estimado de leitura":"2 minutos"},"schema":{"@context":"https:\/\/schema.org","@graph":[{"@type":"WebPage","@id":"https:\/\/pengbu.jkkapi.top\/product\/insulated-tarp\/","url":"https:\/\/pengbu.jkkapi.top\/product\/insulated-tarp\/","name":"Insulated Tarp Wholesale | Feicheng Tongfa","isPartOf":{"@id":"https:\/\/pengbu.jkkapi.top\/#website"},"primaryImageOfPage":{"@id":"https:\/\/pengbu.jkkapi.top\/product\/insulated-tarp\/#primaryimage"},"image":{"@id":"https:\/\/pengbu.jkkapi.top\/product\/insulated-tarp\/#primaryimage"},"thumbnailUrl":"https:\/\/pengbu.jkkapi.top\/wp-content\/uploads\/2024\/11\/greentarpaulin_f71833c1-3e35-4288-974f-86c8156dfd29_800x-e1737451633137.jpg","datePublished":"2024-11-08T09:17:50+00:00","dateModified":"2025-06-06T17:18:36+00:00","description":"As nossas lonas isoladas s\u00e3o concebidas para proporcionar uma prote\u00e7\u00e3o t\u00e9rmica e um isolamento excepcionais para estaleiros de constru\u00e7\u00e3o, cura de bet\u00e3o e materiais sens\u00edveis \u00e0 temperatura. Fabricadas com isolamento de alta qualidade, com v\u00e1rias camadas e tecido revestido a PVC dur\u00e1vel, estas lonas foram concebidas para manter temperaturas est\u00e1veis, mesmo em condi\u00e7\u00f5es de frio ou calor extremos.","breadcrumb":{"@id":"https:\/\/pengbu.jkkapi.top\/product\/insulated-tarp\/#breadcrumb"},"inLanguage":"pt-PT","potentialAction":[{"@type":"ReadAction","target":["https:\/\/pengbu.jkkapi.top\/product\/insulated-tarp\/"]}]},{"@type":"ImageObject","inLanguage":"pt-PT","@id":"https:\/\/pengbu.jkkapi.top\/product\/insulated-tarp\/#primaryimage","url":"https:\/\/pengbu.jkkapi.top\/wp-content\/uploads\/2024\/11\/greentarpaulin_f71833c1-3e35-4288-974f-86c8156dfd29_800x-e1737451633137.jpg","contentUrl":"https:\/\/pengbu.jkkapi.top\/wp-content\/uploads\/2024\/11\/greentarpaulin_f71833c1-3e35-4288-974f-86c8156dfd29_800x-e1737451633137.jpg","width":426,"height":400,"caption":"Insulated Tarp"},{"@type":"BreadcrumbList","@id":"https:\/\/pengbu.jkkapi.top\/product\/insulated-tarp\/#breadcrumb","itemListElement":[{"@type":"ListItem","position":1,"name":"Home","item":"https:\/\/pengbu.jkkapi.top\/"},{"@type":"ListItem","position":2,"name":"Products","item":"https:\/\/pengbu.jkkapi.top\/shop\/"},{"@type":"ListItem","position":3,"name":"Tarpaulin","item":"https:\/\/pengbu.jkkapi.top\/product-category\/tarpaulin\/"},{"@type":"ListItem","position":4,"name":"PVC Tarpaulin","item":"https:\/\/pengbu.jkkapi.top\/product-category\/tarpaulin\/pvc-tarpaulin\/"},{"@type":"ListItem","position":5,"name":"Insulated Tarp","item":"https:\/\/pengbu.jkkapi.top\/product-category\/tarpaulin\/pvc-tarpaulin\/insulated-tarp\/"},{"@type":"ListItem","position":6,"name":"Insulated Tarp"}]},{"@type":"WebSite","@id":"https:\/\/pengbu.jkkapi.top\/#website","url":"https:\/\/pengbu.jkkapi.top\/","name":"Fabricante de encerados - encerados para cami\u00f5es - malha de PVC - Feicheng Tongfa Trading","description":"","publisher":{"@id":"https:\/\/pengbu.jkkapi.top\/#organization"},"alternateName":"Tarpaulin manufacturer-Truck tarpaulin-Feicheng Tongfa","potentialAction":[{"@type":"SearchAction","target":{"@type":"EntryPoint","urlTemplate":"https:\/\/pengbu.jkkapi.top\/?s={search_term_string}"},"query-input":{"@type":"PropertyValueSpecification","valueRequired":true,"valueName":"search_term_string"}}],"inLanguage":"pt-PT"},{"@type":"Organization","@id":"https:\/\/pengbu.jkkapi.top\/#organization","name":"FeiCheng TongFa","url":"https:\/\/pengbu.jkkapi.top\/","logo":{"@type":"ImageObject","inLanguage":"pt-PT","@id":"https:\/\/pengbu.jkkapi.top\/#\/schema\/logo\/image\/","url":"https:\/\/pengbu.jkkapi.top\/wp-content\/uploads\/2024\/09\/logo.jpg","contentUrl":"https:\/\/pengbu.jkkapi.top\/wp-content\/uploads\/2024\/09\/logo.jpg","width":605,"height":121,"caption":"FeiCheng TongFa"},"image":{"@id":"https:\/\/pengbu.jkkapi.top\/#\/schema\/logo\/image\/"}}]}},"uagb_featured_image_src":{"full":["https:\/\/pengbu.jkkapi.top\/wp-content\/uploads\/2024\/11\/greentarpaulin_f71833c1-3e35-4288-974f-86c8156dfd29_800x-e1737451633137.jpg",426,400,false],"thumbnail":["https:\/\/pengbu.jkkapi.top\/wp-content\/uploads\/2024\/11\/greentarpaulin_f71833c1-3e35-4288-974f-86c8156dfd29_800x-e1737451633137-150x150.jpg",150,150,true],"medium":["https:\/\/pengbu.jkkapi.top\/wp-content\/uploads\/2024\/11\/greentarpaulin_f71833c1-3e35-4288-974f-86c8156dfd29_800x-e1737451633137-300x282.jpg",300,282,true],"medium_large":["https:\/\/pengbu.jkkapi.top\/wp-content\/uploads\/2024\/11\/greentarpaulin_f71833c1-3e35-4288-974f-86c8156dfd29_800x-e1737451633137.jpg",426,400,false],"large":["https:\/\/pengbu.jkkapi.top\/wp-content\/uploads\/2024\/11\/greentarpaulin_f71833c1-3e35-4288-974f-86c8156dfd29_800x-e1737451633137.jpg",426,400,false],"1536x1536":["https:\/\/pengbu.jkkapi.top\/wp-content\/uploads\/2024\/11\/greentarpaulin_f71833c1-3e35-4288-974f-86c8156dfd29_800x-e1737451633137.jpg",426,400,false],"2048x2048":["https:\/\/pengbu.jkkapi.top\/wp-content\/uploads\/2024\/11\/greentarpaulin_f71833c1-3e35-4288-974f-86c8156dfd29_800x-e1737451633137.jpg",426,400,false],"trp-custom-language-flag":["https:\/\/pengbu.jkkapi.top\/wp-content\/uploads\/2024\/11\/greentarpaulin_f71833c1-3e35-4288-974f-86c8156dfd29_800x-e1737451633137-13x12.jpg",13,12,true],"woocommerce_thumbnail":["https:\/\/pengbu.jkkapi.top\/wp-content\/uploads\/2024\/11\/greentarpaulin_f71833c1-3e35-4288-974f-86c8156dfd29_800x-e1737451633137-300x300.jpg",300,300,true],"woocommerce_single":["https:\/\/pengbu.jkkapi.top\/wp-content\/uploads\/2024\/11\/greentarpaulin_f71833c1-3e35-4288-974f-86c8156dfd29_800x-e1737451633137.jpg",426,400,false],"woocommerce_gallery_thumbnail":["https:\/\/pengbu.jkkapi.top\/wp-content\/uploads\/2024\/11\/greentarpaulin_f71833c1-3e35-4288-974f-86c8156dfd29_800x-e1737451633137-100x100.jpg",100,100,true]},"uagb_author_info":{"display_name":"user","author_link":"https:\/\/pengbu.jkkapi.top\/pt\/author\/"},"uagb_comment_info":4,"uagb_excerpt":"Our Insulated Tarps are crafted to provide exceptional thermal protection and insulation for construction sites, concrete curing, and temperature-sensitive materials. Made with high-quality, multi-layered insulation and durable PVC-coated fabric, these tarps are engineered to maintain stable temperatures, even in extreme cold or heat. Designed for use in demanding environments, they help ensure that your projects&hellip;","_links":{"self":[{"href":"https:\/\/pengbu.jkkapi.top\/pt\/wp-json\/wp\/v2\/product\/1984","targetHints":{"allow":["GET"]}}],"collection":[{"href":"https:\/\/pengbu.jkkapi.top\/pt\/wp-json\/wp\/v2\/product"}],"about":[{"href":"https:\/\/pengbu.jkkapi.top\/pt\/wp-json\/wp\/v2\/types\/product"}],"replies":[{"embeddable":true,"href":"https:\/\/pengbu.jkkapi.top\/pt\/wp-json\/wp\/v2\/comments?post=1984"}],"wp:featuredmedia":[{"embeddable":true,"href":"https:\/\/pengbu.jkkapi.top\/pt\/wp-json\/wp\/v2\/media\/1985"}],"wp:attachment":[{"href":"https:\/\/pengbu.jkkapi.top\/pt\/wp-json\/wp\/v2\/media?parent=1984"}],"wp:term":[{"taxonomy":"product_brand","embeddable":true,"href":"https:\/\/pengbu.jkkapi.top\/pt\/wp-json\/wp\/v2\/product_brand?post=1984"},{"taxonomy":"product_cat","embeddable":true,"href":"https:\/\/pengbu.jkkapi.top\/pt\/wp-json\/wp\/v2\/product_cat?post=1984"},{"taxonomy":"product_tag","embeddable":true,"href":"https:\/\/pengbu.jkkapi.top\/pt\/wp-json\/wp\/v2\/product_tag?post=1984"}],"curies":[{"name":"wp","href":"https:\/\/api.w.org\/{rel}","templated":true}]}}