{"id":1989,"date":"2024-11-09T03:02:23","date_gmt":"2024-11-09T03:02:23","guid":{"rendered":"https:\/\/pengbu.jkkapi.top\/?post_type=product&#038;p=1989"},"modified":"2025-06-01T14:03:57","modified_gmt":"2025-06-01T14:03:57","slug":"rolling-shutter-tarp","status":"publish","type":"product","link":"https:\/\/pengbu.jkkapi.top\/pt\/product\/rolling-shutter-tarp\/","title":{"rendered":"Lona de persiana rolante"},"content":{"rendered":"<p>Carater\u00edsticas principais:<\/p>\n<p>Mecanismo de enrolamento f\u00e1cil: Concebido com um sistema de enrolamento que permite um acesso r\u00e1pido e eficiente \u00e0 carga sem necessidade de retirar totalmente a lona, o que o torna muito pr\u00e1tico para cargas e descargas frequentes.<\/p>\n<p>Constru\u00e7\u00e3o duradoura: Fabricadas com tecido revestido a PVC para trabalhos pesados, as nossas lonas para persianas de enrolar oferecem uma excelente resist\u00eancia ao rasgamento e suportam o desgaste do transporte regular.<\/p>\n<p>Prote\u00e7\u00e3o contra todas as condi\u00e7\u00f5es meteorol\u00f3gicas: Os materiais \u00e0 prova de \u00e1gua e resistentes aos raios UV proporcionam uma prote\u00e7\u00e3o fi\u00e1vel contra a chuva, o vento e o sol, garantindo que a sua carga permanece segura independentemente das condi\u00e7\u00f5es.<\/p>\n<p>Sistema de fixa\u00e7\u00e3o seguro: Refor\u00e7adas com ilh\u00f3s e an\u00e9is em D estrategicamente colocados, estas lonas podem ser fixadas de forma segura para evitar desloca\u00e7\u00f5es ou desprendimentos durante o transporte, mesmo em estradas irregulares.<\/p>\n<p>Aplica\u00e7\u00f5es vers\u00e1teis: Estas lonas n\u00e3o s\u00e3o apenas ideais para cami\u00f5es de carga, mas tamb\u00e9m para reboques, ve\u00edculos de caixa aberta e qualquer cen\u00e1rio de transporte que exija um acesso f\u00e1cil e uma prote\u00e7\u00e3o fi\u00e1vel.<\/p>\n<p>\u00c1reas de aplica\u00e7\u00e3o:<\/p>\n<p>As lonas para persianas de enrolar s\u00e3o perfeitas para ind\u00fastrias que exigem uma gest\u00e3o eficiente da carga, como a log\u00edstica, a constru\u00e7\u00e3o e a agricultura. S\u00e3o amplamente utilizadas em cami\u00f5es de caixa aberta, reboques e outros ve\u00edculos de caixa aberta, proporcionando uma solu\u00e7\u00e3o r\u00e1pida para acondicionar mercadorias e permitindo um acesso frequente. Al\u00e9m disso, estas lonas podem ser utilizadas para cobrir m\u00e1quinas, ferramentas e produtos agr\u00edcolas, oferecendo uma prote\u00e7\u00e3o adapt\u00e1vel em v\u00e1rias aplica\u00e7\u00f5es.<\/p>\n<p>Com o seu design duradouro, prote\u00e7\u00e3o contra todas as condi\u00e7\u00f5es meteorol\u00f3gicas e funcionalidade de enrolamento conveniente, as nossas lonas para persianas de enrolar constituem a solu\u00e7\u00e3o ideal para transportar mercadorias de forma segura e eficiente. Desfrute da paz de esp\u00edrito de saber que a sua carga est\u00e1 acess\u00edvel e bem protegida.<\/p>","protected":false},"excerpt":{"rendered":"<p>As nossas lonas para persianas de enrolar foram concebidas para proporcionar uma prote\u00e7\u00e3o fi\u00e1vel e conveniente para a carga de cami\u00f5es, especificamente concebidas para facilitar o acesso e o funcionamento sem problemas. Fabricadas em material revestido a PVC de alta qualidade e resistente \u00e0s intemp\u00e9ries, estas lonas s\u00e3o ideais para proteger as mercadorias durante o transporte. O seu design enrol\u00e1vel permite um acesso r\u00e1pido \u00e0 carga, tornando-as perfeitas para cargas e descargas frequentes, garantindo que os seus artigos permanecem seguros e protegidos dos elementos.<\/p>\n<p>Material: Tecido revestido a PVC resistente, \u00e0 prova de intemp\u00e9ries<\/p>\n<p>Peso: Aproximadamente 18 oz por jarda quadrada<\/p>\n<p>Tamanho: Dispon\u00edvel em v\u00e1rios tamanhos para se adaptar a diferentes dimens\u00f5es de cami\u00f5es<\/p>\n<p>Espa\u00e7amento dos ilh\u00f3s: Ilh\u00f3s refor\u00e7ados em pontos essenciais para uma fixa\u00e7\u00e3o segura<\/p>\n<p>An\u00e9is em D: An\u00e9is D refor\u00e7ados ao longo das bordas para maior estabilidade<\/p>\n<p>Espessura: Aproximadamente 14 mil para maior durabilidade e flexibilidade<\/p>\n<p>Resist\u00eancia ao rasgamento: Elevada resist\u00eancia ao rasgamento, adequada para uma utiliza\u00e7\u00e3o rigorosa<\/p>\n<p>Resist\u00eancia \u00e0s intemp\u00e9ries: \u00c0 prova de \u00e1gua e resistente aos raios UV para prote\u00e7\u00e3o contra todas as condi\u00e7\u00f5es meteorol\u00f3gicas<\/p>\n<p>Resist\u00eancia ao fogo: Retardador de fogo para cumprir as normas de seguran\u00e7a<\/p>\n<p>Cor: Dispon\u00edvel em preto, cinzento e cores personalizadas<\/p>","protected":false},"featured_media":1990,"comment_status":"open","ping_status":"closed","template":"","meta":{"_uag_custom_page_level_css":"","site-sidebar-layout":"default","site-content-layout":"","ast-site-content-layout":"default","site-content-style":"default","site-sidebar-style":"default","ast-global-header-display":"","ast-banner-title-visibility":"","ast-main-header-display":"","ast-hfb-above-header-display":"","ast-hfb-below-header-display":"","ast-hfb-mobile-header-display":"","site-post-title":"","ast-breadcrumbs-content":"","ast-featured-img":"","footer-sml-layout":"","ast-disable-related-posts":"","theme-transparent-header-meta":"default","adv-header-id-meta":"","stick-header-meta":"","header-above-stick-meta":"","header-main-stick-meta":"","header-below-stick-meta":"","astra-migrate-meta-layouts":"set","ast-page-background-enabled":"default","ast-page-background-meta":{"desktop":{"background-color":"var(--ast-global-color-5)","background-image":"","background-repeat":"repeat","background-position":"center center","background-size":"auto","background-attachment":"scroll","background-type":"","background-media":"","overlay-type":"","overlay-color":"","overlay-opacity":"","overlay-gradient":""},"tablet":{"background-color":"","background-image":"","background-repeat":"repeat","background-position":"center center","background-size":"auto","background-attachment":"scroll","background-type":"","background-media":"","overlay-type":"","overlay-color":"","overlay-opacity":"","overlay-gradient":""},"mobile":{"background-color":"","background-image":"","background-repeat":"repeat","background-position":"center center","background-size":"auto","background-attachment":"scroll","background-type":"","background-media":"","overlay-type":"","overlay-color":"","overlay-opacity":"","overlay-gradient":""}},"ast-content-background-meta":{"desktop":{"background-color":"var(--ast-global-color-4)","background-image":"","background-repeat":"repeat","background-position":"center center","background-size":"auto","background-attachment":"scroll","background-type":"","background-media":"","overlay-type":"","overlay-color":"","overlay-opacity":"","overlay-gradient":""},"tablet":{"background-color":"var(--ast-global-color-4)","background-image":"","background-repeat":"repeat","background-position":"center center","background-size":"auto","background-attachment":"scroll","background-type":"","background-media":"","overlay-type":"","overlay-color":"","overlay-opacity":"","overlay-gradient":""},"mobile":{"background-color":"var(--ast-global-color-4)","background-image":"","background-repeat":"repeat","background-position":"center center","background-size":"auto","background-attachment":"scroll","background-type":"","background-media":"","overlay-type":"","overlay-color":"","overlay-opacity":"","overlay-gradient":""}}},"product_brand":[],"product_cat":[40],"product_tag":[],"class_list":{"0":"post-1989","1":"product","2":"type-product","3":"status-publish","4":"has-post-thumbnail","6":"product_cat-rolling-shutter-tarp","7":"desktop-align-left","8":"tablet-align-left","9":"mobile-align-left","11":"first","12":"instock","13":"shipping-taxable","14":"product-type-simple"},"yoast_head":"<!-- This site is optimized with the Yoast SEO plugin v24.1 - https:\/\/yoast.com\/wordpress\/plugins\/seo\/ -->\n<title>Rolling Shutter Tarp Wholesale | Feicheng Tongfa<\/title>\n<meta name=\"description\" content=\"Our Rolling Shutter Tarps are designed to provide reliable and convenient protection for truck cargo, specifically engineered for ease of access and smooth operation. Made from high-quality, weather-resistant PVC-coated material, these tarps are ideal for safeguarding goods during transit.\" \/>\n<meta name=\"robots\" content=\"index, follow, max-snippet:-1, max-image-preview:large, max-video-preview:-1\" \/>\n<link rel=\"canonical\" href=\"https:\/\/pengbu.jkkapi.top\/pt\/product\/rolling-shutter-tarp\/\" \/>\n<meta property=\"og:locale\" content=\"pt_PT\" \/>\n<meta property=\"og:type\" content=\"article\" \/>\n<meta property=\"og:title\" content=\"Rolling Shutter Tarp Wholesale | Feicheng Tongfa\" \/>\n<meta property=\"og:description\" content=\"Our Rolling Shutter Tarps are designed to provide reliable and convenient protection for truck cargo, specifically engineered for ease of access and smooth operation. Made from high-quality, weather-resistant PVC-coated material, these tarps are ideal for safeguarding goods during transit.\" \/>\n<meta property=\"og:url\" content=\"https:\/\/pengbu.jkkapi.top\/pt\/product\/rolling-shutter-tarp\/\" \/>\n<meta property=\"article:modified_time\" content=\"2025-06-01T14:03:57+00:00\" \/>\n<meta property=\"og:image\" content=\"https:\/\/pengbu.jkkapi.top\/wp-content\/uploads\/2024\/11\/pvc-tarpaulin.jpg\" \/>\n\t<meta property=\"og:image:width\" content=\"480\" \/>\n\t<meta property=\"og:image:height\" content=\"320\" \/>\n\t<meta property=\"og:image:type\" content=\"image\/jpeg\" \/>\n<meta name=\"twitter:card\" content=\"summary_large_image\" \/>\n<meta name=\"twitter:label1\" content=\"Tempo estimado de leitura\" \/>\n\t<meta name=\"twitter:data1\" content=\"2 minutos\" \/>\n<script type=\"application\/ld+json\" class=\"yoast-schema-graph\">{\"@context\":\"https:\/\/schema.org\",\"@graph\":[{\"@type\":\"WebPage\",\"@id\":\"https:\/\/pengbu.jkkapi.top\/product\/rolling-shutter-tarp\/\",\"url\":\"https:\/\/pengbu.jkkapi.top\/product\/rolling-shutter-tarp\/\",\"name\":\"Rolling Shutter Tarp Wholesale | Feicheng Tongfa\",\"isPartOf\":{\"@id\":\"https:\/\/pengbu.jkkapi.top\/#website\"},\"primaryImageOfPage\":{\"@id\":\"https:\/\/pengbu.jkkapi.top\/product\/rolling-shutter-tarp\/#primaryimage\"},\"image\":{\"@id\":\"https:\/\/pengbu.jkkapi.top\/product\/rolling-shutter-tarp\/#primaryimage\"},\"thumbnailUrl\":\"https:\/\/pengbu.jkkapi.top\/wp-content\/uploads\/2024\/11\/pvc-tarpaulin.jpg\",\"datePublished\":\"2024-11-09T03:02:23+00:00\",\"dateModified\":\"2025-06-01T14:03:57+00:00\",\"description\":\"Our Rolling Shutter Tarps are designed to provide reliable and convenient protection for truck cargo, specifically engineered for ease of access and smooth operation. Made from high-quality, weather-resistant PVC-coated material, these tarps are ideal for safeguarding goods during transit.\",\"breadcrumb\":{\"@id\":\"https:\/\/pengbu.jkkapi.top\/product\/rolling-shutter-tarp\/#breadcrumb\"},\"inLanguage\":\"pt-PT\",\"potentialAction\":[{\"@type\":\"ReadAction\",\"target\":[\"https:\/\/pengbu.jkkapi.top\/product\/rolling-shutter-tarp\/\"]}]},{\"@type\":\"ImageObject\",\"inLanguage\":\"pt-PT\",\"@id\":\"https:\/\/pengbu.jkkapi.top\/product\/rolling-shutter-tarp\/#primaryimage\",\"url\":\"https:\/\/pengbu.jkkapi.top\/wp-content\/uploads\/2024\/11\/pvc-tarpaulin.jpg\",\"contentUrl\":\"https:\/\/pengbu.jkkapi.top\/wp-content\/uploads\/2024\/11\/pvc-tarpaulin.jpg\",\"width\":480,\"height\":320,\"caption\":\"Rolling Shutter Tarp\"},{\"@type\":\"BreadcrumbList\",\"@id\":\"https:\/\/pengbu.jkkapi.top\/product\/rolling-shutter-tarp\/#breadcrumb\",\"itemListElement\":[{\"@type\":\"ListItem\",\"position\":1,\"name\":\"Home\",\"item\":\"https:\/\/pengbu.jkkapi.top\/\"},{\"@type\":\"ListItem\",\"position\":2,\"name\":\"Products\",\"item\":\"https:\/\/pengbu.jkkapi.top\/shop\/\"},{\"@type\":\"ListItem\",\"position\":3,\"name\":\"Tarpaulin\",\"item\":\"https:\/\/pengbu.jkkapi.top\/product-category\/tarpaulin\/\"},{\"@type\":\"ListItem\",\"position\":4,\"name\":\"PVC Tarpaulin\",\"item\":\"https:\/\/pengbu.jkkapi.top\/product-category\/tarpaulin\/pvc-tarpaulin\/\"},{\"@type\":\"ListItem\",\"position\":5,\"name\":\"Rolling Shutter Tarp\",\"item\":\"https:\/\/pengbu.jkkapi.top\/product-category\/tarpaulin\/pvc-tarpaulin\/rolling-shutter-tarp\/\"},{\"@type\":\"ListItem\",\"position\":6,\"name\":\"Rolling Shutter Tarp\"}]},{\"@type\":\"WebSite\",\"@id\":\"https:\/\/pengbu.jkkapi.top\/#website\",\"url\":\"https:\/\/pengbu.jkkapi.top\/\",\"name\":\"Tarpaulin manufacturer-Truck tarpaulin-PVC mesh-Feicheng Tongfa Trading\",\"description\":\"\",\"publisher\":{\"@id\":\"https:\/\/pengbu.jkkapi.top\/#organization\"},\"alternateName\":\"Tarpaulin manufacturer-Truck tarpaulin-Feicheng Tongfa\",\"potentialAction\":[{\"@type\":\"SearchAction\",\"target\":{\"@type\":\"EntryPoint\",\"urlTemplate\":\"https:\/\/pengbu.jkkapi.top\/?s={search_term_string}\"},\"query-input\":{\"@type\":\"PropertyValueSpecification\",\"valueRequired\":true,\"valueName\":\"search_term_string\"}}],\"inLanguage\":\"pt-PT\"},{\"@type\":\"Organization\",\"@id\":\"https:\/\/pengbu.jkkapi.top\/#organization\",\"name\":\"FeiCheng TongFa\",\"url\":\"https:\/\/pengbu.jkkapi.top\/\",\"logo\":{\"@type\":\"ImageObject\",\"inLanguage\":\"pt-PT\",\"@id\":\"https:\/\/pengbu.jkkapi.top\/#\/schema\/logo\/image\/\",\"url\":\"https:\/\/pengbu.jkkapi.top\/wp-content\/uploads\/2024\/09\/logo.jpg\",\"contentUrl\":\"https:\/\/pengbu.jkkapi.top\/wp-content\/uploads\/2024\/09\/logo.jpg\",\"width\":605,\"height\":121,\"caption\":\"FeiCheng TongFa\"},\"image\":{\"@id\":\"https:\/\/pengbu.jkkapi.top\/#\/schema\/logo\/image\/\"}}]}<\/script>\n<!-- \/ Yoast SEO plugin. -->","yoast_head_json":{"title":"Lona para persiana de enrolar Atacado | Feicheng Tongfa","description":"As nossas lonas para persianas de enrolar foram concebidas para proporcionar uma prote\u00e7\u00e3o fi\u00e1vel e conveniente para a carga de cami\u00f5es, especificamente concebidas para facilitar o acesso e o funcionamento sem problemas. Fabricadas em material revestido a PVC de alta qualidade e resistente \u00e0s intemp\u00e9ries, estas lonas s\u00e3o ideais para proteger as mercadorias durante o transporte.","robots":{"index":"index","follow":"follow","max-snippet":"max-snippet:-1","max-image-preview":"max-image-preview:large","max-video-preview":"max-video-preview:-1"},"canonical":"https:\/\/pengbu.jkkapi.top\/pt\/product\/rolling-shutter-tarp\/","og_locale":"pt_PT","og_type":"article","og_title":"Rolling Shutter Tarp Wholesale | Feicheng Tongfa","og_description":"Our Rolling Shutter Tarps are designed to provide reliable and convenient protection for truck cargo, specifically engineered for ease of access and smooth operation. Made from high-quality, weather-resistant PVC-coated material, these tarps are ideal for safeguarding goods during transit.","og_url":"https:\/\/pengbu.jkkapi.top\/pt\/product\/rolling-shutter-tarp\/","article_modified_time":"2025-06-01T14:03:57+00:00","og_image":[{"width":480,"height":320,"url":"https:\/\/pengbu.jkkapi.top\/wp-content\/uploads\/2024\/11\/pvc-tarpaulin.jpg","type":"image\/jpeg"}],"twitter_card":"summary_large_image","twitter_misc":{"Tempo estimado de leitura":"2 minutos"},"schema":{"@context":"https:\/\/schema.org","@graph":[{"@type":"WebPage","@id":"https:\/\/pengbu.jkkapi.top\/product\/rolling-shutter-tarp\/","url":"https:\/\/pengbu.jkkapi.top\/product\/rolling-shutter-tarp\/","name":"Lona para persiana de enrolar Atacado | Feicheng Tongfa","isPartOf":{"@id":"https:\/\/pengbu.jkkapi.top\/#website"},"primaryImageOfPage":{"@id":"https:\/\/pengbu.jkkapi.top\/product\/rolling-shutter-tarp\/#primaryimage"},"image":{"@id":"https:\/\/pengbu.jkkapi.top\/product\/rolling-shutter-tarp\/#primaryimage"},"thumbnailUrl":"https:\/\/pengbu.jkkapi.top\/wp-content\/uploads\/2024\/11\/pvc-tarpaulin.jpg","datePublished":"2024-11-09T03:02:23+00:00","dateModified":"2025-06-01T14:03:57+00:00","description":"As nossas lonas para persianas de enrolar foram concebidas para proporcionar uma prote\u00e7\u00e3o fi\u00e1vel e conveniente para a carga de cami\u00f5es, especificamente concebidas para facilitar o acesso e o funcionamento sem problemas. Fabricadas em material revestido a PVC de alta qualidade e resistente \u00e0s intemp\u00e9ries, estas lonas s\u00e3o ideais para proteger as mercadorias durante o transporte.","breadcrumb":{"@id":"https:\/\/pengbu.jkkapi.top\/product\/rolling-shutter-tarp\/#breadcrumb"},"inLanguage":"pt-PT","potentialAction":[{"@type":"ReadAction","target":["https:\/\/pengbu.jkkapi.top\/product\/rolling-shutter-tarp\/"]}]},{"@type":"ImageObject","inLanguage":"pt-PT","@id":"https:\/\/pengbu.jkkapi.top\/product\/rolling-shutter-tarp\/#primaryimage","url":"https:\/\/pengbu.jkkapi.top\/wp-content\/uploads\/2024\/11\/pvc-tarpaulin.jpg","contentUrl":"https:\/\/pengbu.jkkapi.top\/wp-content\/uploads\/2024\/11\/pvc-tarpaulin.jpg","width":480,"height":320,"caption":"Rolling Shutter Tarp"},{"@type":"BreadcrumbList","@id":"https:\/\/pengbu.jkkapi.top\/product\/rolling-shutter-tarp\/#breadcrumb","itemListElement":[{"@type":"ListItem","position":1,"name":"Home","item":"https:\/\/pengbu.jkkapi.top\/"},{"@type":"ListItem","position":2,"name":"Products","item":"https:\/\/pengbu.jkkapi.top\/shop\/"},{"@type":"ListItem","position":3,"name":"Tarpaulin","item":"https:\/\/pengbu.jkkapi.top\/product-category\/tarpaulin\/"},{"@type":"ListItem","position":4,"name":"PVC Tarpaulin","item":"https:\/\/pengbu.jkkapi.top\/product-category\/tarpaulin\/pvc-tarpaulin\/"},{"@type":"ListItem","position":5,"name":"Rolling Shutter Tarp","item":"https:\/\/pengbu.jkkapi.top\/product-category\/tarpaulin\/pvc-tarpaulin\/rolling-shutter-tarp\/"},{"@type":"ListItem","position":6,"name":"Rolling Shutter Tarp"}]},{"@type":"WebSite","@id":"https:\/\/pengbu.jkkapi.top\/#website","url":"https:\/\/pengbu.jkkapi.top\/","name":"Fabricante de encerados - encerados para cami\u00f5es - malha de PVC - Feicheng Tongfa Trading","description":"","publisher":{"@id":"https:\/\/pengbu.jkkapi.top\/#organization"},"alternateName":"Tarpaulin manufacturer-Truck tarpaulin-Feicheng Tongfa","potentialAction":[{"@type":"SearchAction","target":{"@type":"EntryPoint","urlTemplate":"https:\/\/pengbu.jkkapi.top\/?s={search_term_string}"},"query-input":{"@type":"PropertyValueSpecification","valueRequired":true,"valueName":"search_term_string"}}],"inLanguage":"pt-PT"},{"@type":"Organization","@id":"https:\/\/pengbu.jkkapi.top\/#organization","name":"FeiCheng TongFa","url":"https:\/\/pengbu.jkkapi.top\/","logo":{"@type":"ImageObject","inLanguage":"pt-PT","@id":"https:\/\/pengbu.jkkapi.top\/#\/schema\/logo\/image\/","url":"https:\/\/pengbu.jkkapi.top\/wp-content\/uploads\/2024\/09\/logo.jpg","contentUrl":"https:\/\/pengbu.jkkapi.top\/wp-content\/uploads\/2024\/09\/logo.jpg","width":605,"height":121,"caption":"FeiCheng TongFa"},"image":{"@id":"https:\/\/pengbu.jkkapi.top\/#\/schema\/logo\/image\/"}}]}},"uagb_featured_image_src":{"full":["https:\/\/pengbu.jkkapi.top\/wp-content\/uploads\/2024\/11\/pvc-tarpaulin.jpg",480,320,false],"thumbnail":["https:\/\/pengbu.jkkapi.top\/wp-content\/uploads\/2024\/11\/pvc-tarpaulin-150x150.jpg",150,150,true],"medium":["https:\/\/pengbu.jkkapi.top\/wp-content\/uploads\/2024\/11\/pvc-tarpaulin-300x200.jpg",300,200,true],"medium_large":["https:\/\/pengbu.jkkapi.top\/wp-content\/uploads\/2024\/11\/pvc-tarpaulin.jpg",480,320,false],"large":["https:\/\/pengbu.jkkapi.top\/wp-content\/uploads\/2024\/11\/pvc-tarpaulin.jpg",480,320,false],"1536x1536":["https:\/\/pengbu.jkkapi.top\/wp-content\/uploads\/2024\/11\/pvc-tarpaulin.jpg",480,320,false],"2048x2048":["https:\/\/pengbu.jkkapi.top\/wp-content\/uploads\/2024\/11\/pvc-tarpaulin.jpg",480,320,false],"trp-custom-language-flag":["https:\/\/pengbu.jkkapi.top\/wp-content\/uploads\/2024\/11\/pvc-tarpaulin-18x12.jpg",18,12,true],"woocommerce_thumbnail":["https:\/\/pengbu.jkkapi.top\/wp-content\/uploads\/2024\/11\/pvc-tarpaulin-300x300.jpg",300,300,true],"woocommerce_single":["https:\/\/pengbu.jkkapi.top\/wp-content\/uploads\/2024\/11\/pvc-tarpaulin.jpg",480,320,false],"woocommerce_gallery_thumbnail":["https:\/\/pengbu.jkkapi.top\/wp-content\/uploads\/2024\/11\/pvc-tarpaulin-100x100.jpg",100,100,true]},"uagb_author_info":{"display_name":"user","author_link":"https:\/\/pengbu.jkkapi.top\/pt\/author\/"},"uagb_comment_info":3,"uagb_excerpt":"Our Rolling Shutter Tarps are designed to provide reliable and convenient protection for truck cargo, specifically engineered for ease of access and smooth operation. Made from high-quality, weather-resistant PVC-coated material, these tarps are ideal for safeguarding goods during transit. Their roll-up design offers quick access to the cargo, making them perfect for frequent loading and&hellip;","_links":{"self":[{"href":"https:\/\/pengbu.jkkapi.top\/pt\/wp-json\/wp\/v2\/product\/1989","targetHints":{"allow":["GET"]}}],"collection":[{"href":"https:\/\/pengbu.jkkapi.top\/pt\/wp-json\/wp\/v2\/product"}],"about":[{"href":"https:\/\/pengbu.jkkapi.top\/pt\/wp-json\/wp\/v2\/types\/product"}],"replies":[{"embeddable":true,"href":"https:\/\/pengbu.jkkapi.top\/pt\/wp-json\/wp\/v2\/comments?post=1989"}],"wp:featuredmedia":[{"embeddable":true,"href":"https:\/\/pengbu.jkkapi.top\/pt\/wp-json\/wp\/v2\/media\/1990"}],"wp:attachment":[{"href":"https:\/\/pengbu.jkkapi.top\/pt\/wp-json\/wp\/v2\/media?parent=1989"}],"wp:term":[{"taxonomy":"product_brand","embeddable":true,"href":"https:\/\/pengbu.jkkapi.top\/pt\/wp-json\/wp\/v2\/product_brand?post=1989"},{"taxonomy":"product_cat","embeddable":true,"href":"https:\/\/pengbu.jkkapi.top\/pt\/wp-json\/wp\/v2\/product_cat?post=1989"},{"taxonomy":"product_tag","embeddable":true,"href":"https:\/\/pengbu.jkkapi.top\/pt\/wp-json\/wp\/v2\/product_tag?post=1989"}],"curies":[{"name":"wp","href":"https:\/\/api.w.org\/{rel}","templated":true}]}}