{"id":2015,"date":"2024-11-16T06:54:59","date_gmt":"2024-11-16T06:54:59","guid":{"rendered":"https:\/\/pengbu.jkkapi.top\/?post_type=product&#038;p=2015"},"modified":"2025-10-25T00:28:39","modified_gmt":"2025-10-25T00:28:39","slug":"agricultural-shelter","status":"publish","type":"product","link":"https:\/\/pengbu.jkkapi.top\/pt\/product\/agricultural-shelter\/","title":{"rendered":"Abrigo agr\u00edcola"},"content":{"rendered":"<p>Os nossos abrigos agr\u00edcolas s\u00e3o concebidos especificamente para proporcionar uma prote\u00e7\u00e3o fi\u00e1vel \u00e0s opera\u00e7\u00f5es agr\u00edcolas, oferecendo uma solu\u00e7\u00e3o vers\u00e1til para o alojamento de gado, armazenamento de colheitas e prote\u00e7\u00e3o de equipamento. Constru\u00eddos com lona de PVC de alta qualidade e estruturas de a\u00e7o refor\u00e7adas, estes abrigos garantem durabilidade e resist\u00eancia contra condi\u00e7\u00f5es climat\u00e9ricas adversas, incluindo chuva, neve e raios UV.<\/p>\n<p>Concebidos a pensar na flexibilidade, os abrigos agr\u00edcolas est\u00e3o dispon\u00edveis em v\u00e1rios tamanhos e configura\u00e7\u00f5es, o que os torna adequados para explora\u00e7\u00f5es agr\u00edcolas de todas as dimens\u00f5es. Com carater\u00edsticas como lonas \u00e0 prova de \u00e1gua, op\u00e7\u00f5es de ventila\u00e7\u00e3o personaliz\u00e1veis e montagem f\u00e1cil, estes abrigos s\u00e3o pr\u00e1ticos e econ\u00f3micos. Quer necessite de uma solu\u00e7\u00e3o de armazenamento fi\u00e1vel para m\u00e1quinas ou de um espa\u00e7o seguro para o gado, os nossos abrigos agr\u00edcolas oferecem uma qualidade e prote\u00e7\u00e3o inigual\u00e1veis para as suas necessidades agr\u00edcolas. Descri\u00e7\u00e3o do produto<br \/>\nOs abrigos agr\u00edcolas s\u00e3o estruturas essenciais para a agricultura moderna, oferecendo uma solu\u00e7\u00e3o robusta e vers\u00e1til para proteger o gado, as culturas e o equipamento. Segue-se uma descri\u00e7\u00e3o pormenorizada das suas carater\u00edsticas e aplica\u00e7\u00f5es:<\/p>\n<p>Carater\u00edsticas do produto<br \/>\nMateriais de alta qualidade<\/p>\n<p>Fabricado com lona de PVC dur\u00e1vel, proporcionando uma cobertura imperme\u00e1vel 100% para prote\u00e7\u00e3o contra a chuva forte.<br \/>\nO material resistente aos raios UV evita os danos causados pela exposi\u00e7\u00e3o prolongada \u00e0 luz solar.<br \/>\nResistente aos rasg\u00f5es e \u00e0s intemp\u00e9ries, garante uma utiliza\u00e7\u00e3o a longo prazo em condi\u00e7\u00f5es dif\u00edceis.<br \/>\nEstrutura robusta e est\u00e1vel<\/p>\n<p>As estruturas refor\u00e7adas em a\u00e7o galvanizado oferecem uma estabilidade superior e resist\u00eancia \u00e0 ferrugem.<br \/>\nConcebida para resistir a ventos fortes, cargas de neve e utiliza\u00e7\u00e3o intensiva.<br \/>\nOp\u00e7\u00f5es personaliz\u00e1veis<\/p>\n<p>Dispon\u00edvel em v\u00e1rios tamanhos para se adaptar a diferentes necessidades agr\u00edcolas, desde pequenas explora\u00e7\u00f5es familiares a grandes opera\u00e7\u00f5es comerciais.<br \/>\nAs carater\u00edsticas opcionais incluem janelas de ventila\u00e7\u00e3o, paredes laterais e portas de enrolar para uma maior funcionalidade.<br \/>\nFacilidade de instala\u00e7\u00e3o<\/p>\n<p>O design modular permite uma montagem e desmontagem r\u00e1pidas sem ferramentas especializadas.<br \/>\nA constru\u00e7\u00e3o leve mas robusta permite uma f\u00e1cil desloca\u00e7\u00e3o conforme necess\u00e1rio.<br \/>\nAplica\u00e7\u00f5es<br \/>\nAlojamento para animais<\/p>\n<p>Ideal para o alojamento de gado bovino, ovino, aves de capoeira e outros animais, proporcionando prote\u00e7\u00e3o contra condi\u00e7\u00f5es clim\u00e1ticas adversas e predadores.<br \/>\nAssegura um ambiente confort\u00e1vel e saud\u00e1vel, contribuindo para uma maior produtividade.<br \/>\nArmazenamento de culturas e alimentos para animais<\/p>\n<p>Oferece um espa\u00e7o seguro e seco para armazenar colheitas, feno e alimentos para animais, evitando a deteriora\u00e7\u00e3o e a perda.<br \/>\nProtege da chuva, das pragas e dos danos causados pelos raios UV, prolongando a vida \u00fatil dos materiais armazenados.<br \/>\nAbrigo para equipamento agr\u00edcola<\/p>\n<p>Mant\u00e9m os tractores, os arados e outras m\u00e1quinas protegidos da exposi\u00e7\u00e3o \u00e0s intemp\u00e9ries, reduzindo os custos de manuten\u00e7\u00e3o.<br \/>\nFunciona como uma solu\u00e7\u00e3o de arruma\u00e7\u00e3o pr\u00e1tica para ferramentas e materiais.<br \/>\nEspa\u00e7os de trabalho tempor\u00e1rios<\/p>\n<p>Serve de \u00e1rea coberta para opera\u00e7\u00f5es agr\u00edcolas como triagem, embalagem ou repara\u00e7\u00f5es.<br \/>\nProporciona um espa\u00e7o vers\u00e1til para necessidades sazonais ou de curto prazo.<br \/>\nPorqu\u00ea escolher os nossos abrigos agr\u00edcolas<br \/>\nDurabilidade: Constru\u00eddo com materiais de primeira qualidade para resistir a condi\u00e7\u00f5es ambientais dif\u00edceis.<br \/>\nFlexibilidade: Os designs personaliz\u00e1veis adaptam-se a uma variedade de aplica\u00e7\u00f5es agr\u00edcolas.<br \/>\nCusto-efetividade: Uma alternativa pr\u00e1tica \u00e0s estruturas permanentes, poupando tempo e dinheiro.<br \/>\nAmigo do ambiente: Os materiais em PVC s\u00e3o recicl\u00e1veis e cumprem as normas ambientais.<br \/>\nOs nossos abrigos agr\u00edcolas s\u00e3o concebidos para satisfazer as diversas necessidades dos agricultores modernos, oferecendo uma fiabilidade e um desempenho inigual\u00e1veis. Quer pretenda proteger o seu gado, as suas colheitas ou o seu equipamento, estes abrigos s\u00e3o um investimento fi\u00e1vel para melhorar a efici\u00eancia e a sustentabilidade das suas opera\u00e7\u00f5es agr\u00edcolas.<\/p>","protected":false},"excerpt":{"rendered":"<p>Os nossos abrigos agr\u00edcolas s\u00e3o concebidos especificamente para proporcionar uma prote\u00e7\u00e3o fi\u00e1vel \u00e0s opera\u00e7\u00f5es agr\u00edcolas, oferecendo uma solu\u00e7\u00e3o vers\u00e1til para o alojamento de gado, armazenamento de colheitas e prote\u00e7\u00e3o de equipamento. Constru\u00eddos com lona de PVC de alta qualidade e estruturas de a\u00e7o refor\u00e7adas, estes abrigos garantem durabilidade e resist\u00eancia contra condi\u00e7\u00f5es climat\u00e9ricas adversas, incluindo chuva, neve e raios UV.<\/p>\n<p>Material: Lona de PVC de qualidade superior (500-900 GSM), imperme\u00e1vel e resistente aos raios UV<br \/>\nEstrutura: A\u00e7o galvanizado refor\u00e7ado, resistente \u00e0 ferrugem e dur\u00e1vel<br \/>\nClassifica\u00e7\u00e3o \u00e0 prova de \u00e1gua: 100% \u00e0 prova de \u00e1gua, adequado para chuvas fortes<br \/>\nProte\u00e7\u00e3o UV: UV50+ para uma resist\u00eancia superior \u00e0 luz solar<br \/>\nTamanhos dispon\u00edveis: Personaliz\u00e1vel; os tamanhos comuns incluem 20\u00d730 p\u00e9s, 30\u00d750 p\u00e9s, 40\u00d760 p\u00e9s, e mais<br \/>\nResist\u00eancia ao vento: Suporta velocidades de vento at\u00e9 60 mph (96 km\/h)<br \/>\nCapacidade de carga de neve: Concebida para suportar cargas de neve moderadas<br \/>\nGama de temperaturas: -30\u00b0C a 70\u00b0C (-22\u00b0F a 158\u00b0F)<br \/>\nCarater\u00edsticas opcionais: Janelas de ventila\u00e7\u00e3o, portas de enrolar, paredes laterais e \u00e2ncoras<br \/>\nOp\u00e7\u00f5es de cor: Branco, verde, cinzento ou cores personalizadas<br \/>\nMontagem: Instala\u00e7\u00e3o modular, sem ferramentas, para uma montagem e desloca\u00e7\u00e3o f\u00e1ceis<br \/>\nOs nossos abrigos agr\u00edcolas combinam uma constru\u00e7\u00e3o robusta com carater\u00edsticas pr\u00e1ticas para proporcionar um desempenho e uma fiabilidade inigual\u00e1veis para todas as necessidades agr\u00edcolas e de cultivo.<\/p>","protected":false},"featured_media":2016,"comment_status":"open","ping_status":"closed","template":"","meta":{"_uag_custom_page_level_css":"","site-sidebar-layout":"default","site-content-layout":"","ast-site-content-layout":"default","site-content-style":"default","site-sidebar-style":"default","ast-global-header-display":"","ast-banner-title-visibility":"","ast-main-header-display":"","ast-hfb-above-header-display":"","ast-hfb-below-header-display":"","ast-hfb-mobile-header-display":"","site-post-title":"","ast-breadcrumbs-content":"","ast-featured-img":"","footer-sml-layout":"","ast-disable-related-posts":"","theme-transparent-header-meta":"default","adv-header-id-meta":"","stick-header-meta":"","header-above-stick-meta":"","header-main-stick-meta":"","header-below-stick-meta":"","astra-migrate-meta-layouts":"set","ast-page-background-enabled":"default","ast-page-background-meta":{"desktop":{"background-color":"var(--ast-global-color-5)","background-image":"","background-repeat":"repeat","background-position":"center center","background-size":"auto","background-attachment":"scroll","background-type":"","background-media":"","overlay-type":"","overlay-color":"","overlay-opacity":"","overlay-gradient":""},"tablet":{"background-color":"","background-image":"","background-repeat":"repeat","background-position":"center center","background-size":"auto","background-attachment":"scroll","background-type":"","background-media":"","overlay-type":"","overlay-color":"","overlay-opacity":"","overlay-gradient":""},"mobile":{"background-color":"","background-image":"","background-repeat":"repeat","background-position":"center center","background-size":"auto","background-attachment":"scroll","background-type":"","background-media":"","overlay-type":"","overlay-color":"","overlay-opacity":"","overlay-gradient":""}},"ast-content-background-meta":{"desktop":{"background-color":"var(--ast-global-color-4)","background-image":"","background-repeat":"repeat","background-position":"center center","background-size":"auto","background-attachment":"scroll","background-type":"","background-media":"","overlay-type":"","overlay-color":"","overlay-opacity":"","overlay-gradient":""},"tablet":{"background-color":"var(--ast-global-color-4)","background-image":"","background-repeat":"repeat","background-position":"center center","background-size":"auto","background-attachment":"scroll","background-type":"","background-media":"","overlay-type":"","overlay-color":"","overlay-opacity":"","overlay-gradient":""},"mobile":{"background-color":"var(--ast-global-color-4)","background-image":"","background-repeat":"repeat","background-position":"center center","background-size":"auto","background-attachment":"scroll","background-type":"","background-media":"","overlay-type":"","overlay-color":"","overlay-opacity":"","overlay-gradient":""}}},"product_brand":[],"product_cat":[50],"product_tag":[],"class_list":{"0":"post-2015","1":"product","2":"type-product","3":"status-publish","4":"has-post-thumbnail","6":"product_cat-agricultural-shelter","7":"desktop-align-left","8":"tablet-align-left","9":"mobile-align-left","11":"first","12":"instock","13":"shipping-taxable","14":"product-type-simple"},"yoast_head":"<!-- This site is optimized with the Yoast SEO plugin v24.1 - https:\/\/yoast.com\/wordpress\/plugins\/seo\/ -->\n<title>Agricultural-Shelter Wholesale | Feicheng Tongfa<\/title>\n<meta name=\"description\" content=\"Our Agricultural Shelters are purpose-built to provide reliable protection for farming operations, offering a versatile solution for livestock housing, crop storage, and equipment safeguarding. Constructed with high-quality PVC tarpaulin and reinforced steel frames, these shelters ensure durability and resistance against harsh weather conditions, including rain, snow, and UV rays.\" \/>\n<meta name=\"robots\" content=\"index, follow, max-snippet:-1, max-image-preview:large, max-video-preview:-1\" \/>\n<link rel=\"canonical\" href=\"https:\/\/pengbu.jkkapi.top\/pt\/product\/agricultural-shelter\/\" \/>\n<meta property=\"og:locale\" content=\"pt_PT\" \/>\n<meta property=\"og:type\" content=\"article\" \/>\n<meta property=\"og:title\" content=\"Agricultural-Shelter Wholesale | Feicheng Tongfa\" \/>\n<meta property=\"og:description\" content=\"Our Agricultural Shelters are purpose-built to provide reliable protection for farming operations, offering a versatile solution for livestock housing, crop storage, and equipment safeguarding. Constructed with high-quality PVC tarpaulin and reinforced steel frames, these shelters ensure durability and resistance against harsh weather conditions, including rain, snow, and UV rays.\" \/>\n<meta property=\"og:url\" content=\"https:\/\/pengbu.jkkapi.top\/pt\/product\/agricultural-shelter\/\" \/>\n<meta property=\"article:modified_time\" content=\"2025-10-25T00:28:39+00:00\" \/>\n<meta property=\"og:image\" content=\"https:\/\/pengbu.jkkapi.top\/wp-content\/uploads\/2024\/11\/Agricultural-Shelter.jpg\" \/>\n\t<meta property=\"og:image:width\" content=\"616\" \/>\n\t<meta property=\"og:image:height\" content=\"539\" \/>\n\t<meta property=\"og:image:type\" content=\"image\/jpeg\" \/>\n<meta name=\"twitter:card\" content=\"summary_large_image\" \/>\n<meta name=\"twitter:label1\" content=\"Tempo estimado de leitura\" \/>\n\t<meta name=\"twitter:data1\" content=\"3 minutos\" \/>\n<script type=\"application\/ld+json\" class=\"yoast-schema-graph\">{\"@context\":\"https:\/\/schema.org\",\"@graph\":[{\"@type\":\"WebPage\",\"@id\":\"https:\/\/pengbu.jkkapi.top\/product\/agricultural-shelter\/\",\"url\":\"https:\/\/pengbu.jkkapi.top\/product\/agricultural-shelter\/\",\"name\":\"Agricultural-Shelter Wholesale | Feicheng Tongfa\",\"isPartOf\":{\"@id\":\"https:\/\/pengbu.jkkapi.top\/#website\"},\"primaryImageOfPage\":{\"@id\":\"https:\/\/pengbu.jkkapi.top\/product\/agricultural-shelter\/#primaryimage\"},\"image\":{\"@id\":\"https:\/\/pengbu.jkkapi.top\/product\/agricultural-shelter\/#primaryimage\"},\"thumbnailUrl\":\"https:\/\/pengbu.jkkapi.top\/wp-content\/uploads\/2024\/11\/Agricultural-Shelter.jpg\",\"datePublished\":\"2024-11-16T06:54:59+00:00\",\"dateModified\":\"2025-10-25T00:28:39+00:00\",\"description\":\"Our Agricultural Shelters are purpose-built to provide reliable protection for farming operations, offering a versatile solution for livestock housing, crop storage, and equipment safeguarding. Constructed with high-quality PVC tarpaulin and reinforced steel frames, these shelters ensure durability and resistance against harsh weather conditions, including rain, snow, and UV rays.\",\"breadcrumb\":{\"@id\":\"https:\/\/pengbu.jkkapi.top\/product\/agricultural-shelter\/#breadcrumb\"},\"inLanguage\":\"pt-PT\",\"potentialAction\":[{\"@type\":\"ReadAction\",\"target\":[\"https:\/\/pengbu.jkkapi.top\/product\/agricultural-shelter\/\"]}]},{\"@type\":\"ImageObject\",\"inLanguage\":\"pt-PT\",\"@id\":\"https:\/\/pengbu.jkkapi.top\/product\/agricultural-shelter\/#primaryimage\",\"url\":\"https:\/\/pengbu.jkkapi.top\/wp-content\/uploads\/2024\/11\/Agricultural-Shelter.jpg\",\"contentUrl\":\"https:\/\/pengbu.jkkapi.top\/wp-content\/uploads\/2024\/11\/Agricultural-Shelter.jpg\",\"width\":616,\"height\":539,\"caption\":\"Agricultural-Shelter\"},{\"@type\":\"BreadcrumbList\",\"@id\":\"https:\/\/pengbu.jkkapi.top\/product\/agricultural-shelter\/#breadcrumb\",\"itemListElement\":[{\"@type\":\"ListItem\",\"position\":1,\"name\":\"Home\",\"item\":\"https:\/\/pengbu.jkkapi.top\/\"},{\"@type\":\"ListItem\",\"position\":2,\"name\":\"Products\",\"item\":\"https:\/\/pengbu.jkkapi.top\/shop\/\"},{\"@type\":\"ListItem\",\"position\":3,\"name\":\"PVC-Covered Tarpaulin Tent\",\"item\":\"https:\/\/pengbu.jkkapi.top\/product-category\/pvc-covered-tarpaulin-tent\/\"},{\"@type\":\"ListItem\",\"position\":4,\"name\":\"Agricultural Shelter\",\"item\":\"https:\/\/pengbu.jkkapi.top\/product-category\/pvc-covered-tarpaulin-tent\/agricultural-shelter\/\"},{\"@type\":\"ListItem\",\"position\":5,\"name\":\"Agricultural-Shelter\"}]},{\"@type\":\"WebSite\",\"@id\":\"https:\/\/pengbu.jkkapi.top\/#website\",\"url\":\"https:\/\/pengbu.jkkapi.top\/\",\"name\":\"Tarpaulin manufacturer-Truck tarpaulin-PVC mesh-Feicheng Tongfa Trading\",\"description\":\"\",\"publisher\":{\"@id\":\"https:\/\/pengbu.jkkapi.top\/#organization\"},\"alternateName\":\"Tarpaulin manufacturer-Truck tarpaulin-Feicheng Tongfa\",\"potentialAction\":[{\"@type\":\"SearchAction\",\"target\":{\"@type\":\"EntryPoint\",\"urlTemplate\":\"https:\/\/pengbu.jkkapi.top\/?s={search_term_string}\"},\"query-input\":{\"@type\":\"PropertyValueSpecification\",\"valueRequired\":true,\"valueName\":\"search_term_string\"}}],\"inLanguage\":\"pt-PT\"},{\"@type\":\"Organization\",\"@id\":\"https:\/\/pengbu.jkkapi.top\/#organization\",\"name\":\"FeiCheng TongFa\",\"url\":\"https:\/\/pengbu.jkkapi.top\/\",\"logo\":{\"@type\":\"ImageObject\",\"inLanguage\":\"pt-PT\",\"@id\":\"https:\/\/pengbu.jkkapi.top\/#\/schema\/logo\/image\/\",\"url\":\"https:\/\/pengbu.jkkapi.top\/wp-content\/uploads\/2024\/09\/logo.jpg\",\"contentUrl\":\"https:\/\/pengbu.jkkapi.top\/wp-content\/uploads\/2024\/09\/logo.jpg\",\"width\":605,\"height\":121,\"caption\":\"FeiCheng TongFa\"},\"image\":{\"@id\":\"https:\/\/pengbu.jkkapi.top\/#\/schema\/logo\/image\/\"}}]}<\/script>\n<!-- \/ Yoast SEO plugin. -->","yoast_head_json":{"title":"Agricultural-Shelter Wholesale | Feicheng Tongfa","description":"Os nossos abrigos agr\u00edcolas s\u00e3o concebidos especificamente para proporcionar uma prote\u00e7\u00e3o fi\u00e1vel \u00e0s opera\u00e7\u00f5es agr\u00edcolas, oferecendo uma solu\u00e7\u00e3o vers\u00e1til para o alojamento de gado, armazenamento de colheitas e prote\u00e7\u00e3o de equipamento. Constru\u00eddos com lona de PVC de alta qualidade e estruturas de a\u00e7o refor\u00e7adas, estes abrigos garantem durabilidade e resist\u00eancia contra condi\u00e7\u00f5es climat\u00e9ricas adversas, incluindo chuva, neve e raios UV.","robots":{"index":"index","follow":"follow","max-snippet":"max-snippet:-1","max-image-preview":"max-image-preview:large","max-video-preview":"max-video-preview:-1"},"canonical":"https:\/\/pengbu.jkkapi.top\/pt\/product\/agricultural-shelter\/","og_locale":"pt_PT","og_type":"article","og_title":"Agricultural-Shelter Wholesale | Feicheng Tongfa","og_description":"Our Agricultural Shelters are purpose-built to provide reliable protection for farming operations, offering a versatile solution for livestock housing, crop storage, and equipment safeguarding. Constructed with high-quality PVC tarpaulin and reinforced steel frames, these shelters ensure durability and resistance against harsh weather conditions, including rain, snow, and UV rays.","og_url":"https:\/\/pengbu.jkkapi.top\/pt\/product\/agricultural-shelter\/","article_modified_time":"2025-10-25T00:28:39+00:00","og_image":[{"width":616,"height":539,"url":"https:\/\/pengbu.jkkapi.top\/wp-content\/uploads\/2024\/11\/Agricultural-Shelter.jpg","type":"image\/jpeg"}],"twitter_card":"summary_large_image","twitter_misc":{"Tempo estimado de leitura":"3 minutos"},"schema":{"@context":"https:\/\/schema.org","@graph":[{"@type":"WebPage","@id":"https:\/\/pengbu.jkkapi.top\/product\/agricultural-shelter\/","url":"https:\/\/pengbu.jkkapi.top\/product\/agricultural-shelter\/","name":"Agricultural-Shelter Wholesale | Feicheng Tongfa","isPartOf":{"@id":"https:\/\/pengbu.jkkapi.top\/#website"},"primaryImageOfPage":{"@id":"https:\/\/pengbu.jkkapi.top\/product\/agricultural-shelter\/#primaryimage"},"image":{"@id":"https:\/\/pengbu.jkkapi.top\/product\/agricultural-shelter\/#primaryimage"},"thumbnailUrl":"https:\/\/pengbu.jkkapi.top\/wp-content\/uploads\/2024\/11\/Agricultural-Shelter.jpg","datePublished":"2024-11-16T06:54:59+00:00","dateModified":"2025-10-25T00:28:39+00:00","description":"Os nossos abrigos agr\u00edcolas s\u00e3o concebidos especificamente para proporcionar uma prote\u00e7\u00e3o fi\u00e1vel \u00e0s opera\u00e7\u00f5es agr\u00edcolas, oferecendo uma solu\u00e7\u00e3o vers\u00e1til para o alojamento de gado, armazenamento de colheitas e prote\u00e7\u00e3o de equipamento. Constru\u00eddos com lona de PVC de alta qualidade e estruturas de a\u00e7o refor\u00e7adas, estes abrigos garantem durabilidade e resist\u00eancia contra condi\u00e7\u00f5es climat\u00e9ricas adversas, incluindo chuva, neve e raios UV.","breadcrumb":{"@id":"https:\/\/pengbu.jkkapi.top\/product\/agricultural-shelter\/#breadcrumb"},"inLanguage":"pt-PT","potentialAction":[{"@type":"ReadAction","target":["https:\/\/pengbu.jkkapi.top\/product\/agricultural-shelter\/"]}]},{"@type":"ImageObject","inLanguage":"pt-PT","@id":"https:\/\/pengbu.jkkapi.top\/product\/agricultural-shelter\/#primaryimage","url":"https:\/\/pengbu.jkkapi.top\/wp-content\/uploads\/2024\/11\/Agricultural-Shelter.jpg","contentUrl":"https:\/\/pengbu.jkkapi.top\/wp-content\/uploads\/2024\/11\/Agricultural-Shelter.jpg","width":616,"height":539,"caption":"Agricultural-Shelter"},{"@type":"BreadcrumbList","@id":"https:\/\/pengbu.jkkapi.top\/product\/agricultural-shelter\/#breadcrumb","itemListElement":[{"@type":"ListItem","position":1,"name":"Home","item":"https:\/\/pengbu.jkkapi.top\/"},{"@type":"ListItem","position":2,"name":"Products","item":"https:\/\/pengbu.jkkapi.top\/shop\/"},{"@type":"ListItem","position":3,"name":"PVC-Covered Tarpaulin Tent","item":"https:\/\/pengbu.jkkapi.top\/product-category\/pvc-covered-tarpaulin-tent\/"},{"@type":"ListItem","position":4,"name":"Agricultural Shelter","item":"https:\/\/pengbu.jkkapi.top\/product-category\/pvc-covered-tarpaulin-tent\/agricultural-shelter\/"},{"@type":"ListItem","position":5,"name":"Agricultural-Shelter"}]},{"@type":"WebSite","@id":"https:\/\/pengbu.jkkapi.top\/#website","url":"https:\/\/pengbu.jkkapi.top\/","name":"Fabricante de encerados - encerados para cami\u00f5es - malha de PVC - Feicheng Tongfa Trading","description":"","publisher":{"@id":"https:\/\/pengbu.jkkapi.top\/#organization"},"alternateName":"Tarpaulin manufacturer-Truck tarpaulin-Feicheng Tongfa","potentialAction":[{"@type":"SearchAction","target":{"@type":"EntryPoint","urlTemplate":"https:\/\/pengbu.jkkapi.top\/?s={search_term_string}"},"query-input":{"@type":"PropertyValueSpecification","valueRequired":true,"valueName":"search_term_string"}}],"inLanguage":"pt-PT"},{"@type":"Organization","@id":"https:\/\/pengbu.jkkapi.top\/#organization","name":"FeiCheng TongFa","url":"https:\/\/pengbu.jkkapi.top\/","logo":{"@type":"ImageObject","inLanguage":"pt-PT","@id":"https:\/\/pengbu.jkkapi.top\/#\/schema\/logo\/image\/","url":"https:\/\/pengbu.jkkapi.top\/wp-content\/uploads\/2024\/09\/logo.jpg","contentUrl":"https:\/\/pengbu.jkkapi.top\/wp-content\/uploads\/2024\/09\/logo.jpg","width":605,"height":121,"caption":"FeiCheng TongFa"},"image":{"@id":"https:\/\/pengbu.jkkapi.top\/#\/schema\/logo\/image\/"}}]}},"uagb_featured_image_src":{"full":["https:\/\/pengbu.jkkapi.top\/wp-content\/uploads\/2024\/11\/Agricultural-Shelter.jpg",616,539,false],"thumbnail":["https:\/\/pengbu.jkkapi.top\/wp-content\/uploads\/2024\/11\/Agricultural-Shelter-150x150.jpg",150,150,true],"medium":["https:\/\/pengbu.jkkapi.top\/wp-content\/uploads\/2024\/11\/Agricultural-Shelter-300x263.jpg",300,263,true],"medium_large":["https:\/\/pengbu.jkkapi.top\/wp-content\/uploads\/2024\/11\/Agricultural-Shelter.jpg",616,539,false],"large":["https:\/\/pengbu.jkkapi.top\/wp-content\/uploads\/2024\/11\/Agricultural-Shelter.jpg",616,539,false],"1536x1536":["https:\/\/pengbu.jkkapi.top\/wp-content\/uploads\/2024\/11\/Agricultural-Shelter.jpg",616,539,false],"2048x2048":["https:\/\/pengbu.jkkapi.top\/wp-content\/uploads\/2024\/11\/Agricultural-Shelter.jpg",616,539,false],"trp-custom-language-flag":["https:\/\/pengbu.jkkapi.top\/wp-content\/uploads\/2024\/11\/Agricultural-Shelter-14x12.jpg",14,12,true],"woocommerce_thumbnail":["https:\/\/pengbu.jkkapi.top\/wp-content\/uploads\/2024\/11\/Agricultural-Shelter-300x300.jpg",300,300,true],"woocommerce_single":["https:\/\/pengbu.jkkapi.top\/wp-content\/uploads\/2024\/11\/Agricultural-Shelter-600x525.jpg",600,525,true],"woocommerce_gallery_thumbnail":["https:\/\/pengbu.jkkapi.top\/wp-content\/uploads\/2024\/11\/Agricultural-Shelter-100x100.jpg",100,100,true]},"uagb_author_info":{"display_name":"user","author_link":"https:\/\/pengbu.jkkapi.top\/pt\/author\/"},"uagb_comment_info":17,"uagb_excerpt":"Our Agricultural Shelters are purpose-built to provide reliable protection for farming operations, offering a versatile solution for livestock housing, crop storage, and equipment safeguarding. Constructed with high-quality PVC tarpaulin and reinforced steel frames, these shelters ensure durability and resistance against harsh weather conditions, including rain, snow, and UV rays. Material: Premium PVC tarpaulin (500-900 GSM),&hellip;","_links":{"self":[{"href":"https:\/\/pengbu.jkkapi.top\/pt\/wp-json\/wp\/v2\/product\/2015","targetHints":{"allow":["GET"]}}],"collection":[{"href":"https:\/\/pengbu.jkkapi.top\/pt\/wp-json\/wp\/v2\/product"}],"about":[{"href":"https:\/\/pengbu.jkkapi.top\/pt\/wp-json\/wp\/v2\/types\/product"}],"replies":[{"embeddable":true,"href":"https:\/\/pengbu.jkkapi.top\/pt\/wp-json\/wp\/v2\/comments?post=2015"}],"wp:featuredmedia":[{"embeddable":true,"href":"https:\/\/pengbu.jkkapi.top\/pt\/wp-json\/wp\/v2\/media\/2016"}],"wp:attachment":[{"href":"https:\/\/pengbu.jkkapi.top\/pt\/wp-json\/wp\/v2\/media?parent=2015"}],"wp:term":[{"taxonomy":"product_brand","embeddable":true,"href":"https:\/\/pengbu.jkkapi.top\/pt\/wp-json\/wp\/v2\/product_brand?post=2015"},{"taxonomy":"product_cat","embeddable":true,"href":"https:\/\/pengbu.jkkapi.top\/pt\/wp-json\/wp\/v2\/product_cat?post=2015"},{"taxonomy":"product_tag","embeddable":true,"href":"https:\/\/pengbu.jkkapi.top\/pt\/wp-json\/wp\/v2\/product_tag?post=2015"}],"curies":[{"name":"wp","href":"https:\/\/api.w.org\/{rel}","templated":true}]}}