{"id":2017,"date":"2024-11-16T06:58:22","date_gmt":"2024-11-16T06:58:22","guid":{"rendered":"https:\/\/pengbu.jkkapi.top\/?post_type=product&#038;p=2017"},"modified":"2025-12-02T05:14:05","modified_gmt":"2025-12-02T05:14:05","slug":"enclosed-livestock-shelters","status":"publish","type":"product","link":"https:\/\/pengbu.jkkapi.top\/pt\/product\/enclosed-livestock-shelters\/","title":{"rendered":"Abrigos fechados para gado"},"content":{"rendered":"<p>Somos um fabricante profissional de produtos de lona, oferecendo uma vasta gama de lonas e tendas de lona de alta qualidade. A nossa s\u00e9rie de tendas de lona cobertas com PVC foi especificamente concebida para satisfazer v\u00e1rias necessidades no exterior, sendo os abrigos para gado fechados uma solu\u00e7\u00e3o ideal para proteger o gado e o equipamento agr\u00edcola. Fabricados em lona de PVC de qualidade superior, estes abrigos apresentam excelentes carater\u00edsticas de impermeabilidade, resist\u00eancia aos raios UV e durabilidade, garantindo uma prote\u00e7\u00e3o fi\u00e1vel em diversas condi\u00e7\u00f5es meteorol\u00f3gicas. Quer seja para agricultura, pecu\u00e1ria, armazenamento ou campismo, as nossas tendas de lona oferecem solu\u00e7\u00f5es pr\u00e1ticas e econ\u00f3micas.<\/p>\n<p>Descri\u00e7\u00e3o do produto<br \/>\nOs abrigos fechados para gado, que fazem parte da nossa s\u00e9rie de tendas de lona coberta de PVC, foram concebidos para fornecer solu\u00e7\u00f5es robustas e vers\u00e1teis para a prote\u00e7\u00e3o do gado e aplica\u00e7\u00f5es agr\u00edcolas. Segue-se uma introdu\u00e7\u00e3o pormenorizada \u00e0s carater\u00edsticas e aplica\u00e7\u00f5es do produto:<\/p>\n<p>Carater\u00edsticas do produto<br \/>\nMateriais de alta qualidade<\/p>\n<p>Constru\u00eddo com lona de PVC de qualidade superior, que oferece uma impermeabiliza\u00e7\u00e3o superior para garantir uma prote\u00e7\u00e3o completa contra a chuva.<br \/>\nO material resistente aos raios UV e \u00e0s intemp\u00e9ries prolonga a vida \u00fatil do abrigo, mesmo sob luz solar intensa e condi\u00e7\u00f5es extremas.<br \/>\nDurabilidade e estabilidade<\/p>\n<p>As estruturas de a\u00e7o refor\u00e7adas proporcionam uma estabilidade excecional, tornando os abrigos resistentes a ventos fortes e a cargas pesadas.<br \/>\nAs costuras seladas a quente aumentam a durabilidade geral, evitando fugas e desgaste ao longo do tempo.<br \/>\nDesign personaliz\u00e1vel<\/p>\n<p>Dispon\u00edveis em v\u00e1rios tamanhos e modelos para se adaptarem a diferentes necessidades de gado e de armazenamento.<br \/>\nOp\u00e7\u00f5es para janelas de ventila\u00e7\u00e3o e aberturas laterais para melhorar o fluxo de ar e a comodidade.<br \/>\nFacilidade de montagem e portabilidade<\/p>\n<p>O design modular permite uma montagem e desmontagem r\u00e1pidas sem ferramentas especializadas.<br \/>\nA constru\u00e7\u00e3o leve mas robusta facilita a desloca\u00e7\u00e3o do abrigo conforme necess\u00e1rio.<br \/>\nAplica\u00e7\u00f5es<br \/>\nProte\u00e7\u00e3o do gado<br \/>\nOs abrigos para gado fechados proporcionam um ambiente seguro e confort\u00e1vel para animais como gado, ovelhas e aves. Estes abrigos protegem o gado da chuva, vento, neve e luz solar intensa, garantindo a sua sa\u00fade e produtividade em todas as esta\u00e7\u00f5es.<\/p>\n<p>Armazenagem agr\u00edcola<br \/>\nOs abrigos s\u00e3o ideais para armazenar equipamento agr\u00edcola, feno, ra\u00e7\u00f5es e outros materiais. O seu design fechado protege os bens valiosos de danos causados pelas intemp\u00e9ries e roubo.<\/p>\n<p>Eventos ao ar livre e campismo<br \/>\nGra\u00e7as ao seu design personaliz\u00e1vel, estas tendas tamb\u00e9m podem ser utilizadas para eventos tempor\u00e1rios, campismo e outras actividades ao ar livre que exijam um abrigo fi\u00e1vel.<\/p>\n<p>Utiliza\u00e7\u00e3o comercial<br \/>\nPara al\u00e9m da agricultura, estes abrigos s\u00e3o adequados para utiliza\u00e7\u00e3o comercial, como armazenamento em estaleiros de constru\u00e7\u00e3o ou espa\u00e7os de trabalho tempor\u00e1rios.<\/p>\n<p>Porqu\u00ea escolher-nos<br \/>\nDamos prioridade \u00e0 qualidade e \u00e0 satisfa\u00e7\u00e3o do cliente, oferecendo solu\u00e7\u00f5es duradouras e econ\u00f3micas.<br \/>\nOs nossos produtos de Tenda de Lona Coberta de PVC est\u00e3o em conformidade com as normas internacionais de seguran\u00e7a e ambientais.<br \/>\nOs servi\u00e7os de personaliza\u00e7\u00e3o garantem que os abrigos satisfazem as necessidades espec\u00edficas dos clientes.<br \/>\nCom um compromisso de qualidade e inova\u00e7\u00e3o, os nossos abrigos fechados para gado s\u00e3o a escolha perfeita para uma prote\u00e7\u00e3o exterior fi\u00e1vel e duradoura.<\/p>","protected":false},"excerpt":{"rendered":"<p>Somos um fabricante profissional de produtos de lona, oferecendo uma vasta gama de lonas e tendas de lona de alta qualidade. A nossa s\u00e9rie de tendas de lona cobertas com PVC foi especificamente concebida para satisfazer v\u00e1rias necessidades no exterior, sendo os abrigos para gado fechados uma solu\u00e7\u00e3o ideal para proteger o gado e o equipamento agr\u00edcola. Fabricados em lona de PVC de qualidade superior, estes abrigos apresentam excelentes carater\u00edsticas de impermeabilidade, resist\u00eancia aos raios UV e durabilidade, garantindo uma prote\u00e7\u00e3o fi\u00e1vel em diversas condi\u00e7\u00f5es meteorol\u00f3gicas. Quer seja para agricultura, pecu\u00e1ria, armazenamento ou campismo, as nossas tendas de lona oferecem solu\u00e7\u00f5es pr\u00e1ticas e econ\u00f3micas.<\/p>\n<p>Material: Lona de PVC de qualidade superior (500-900 GSM)<br \/>\nEstrutura: Estrutura de a\u00e7o galvanizado refor\u00e7ado<br \/>\nClassifica\u00e7\u00e3o de impermeabilidade: 100% \u00e0 prova de \u00e1gua, resiste a chuva forte<br \/>\nResist\u00eancia aos raios UV: Prote\u00e7\u00e3o UV50+<br \/>\nTamanhos dispon\u00edveis: Personaliz\u00e1vel; os tamanhos comuns incluem 10\u00d710 p\u00e9s, 20\u00d730 p\u00e9s, 30\u00d750 p\u00e9s e op\u00e7\u00f5es maiores<br \/>\nResist\u00eancia ao vento: Suporta velocidades de vento at\u00e9 60 mph (96 km\/h)<br \/>\nToler\u00e2ncia de temperatura: -30\u00b0C a 70\u00b0C (-22\u00b0F a 158\u00b0F)<br \/>\nOp\u00e7\u00f5es de cor: Branco, verde, cinzento ou cores personalizadas<br \/>\nMontagem: Design modular sem ferramentas para uma montagem r\u00e1pida<\/p>\n<p>&nbsp;<\/p>","protected":false},"featured_media":2018,"comment_status":"open","ping_status":"closed","template":"","meta":{"_uag_custom_page_level_css":"","site-sidebar-layout":"default","site-content-layout":"","ast-site-content-layout":"default","site-content-style":"default","site-sidebar-style":"default","ast-global-header-display":"","ast-banner-title-visibility":"","ast-main-header-display":"","ast-hfb-above-header-display":"","ast-hfb-below-header-display":"","ast-hfb-mobile-header-display":"","site-post-title":"","ast-breadcrumbs-content":"","ast-featured-img":"","footer-sml-layout":"","ast-disable-related-posts":"","theme-transparent-header-meta":"default","adv-header-id-meta":"","stick-header-meta":"","header-above-stick-meta":"","header-main-stick-meta":"","header-below-stick-meta":"","astra-migrate-meta-layouts":"set","ast-page-background-enabled":"default","ast-page-background-meta":{"desktop":{"background-color":"var(--ast-global-color-5)","background-image":"","background-repeat":"repeat","background-position":"center center","background-size":"auto","background-attachment":"scroll","background-type":"","background-media":"","overlay-type":"","overlay-color":"","overlay-opacity":"","overlay-gradient":""},"tablet":{"background-color":"","background-image":"","background-repeat":"repeat","background-position":"center center","background-size":"auto","background-attachment":"scroll","background-type":"","background-media":"","overlay-type":"","overlay-color":"","overlay-opacity":"","overlay-gradient":""},"mobile":{"background-color":"","background-image":"","background-repeat":"repeat","background-position":"center center","background-size":"auto","background-attachment":"scroll","background-type":"","background-media":"","overlay-type":"","overlay-color":"","overlay-opacity":"","overlay-gradient":""}},"ast-content-background-meta":{"desktop":{"background-color":"var(--ast-global-color-4)","background-image":"","background-repeat":"repeat","background-position":"center center","background-size":"auto","background-attachment":"scroll","background-type":"","background-media":"","overlay-type":"","overlay-color":"","overlay-opacity":"","overlay-gradient":""},"tablet":{"background-color":"var(--ast-global-color-4)","background-image":"","background-repeat":"repeat","background-position":"center center","background-size":"auto","background-attachment":"scroll","background-type":"","background-media":"","overlay-type":"","overlay-color":"","overlay-opacity":"","overlay-gradient":""},"mobile":{"background-color":"var(--ast-global-color-4)","background-image":"","background-repeat":"repeat","background-position":"center center","background-size":"auto","background-attachment":"scroll","background-type":"","background-media":"","overlay-type":"","overlay-color":"","overlay-opacity":"","overlay-gradient":""}}},"product_brand":[],"product_cat":[51],"product_tag":[],"class_list":{"0":"post-2017","1":"product","2":"type-product","3":"status-publish","4":"has-post-thumbnail","6":"product_cat-enclosed-livestock-shelters","7":"desktop-align-left","8":"tablet-align-left","9":"mobile-align-left","11":"first","12":"instock","13":"shipping-taxable","14":"product-type-simple"},"yoast_head":"<!-- This site is optimized with the Yoast SEO plugin v24.1 - https:\/\/yoast.com\/wordpress\/plugins\/seo\/ -->\n<title>Enclosed Livestock Shelters Wholesale | Feicheng Tongfa<\/title>\n<meta name=\"robots\" content=\"index, follow, max-snippet:-1, max-image-preview:large, max-video-preview:-1\" \/>\n<link rel=\"canonical\" href=\"https:\/\/pengbu.jkkapi.top\/pt\/product\/enclosed-livestock-shelters\/\" \/>\n<meta property=\"og:locale\" content=\"pt_PT\" \/>\n<meta property=\"og:type\" content=\"article\" \/>\n<meta property=\"og:title\" content=\"Enclosed Livestock Shelters Wholesale | Feicheng Tongfa\" \/>\n<meta property=\"og:description\" content=\"We are a professional manufacturer of tarpaulin products, offering a wide range of high-quality tarps and tarpaulin tents. Our PVC Covered Tarpaulin Tent series is specifically designed to meet various outdoor needs, with the Enclosed Livestock Shelters being an ideal solution for protecting livestock and farm equipment. Made from premium PVC tarpaulin, these shelters provide excellent waterproof, UV-resistant, and durable features, ensuring reliable protection in diverse weather conditions. Whether for agriculture, ranching, storage, or camping, our tarpaulin tents deliver practical and cost-effective solutions.  Material: Premium PVC tarpaulin (500-900 GSM) Frame: Reinforced galvanized steel frame Waterproof Rating: 100% waterproof, withstands heavy rain UV Resistance: UV50+ protection Sizes Available: Customizable; common sizes include 10x10 ft, 20x30 ft, 30x50 ft, and larger options Wind Resistance: Withstands wind speeds up to 60 mph (96 km\/h) Temperature Tolerance: -30\u00b0C to 70\u00b0C (-22\u00b0F to 158\u00b0F) Color Options: White, green, grey, or custom colors Assembly: Tool-free modular design for quick setup  &nbsp;\" \/>\n<meta property=\"og:url\" content=\"https:\/\/pengbu.jkkapi.top\/pt\/product\/enclosed-livestock-shelters\/\" \/>\n<meta property=\"article:modified_time\" content=\"2025-12-02T05:14:05+00:00\" \/>\n<meta property=\"og:image\" content=\"https:\/\/pengbu.jkkapi.top\/wp-content\/uploads\/2024\/11\/Enclosed-Livestock-Shelters.jpg\" \/>\n\t<meta property=\"og:image:width\" content=\"602\" \/>\n\t<meta property=\"og:image:height\" content=\"598\" \/>\n\t<meta property=\"og:image:type\" content=\"image\/jpeg\" \/>\n<meta name=\"twitter:card\" content=\"summary_large_image\" \/>\n<meta name=\"twitter:label1\" content=\"Tempo estimado de leitura\" \/>\n\t<meta name=\"twitter:data1\" content=\"2 minutos\" \/>\n<script type=\"application\/ld+json\" class=\"yoast-schema-graph\">{\"@context\":\"https:\/\/schema.org\",\"@graph\":[{\"@type\":\"WebPage\",\"@id\":\"https:\/\/pengbu.jkkapi.top\/product\/enclosed-livestock-shelters\/\",\"url\":\"https:\/\/pengbu.jkkapi.top\/product\/enclosed-livestock-shelters\/\",\"name\":\"Enclosed Livestock Shelters Wholesale | Feicheng Tongfa\",\"isPartOf\":{\"@id\":\"https:\/\/pengbu.jkkapi.top\/#website\"},\"primaryImageOfPage\":{\"@id\":\"https:\/\/pengbu.jkkapi.top\/product\/enclosed-livestock-shelters\/#primaryimage\"},\"image\":{\"@id\":\"https:\/\/pengbu.jkkapi.top\/product\/enclosed-livestock-shelters\/#primaryimage\"},\"thumbnailUrl\":\"https:\/\/pengbu.jkkapi.top\/wp-content\/uploads\/2024\/11\/Enclosed-Livestock-Shelters.jpg\",\"datePublished\":\"2024-11-16T06:58:22+00:00\",\"dateModified\":\"2025-12-02T05:14:05+00:00\",\"breadcrumb\":{\"@id\":\"https:\/\/pengbu.jkkapi.top\/product\/enclosed-livestock-shelters\/#breadcrumb\"},\"inLanguage\":\"pt-PT\",\"potentialAction\":[{\"@type\":\"ReadAction\",\"target\":[\"https:\/\/pengbu.jkkapi.top\/product\/enclosed-livestock-shelters\/\"]}]},{\"@type\":\"ImageObject\",\"inLanguage\":\"pt-PT\",\"@id\":\"https:\/\/pengbu.jkkapi.top\/product\/enclosed-livestock-shelters\/#primaryimage\",\"url\":\"https:\/\/pengbu.jkkapi.top\/wp-content\/uploads\/2024\/11\/Enclosed-Livestock-Shelters.jpg\",\"contentUrl\":\"https:\/\/pengbu.jkkapi.top\/wp-content\/uploads\/2024\/11\/Enclosed-Livestock-Shelters.jpg\",\"width\":602,\"height\":598,\"caption\":\"Enclosed-Livestock-Shelters\"},{\"@type\":\"BreadcrumbList\",\"@id\":\"https:\/\/pengbu.jkkapi.top\/product\/enclosed-livestock-shelters\/#breadcrumb\",\"itemListElement\":[{\"@type\":\"ListItem\",\"position\":1,\"name\":\"Home\",\"item\":\"https:\/\/pengbu.jkkapi.top\/\"},{\"@type\":\"ListItem\",\"position\":2,\"name\":\"Products\",\"item\":\"https:\/\/pengbu.jkkapi.top\/shop\/\"},{\"@type\":\"ListItem\",\"position\":3,\"name\":\"PVC-Covered Tarpaulin Tent\",\"item\":\"https:\/\/pengbu.jkkapi.top\/product-category\/pvc-covered-tarpaulin-tent\/\"},{\"@type\":\"ListItem\",\"position\":4,\"name\":\"Enclosed Livestock Shelters\",\"item\":\"https:\/\/pengbu.jkkapi.top\/product-category\/pvc-covered-tarpaulin-tent\/enclosed-livestock-shelters\/\"},{\"@type\":\"ListItem\",\"position\":5,\"name\":\"Enclosed Livestock Shelters\"}]},{\"@type\":\"WebSite\",\"@id\":\"https:\/\/pengbu.jkkapi.top\/#website\",\"url\":\"https:\/\/pengbu.jkkapi.top\/\",\"name\":\"Tarpaulin manufacturer-Truck tarpaulin-PVC mesh-Feicheng Tongfa Trading\",\"description\":\"\",\"publisher\":{\"@id\":\"https:\/\/pengbu.jkkapi.top\/#organization\"},\"alternateName\":\"Tarpaulin manufacturer-Truck tarpaulin-Feicheng Tongfa\",\"potentialAction\":[{\"@type\":\"SearchAction\",\"target\":{\"@type\":\"EntryPoint\",\"urlTemplate\":\"https:\/\/pengbu.jkkapi.top\/?s={search_term_string}\"},\"query-input\":{\"@type\":\"PropertyValueSpecification\",\"valueRequired\":true,\"valueName\":\"search_term_string\"}}],\"inLanguage\":\"pt-PT\"},{\"@type\":\"Organization\",\"@id\":\"https:\/\/pengbu.jkkapi.top\/#organization\",\"name\":\"FeiCheng TongFa\",\"url\":\"https:\/\/pengbu.jkkapi.top\/\",\"logo\":{\"@type\":\"ImageObject\",\"inLanguage\":\"pt-PT\",\"@id\":\"https:\/\/pengbu.jkkapi.top\/#\/schema\/logo\/image\/\",\"url\":\"https:\/\/pengbu.jkkapi.top\/wp-content\/uploads\/2024\/09\/logo.jpg\",\"contentUrl\":\"https:\/\/pengbu.jkkapi.top\/wp-content\/uploads\/2024\/09\/logo.jpg\",\"width\":605,\"height\":121,\"caption\":\"FeiCheng TongFa\"},\"image\":{\"@id\":\"https:\/\/pengbu.jkkapi.top\/#\/schema\/logo\/image\/\"}}]}<\/script>\n<!-- \/ Yoast SEO plugin. -->","yoast_head_json":{"title":"Enclosed Livestock Shelters Wholesale | Feicheng Tongfa","robots":{"index":"index","follow":"follow","max-snippet":"max-snippet:-1","max-image-preview":"max-image-preview:large","max-video-preview":"max-video-preview:-1"},"canonical":"https:\/\/pengbu.jkkapi.top\/pt\/product\/enclosed-livestock-shelters\/","og_locale":"pt_PT","og_type":"article","og_title":"Enclosed Livestock Shelters Wholesale | Feicheng Tongfa","og_description":"We are a professional manufacturer of tarpaulin products, offering a wide range of high-quality tarps and tarpaulin tents. Our PVC Covered Tarpaulin Tent series is specifically designed to meet various outdoor needs, with the Enclosed Livestock Shelters being an ideal solution for protecting livestock and farm equipment. Made from premium PVC tarpaulin, these shelters provide excellent waterproof, UV-resistant, and durable features, ensuring reliable protection in diverse weather conditions. Whether for agriculture, ranching, storage, or camping, our tarpaulin tents deliver practical and cost-effective solutions.  Material: Premium PVC tarpaulin (500-900 GSM) Frame: Reinforced galvanized steel frame Waterproof Rating: 100% waterproof, withstands heavy rain UV Resistance: UV50+ protection Sizes Available: Customizable; common sizes include 10x10 ft, 20x30 ft, 30x50 ft, and larger options Wind Resistance: Withstands wind speeds up to 60 mph (96 km\/h) Temperature Tolerance: -30\u00b0C to 70\u00b0C (-22\u00b0F to 158\u00b0F) Color Options: White, green, grey, or custom colors Assembly: Tool-free modular design for quick setup  &nbsp;","og_url":"https:\/\/pengbu.jkkapi.top\/pt\/product\/enclosed-livestock-shelters\/","article_modified_time":"2025-12-02T05:14:05+00:00","og_image":[{"width":602,"height":598,"url":"https:\/\/pengbu.jkkapi.top\/wp-content\/uploads\/2024\/11\/Enclosed-Livestock-Shelters.jpg","type":"image\/jpeg"}],"twitter_card":"summary_large_image","twitter_misc":{"Tempo estimado de leitura":"2 minutos"},"schema":{"@context":"https:\/\/schema.org","@graph":[{"@type":"WebPage","@id":"https:\/\/pengbu.jkkapi.top\/product\/enclosed-livestock-shelters\/","url":"https:\/\/pengbu.jkkapi.top\/product\/enclosed-livestock-shelters\/","name":"Enclosed Livestock Shelters Wholesale | Feicheng Tongfa","isPartOf":{"@id":"https:\/\/pengbu.jkkapi.top\/#website"},"primaryImageOfPage":{"@id":"https:\/\/pengbu.jkkapi.top\/product\/enclosed-livestock-shelters\/#primaryimage"},"image":{"@id":"https:\/\/pengbu.jkkapi.top\/product\/enclosed-livestock-shelters\/#primaryimage"},"thumbnailUrl":"https:\/\/pengbu.jkkapi.top\/wp-content\/uploads\/2024\/11\/Enclosed-Livestock-Shelters.jpg","datePublished":"2024-11-16T06:58:22+00:00","dateModified":"2025-12-02T05:14:05+00:00","breadcrumb":{"@id":"https:\/\/pengbu.jkkapi.top\/product\/enclosed-livestock-shelters\/#breadcrumb"},"inLanguage":"pt-PT","potentialAction":[{"@type":"ReadAction","target":["https:\/\/pengbu.jkkapi.top\/product\/enclosed-livestock-shelters\/"]}]},{"@type":"ImageObject","inLanguage":"pt-PT","@id":"https:\/\/pengbu.jkkapi.top\/product\/enclosed-livestock-shelters\/#primaryimage","url":"https:\/\/pengbu.jkkapi.top\/wp-content\/uploads\/2024\/11\/Enclosed-Livestock-Shelters.jpg","contentUrl":"https:\/\/pengbu.jkkapi.top\/wp-content\/uploads\/2024\/11\/Enclosed-Livestock-Shelters.jpg","width":602,"height":598,"caption":"Enclosed-Livestock-Shelters"},{"@type":"BreadcrumbList","@id":"https:\/\/pengbu.jkkapi.top\/product\/enclosed-livestock-shelters\/#breadcrumb","itemListElement":[{"@type":"ListItem","position":1,"name":"Home","item":"https:\/\/pengbu.jkkapi.top\/"},{"@type":"ListItem","position":2,"name":"Products","item":"https:\/\/pengbu.jkkapi.top\/shop\/"},{"@type":"ListItem","position":3,"name":"PVC-Covered Tarpaulin Tent","item":"https:\/\/pengbu.jkkapi.top\/product-category\/pvc-covered-tarpaulin-tent\/"},{"@type":"ListItem","position":4,"name":"Enclosed Livestock Shelters","item":"https:\/\/pengbu.jkkapi.top\/product-category\/pvc-covered-tarpaulin-tent\/enclosed-livestock-shelters\/"},{"@type":"ListItem","position":5,"name":"Enclosed Livestock Shelters"}]},{"@type":"WebSite","@id":"https:\/\/pengbu.jkkapi.top\/#website","url":"https:\/\/pengbu.jkkapi.top\/","name":"Fabricante de encerados - encerados para cami\u00f5es - malha de PVC - Feicheng Tongfa Trading","description":"","publisher":{"@id":"https:\/\/pengbu.jkkapi.top\/#organization"},"alternateName":"Tarpaulin manufacturer-Truck tarpaulin-Feicheng Tongfa","potentialAction":[{"@type":"SearchAction","target":{"@type":"EntryPoint","urlTemplate":"https:\/\/pengbu.jkkapi.top\/?s={search_term_string}"},"query-input":{"@type":"PropertyValueSpecification","valueRequired":true,"valueName":"search_term_string"}}],"inLanguage":"pt-PT"},{"@type":"Organization","@id":"https:\/\/pengbu.jkkapi.top\/#organization","name":"FeiCheng TongFa","url":"https:\/\/pengbu.jkkapi.top\/","logo":{"@type":"ImageObject","inLanguage":"pt-PT","@id":"https:\/\/pengbu.jkkapi.top\/#\/schema\/logo\/image\/","url":"https:\/\/pengbu.jkkapi.top\/wp-content\/uploads\/2024\/09\/logo.jpg","contentUrl":"https:\/\/pengbu.jkkapi.top\/wp-content\/uploads\/2024\/09\/logo.jpg","width":605,"height":121,"caption":"FeiCheng TongFa"},"image":{"@id":"https:\/\/pengbu.jkkapi.top\/#\/schema\/logo\/image\/"}}]}},"uagb_featured_image_src":{"full":["https:\/\/pengbu.jkkapi.top\/wp-content\/uploads\/2024\/11\/Enclosed-Livestock-Shelters.jpg",602,598,false],"thumbnail":["https:\/\/pengbu.jkkapi.top\/wp-content\/uploads\/2024\/11\/Enclosed-Livestock-Shelters-150x150.jpg",150,150,true],"medium":["https:\/\/pengbu.jkkapi.top\/wp-content\/uploads\/2024\/11\/Enclosed-Livestock-Shelters-300x298.jpg",300,298,true],"medium_large":["https:\/\/pengbu.jkkapi.top\/wp-content\/uploads\/2024\/11\/Enclosed-Livestock-Shelters.jpg",602,598,false],"large":["https:\/\/pengbu.jkkapi.top\/wp-content\/uploads\/2024\/11\/Enclosed-Livestock-Shelters.jpg",602,598,false],"1536x1536":["https:\/\/pengbu.jkkapi.top\/wp-content\/uploads\/2024\/11\/Enclosed-Livestock-Shelters.jpg",602,598,false],"2048x2048":["https:\/\/pengbu.jkkapi.top\/wp-content\/uploads\/2024\/11\/Enclosed-Livestock-Shelters.jpg",602,598,false],"trp-custom-language-flag":["https:\/\/pengbu.jkkapi.top\/wp-content\/uploads\/2024\/11\/Enclosed-Livestock-Shelters-12x12.jpg",12,12,true],"woocommerce_thumbnail":["https:\/\/pengbu.jkkapi.top\/wp-content\/uploads\/2024\/11\/Enclosed-Livestock-Shelters-300x300.jpg",300,300,true],"woocommerce_single":["https:\/\/pengbu.jkkapi.top\/wp-content\/uploads\/2024\/11\/Enclosed-Livestock-Shelters-600x596.jpg",600,596,true],"woocommerce_gallery_thumbnail":["https:\/\/pengbu.jkkapi.top\/wp-content\/uploads\/2024\/11\/Enclosed-Livestock-Shelters-100x100.jpg",100,100,true]},"uagb_author_info":{"display_name":"user","author_link":"https:\/\/pengbu.jkkapi.top\/pt\/author\/"},"uagb_comment_info":15,"uagb_excerpt":"We are a professional manufacturer of tarpaulin products, offering a wide range of high-quality tarps and tarpaulin tents. Our PVC Covered Tarpaulin Tent series is specifically designed to meet various outdoor needs, with the Enclosed Livestock Shelters being an ideal solution for protecting livestock and farm equipment. Made from premium PVC tarpaulin, these shelters provide&hellip;","_links":{"self":[{"href":"https:\/\/pengbu.jkkapi.top\/pt\/wp-json\/wp\/v2\/product\/2017","targetHints":{"allow":["GET"]}}],"collection":[{"href":"https:\/\/pengbu.jkkapi.top\/pt\/wp-json\/wp\/v2\/product"}],"about":[{"href":"https:\/\/pengbu.jkkapi.top\/pt\/wp-json\/wp\/v2\/types\/product"}],"replies":[{"embeddable":true,"href":"https:\/\/pengbu.jkkapi.top\/pt\/wp-json\/wp\/v2\/comments?post=2017"}],"wp:featuredmedia":[{"embeddable":true,"href":"https:\/\/pengbu.jkkapi.top\/pt\/wp-json\/wp\/v2\/media\/2018"}],"wp:attachment":[{"href":"https:\/\/pengbu.jkkapi.top\/pt\/wp-json\/wp\/v2\/media?parent=2017"}],"wp:term":[{"taxonomy":"product_brand","embeddable":true,"href":"https:\/\/pengbu.jkkapi.top\/pt\/wp-json\/wp\/v2\/product_brand?post=2017"},{"taxonomy":"product_cat","embeddable":true,"href":"https:\/\/pengbu.jkkapi.top\/pt\/wp-json\/wp\/v2\/product_cat?post=2017"},{"taxonomy":"product_tag","embeddable":true,"href":"https:\/\/pengbu.jkkapi.top\/pt\/wp-json\/wp\/v2\/product_tag?post=2017"}],"curies":[{"name":"wp","href":"https:\/\/api.w.org\/{rel}","templated":true}]}}