{"id":2021,"date":"2024-11-16T07:04:33","date_gmt":"2024-11-16T07:04:33","guid":{"rendered":"https:\/\/pengbu.jkkapi.top\/?post_type=product&#038;p=2021"},"modified":"2025-10-25T00:00:08","modified_gmt":"2025-10-25T00:00:08","slug":"aramid-fiber-fabric","status":"publish","type":"product","link":"https:\/\/pengbu.jkkapi.top\/pt\/product\/aramid-fiber-fabric\/","title":{"rendered":"Tecido de fibra de aramida"},"content":{"rendered":"<p>Descri\u00e7\u00e3o do produto<br \/>\nO tecido de fibra de aramida \u00e9 um tecido de alto desempenho feito de fibras de aramida tecidas com excelentes propriedades mec\u00e2nicas e durabilidade. Amplamente reconhecido pela sua extrema resist\u00eancia e baixa densidade, o tecido de fibra de aramida \u00e9 mais de 5 vezes mais forte do que o a\u00e7o, mas tem apenas 1\/5 do peso, o que o torna ideal para aplica\u00e7\u00f5es que requerem uma combina\u00e7\u00e3o de elevada resist\u00eancia e peso reduzido.<\/p>\n<p>Carater\u00edsticas do produto<br \/>\nExcelente resist\u00eancia e durabilidade: As fibras de aramida t\u00eam uma resist\u00eancia \u00e0 tra\u00e7\u00e3o e ao impacto extremamente elevada e s\u00e3o capazes de suportar fortes tens\u00f5es mec\u00e2nicas e impactos.<br \/>\nResist\u00eancia a altas temperaturas: O tecido de fibra de aramida mant\u00e9m propriedades f\u00edsicas est\u00e1veis em ambiente de alta temperatura, e sua resist\u00eancia ao calor pode chegar a mais de 300 \u2103.<br \/>\nResist\u00eancia qu\u00edmica: boa resist\u00eancia a \u00e1cidos, \u00e1lcalis, solventes e outros produtos qu\u00edmicos, adequada para ambientes industriais agressivos.<br \/>\nDesign leve: A estrutura de baixa densidade torna-o ideal para comp\u00f3sitos de alto desempenho e engenharia leve.<br \/>\nPersonaliza\u00e7\u00e3o: Est\u00e3o dispon\u00edveis diferentes espessuras, densidades e estilos de tecelagem de acordo com as necessidades do cliente para satisfazer requisitos de aplica\u00e7\u00e3o diversificados.<br \/>\n\u00c1reas de aplica\u00e7\u00e3o<br \/>\nAeroespacial: Utilizado em componentes estruturais e isolamento de aeronaves, proporcionando uma solu\u00e7\u00e3o que combina resist\u00eancia e leveza.<br \/>\nEquipamento de prote\u00e7\u00e3o: Amplamente utilizado no fabrico de camisolas interiores \u00e0 prova de bala, camisolas interiores \u00e0 prova de facada e capacetes, proporcionando uma excelente prote\u00e7\u00e3o.<br \/>\nMateriais comp\u00f3sitos: utilizados para melhorar a resist\u00eancia e a estabilidade de materiais comp\u00f3sitos, tais como componentes para autom\u00f3veis, equipamento desportivo e outros dom\u00ednios.<br \/>\nEngenharia industrial: para durabilidade e seguran\u00e7a em correias transportadoras de alto desempenho, refor\u00e7os de mangueiras e outros equipamentos industriais.<br \/>\nIdeal para aplica\u00e7\u00f5es de alta resist\u00eancia, dur\u00e1veis e leves, o tecido de fibra de aramida n\u00e3o \u00e9 apenas de alto desempenho, mas tamb\u00e9m sustent\u00e1vel e vers\u00e1til, fornecendo solu\u00e7\u00f5es inovadoras para engenharia e design numa ampla gama de ind\u00fastrias.<\/p>","protected":false},"excerpt":{"rendered":"<p>Descri\u00e7\u00e3o do produto.<br \/>\nO tecido de fibra de aramida \u00e9 um tecido de fibra de elevado desempenho conhecido pela sua for\u00e7a superior, resist\u00eancia ao calor e resist\u00eancia \u00e0 corros\u00e3o. Concebido para aplica\u00e7\u00f5es que requerem extrema resist\u00eancia e leveza, \u00e9 utilizado na ind\u00fastria aeroespacial, em materiais bal\u00edsticos, no refor\u00e7o de comp\u00f3sitos e na engenharia industrial. O tecido de fibra de aramida proporciona um desempenho fi\u00e1vel e consistente em ambientes extremos e cr\u00edticos.<\/p>\n<p>Material:<\/p>\n<p>Fibra de aramida de alto desempenho 100%.<br \/>\nPropriedades f\u00edsicas:<\/p>\n<p>Resist\u00eancia \u00e0 tra\u00e7\u00e3o: &gt;3.000 MPa.<br \/>\nDensidade: ~1,44 g\/cm\u00b3 (aproximadamente 1\/5 do peso do a\u00e7o).<br \/>\nResist\u00eancia t\u00e9rmica: Desempenho est\u00e1vel at\u00e9 300\u2103.<br \/>\nResist\u00eancia qu\u00edmica:<\/p>\n<p>Resistente a \u00e1cidos, \u00e1lcalis e \u00e0 maioria dos solventes.<br \/>\nPersonaliza\u00e7\u00e3o:<\/p>\n<p>Dispon\u00edveis em v\u00e1rias espessuras, tecidos e densidades para satisfazer os requisitos de aplica\u00e7\u00f5es espec\u00edficas.<br \/>\nAplica\u00e7\u00f5es:<\/p>\n<p>Aeroespacial, defesa, autom\u00f3vel, equipamento industrial e materiais comp\u00f3sitos.<br \/>\nCarater\u00edsticas principais:<\/p>\n<p>Leve e ultra-resistente.<br \/>\nExcelente resist\u00eancia ao impacto e \u00e0 abras\u00e3o.<br \/>\nDurabilidade superior em ambientes extremos.<\/p>","protected":false},"featured_media":2022,"comment_status":"open","ping_status":"closed","template":"","meta":{"_uag_custom_page_level_css":"","site-sidebar-layout":"default","site-content-layout":"","ast-site-content-layout":"default","site-content-style":"default","site-sidebar-style":"default","ast-global-header-display":"","ast-banner-title-visibility":"","ast-main-header-display":"","ast-hfb-above-header-display":"","ast-hfb-below-header-display":"","ast-hfb-mobile-header-display":"","site-post-title":"","ast-breadcrumbs-content":"","ast-featured-img":"","footer-sml-layout":"","ast-disable-related-posts":"","theme-transparent-header-meta":"default","adv-header-id-meta":"","stick-header-meta":"","header-above-stick-meta":"","header-main-stick-meta":"","header-below-stick-meta":"","astra-migrate-meta-layouts":"set","ast-page-background-enabled":"default","ast-page-background-meta":{"desktop":{"background-color":"var(--ast-global-color-5)","background-image":"","background-repeat":"repeat","background-position":"center center","background-size":"auto","background-attachment":"scroll","background-type":"","background-media":"","overlay-type":"","overlay-color":"","overlay-opacity":"","overlay-gradient":""},"tablet":{"background-color":"","background-image":"","background-repeat":"repeat","background-position":"center center","background-size":"auto","background-attachment":"scroll","background-type":"","background-media":"","overlay-type":"","overlay-color":"","overlay-opacity":"","overlay-gradient":""},"mobile":{"background-color":"","background-image":"","background-repeat":"repeat","background-position":"center center","background-size":"auto","background-attachment":"scroll","background-type":"","background-media":"","overlay-type":"","overlay-color":"","overlay-opacity":"","overlay-gradient":""}},"ast-content-background-meta":{"desktop":{"background-color":"var(--ast-global-color-4)","background-image":"","background-repeat":"repeat","background-position":"center center","background-size":"auto","background-attachment":"scroll","background-type":"","background-media":"","overlay-type":"","overlay-color":"","overlay-opacity":"","overlay-gradient":""},"tablet":{"background-color":"var(--ast-global-color-4)","background-image":"","background-repeat":"repeat","background-position":"center center","background-size":"auto","background-attachment":"scroll","background-type":"","background-media":"","overlay-type":"","overlay-color":"","overlay-opacity":"","overlay-gradient":""},"mobile":{"background-color":"var(--ast-global-color-4)","background-image":"","background-repeat":"repeat","background-position":"center center","background-size":"auto","background-attachment":"scroll","background-type":"","background-media":"","overlay-type":"","overlay-color":"","overlay-opacity":"","overlay-gradient":""}}},"product_brand":[],"product_cat":[52],"product_tag":[],"class_list":{"0":"post-2021","1":"product","2":"type-product","3":"status-publish","4":"has-post-thumbnail","6":"product_cat-aramid-fiber-fabric","7":"desktop-align-left","8":"tablet-align-left","9":"mobile-align-left","11":"first","12":"instock","13":"shipping-taxable","14":"product-type-simple"},"yoast_head":"<!-- This site is optimized with the Yoast SEO plugin v24.1 - https:\/\/yoast.com\/wordpress\/plugins\/seo\/ -->\n<title>Aramid Fiber Fabric Wholesale | Feicheng Tongfa<\/title>\n<meta name=\"description\" content=\"Aramid Fiber Fabric is a high performance fiber fabric known for its superior strength, heat resistance and corrosion resistance. Designed for applications requiring extreme strength and lightweight, it is used in aerospace, ballistic materials, composite reinforcement and industrial engineering. Aramid Fiber Fabric provides reliable, consistent performance in both extreme and critical environments.\" \/>\n<meta name=\"robots\" content=\"index, follow, max-snippet:-1, max-image-preview:large, max-video-preview:-1\" \/>\n<link rel=\"canonical\" href=\"https:\/\/pengbu.jkkapi.top\/pt\/product\/aramid-fiber-fabric\/\" \/>\n<meta property=\"og:locale\" content=\"pt_PT\" \/>\n<meta property=\"og:type\" content=\"article\" \/>\n<meta property=\"og:title\" content=\"Aramid Fiber Fabric Wholesale | Feicheng Tongfa\" \/>\n<meta property=\"og:description\" content=\"Aramid Fiber Fabric is a high performance fiber fabric known for its superior strength, heat resistance and corrosion resistance. Designed for applications requiring extreme strength and lightweight, it is used in aerospace, ballistic materials, composite reinforcement and industrial engineering. Aramid Fiber Fabric provides reliable, consistent performance in both extreme and critical environments.\" \/>\n<meta property=\"og:url\" content=\"https:\/\/pengbu.jkkapi.top\/pt\/product\/aramid-fiber-fabric\/\" \/>\n<meta property=\"article:modified_time\" content=\"2025-10-25T00:00:08+00:00\" \/>\n<meta property=\"og:image\" content=\"https:\/\/pengbu.jkkapi.top\/wp-content\/uploads\/2024\/11\/Aramid-Fiber-Fabric.jpg\" \/>\n\t<meta property=\"og:image:width\" content=\"699\" \/>\n\t<meta property=\"og:image:height\" content=\"703\" \/>\n\t<meta property=\"og:image:type\" content=\"image\/jpeg\" \/>\n<meta name=\"twitter:card\" content=\"summary_large_image\" \/>\n<meta name=\"twitter:label1\" content=\"Tempo estimado de leitura\" \/>\n\t<meta name=\"twitter:data1\" content=\"2 minutos\" \/>\n<script type=\"application\/ld+json\" class=\"yoast-schema-graph\">{\"@context\":\"https:\/\/schema.org\",\"@graph\":[{\"@type\":\"WebPage\",\"@id\":\"https:\/\/pengbu.jkkapi.top\/product\/aramid-fiber-fabric\/\",\"url\":\"https:\/\/pengbu.jkkapi.top\/product\/aramid-fiber-fabric\/\",\"name\":\"Aramid Fiber Fabric Wholesale | Feicheng Tongfa\",\"isPartOf\":{\"@id\":\"https:\/\/pengbu.jkkapi.top\/#website\"},\"primaryImageOfPage\":{\"@id\":\"https:\/\/pengbu.jkkapi.top\/product\/aramid-fiber-fabric\/#primaryimage\"},\"image\":{\"@id\":\"https:\/\/pengbu.jkkapi.top\/product\/aramid-fiber-fabric\/#primaryimage\"},\"thumbnailUrl\":\"https:\/\/pengbu.jkkapi.top\/wp-content\/uploads\/2024\/11\/Aramid-Fiber-Fabric.jpg\",\"datePublished\":\"2024-11-16T07:04:33+00:00\",\"dateModified\":\"2025-10-25T00:00:08+00:00\",\"description\":\"Aramid Fiber Fabric is a high performance fiber fabric known for its superior strength, heat resistance and corrosion resistance. Designed for applications requiring extreme strength and lightweight, it is used in aerospace, ballistic materials, composite reinforcement and industrial engineering. Aramid Fiber Fabric provides reliable, consistent performance in both extreme and critical environments.\",\"breadcrumb\":{\"@id\":\"https:\/\/pengbu.jkkapi.top\/product\/aramid-fiber-fabric\/#breadcrumb\"},\"inLanguage\":\"pt-PT\",\"potentialAction\":[{\"@type\":\"ReadAction\",\"target\":[\"https:\/\/pengbu.jkkapi.top\/product\/aramid-fiber-fabric\/\"]}]},{\"@type\":\"ImageObject\",\"inLanguage\":\"pt-PT\",\"@id\":\"https:\/\/pengbu.jkkapi.top\/product\/aramid-fiber-fabric\/#primaryimage\",\"url\":\"https:\/\/pengbu.jkkapi.top\/wp-content\/uploads\/2024\/11\/Aramid-Fiber-Fabric.jpg\",\"contentUrl\":\"https:\/\/pengbu.jkkapi.top\/wp-content\/uploads\/2024\/11\/Aramid-Fiber-Fabric.jpg\",\"width\":699,\"height\":703,\"caption\":\"Aramid Fiber Fabric\"},{\"@type\":\"BreadcrumbList\",\"@id\":\"https:\/\/pengbu.jkkapi.top\/product\/aramid-fiber-fabric\/#breadcrumb\",\"itemListElement\":[{\"@type\":\"ListItem\",\"position\":1,\"name\":\"Home\",\"item\":\"https:\/\/pengbu.jkkapi.top\/\"},{\"@type\":\"ListItem\",\"position\":2,\"name\":\"Products\",\"item\":\"https:\/\/pengbu.jkkapi.top\/shop\/\"},{\"@type\":\"ListItem\",\"position\":3,\"name\":\"Geogrid\",\"item\":\"https:\/\/pengbu.jkkapi.top\/product-category\/geogrid\/\"},{\"@type\":\"ListItem\",\"position\":4,\"name\":\"Aramid Fiber Fabric\",\"item\":\"https:\/\/pengbu.jkkapi.top\/product-category\/geogrid\/aramid-fiber-fabric\/\"},{\"@type\":\"ListItem\",\"position\":5,\"name\":\"Aramid Fiber Fabric\"}]},{\"@type\":\"WebSite\",\"@id\":\"https:\/\/pengbu.jkkapi.top\/#website\",\"url\":\"https:\/\/pengbu.jkkapi.top\/\",\"name\":\"Tarpaulin manufacturer-Truck tarpaulin-PVC mesh-Feicheng Tongfa Trading\",\"description\":\"\",\"publisher\":{\"@id\":\"https:\/\/pengbu.jkkapi.top\/#organization\"},\"alternateName\":\"Tarpaulin manufacturer-Truck tarpaulin-Feicheng Tongfa\",\"potentialAction\":[{\"@type\":\"SearchAction\",\"target\":{\"@type\":\"EntryPoint\",\"urlTemplate\":\"https:\/\/pengbu.jkkapi.top\/?s={search_term_string}\"},\"query-input\":{\"@type\":\"PropertyValueSpecification\",\"valueRequired\":true,\"valueName\":\"search_term_string\"}}],\"inLanguage\":\"pt-PT\"},{\"@type\":\"Organization\",\"@id\":\"https:\/\/pengbu.jkkapi.top\/#organization\",\"name\":\"FeiCheng TongFa\",\"url\":\"https:\/\/pengbu.jkkapi.top\/\",\"logo\":{\"@type\":\"ImageObject\",\"inLanguage\":\"pt-PT\",\"@id\":\"https:\/\/pengbu.jkkapi.top\/#\/schema\/logo\/image\/\",\"url\":\"https:\/\/pengbu.jkkapi.top\/wp-content\/uploads\/2024\/09\/logo.jpg\",\"contentUrl\":\"https:\/\/pengbu.jkkapi.top\/wp-content\/uploads\/2024\/09\/logo.jpg\",\"width\":605,\"height\":121,\"caption\":\"FeiCheng TongFa\"},\"image\":{\"@id\":\"https:\/\/pengbu.jkkapi.top\/#\/schema\/logo\/image\/\"}}]}<\/script>\n<!-- \/ Yoast SEO plugin. -->","yoast_head_json":{"title":"Aramid Fiber Fabric Wholesale | Feicheng Tongfa","description":"O tecido de fibra de aramida \u00e9 um tecido de fibra de elevado desempenho conhecido pela sua for\u00e7a superior, resist\u00eancia ao calor e resist\u00eancia \u00e0 corros\u00e3o. Concebido para aplica\u00e7\u00f5es que requerem extrema resist\u00eancia e leveza, \u00e9 utilizado na ind\u00fastria aeroespacial, em materiais bal\u00edsticos, no refor\u00e7o de comp\u00f3sitos e na engenharia industrial. O tecido de fibra de aramida proporciona um desempenho fi\u00e1vel e consistente em ambientes extremos e cr\u00edticos.","robots":{"index":"index","follow":"follow","max-snippet":"max-snippet:-1","max-image-preview":"max-image-preview:large","max-video-preview":"max-video-preview:-1"},"canonical":"https:\/\/pengbu.jkkapi.top\/pt\/product\/aramid-fiber-fabric\/","og_locale":"pt_PT","og_type":"article","og_title":"Aramid Fiber Fabric Wholesale | Feicheng Tongfa","og_description":"Aramid Fiber Fabric is a high performance fiber fabric known for its superior strength, heat resistance and corrosion resistance. Designed for applications requiring extreme strength and lightweight, it is used in aerospace, ballistic materials, composite reinforcement and industrial engineering. Aramid Fiber Fabric provides reliable, consistent performance in both extreme and critical environments.","og_url":"https:\/\/pengbu.jkkapi.top\/pt\/product\/aramid-fiber-fabric\/","article_modified_time":"2025-10-25T00:00:08+00:00","og_image":[{"width":699,"height":703,"url":"https:\/\/pengbu.jkkapi.top\/wp-content\/uploads\/2024\/11\/Aramid-Fiber-Fabric.jpg","type":"image\/jpeg"}],"twitter_card":"summary_large_image","twitter_misc":{"Tempo estimado de leitura":"2 minutos"},"schema":{"@context":"https:\/\/schema.org","@graph":[{"@type":"WebPage","@id":"https:\/\/pengbu.jkkapi.top\/product\/aramid-fiber-fabric\/","url":"https:\/\/pengbu.jkkapi.top\/product\/aramid-fiber-fabric\/","name":"Aramid Fiber Fabric Wholesale | Feicheng Tongfa","isPartOf":{"@id":"https:\/\/pengbu.jkkapi.top\/#website"},"primaryImageOfPage":{"@id":"https:\/\/pengbu.jkkapi.top\/product\/aramid-fiber-fabric\/#primaryimage"},"image":{"@id":"https:\/\/pengbu.jkkapi.top\/product\/aramid-fiber-fabric\/#primaryimage"},"thumbnailUrl":"https:\/\/pengbu.jkkapi.top\/wp-content\/uploads\/2024\/11\/Aramid-Fiber-Fabric.jpg","datePublished":"2024-11-16T07:04:33+00:00","dateModified":"2025-10-25T00:00:08+00:00","description":"O tecido de fibra de aramida \u00e9 um tecido de fibra de elevado desempenho conhecido pela sua for\u00e7a superior, resist\u00eancia ao calor e resist\u00eancia \u00e0 corros\u00e3o. Concebido para aplica\u00e7\u00f5es que requerem extrema resist\u00eancia e leveza, \u00e9 utilizado na ind\u00fastria aeroespacial, em materiais bal\u00edsticos, no refor\u00e7o de comp\u00f3sitos e na engenharia industrial. O tecido de fibra de aramida proporciona um desempenho fi\u00e1vel e consistente em ambientes extremos e cr\u00edticos.","breadcrumb":{"@id":"https:\/\/pengbu.jkkapi.top\/product\/aramid-fiber-fabric\/#breadcrumb"},"inLanguage":"pt-PT","potentialAction":[{"@type":"ReadAction","target":["https:\/\/pengbu.jkkapi.top\/product\/aramid-fiber-fabric\/"]}]},{"@type":"ImageObject","inLanguage":"pt-PT","@id":"https:\/\/pengbu.jkkapi.top\/product\/aramid-fiber-fabric\/#primaryimage","url":"https:\/\/pengbu.jkkapi.top\/wp-content\/uploads\/2024\/11\/Aramid-Fiber-Fabric.jpg","contentUrl":"https:\/\/pengbu.jkkapi.top\/wp-content\/uploads\/2024\/11\/Aramid-Fiber-Fabric.jpg","width":699,"height":703,"caption":"Aramid Fiber Fabric"},{"@type":"BreadcrumbList","@id":"https:\/\/pengbu.jkkapi.top\/product\/aramid-fiber-fabric\/#breadcrumb","itemListElement":[{"@type":"ListItem","position":1,"name":"Home","item":"https:\/\/pengbu.jkkapi.top\/"},{"@type":"ListItem","position":2,"name":"Products","item":"https:\/\/pengbu.jkkapi.top\/shop\/"},{"@type":"ListItem","position":3,"name":"Geogrid","item":"https:\/\/pengbu.jkkapi.top\/product-category\/geogrid\/"},{"@type":"ListItem","position":4,"name":"Aramid Fiber Fabric","item":"https:\/\/pengbu.jkkapi.top\/product-category\/geogrid\/aramid-fiber-fabric\/"},{"@type":"ListItem","position":5,"name":"Aramid Fiber Fabric"}]},{"@type":"WebSite","@id":"https:\/\/pengbu.jkkapi.top\/#website","url":"https:\/\/pengbu.jkkapi.top\/","name":"Fabricante de encerados - encerados para cami\u00f5es - malha de PVC - Feicheng Tongfa Trading","description":"","publisher":{"@id":"https:\/\/pengbu.jkkapi.top\/#organization"},"alternateName":"Tarpaulin manufacturer-Truck tarpaulin-Feicheng Tongfa","potentialAction":[{"@type":"SearchAction","target":{"@type":"EntryPoint","urlTemplate":"https:\/\/pengbu.jkkapi.top\/?s={search_term_string}"},"query-input":{"@type":"PropertyValueSpecification","valueRequired":true,"valueName":"search_term_string"}}],"inLanguage":"pt-PT"},{"@type":"Organization","@id":"https:\/\/pengbu.jkkapi.top\/#organization","name":"FeiCheng TongFa","url":"https:\/\/pengbu.jkkapi.top\/","logo":{"@type":"ImageObject","inLanguage":"pt-PT","@id":"https:\/\/pengbu.jkkapi.top\/#\/schema\/logo\/image\/","url":"https:\/\/pengbu.jkkapi.top\/wp-content\/uploads\/2024\/09\/logo.jpg","contentUrl":"https:\/\/pengbu.jkkapi.top\/wp-content\/uploads\/2024\/09\/logo.jpg","width":605,"height":121,"caption":"FeiCheng TongFa"},"image":{"@id":"https:\/\/pengbu.jkkapi.top\/#\/schema\/logo\/image\/"}}]}},"uagb_featured_image_src":{"full":["https:\/\/pengbu.jkkapi.top\/wp-content\/uploads\/2024\/11\/Aramid-Fiber-Fabric.jpg",699,703,false],"thumbnail":["https:\/\/pengbu.jkkapi.top\/wp-content\/uploads\/2024\/11\/Aramid-Fiber-Fabric-150x150.jpg",150,150,true],"medium":["https:\/\/pengbu.jkkapi.top\/wp-content\/uploads\/2024\/11\/Aramid-Fiber-Fabric-298x300.jpg",298,300,true],"medium_large":["https:\/\/pengbu.jkkapi.top\/wp-content\/uploads\/2024\/11\/Aramid-Fiber-Fabric.jpg",699,703,false],"large":["https:\/\/pengbu.jkkapi.top\/wp-content\/uploads\/2024\/11\/Aramid-Fiber-Fabric.jpg",699,703,false],"1536x1536":["https:\/\/pengbu.jkkapi.top\/wp-content\/uploads\/2024\/11\/Aramid-Fiber-Fabric.jpg",699,703,false],"2048x2048":["https:\/\/pengbu.jkkapi.top\/wp-content\/uploads\/2024\/11\/Aramid-Fiber-Fabric.jpg",699,703,false],"trp-custom-language-flag":["https:\/\/pengbu.jkkapi.top\/wp-content\/uploads\/2024\/11\/Aramid-Fiber-Fabric-12x12.jpg",12,12,true],"woocommerce_thumbnail":["https:\/\/pengbu.jkkapi.top\/wp-content\/uploads\/2024\/11\/Aramid-Fiber-Fabric-300x300.jpg",300,300,true],"woocommerce_single":["https:\/\/pengbu.jkkapi.top\/wp-content\/uploads\/2024\/11\/Aramid-Fiber-Fabric-600x603.jpg",600,603,true],"woocommerce_gallery_thumbnail":["https:\/\/pengbu.jkkapi.top\/wp-content\/uploads\/2024\/11\/Aramid-Fiber-Fabric-100x100.jpg",100,100,true]},"uagb_author_info":{"display_name":"user","author_link":"https:\/\/pengbu.jkkapi.top\/pt\/author\/"},"uagb_comment_info":9,"uagb_excerpt":"Product Description. Aramid Fiber Fabric is a high performance fiber fabric known for its superior strength, heat resistance and corrosion resistance. Designed for applications requiring extreme strength and lightweight, it is used in aerospace, ballistic materials, composite reinforcement and industrial engineering. Aramid Fiber Fabric provides reliable, consistent performance in both extreme and critical environments. Material:&hellip;","_links":{"self":[{"href":"https:\/\/pengbu.jkkapi.top\/pt\/wp-json\/wp\/v2\/product\/2021","targetHints":{"allow":["GET"]}}],"collection":[{"href":"https:\/\/pengbu.jkkapi.top\/pt\/wp-json\/wp\/v2\/product"}],"about":[{"href":"https:\/\/pengbu.jkkapi.top\/pt\/wp-json\/wp\/v2\/types\/product"}],"replies":[{"embeddable":true,"href":"https:\/\/pengbu.jkkapi.top\/pt\/wp-json\/wp\/v2\/comments?post=2021"}],"wp:featuredmedia":[{"embeddable":true,"href":"https:\/\/pengbu.jkkapi.top\/pt\/wp-json\/wp\/v2\/media\/2022"}],"wp:attachment":[{"href":"https:\/\/pengbu.jkkapi.top\/pt\/wp-json\/wp\/v2\/media?parent=2021"}],"wp:term":[{"taxonomy":"product_brand","embeddable":true,"href":"https:\/\/pengbu.jkkapi.top\/pt\/wp-json\/wp\/v2\/product_brand?post=2021"},{"taxonomy":"product_cat","embeddable":true,"href":"https:\/\/pengbu.jkkapi.top\/pt\/wp-json\/wp\/v2\/product_cat?post=2021"},{"taxonomy":"product_tag","embeddable":true,"href":"https:\/\/pengbu.jkkapi.top\/pt\/wp-json\/wp\/v2\/product_tag?post=2021"}],"curies":[{"name":"wp","href":"https:\/\/api.w.org\/{rel}","templated":true}]}}