{"id":89,"date":"2024-09-04T01:59:36","date_gmt":"2024-09-04T01:59:36","guid":{"rendered":"https:\/\/pengbu.jkkapi.top\/product\/gaungzhou-vase\/"},"modified":"2024-11-16T07:49:13","modified_gmt":"2024-11-16T07:49:13","slug":"gaungzhou-vase","status":"publish","type":"product","link":"https:\/\/pengbu.jkkapi.top\/pt\/product\/gaungzhou-vase\/","title":{"rendered":"Lonas imperme\u00e1veis Fabricantes de lona de tecido revestido a PVC"},"content":{"rendered":"<p id=\"\">Enquanto fabricantes l\u00edderes de lonas imperme\u00e1veis, tecido revestido a PVC e lona, especializamo-nos na cria\u00e7\u00e3o de coberturas robustas e vers\u00e1teis, concebidas para satisfazer uma vasta gama de necessidades. Os nossos produtos caracterizam-se pelas suas excepcionais capacidades de impermeabiliza\u00e7\u00e3o, garantindo que permanecem imperme\u00e1veis \u00e0 humidade, \u00e0 chuva e a outros elementos l\u00edquidos.<\/p>\n<p id=\"\">O revestimento de PVC das nossas lonas aumenta a durabilidade e proporciona uma superf\u00edcie lisa e f\u00e1cil de limpar. Este revestimento tamb\u00e9m acrescenta uma camada de prote\u00e7\u00e3o contra os raios UV, tornando as nossas lonas ideais para utiliza\u00e7\u00e3o no exterior, onde podem resistir aos elementos, mantendo a sua integridade e solidez da cor.<\/p>\n<p id=\"\">Os nossos toldos de lona s\u00e3o fabricados com materiais de alta qualidade que combinam resist\u00eancia e flexibilidade. Foram concebidas para serem leves, mas resistentes, o que as torna f\u00e1ceis de manusear e transportar, proporcionando uma prote\u00e7\u00e3o robusta aos seus pertences.<\/p>\n<p id=\"\">Quer necessite de uma lona para cobrir equipamento num estaleiro de constru\u00e7\u00e3o, proteger a carga durante o transporte ou criar um abrigo tempor\u00e1rio para actividades ao ar livre, os nossos produtos oferecem um desempenho e uma fiabilidade sem paralelo. O seu design vers\u00e1til permite-lhes ser utilizados numa grande variedade de aplica\u00e7\u00f5es, desde ambientes industriais e comerciais at\u00e9 ao uso recreativo e pessoal.<\/p>\n<p id=\"\">Escolha as nossas lonas imperme\u00e1veis, tecido revestido a PVC e lona para obter coberturas robustas, fi\u00e1veis e vers\u00e1teis que ir\u00e3o exceder as suas expectativas.<\/p>","protected":false},"excerpt":{"rendered":"<p>Enquanto fabricantes l\u00edderes de lonas imperme\u00e1veis, tecido revestido a PVC e lona, especializamo-nos na cria\u00e7\u00e3o de coberturas robustas e vers\u00e1teis, concebidas para satisfazer uma vasta gama de necessidades. Os nossos produtos caracterizam-se pelas suas excepcionais capacidades de impermeabiliza\u00e7\u00e3o, garantindo que permanecem imperme\u00e1veis \u00e0 humidade, \u00e0 chuva e a outros elementos l\u00edquidos.<\/p>","protected":false},"featured_media":1875,"comment_status":"open","ping_status":"closed","template":"","meta":{"_uag_custom_page_level_css":"","site-sidebar-layout":"default","site-content-layout":"default","ast-site-content-layout":"default","site-content-style":"default","site-sidebar-style":"default","ast-global-header-display":"","ast-banner-title-visibility":"","ast-main-header-display":"","ast-hfb-above-header-display":"","ast-hfb-below-header-display":"","ast-hfb-mobile-header-display":"","site-post-title":"","ast-breadcrumbs-content":"","ast-featured-img":"","footer-sml-layout":"","ast-disable-related-posts":"","theme-transparent-header-meta":"default","adv-header-id-meta":"","stick-header-meta":"","header-above-stick-meta":"","header-main-stick-meta":"","header-below-stick-meta":"","astra-migrate-meta-layouts":"set","ast-page-background-enabled":"default","ast-page-background-meta":{"desktop":{"background-color":"var(--ast-global-color-5)","background-image":"","background-repeat":"repeat","background-position":"center center","background-size":"auto","background-attachment":"scroll","background-type":"","background-media":"","overlay-type":"","overlay-color":"","overlay-opacity":"","overlay-gradient":""},"tablet":{"background-color":"","background-image":"","background-repeat":"repeat","background-position":"center center","background-size":"auto","background-attachment":"scroll","background-type":"","background-media":"","overlay-type":"","overlay-color":"","overlay-opacity":"","overlay-gradient":""},"mobile":{"background-color":"","background-image":"","background-repeat":"repeat","background-position":"center center","background-size":"auto","background-attachment":"scroll","background-type":"","background-media":"","overlay-type":"","overlay-color":"","overlay-opacity":"","overlay-gradient":""}},"ast-content-background-meta":{"desktop":{"background-color":"var(--ast-global-color-4)","background-image":"","background-repeat":"repeat","background-position":"center center","background-size":"auto","background-attachment":"scroll","background-type":"","background-media":"","overlay-type":"","overlay-color":"","overlay-opacity":"","overlay-gradient":""},"tablet":{"background-color":"var(--ast-global-color-4)","background-image":"","background-repeat":"repeat","background-position":"center center","background-size":"auto","background-attachment":"scroll","background-type":"","background-media":"","overlay-type":"","overlay-color":"","overlay-opacity":"","overlay-gradient":""},"mobile":{"background-color":"var(--ast-global-color-4)","background-image":"","background-repeat":"repeat","background-position":"center center","background-size":"auto","background-attachment":"scroll","background-type":"","background-media":"","overlay-type":"","overlay-color":"","overlay-opacity":"","overlay-gradient":""}}},"product_brand":[],"product_cat":[16,19],"product_tag":[],"class_list":{"0":"post-89","1":"product","2":"type-product","3":"status-publish","4":"has-post-thumbnail","6":"product_cat-all-products","7":"product_cat-truck-tarp","8":"desktop-align-left","9":"tablet-align-left","10":"mobile-align-left","12":"first","13":"instock","14":"shipping-taxable","15":"product-type-simple"},"yoast_head":"<!-- This site is optimized with the Yoast SEO plugin v24.1 - https:\/\/yoast.com\/wordpress\/plugins\/seo\/ -->\n<title>Waterproof Tarps PVC Coated Fabric Canvas Tarpaulin Manufacturers Wholesale | Feicheng Tongfa<\/title>\n<meta name=\"robots\" content=\"index, follow, max-snippet:-1, max-image-preview:large, max-video-preview:-1\" \/>\n<link rel=\"canonical\" href=\"https:\/\/pengbu.jkkapi.top\/pt\/product\/gaungzhou-vase\/\" \/>\n<meta property=\"og:locale\" content=\"pt_PT\" \/>\n<meta property=\"og:type\" content=\"article\" \/>\n<meta property=\"og:title\" content=\"Waterproof Tarps PVC Coated Fabric Canvas Tarpaulin Manufacturers Wholesale | Feicheng Tongfa\" \/>\n<meta property=\"og:description\" content=\"As leading manufacturers of Waterproof Tarps, PVC Coated Fabric, and Canvas Tarpaulin, we specialize in crafting robust and versatile coverings tailored to meet a wide array of needs. Our products are characterized by their exceptional waterproofing capabilities, ensuring that they remain impervious to moisture, rain, and other liquid elements.\" \/>\n<meta property=\"og:url\" content=\"https:\/\/pengbu.jkkapi.top\/pt\/product\/gaungzhou-vase\/\" \/>\n<meta property=\"article:modified_time\" content=\"2024-11-16T07:49:13+00:00\" \/>\n<meta property=\"og:image\" content=\"https:\/\/pengbu.jkkapi.top\/wp-content\/uploads\/2024\/09\/Waterproof-Tarps-PVC-Coated-Fabric-Canvas-Tarpaulin-Manufacturers-1024x1019.png\" \/>\n\t<meta property=\"og:image:width\" content=\"1024\" \/>\n\t<meta property=\"og:image:height\" content=\"1019\" \/>\n\t<meta property=\"og:image:type\" content=\"image\/png\" \/>\n<meta name=\"twitter:card\" content=\"summary_large_image\" \/>\n<meta name=\"twitter:label1\" content=\"Tempo estimado de leitura\" \/>\n\t<meta name=\"twitter:data1\" content=\"2 minutos\" \/>\n<script type=\"application\/ld+json\" class=\"yoast-schema-graph\">{\"@context\":\"https:\/\/schema.org\",\"@graph\":[{\"@type\":\"WebPage\",\"@id\":\"https:\/\/pengbu.jkkapi.top\/product\/gaungzhou-vase\/\",\"url\":\"https:\/\/pengbu.jkkapi.top\/product\/gaungzhou-vase\/\",\"name\":\"Waterproof Tarps PVC Coated Fabric Canvas Tarpaulin Manufacturers Wholesale | Feicheng Tongfa\",\"isPartOf\":{\"@id\":\"https:\/\/pengbu.jkkapi.top\/#website\"},\"primaryImageOfPage\":{\"@id\":\"https:\/\/pengbu.jkkapi.top\/product\/gaungzhou-vase\/#primaryimage\"},\"image\":{\"@id\":\"https:\/\/pengbu.jkkapi.top\/product\/gaungzhou-vase\/#primaryimage\"},\"thumbnailUrl\":\"https:\/\/pengbu.jkkapi.top\/wp-content\/uploads\/2024\/09\/Waterproof-Tarps-PVC-Coated-Fabric-Canvas-Tarpaulin-Manufacturers.png\",\"datePublished\":\"2024-09-04T01:59:36+00:00\",\"dateModified\":\"2024-11-16T07:49:13+00:00\",\"breadcrumb\":{\"@id\":\"https:\/\/pengbu.jkkapi.top\/product\/gaungzhou-vase\/#breadcrumb\"},\"inLanguage\":\"pt-PT\",\"potentialAction\":[{\"@type\":\"ReadAction\",\"target\":[\"https:\/\/pengbu.jkkapi.top\/product\/gaungzhou-vase\/\"]}]},{\"@type\":\"ImageObject\",\"inLanguage\":\"pt-PT\",\"@id\":\"https:\/\/pengbu.jkkapi.top\/product\/gaungzhou-vase\/#primaryimage\",\"url\":\"https:\/\/pengbu.jkkapi.top\/wp-content\/uploads\/2024\/09\/Waterproof-Tarps-PVC-Coated-Fabric-Canvas-Tarpaulin-Manufacturers.png\",\"contentUrl\":\"https:\/\/pengbu.jkkapi.top\/wp-content\/uploads\/2024\/09\/Waterproof-Tarps-PVC-Coated-Fabric-Canvas-Tarpaulin-Manufacturers.png\",\"width\":1285,\"height\":1279},{\"@type\":\"BreadcrumbList\",\"@id\":\"https:\/\/pengbu.jkkapi.top\/product\/gaungzhou-vase\/#breadcrumb\",\"itemListElement\":[{\"@type\":\"ListItem\",\"position\":1,\"name\":\"Home\",\"item\":\"https:\/\/pengbu.jkkapi.top\/\"},{\"@type\":\"ListItem\",\"position\":2,\"name\":\"Products\",\"item\":\"https:\/\/pengbu.jkkapi.top\/shop\/\"},{\"@type\":\"ListItem\",\"position\":3,\"name\":\"Tarpaulin\",\"item\":\"https:\/\/pengbu.jkkapi.top\/product-category\/tarpaulin\/\"},{\"@type\":\"ListItem\",\"position\":4,\"name\":\"PVC Tarpaulin\",\"item\":\"https:\/\/pengbu.jkkapi.top\/product-category\/tarpaulin\/pvc-tarpaulin\/\"},{\"@type\":\"ListItem\",\"position\":5,\"name\":\"Truck tarpaulin\",\"item\":\"https:\/\/pengbu.jkkapi.top\/product-category\/tarpaulin\/pvc-tarpaulin\/truck-tarp\/\"},{\"@type\":\"ListItem\",\"position\":6,\"name\":\"Waterproof Tarps PVC Coated Fabric Canvas Tarpaulin Manufacturers\"}]},{\"@type\":\"WebSite\",\"@id\":\"https:\/\/pengbu.jkkapi.top\/#website\",\"url\":\"https:\/\/pengbu.jkkapi.top\/\",\"name\":\"Tarpaulin manufacturer-Truck tarpaulin-PVC mesh-Feicheng Tongfa Trading\",\"description\":\"\",\"publisher\":{\"@id\":\"https:\/\/pengbu.jkkapi.top\/#organization\"},\"alternateName\":\"Tarpaulin manufacturer-Truck tarpaulin-Feicheng Tongfa\",\"potentialAction\":[{\"@type\":\"SearchAction\",\"target\":{\"@type\":\"EntryPoint\",\"urlTemplate\":\"https:\/\/pengbu.jkkapi.top\/?s={search_term_string}\"},\"query-input\":{\"@type\":\"PropertyValueSpecification\",\"valueRequired\":true,\"valueName\":\"search_term_string\"}}],\"inLanguage\":\"pt-PT\"},{\"@type\":\"Organization\",\"@id\":\"https:\/\/pengbu.jkkapi.top\/#organization\",\"name\":\"FeiCheng TongFa\",\"url\":\"https:\/\/pengbu.jkkapi.top\/\",\"logo\":{\"@type\":\"ImageObject\",\"inLanguage\":\"pt-PT\",\"@id\":\"https:\/\/pengbu.jkkapi.top\/#\/schema\/logo\/image\/\",\"url\":\"https:\/\/pengbu.jkkapi.top\/wp-content\/uploads\/2024\/09\/logo.jpg\",\"contentUrl\":\"https:\/\/pengbu.jkkapi.top\/wp-content\/uploads\/2024\/09\/logo.jpg\",\"width\":605,\"height\":121,\"caption\":\"FeiCheng TongFa\"},\"image\":{\"@id\":\"https:\/\/pengbu.jkkapi.top\/#\/schema\/logo\/image\/\"}}]}<\/script>\n<!-- \/ Yoast SEO plugin. -->","yoast_head_json":{"title":"Waterproof Tarps PVC Coated Fabric Canvas Tarpaulin Manufacturers Wholesale | Feicheng Tongfa","robots":{"index":"index","follow":"follow","max-snippet":"max-snippet:-1","max-image-preview":"max-image-preview:large","max-video-preview":"max-video-preview:-1"},"canonical":"https:\/\/pengbu.jkkapi.top\/pt\/product\/gaungzhou-vase\/","og_locale":"pt_PT","og_type":"article","og_title":"Waterproof Tarps PVC Coated Fabric Canvas Tarpaulin Manufacturers Wholesale | Feicheng Tongfa","og_description":"As leading manufacturers of Waterproof Tarps, PVC Coated Fabric, and Canvas Tarpaulin, we specialize in crafting robust and versatile coverings tailored to meet a wide array of needs. Our products are characterized by their exceptional waterproofing capabilities, ensuring that they remain impervious to moisture, rain, and other liquid elements.","og_url":"https:\/\/pengbu.jkkapi.top\/pt\/product\/gaungzhou-vase\/","article_modified_time":"2024-11-16T07:49:13+00:00","og_image":[{"width":1024,"height":1019,"url":"https:\/\/pengbu.jkkapi.top\/wp-content\/uploads\/2024\/09\/Waterproof-Tarps-PVC-Coated-Fabric-Canvas-Tarpaulin-Manufacturers-1024x1019.png","type":"image\/png"}],"twitter_card":"summary_large_image","twitter_misc":{"Tempo estimado de leitura":"2 minutos"},"schema":{"@context":"https:\/\/schema.org","@graph":[{"@type":"WebPage","@id":"https:\/\/pengbu.jkkapi.top\/product\/gaungzhou-vase\/","url":"https:\/\/pengbu.jkkapi.top\/product\/gaungzhou-vase\/","name":"Waterproof Tarps PVC Coated Fabric Canvas Tarpaulin Manufacturers Wholesale | Feicheng Tongfa","isPartOf":{"@id":"https:\/\/pengbu.jkkapi.top\/#website"},"primaryImageOfPage":{"@id":"https:\/\/pengbu.jkkapi.top\/product\/gaungzhou-vase\/#primaryimage"},"image":{"@id":"https:\/\/pengbu.jkkapi.top\/product\/gaungzhou-vase\/#primaryimage"},"thumbnailUrl":"https:\/\/pengbu.jkkapi.top\/wp-content\/uploads\/2024\/09\/Waterproof-Tarps-PVC-Coated-Fabric-Canvas-Tarpaulin-Manufacturers.png","datePublished":"2024-09-04T01:59:36+00:00","dateModified":"2024-11-16T07:49:13+00:00","breadcrumb":{"@id":"https:\/\/pengbu.jkkapi.top\/product\/gaungzhou-vase\/#breadcrumb"},"inLanguage":"pt-PT","potentialAction":[{"@type":"ReadAction","target":["https:\/\/pengbu.jkkapi.top\/product\/gaungzhou-vase\/"]}]},{"@type":"ImageObject","inLanguage":"pt-PT","@id":"https:\/\/pengbu.jkkapi.top\/product\/gaungzhou-vase\/#primaryimage","url":"https:\/\/pengbu.jkkapi.top\/wp-content\/uploads\/2024\/09\/Waterproof-Tarps-PVC-Coated-Fabric-Canvas-Tarpaulin-Manufacturers.png","contentUrl":"https:\/\/pengbu.jkkapi.top\/wp-content\/uploads\/2024\/09\/Waterproof-Tarps-PVC-Coated-Fabric-Canvas-Tarpaulin-Manufacturers.png","width":1285,"height":1279},{"@type":"BreadcrumbList","@id":"https:\/\/pengbu.jkkapi.top\/product\/gaungzhou-vase\/#breadcrumb","itemListElement":[{"@type":"ListItem","position":1,"name":"Home","item":"https:\/\/pengbu.jkkapi.top\/"},{"@type":"ListItem","position":2,"name":"Products","item":"https:\/\/pengbu.jkkapi.top\/shop\/"},{"@type":"ListItem","position":3,"name":"Tarpaulin","item":"https:\/\/pengbu.jkkapi.top\/product-category\/tarpaulin\/"},{"@type":"ListItem","position":4,"name":"PVC Tarpaulin","item":"https:\/\/pengbu.jkkapi.top\/product-category\/tarpaulin\/pvc-tarpaulin\/"},{"@type":"ListItem","position":5,"name":"Truck tarpaulin","item":"https:\/\/pengbu.jkkapi.top\/product-category\/tarpaulin\/pvc-tarpaulin\/truck-tarp\/"},{"@type":"ListItem","position":6,"name":"Waterproof Tarps PVC Coated Fabric Canvas Tarpaulin Manufacturers"}]},{"@type":"WebSite","@id":"https:\/\/pengbu.jkkapi.top\/#website","url":"https:\/\/pengbu.jkkapi.top\/","name":"Fabricante de encerados - encerados para cami\u00f5es - malha de PVC - Feicheng Tongfa Trading","description":"","publisher":{"@id":"https:\/\/pengbu.jkkapi.top\/#organization"},"alternateName":"Tarpaulin manufacturer-Truck tarpaulin-Feicheng Tongfa","potentialAction":[{"@type":"SearchAction","target":{"@type":"EntryPoint","urlTemplate":"https:\/\/pengbu.jkkapi.top\/?s={search_term_string}"},"query-input":{"@type":"PropertyValueSpecification","valueRequired":true,"valueName":"search_term_string"}}],"inLanguage":"pt-PT"},{"@type":"Organization","@id":"https:\/\/pengbu.jkkapi.top\/#organization","name":"FeiCheng TongFa","url":"https:\/\/pengbu.jkkapi.top\/","logo":{"@type":"ImageObject","inLanguage":"pt-PT","@id":"https:\/\/pengbu.jkkapi.top\/#\/schema\/logo\/image\/","url":"https:\/\/pengbu.jkkapi.top\/wp-content\/uploads\/2024\/09\/logo.jpg","contentUrl":"https:\/\/pengbu.jkkapi.top\/wp-content\/uploads\/2024\/09\/logo.jpg","width":605,"height":121,"caption":"FeiCheng TongFa"},"image":{"@id":"https:\/\/pengbu.jkkapi.top\/#\/schema\/logo\/image\/"}}]}},"uagb_featured_image_src":{"full":["https:\/\/pengbu.jkkapi.top\/wp-content\/uploads\/2024\/09\/Waterproof-Tarps-PVC-Coated-Fabric-Canvas-Tarpaulin-Manufacturers.png",1285,1279,false],"thumbnail":["https:\/\/pengbu.jkkapi.top\/wp-content\/uploads\/2024\/09\/Waterproof-Tarps-PVC-Coated-Fabric-Canvas-Tarpaulin-Manufacturers-150x150.png",150,150,true],"medium":["https:\/\/pengbu.jkkapi.top\/wp-content\/uploads\/2024\/09\/Waterproof-Tarps-PVC-Coated-Fabric-Canvas-Tarpaulin-Manufacturers-300x300.png",300,300,true],"medium_large":["https:\/\/pengbu.jkkapi.top\/wp-content\/uploads\/2024\/09\/Waterproof-Tarps-PVC-Coated-Fabric-Canvas-Tarpaulin-Manufacturers-768x764.png",768,764,true],"large":["https:\/\/pengbu.jkkapi.top\/wp-content\/uploads\/2024\/09\/Waterproof-Tarps-PVC-Coated-Fabric-Canvas-Tarpaulin-Manufacturers-1024x1019.png",1024,1019,true],"1536x1536":["https:\/\/pengbu.jkkapi.top\/wp-content\/uploads\/2024\/09\/Waterproof-Tarps-PVC-Coated-Fabric-Canvas-Tarpaulin-Manufacturers.png",1285,1279,false],"2048x2048":["https:\/\/pengbu.jkkapi.top\/wp-content\/uploads\/2024\/09\/Waterproof-Tarps-PVC-Coated-Fabric-Canvas-Tarpaulin-Manufacturers.png",1285,1279,false],"trp-custom-language-flag":["https:\/\/pengbu.jkkapi.top\/wp-content\/uploads\/2024\/09\/Waterproof-Tarps-PVC-Coated-Fabric-Canvas-Tarpaulin-Manufacturers-12x12.png",12,12,true],"woocommerce_thumbnail":["https:\/\/pengbu.jkkapi.top\/wp-content\/uploads\/2024\/09\/Waterproof-Tarps-PVC-Coated-Fabric-Canvas-Tarpaulin-Manufacturers-300x300.png",300,300,true],"woocommerce_single":["https:\/\/pengbu.jkkapi.top\/wp-content\/uploads\/2024\/09\/Waterproof-Tarps-PVC-Coated-Fabric-Canvas-Tarpaulin-Manufacturers-600x597.png",600,597,true],"woocommerce_gallery_thumbnail":["https:\/\/pengbu.jkkapi.top\/wp-content\/uploads\/2024\/09\/Waterproof-Tarps-PVC-Coated-Fabric-Canvas-Tarpaulin-Manufacturers-100x100.png",100,100,true]},"uagb_author_info":{"display_name":"user","author_link":"https:\/\/pengbu.jkkapi.top\/pt\/author\/"},"uagb_comment_info":0,"uagb_excerpt":"As leading manufacturers of Waterproof Tarps, PVC Coated Fabric, and Canvas Tarpaulin, we specialize in crafting robust and versatile coverings tailored to meet a wide array of needs. Our products are characterized by their exceptional waterproofing capabilities, ensuring that they remain impervious to moisture, rain, and other liquid elements.","_links":{"self":[{"href":"https:\/\/pengbu.jkkapi.top\/pt\/wp-json\/wp\/v2\/product\/89","targetHints":{"allow":["GET"]}}],"collection":[{"href":"https:\/\/pengbu.jkkapi.top\/pt\/wp-json\/wp\/v2\/product"}],"about":[{"href":"https:\/\/pengbu.jkkapi.top\/pt\/wp-json\/wp\/v2\/types\/product"}],"replies":[{"embeddable":true,"href":"https:\/\/pengbu.jkkapi.top\/pt\/wp-json\/wp\/v2\/comments?post=89"}],"wp:featuredmedia":[{"embeddable":true,"href":"https:\/\/pengbu.jkkapi.top\/pt\/wp-json\/wp\/v2\/media\/1875"}],"wp:attachment":[{"href":"https:\/\/pengbu.jkkapi.top\/pt\/wp-json\/wp\/v2\/media?parent=89"}],"wp:term":[{"taxonomy":"product_brand","embeddable":true,"href":"https:\/\/pengbu.jkkapi.top\/pt\/wp-json\/wp\/v2\/product_brand?post=89"},{"taxonomy":"product_cat","embeddable":true,"href":"https:\/\/pengbu.jkkapi.top\/pt\/wp-json\/wp\/v2\/product_cat?post=89"},{"taxonomy":"product_tag","embeddable":true,"href":"https:\/\/pengbu.jkkapi.top\/pt\/wp-json\/wp\/v2\/product_tag?post=89"}],"curies":[{"name":"wp","href":"https:\/\/api.w.org\/{rel}","templated":true}]}}